{"id":1514,"date":"2024-11-05T12:42:56","date_gmt":"2024-11-05T11:42:56","guid":{"rendered":"https:\/\/wp.mbm.at\/informativa-sulla-privacy\/"},"modified":"2024-12-11T07:32:51","modified_gmt":"2024-12-11T06:32:51","slug":"informativa-sulla-privacy","status":"publish","type":"page","link":"https:\/\/mbm.at\/it\/informativa-sulla-privacy\/","title":{"rendered":"Informativa sulla privacy"},"content":{"rendered":"<div class=\"wpb-content-wrapper\"><p>[vc_row][vc_column][vc_column_text css=&#8221;&#8221;]<\/p>\n<h4>Dichiarazione sull&#8217;obbligo di informazione (informativa sulla privacy)<\/h4>\n<p>La protezione dei vostri dati personali ci sta particolarmente a cuore. Per questo motivo trattiamo i vostri dati esclusivamente sulla base delle disposizioni di legge (GDPR, TKG 2003). In questa informativa sulla protezione dei dati, vi informiamo sugli aspetti pi\u00f9 importanti del trattamento dei dati sul nostro sito web.  <\/p>\n<h4>Contatto con noi<\/h4>\n<p>Se ci contattate tramite il modulo sul sito web o via e-mail, i dati da voi forniti saranno da noi conservati per sei mesi allo scopo di elaborare la richiesta e in caso di domande successive. Non trasmetteremo questi dati senza il vostro consenso. <\/p>\n<h4>Memorizzazione dei dati nel webshop<\/h4>\n<p>Desideriamo sottolineare che i dati IP del proprietario della connessione, cos\u00ec come il nome, l&#8217;indirizzo e il numero di carta di credito dell&#8217;acquirente, vengono memorizzati nell&#8217;ambito dei cookie allo scopo di semplificare il processo di acquisto e per la successiva elaborazione del contratto.<\/p>\n<p>I dati da voi forniti sono necessari per l&#8217;adempimento del contratto o per l&#8217;esecuzione di misure precontrattuali. Senza questi dati non possiamo concludere il contratto con voi. I dati non saranno trasferiti a terzi, ad eccezione del trasferimento dei dati della carta di credito alla banca di elaborazione\/fornitore di servizi di pagamento per l&#8217;addebito del prezzo d&#8217;acquisto, alla societ\u00e0 di trasporto\/spedizione da noi incaricata per la consegna della merce e al nostro consulente fiscale per l&#8217;adempimento dei nostri obblighi fiscali.  <\/p>\n<p>Dopo l&#8217;annullamento del processo di acquisto, i dati da noi memorizzati saranno cancellati. In caso di stipula di un contratto, tutti i dati del rapporto contrattuale saranno conservati fino alla scadenza del periodo di conservazione fiscale (7 anni). <\/p>\n<p>I dati relativi al nome, all&#8217;indirizzo, alla merce acquistata e alla data di acquisto vengono inoltre conservati fino alla scadenza della responsabilit\u00e0 del prodotto (10 anni). Il trattamento dei dati avviene sulla base delle disposizioni di legge del \u00a7 96 comma 3 TKG e dell&#8217;art. 6 comma 1 lett. a (consenso) e\/o lett. b (necessario per l&#8217;adempimento del contratto) del GDPR. <\/p>\n<h4>Cookies<\/h4>\n<p>Il nostro sito web utilizza i cosiddetti cookie. Si tratta di piccoli file di testo che vengono memorizzati sul vostro dispositivo finale con l&#8217;aiuto del browser. Non causano alcun danno.  <\/p>\n<p>Utilizziamo i cookie per rendere il nostro sito web pi\u00f9 facile da usare. Alcuni cookie rimangono memorizzati sul vostro dispositivo finale finch\u00e9 non li cancellate. Essi ci consentono di riconoscere il vostro browser alla vostra prossima visita.  <\/p>\n<p>Se non lo desiderate, potete impostare il vostro browser in modo che vi informi sull&#8217;impostazione dei cookie e che lo consenta solo in singoli casi.<\/p>\n<p>Se i cookie vengono disattivati, la funzionalit\u00e0 del nostro sito web potrebbe essere limitata.<\/p>\n<h4>Analisi web<\/h4>\n<p>Il nostro sito web utilizza funzioni per l&#8217;analisi del web. A tale scopo vengono utilizzati dei cookie che consentono di analizzare l&#8217;utilizzo del sito web da parte dell&#8217;utente. Le informazioni cos\u00ec generate vengono memorizzate su server.  <\/p>\n<p>\u00c8 possibile impedirlo impostando il browser in modo che non vengano memorizzati i cookie.<\/p>\n<h4>Newsletter<\/h4>\n<p>Avete la possibilit\u00e0 di iscrivervi alla nostra newsletter tramite il nostro sito web. A tal fine, abbiamo bisogno del vostro indirizzo e-mail e della vostra dichiarazione di accettazione della newsletter. <\/p>\n<p>Al fine di fornire all&#8217;utente informazioni mirate, raccogliamo ed elaboriamo anche informazioni fornite volontariamente sulle aree di interesse.<\/p>\n<p>Non appena vi sarete registrati alla newsletter, vi invieremo un&#8217;e-mail di conferma con un link per confermare la vostra registrazione.<\/p>\n<p>\u00c8 possibile cancellare l&#8217;iscrizione alla newsletter in qualsiasi momento. A tal fine, alla fine di ogni newsletter viene inviato un link che pu\u00f2 essere utilizzato per cancellare l&#8217;abbonamento. <\/p>\n<h4>I vostri diritti<\/h4>\n<p>In linea di principio, avete i diritti di informazione, correzione, cancellazione, limitazione, portabilit\u00e0 dei dati, cancellazione e opposizione. Se ritenete che il trattamento dei vostri dati violi la legge sulla protezione dei dati o che i vostri diritti di protezione dei dati siano stati violati in altro modo, potete presentare un reclamo all&#8217;autorit\u00e0 di vigilanza. In Austria, questa \u00e8 l&#8217;autorit\u00e0 per la protezione dei dati.[\/vc_column_text][\/vc_column][\/vc_row]<\/p>\n<\/div>","protected":false},"excerpt":{"rendered":"<p>[vc_row][vc_column][vc_column_text css=&#8221;&#8221;] Dichiarazione sull&#8217;obbligo di informazione (informativa sulla privacy) La protezione dei vostri dati personali ci sta particolarmente a cuore. Per questo motivo trattiamo i vostri dati esclusivamente sulla base delle disposizioni di legge (GDPR, TKG 2003). In questa informativa sulla protezione dei dati, vi informiamo sugli aspetti pi\u00f9 importanti del trattamento dei dati sul [&hellip;]<\/p>\n","protected":false},"author":1,"featured_media":0,"parent":0,"menu_order":0,"comment_status":"closed","ping_status":"open","template":"","meta":{"footnotes":""},"class_list":["post-1514","page","type-page","status-publish","hentry"],"_links":{"self":[{"href":"https:\/\/mbm.at\/it\/wp-json\/wp\/v2\/pages\/1514","targetHints":{"allow":["GET"]}}],"collection":[{"href":"https:\/\/mbm.at\/it\/wp-json\/wp\/v2\/pages"}],"about":[{"href":"https:\/\/mbm.at\/it\/wp-json\/wp\/v2\/types\/page"}],"author":[{"embeddable":true,"href":"https:\/\/mbm.at\/it\/wp-json\/wp\/v2\/users\/1"}],"replies":[{"embeddable":true,"href":"https:\/\/mbm.at\/it\/wp-json\/wp\/v2\/comments?post=1514"}],"version-history":[{"count":4,"href":"https:\/\/mbm.at\/it\/wp-json\/wp\/v2\/pages\/1514\/revisions"}],"predecessor-version":[{"id":3465,"href":"https:\/\/mbm.at\/it\/wp-json\/wp\/v2\/pages\/1514\/revisions\/3465"}],"wp:attachment":[{"href":"https:\/\/mbm.at\/it\/wp-json\/wp\/v2\/media?parent=1514"}],"curies":[{"name":"wp","href":"https:\/\/api.w.org\/{rel}","templated":true}]}}