{"id":1369,"date":"2024-11-06T16:32:51","date_gmt":"2024-11-06T15:32:51","guid":{"rendered":"https:\/\/wp.mbm.at\/fresa-per-giunzioni-a-pettine\/"},"modified":"2024-11-12T14:02:06","modified_gmt":"2024-11-12T13:02:06","slug":"fresa-per-giunzioni-a-pettine","status":"publish","type":"page","link":"https:\/\/mbm.at\/it\/fresa-per-giunzioni-a-pettine\/","title":{"rendered":"Fresa per giunzioni a pettine"},"content":{"rendered":"<div class=\"wpb-content-wrapper\"><p>[vc_row][vc_column][vc_column_text css=&#8221;&#8221;]<\/p>\n<h4>\u00bb Fresa per giunzioni a pettine<\/h4>\n<p>con pressa per materiali in legno a forma di pannello[\/vc_column_text][\/vc_column][\/vc_row][vc_row][vc_column][vc_images_carousel images=&#8221;1370,1371,1372&#8243; img_size=&#8221;large&#8221; css=&#8221;&#8221;][\/vc_column][\/vc_row][vc_row][vc_column][vc_tta_accordion][vc_tta_section title=&#8221;Descrizione dei singoli componenti del sistema&#8221; tab_id=&#8221;1730888801921-d0d2ac6a-7075&#8243;][vc_column_text css=&#8221;&#8221;]- Carrello dell&#8217;unit\u00e0 di lavorazione con unit\u00e0 di taglio,<br \/>unit\u00e0 di rifinitura delle giunture delle dita, spazzole raschianti e applicatore di colla<br \/>&#8211; Tavolo di supporto stabile<br \/>&#8211; Tavolo di serraggio e pressatura stabile<br \/>&#8211; Trave di pressione<br \/>&#8211; Elementi di riscaldamento<br \/>&#8211; Livellatore del pannello<br \/>&#8211; Unit\u00e0 idraulica[\/vc_column_text][\/vc_tta_section][vc_tta_section title=&#8221;Opzioni&#8221; tab_id=&#8221;1730888801921-12fd171a-d0ca&#8221;][vc_column_text css=&#8221;&#8221;]Versioni personalizzate[\/vc_column_text][\/vc_tta_section][vc_tta_section title=&#8221;Dati tecnici&#8221; tab_id=&#8221;1730888804365-5f46d398-1ec5&#8243;][vc_column_text css=&#8221;&#8221;]<b>Dimensioni del pezzo<\/b><\/p>\n<p>Lunghezza del pannello: min. 1.000 mm<br \/>Larghezza pannello: min. 600 mm \/ max. 2.500 mm<br \/>Spessore del pannello: min. 20 mm \/ max. 100 mm[\/vc_column_text][\/vc_tta_section][vc_tta_section title=&#8221;Dati della macchina&#8221; tab_id=&#8221;1730888806324-bd69e309-932f&#8221;][vc_column_text css=&#8221;&#8221;]<b>Velocit\u00e0 di avanzamento dell&#8217;aggregato<\/b><br \/>Avanti fino a 30 m\/min.<br \/> Inversione fino a 30 m\/min.<\/p>\n<p><b>Unit\u00e0 di cippatura<\/b><br \/>Potenza 5,5 kW<br \/>Velocit\u00e0 2.850 giri\/min.<\/p>\n<p><b>Unit\u00e0 di giunzione a pettine<\/b><br \/>Potenza 30 kW<br \/>Velocit\u00e0 4.500 giri\/min.<\/p>\n<p><b>Pressione di pressatura<\/b><br \/>max. 300.000 N regolabile[\/vc_column_text][\/vc_tta_section][\/vc_tta_accordion][\/vc_column][\/vc_row]<\/p>\n<\/div>","protected":false},"excerpt":{"rendered":"<p>[vc_row][vc_column][vc_column_text css=&#8221;&#8221;] \u00bb Fresa per giunzioni a pettine con pressa per materiali in legno a forma di pannello[\/vc_column_text][\/vc_column][\/vc_row][vc_row][vc_column][vc_images_carousel images=&#8221;1370,1371,1372&#8243; img_size=&#8221;large&#8221; css=&#8221;&#8221;][\/vc_column][\/vc_row][vc_row][vc_column][vc_tta_accordion][vc_tta_section title=&#8221;Descrizione dei singoli componenti del sistema&#8221; tab_id=&#8221;1730888801921-d0d2ac6a-7075&#8243;][vc_column_text css=&#8221;&#8221;]- Carrello dell&#8217;unit\u00e0 di lavorazione con unit\u00e0 di taglio,unit\u00e0 di rifinitura delle giunture delle dita, spazzole raschianti e applicatore di colla&#8211; Tavolo di supporto stabile&#8211; Tavolo di [&hellip;]<\/p>\n","protected":false},"author":2,"featured_media":0,"parent":0,"menu_order":0,"comment_status":"closed","ping_status":"closed","template":"","meta":{"footnotes":""},"class_list":["post-1369","page","type-page","status-publish","hentry"],"_links":{"self":[{"href":"https:\/\/mbm.at\/it\/wp-json\/wp\/v2\/pages\/1369","targetHints":{"allow":["GET"]}}],"collection":[{"href":"https:\/\/mbm.at\/it\/wp-json\/wp\/v2\/pages"}],"about":[{"href":"https:\/\/mbm.at\/it\/wp-json\/wp\/v2\/types\/page"}],"author":[{"embeddable":true,"href":"https:\/\/mbm.at\/it\/wp-json\/wp\/v2\/users\/2"}],"replies":[{"embeddable":true,"href":"https:\/\/mbm.at\/it\/wp-json\/wp\/v2\/comments?post=1369"}],"version-history":[{"count":6,"href":"https:\/\/mbm.at\/it\/wp-json\/wp\/v2\/pages\/1369\/revisions"}],"predecessor-version":[{"id":1754,"href":"https:\/\/mbm.at\/it\/wp-json\/wp\/v2\/pages\/1369\/revisions\/1754"}],"wp:attachment":[{"href":"https:\/\/mbm.at\/it\/wp-json\/wp\/v2\/media?parent=1369"}],"curies":[{"name":"wp","href":"https:\/\/api.w.org\/{rel}","templated":true}]}}