{"id":5544,"date":"2025-02-13T10:15:11","date_gmt":"2025-02-13T09:15:11","guid":{"rendered":"https:\/\/mbm.at\/negyszoegletes-fureszgep-kha\/"},"modified":"2025-02-21T09:56:42","modified_gmt":"2025-02-21T08:56:42","slug":"negyszoegletes-fureszgep-kha","status":"publish","type":"page","link":"https:\/\/mbm.at\/hu\/negyszoegletes-fureszgep-kha\/","title":{"rendered":"N\u00e9gysz\u00f6gletes f\u0171r\u00e9szg\u00e9p KHA"},"content":{"rendered":"<div class=\"wpb-content-wrapper\"><p>[vc_row equal_height=&#8221;yes&#8221; content_placement=&#8221;middle&#8221;][vc_column][vc_column_text css=&#8221;&#8221;]A KHA n\u00e9gysz\u00f6gletes f\u0171r\u00e9szg\u00e9pet kifejezetten n\u00e9gysz\u00f6gletes f\u0171r\u00e9sz\u00e1ru \u00e9s n\u00e9gysz\u00f6gletes f\u0171r\u00e9sz\u00e1ru gy\u00e1rt\u00e1s\u00e1ra fejlesztett\u00e9k ki. Az OSB-, OSL-, LVL-, forg\u00e1cslap- vagy MDF-lapok gy\u00e1rt\u00e1sa sor\u00e1n keletkez\u0151, p\u00e9ld\u00e1ul marad\u00e9k lapokb\u00f3l vagy fel\u00fcleti hib\u00e1kkal rendelkez\u0151 lapokb\u00f3l sz\u00e1rmaz\u00f3 cs\u00edkokat dolgoz fel. Ezek a cs\u00edkok a KHA-ban teljesen automatikusan \u00f6sszeilleszt\u00e9sre ker\u00fclnek, hogy sz\u00f6gletes f\u0171r\u00e9sz\u00e1rut k\u00e9pezzenek.[\/vc_column_text][vc_images_carousel images=&#8221;5565,5573,5581&#8243; img_size=&#8221;full&#8221; css=&#8221;&#8221;][\/vc_column][\/vc_row][vc_row][vc_column][vc_tta_accordion][vc_tta_section title=&#8221;Az \u00d6n el\u0151nye&#8221; tab_id=&#8221;1740125723747-020591a2-50ec&#8221;][vc_single_image image=&#8221;5807&#8243; img_size=&#8221;200*200&#8243; alignment=&#8221;center&#8221; onclick=&#8221;custom_link&#8221; css=&#8221;&#8221; link=&#8221;https:\/\/mbm.at\/wp-content\/uploads\/2025\/02\/KHA4gross-scaled.jpg&#8221;][vc_column_text css=&#8221;&#8221;]<\/p>\n<ul>\n<li>Haszn\u00e1lja ki a lehet\u0151 legjobban a fahullad\u00e9kot, \u00e9s \u00e1ll\u00edtson el\u0151 kiv\u00e1l\u00f3 min\u0151s\u00e9g\u0171 sz\u00f6gletes faanyagot vagy stabil t\u00e1rol\u00f3f\u00e1t sz\u00e1ll\u00edt\u00e1si \u00e9s t\u00e1rol\u00e1si ig\u00e9nyeihez.<\/li>\n<li>Rugalmasan, ig\u00e9ny szerint, k\u00fcl\u00f6nb\u00f6z\u0151 m\u00e9retekben \u00e9s hossz\u00fas\u00e1gban, az \u00d6n gy\u00e1rt\u00e1si ig\u00e9nyeinek megfelel\u0151en, sz\u00f6gletes f\u0171r\u00e9sz\u00e1rut \u00e9s sz\u00f6gletes f\u0171r\u00e9sz\u00e1rut gy\u00e1rtunk<\/li>\n<li>A KHA fenntarthat\u00f3 megold\u00e1st k\u00edn\u00e1l a fafeldolgoz\u00e1sra, k\u00edm\u00e9li az er\u0151forr\u00e1sokat \u00e9s n\u00f6veli a hat\u00e9konys\u00e1got<\/li>\n<li>K\u00fcl\u00f6nb\u00f6z\u0151 anyagok, p\u00e9ld\u00e1ul OSB, OSL, LVL, forg\u00e1cslap vagy MDF lapok feldolgoz\u00e1sa az <strong><span style=\"color: #40b5ad;\">mbm<\/span><\/strong> KHA-j\u00e1val. <\/li>\n<li>Az automatikus feldolgoz\u00e1s garant\u00e1lja a nagy pontoss\u00e1g\u00fa \u00e9s egyenletes min\u0151s\u00e9g\u0171 n\u00e9gysz\u00f6gletes f\u0171r\u00e9sz\u00e1rut.<\/li>\n<li>A KHA automatiz\u00e1lja a teljes gy\u00e1rt\u00e1si folyamatot, n\u00f6veli a gy\u00e1rt\u00e1si sebess\u00e9get \u00e9s cs\u00f6kkenti a k\u00e9zi munka mennyis\u00e9g\u00e9t.<\/li>\n<\/ul>\n<p>[\/vc_column_text][\/vc_tta_section][vc_tta_section title=&#8221;Alkalmaz\u00e1si ter\u00fcletek&#8221; tab_id=&#8221;1740125732654-211e2e44-e2dc&#8221;][vc_single_image image=&#8221;5799&#8243; img_size=&#8221;200*200&#8243; alignment=&#8221;center&#8221; onclick=&#8221;custom_link&#8221; css=&#8221;&#8221; link=&#8221;https:\/\/mbm.at\/wp-content\/uploads\/2025\/02\/KHA5gross-scaled.jpg&#8221;][vc_column_text css=&#8221;&#8221;]<\/p>\n<ul>\n<li><strong>B\u00fatorgy\u00e1rt\u00e1s<\/strong>: A fahullad\u00e9kok kiv\u00e1l\u00f3 min\u0151s\u00e9g\u0171 anyagokk\u00e1 t\u00f6rt\u00e9n\u0151 feldolgoz\u00e1s\u00e1val a b\u00fatorgy\u00e1rt\u00f3k k\u00f6lts\u00e9ghat\u00e9konyan \u00e9s fenntarthat\u00f3 m\u00f3don dolgozhatnak.<\/li>\n<li><strong>Csomagol\u00f3ipar:<\/strong> A fagerend\u00e1k \u00e9s t\u00e1vtart\u00f3 gerend\u00e1k ide\u00e1lisak az \u00e1ruk biztons\u00e1gos csomagol\u00e1s\u00e1hoz \u00e9s sz\u00e1ll\u00edt\u00e1s\u00e1hoz.<\/li>\n<li><strong>Rakt\u00e1roz\u00e1si \u00e9s logisztikai v\u00e1llalatok:<\/strong> A rakt\u00e1roz\u00e1si f\u0171r\u00e9sz\u00e1ruk \u00e9s t\u00e1vtart\u00f3 f\u0171r\u00e9sz\u00e1ruk elengedhetetlenek az \u00e1ruk t\u00e1rol\u00e1s\u00e1hoz \u00e9s sz\u00e1ll\u00edt\u00e1s\u00e1hoz.<\/li>\n<li><strong>\u00dajrahasznos\u00edt\u00e1s \u00e9s hullad\u00e9kgazd\u00e1lkod\u00e1s:<\/strong> A KHA a fahullad\u00e9k hat\u00e9kony felhaszn\u00e1l\u00e1s\u00e1val hozz\u00e1j\u00e1rul a fahullad\u00e9k cs\u00f6kkent\u00e9s\u00e9hez. Ez k\u00fcl\u00f6n\u00f6sen hasznos azon v\u00e1llalatok sz\u00e1m\u00e1ra, amelyek nagy mennyis\u00e9g\u0171 fahullad\u00e9kot termelnek, \u00e9s azt fenntarthat\u00f3 m\u00f3don k\u00edv\u00e1nj\u00e1k hasznos\u00edtani. <\/li>\n<\/ul>\n<p>[\/vc_column_text][\/vc_tta_section][vc_tta_section title=&#8221;Tervez\u00e9si v\u00e1ltozatok&#8221; tab_id=&#8221;1740125735526-d89b8afa-85ce&#8221;][vc_single_image image=&#8221;5791&#8243; img_size=&#8221;200*200&#8243; alignment=&#8221;center&#8221; onclick=&#8221;custom_link&#8221; css=&#8221;&#8221; link=&#8221;https:\/\/mbm.at\/wp-content\/uploads\/2025\/02\/KHA8gross_Option-2-Schwenkarm-fur-Kantholzzufuhrung-direkt-in-den-Zufuhrschacht-einer-Umrreifungsmaschine-14.101.png&#8221;][vc_column_text css=&#8221;&#8221;]<\/p>\n<ul>\n<li><strong>KHA alapg\u00e9p:<\/strong> v\u00e1g\u00f3f\u0171r\u00e9sszel, ragaszt\u00f3\u00e1llom\u00e1ssal, pr\u00e9s\u00e1llom\u00e1ssal \u00e9s kifut\u00f3val felszerelve.<\/li>\n<li><strong>KHA hornyol\u00f3 egys\u00e9ggel:<\/strong> A sz\u00f6gletes faanyagban vagy a keretez\u0151 faanyagban a k\u00e9s\u0151bbi ac\u00e9l- vagy m\u0171anyag p\u00e1ntszalaggal t\u00f6rt\u00e9n\u0151 r\u00f6gz\u00edt\u00e9shez megfelel\u0151 hornyok k\u00e9sz\u00edt\u00e9se.<\/li>\n<li><strong>KHA egyedi kialak\u00edt\u00e1sban:<\/strong> Megfelel\u0151 rakod\u00f3- \u00e9s lerak\u00f3\u00e1llom\u00e1sok k\u00edn\u00e1lhat\u00f3k, \u00e9s a megl\u00e9v\u0151 gy\u00e1rt\u00e1si folyamatokhoz igaz\u00edthat\u00f3k.<\/li>\n<li><strong>KHA automatikus p\u00e1ntol\u00e1shoz val\u00f3 csatlakoz\u00e1ssal:<\/strong> Automatikus csomagol\u00f3rendszerek eset\u00e9n a KHA kombin\u00e1lhat\u00f3 automatikus p\u00e1ntol\u00e1ssal, megfog\u00f3 \u00e9s sz\u00e1ll\u00edt\u00f3szalag-technol\u00f3gi\u00e1val.<\/li>\n<\/ul>\n<p>[\/vc_column_text][\/vc_tta_section][vc_tta_section title=&#8221;Opci\u00f3k&#8221; tab_id=&#8221;1740125739581-67958df0-3c0f&#8221;][vc_single_image image=&#8221;5783&#8243; img_size=&#8221;200*200&#8243; alignment=&#8221;center&#8221; onclick=&#8221;custom_link&#8221; css=&#8221;&#8221; link=&#8221;https:\/\/mbm.at\/wp-content\/uploads\/2025\/02\/KHA9gross_18.105.10.00.0_Schwenkarm.jpg&#8221;][vc_column_text css=&#8221;&#8221;]<\/p>\n<ul>\n<li><strong>T\u00e1rol\u00f3rekeszek etet\u00e9se:<\/strong> Bet\u00e1pl\u00e1l\u00e1si kezel\u00e9ssel \u00e9s form\u00e1z\u00e1si m\u00e9r\u00e9ssel<\/li>\n<li><strong>L\u00e1ncos sz\u00e1ll\u00edt\u00f3szalaggal t\u00f6rt\u00e9n\u0151 adagol\u00e1s:<\/strong> Oldalir\u00e1ny\u00fa tol\u00f3berendez\u00e9ssel egy\u00fctt<\/li>\n<li>R\u00e9tegenk\u00e9nti adagol\u00e1s: g\u00f6rg\u0151s sz\u00e1ll\u00edt\u00f3szalaggal k\u00f6zvetlen\u00fcl a f\u0171r\u00e9szr\u0151l<\/li>\n<li><strong>Bet\u00e1pl\u00e1l\u00e1s g\u00f6rg\u0151s sz\u00e1ll\u00edt\u00f3szalaggal:<\/strong> 6 m hossz\u00fas\u00e1gig, egysz\u00e1las szalagokhoz<\/li>\n<li><strong>Vasal\u00f3henger:<\/strong> A szalagcsomagok sz\u00e9tv\u00e1laszt\u00e1s\u00e1hoz<\/li>\n<li><strong>Forg\u00f3karos kimenet<\/strong><\/li>\n<li><strong>Kimeneti n\u00e9gysz\u00f6gletes fakitermel\u0151 \u00e1llom\u00e1s:<\/strong> port\u00e1l vagy robot seg\u00edts\u00e9g\u00e9vel<\/li>\n<li><strong>IoT-platformvez\u00e9rl\u00e9s:<\/strong> A fel\u00fcgyeleti \u00e9s termel\u00e9si adatok gy\u0171jt\u00e9s\u00e9hez, valamint az upstream vagy downstream rendszerekkel val\u00f3 h\u00e1l\u00f3zatba kapcsol\u00e1shoz. Tov\u00e1bbi inform\u00e1ci\u00f3k a k\u00f6vetkez\u0151 c\u00edmen: <a href=\"https:\/\/www.digifai.com\/de\/control\/\" target=\"_blank\" rel=\"noopener\">A vez\u00e9rl\u00e9shez sz\u00fcks\u00e9ges inform\u00e1ci\u00f3kat a k\u00f6vetkez\u0151 c\u00edmen tal\u00e1lja: control- digifai.<\/a> <\/li>\n<\/ul>\n<p>[\/vc_column_text][\/vc_tta_section][vc_tta_section title=&#8221;M\u0171szaki adatok&#8221; tab_id=&#8221;1740125742829-0c49203b-c726&#8243;][vc_single_image image=&#8221;5871&#8243; img_size=&#8221;200*200&#8243; alignment=&#8221;center&#8221; onclick=&#8221;custom_link&#8221; css=&#8221;&#8221; link=&#8221;https:\/\/mbm.at\/wp-content\/uploads\/2025\/02\/Kantholzautomat-KHA3.png&#8221;][vc_column_text css=&#8221;&#8221;]<\/p>\n<ul>\n<li>L\u00e9c hossza nyersanyag 2000mm-5900mm<\/li>\n<li>Form\u00e1z\u00e1si magass\u00e1gok 8mm &#8211; 50mm<\/li>\n<li>L\u00e9csz\u00e9less\u00e9g 70mm &#8211; 100mm<\/li>\n<li>El\u0151regy\u00e1rtott alkatr\u00e9szek sz\u00f6gletes f\u0171r\u00e9sz\u00e1ru hossza 200mm &#8211; 2200mm<\/li>\n<li>El\u0151regy\u00e1rtott alkatr\u00e9szek sz\u00f6gletes f\u0171r\u00e9sz\u00e1ru magass\u00e1ga 8mm &#8211; 120mm<\/li>\n<li>V\u00e1g\u00e1si pontoss\u00e1g +\/- 1,0 mm<\/li>\n<li>Ciklusid\u0151: 18s 5 darab 1250 mm hossz\u00fas\u00e1g\u00fa cs\u00edkhoz<\/li>\n<li>Fr\u00f6ccs\u00f6nt\u0151 anyag: OSB, OSL, LVL, forg\u00e1cslap vagy MDF lapok.<\/li>\n<li>Form\u00e1z\u00f3elemek halmaza\n<ul>\n<li>Maxim\u00e1lis k\u00f6tegel\u00e9s LxBxH 5900mmx1000mmx800mm<\/li>\n<li>Minim\u00e1lis k\u00f6teg = egyetlen r\u00fad<\/li>\n<\/ul>\n<\/li>\n<li>K\u00e9zi elt\u00e1vol\u00edt\u00e1sra el\u0151k\u00e9sz\u00edtett \u00e1trak\u00f3asztal n\u00e9gysz\u00f6gletes faanyagok halmoz\u00e1s\u00e1hoz<\/li>\n<li>Kimeneti p\u00e9lda port\u00e1llal\n<ul>\n<li>K\u00e9ttengelyes port\u00e1l<\/li>\n<li>A sz\u00f6gletes faanyagr\u00e9teg felv\u00e9tele v\u00e1kuumos markol\u00f3val<\/li>\n<li>X-tengely keresztmozgat\u00f3 kocsi seg\u00edts\u00e9g\u00e9vel<\/li>\n<li>Z-tengely az emel\u0151oszlop seg\u00edts\u00e9g\u00e9vel<\/li>\n<li>Ak\u00e1r n\u00e9gy raklaphely is lehets\u00e9ges<\/li>\n<li>Rakod\u00e1si magass\u00e1g 1200mm<\/li>\n<li>Rakod\u00e1si sz\u00e9less\u00e9g 800mm<\/li>\n<\/ul>\n<\/li>\n<\/ul>\n<p>[\/vc_column_text][\/vc_tta_section][vc_tta_section title=&#8221;Vez\u00e9rl\u0151rendszer&#8221; tab_id=&#8221;1740125758373-69fce1ea-e35a&#8221;][vc_single_image image=&#8221;5739&#8243; img_size=&#8221;200*200&#8243; alignment=&#8221;center&#8221; onclick=&#8221;custom_link&#8221; css=&#8221;&#8221; link=&#8221;https:\/\/mbm.at\/wp-content\/uploads\/2025\/02\/KHA6gross-scaled.jpg&#8221;][vc_column_text css=&#8221;&#8221;]<\/p>\n<ul>\n<li>K\u00f6zvetlen\u00fcl a rendszerre szerelt f\u0151 vez\u00e9rl\u0151szekr\u00e9ny<\/li>\n<li>A Siemens mint az elektromos \u00e9s elektronikus alkatr\u00e9szek vezet\u0151 m\u00e1rk\u00e1ja TIA-PLC k\u00f6zponti vez\u00e9rl\u0151rendszerrel (biztons\u00e1gos v\u00e1ltozat) a rendszer-, szekvencia- \u00e9s biztons\u00e1gi vez\u00e9rl\u00e9shez<\/li>\n<li>A burkolat h\u0171t\u00e9se l\u00e9gkondicion\u00e1l\u00f3 egys\u00e9ggel vagy v\u00edz\/leveg\u0151 h\u0151cser\u00e9l\u0151vel<\/li>\n<li>K\u00f6zvetlen\u00fcl a vez\u00e9rl\u0151szekr\u00e9nybe integr\u00e1lt 12 h\u00fcvelykes \u00e9rint\u0151k\u00e9perny\u0151s HMI vez\u00e9rl\u0151k\u00f6zpont<\/li>\n<li>Kezel\u0151\u00e1llom\u00e1sok cikkkezel\u00e9shez, param\u00e9terkezel\u00e9shez, k\u00e9zi m\u0171k\u00f6dtet\u00e9shez, riaszt\u00e1skezel\u00e9shez \u00e9s m\u0171k\u00f6dtet\u00e9shez<\/li>\n<li>V\u00e1laszthat\u00f3: Automatikus adat\u00e1tvitel a magasabb szint\u0171 rendszerekb\u0151l<\/li>\n<\/ul>\n<p>[\/vc_column_text][\/vc_tta_section][vc_tta_section title=&#8221;G\u00e9pi adatok&#8221; tab_id=&#8221;1740125761933-b2b607a0-2992&#8243;][vc_single_image image=&#8221;5748&#8243; img_size=&#8221;200*200&#8243; alignment=&#8221;center&#8221; onclick=&#8221;custom_link&#8221; css=&#8221;&#8221; link=&#8221;https:\/\/mbm.at\/wp-content\/uploads\/2025\/02\/Kantholzautomat-KHA2.png&#8221;][vc_column_text css=&#8221;&#8221;]<\/p>\n<ul>\n<li><strong>F\u0171r\u00e9szel\u0151 egys\u00e9g<\/strong>\n<ul>\n<li>Pneumatikusan emelhet\u0151<\/li>\n<li>H\u00e1romf\u00e1zis\u00fa aszinkronmotor Teljes\u00edtm\u00e9ny 2,2 kW, 4500 fordulat\/perc 100 Hz-en<\/li>\n<li>F\u0171r\u00e9szlap \u00e1tm\u00e9r\u0151je 300mm<\/li>\n<li>Csatlakoz\u00e1s a sz\u00edv\u00e1shoz D80mm<\/li>\n<li>Fesz\u00edt\u0151henger a f\u0171r\u00e9szegys\u00e9g el\u0151tt<\/li>\n<\/ul>\n<\/li>\n<li><strong>Opci\u00f3s hornyol\u00f3 egys\u00e9g<\/strong>\n<ul>\n<li>pneumatikusan emelhet\u0151 leng\u0151karokkal<\/li>\n<li>20 mm bar\u00e1zdasz\u00e9less\u00e9g, bar\u00e1zdam\u00e9lys\u00e9g 3 mm,<\/li>\n<li>Teljes\u00edtm\u00e9ny 2,2 kW, 2800 fordulat\/perc.<\/li>\n<li>fels\u0151 nyom\u00f3g\u00f6rg\u0151kkel, pneumatikusan emelhet\u0151 \u00e9s leengedhet\u0151 <\/li>\n<li>Csatlakoz\u00e1s a sz\u00edv\u00e1shoz D80mm<\/li>\n<\/ul>\n<\/li>\n<li><strong>Ragaszt\u00f3\u00e1llom\u00e1s<\/strong>\n<ul>\n<li>Forr\u00f3 olvad\u00e9k ragaszt\u00f3<\/li>\n<li>Szerz\u0151d\u00e9ses rendszer, teljes\u00edtm\u00e9ny 4 kW<\/li>\n<li>felhord\u00f3fejjel, elektropneumatikusan vez\u00e9relt<\/li>\n<\/ul>\n<\/li>\n<\/ul>\n<p>[\/vc_column_text][\/vc_tta_section][\/vc_tta_accordion][\/vc_column][\/vc_row]<\/p>\n<\/div>","protected":false},"excerpt":{"rendered":"<p>[vc_row equal_height=&#8221;yes&#8221; content_placement=&#8221;middle&#8221;][vc_column][vc_column_text css=&#8221;&#8221;]A KHA n\u00e9gysz\u00f6gletes f\u0171r\u00e9szg\u00e9pet kifejezetten n\u00e9gysz\u00f6gletes f\u0171r\u00e9sz\u00e1ru \u00e9s n\u00e9gysz\u00f6gletes f\u0171r\u00e9sz\u00e1ru gy\u00e1rt\u00e1s\u00e1ra fejlesztett\u00e9k ki. Az OSB-, OSL-, LVL-, forg\u00e1cslap- vagy MDF-lapok gy\u00e1rt\u00e1sa sor\u00e1n keletkez\u0151, p\u00e9ld\u00e1ul marad\u00e9k lapokb\u00f3l vagy fel\u00fcleti hib\u00e1kkal rendelkez\u0151 lapokb\u00f3l sz\u00e1rmaz\u00f3 cs\u00edkokat dolgoz fel. Ezek a cs\u00edkok a KHA-ban teljesen automatikusan \u00f6sszeilleszt\u00e9sre ker\u00fclnek, hogy sz\u00f6gletes f\u0171r\u00e9sz\u00e1rut k\u00e9pezzenek.[\/vc_column_text][vc_images_carousel images=&#8221;5565,5573,5581&#8243; img_size=&#8221;full&#8221; css=&#8221;&#8221;][\/vc_column][\/vc_row][vc_row][vc_column][vc_tta_accordion][vc_tta_section title=&#8221;Az [&hellip;]<\/p>\n","protected":false},"author":2,"featured_media":0,"parent":0,"menu_order":0,"comment_status":"closed","ping_status":"closed","template":"","meta":{"footnotes":""},"class_list":["post-5544","page","type-page","status-publish","hentry"],"_links":{"self":[{"href":"https:\/\/mbm.at\/hu\/wp-json\/wp\/v2\/pages\/5544","targetHints":{"allow":["GET"]}}],"collection":[{"href":"https:\/\/mbm.at\/hu\/wp-json\/wp\/v2\/pages"}],"about":[{"href":"https:\/\/mbm.at\/hu\/wp-json\/wp\/v2\/types\/page"}],"author":[{"embeddable":true,"href":"https:\/\/mbm.at\/hu\/wp-json\/wp\/v2\/users\/2"}],"replies":[{"embeddable":true,"href":"https:\/\/mbm.at\/hu\/wp-json\/wp\/v2\/comments?post=5544"}],"version-history":[{"count":12,"href":"https:\/\/mbm.at\/hu\/wp-json\/wp\/v2\/pages\/5544\/revisions"}],"predecessor-version":[{"id":5902,"href":"https:\/\/mbm.at\/hu\/wp-json\/wp\/v2\/pages\/5544\/revisions\/5902"}],"wp:attachment":[{"href":"https:\/\/mbm.at\/hu\/wp-json\/wp\/v2\/media?parent=5544"}],"curies":[{"name":"wp","href":"https:\/\/api.w.org\/{rel}","templated":true}]}}