{"id":5442,"date":"2025-02-13T10:13:20","date_gmt":"2025-02-13T09:13:20","guid":{"rendered":"https:\/\/mbm.at\/das-fl-furoallomas\/"},"modified":"2025-02-21T07:50:56","modified_gmt":"2025-02-21T06:50:56","slug":"das-fl-furoallomas","status":"publish","type":"page","link":"https:\/\/mbm.at\/hu\/das-fl-furoallomas\/","title":{"rendered":"DAS-FL f\u00far\u00f3\u00e1llom\u00e1s"},"content":{"rendered":"<div class=\"wpb-content-wrapper\"><p>[vc_row][vc_column][vc_images_carousel images=&#8221;5659,5651,5643,5635&#8243; img_size=&#8221;full&#8221; css=&#8221;&#8221;][\/vc_column][\/vc_row][vc_row][vc_column][vc_tta_accordion][vc_tta_section title=&#8221;Az \u00d6n el\u0151nye&#8221; tab_id=&#8221;1739431384756-268a3dc5-a8f9&#8243;][vc_single_image image=&#8221;5357&#8243; img_size=&#8221;200*200&#8243; alignment=&#8221;center&#8221; onclick=&#8221;custom_link&#8221; css=&#8221;&#8221; link=&#8221;https:\/\/mbm.at\/wp-content\/uploads\/2025\/02\/bohrstation-wendel.jpg&#8221;][vc_column_text css=&#8221;&#8221;]<\/p>\n<ul>\n<li><strong>DAS-FL-hez csatlakoztathat\u00f3: <\/strong>Automatikus f\u00far\u00f3\u00e1llom\u00e1s hozz\u00e1ad\u00e1sa a DAS-FL-hez<\/li>\n<li><strong>Megn\u00f6velt termel\u00e9kenys\u00e9g:<\/strong> Az automatikus f\u00far\u00f3\u00e1llom\u00e1sok folyamatosan, sz\u00fcnetek n\u00e9lk\u00fcl k\u00e9pesek dolgozni, ami jelent\u0151sen n\u00f6veli a termel\u00e9si sebess\u00e9get<\/li>\n<li><strong>Pontoss\u00e1g \u00e9s ism\u00e9telhet\u0151s\u00e9g:<\/strong> Ezek a g\u00e9pek nagy pontoss\u00e1got \u00e9s k\u00f6vetkezetess\u00e9get biztos\u00edtanak minden f\u00far\u00e1si m\u0171veletn\u00e9l, ami jav\u00edtja a v\u00e9gterm\u00e9kek min\u0151s\u00e9g\u00e9t<\/li>\n<li><strong>K\u00f6lts\u00e9ghat\u00e9konys\u00e1g:<\/strong> Az automatiz\u00e1l\u00e1s cs\u00f6kkenti a munkaer\u0151k\u00f6lts\u00e9geket \u00e9s n\u00f6veli a hat\u00e9konys\u00e1got, mivel kevesebb k\u00e9zi beavatkoz\u00e1sra van sz\u00fcks\u00e9g<\/li>\n<li><strong>Rugalmass\u00e1g: <\/strong>Az automatikus f\u00far\u00f3\u00e1llom\u00e1sok k\u00f6nnyen hozz\u00e1igaz\u00edthat\u00f3k a k\u00fcl\u00f6nb\u00f6z\u0151 f\u00far\u00e1si k\u00f6vetelm\u00e9nyekhez, bele\u00e9rtve a k\u00fcl\u00f6nb\u00f6z\u0151 anyagok \u00e9s geometri\u00e1k megmunk\u00e1l\u00e1s\u00e1t is<\/li>\n<li><strong>Biztons\u00e1g:<\/strong> Az automatiz\u00e1lt f\u00far\u00f3\u00e1llom\u00e1sok cs\u00f6kkentik az ipari balesetek kock\u00e1zat\u00e1t, mivel kevesebb emberi beavatkoz\u00e1sra van sz\u00fcks\u00e9g<\/li>\n<\/ul>\n<p>[\/vc_column_text][\/vc_tta_section][vc_tta_section title=&#8221;Alkalmaz\u00e1si ter\u00fcletek&#8221; tab_id=&#8221;1739431384757-33359260-8ac3&#8243;][vc_single_image image=&#8221;5730&#8243; img_size=&#8221;200*200&#8243; alignment=&#8221;center&#8221; onclick=&#8221;custom_link&#8221; css=&#8221;&#8221; link=&#8221;https:\/\/mbm.at\/wp-content\/uploads\/2025\/02\/20250121_103920-scaled.jpg&#8221;][vc_column_text css=&#8221;&#8221;]<\/p>\n<ul>\n<li><strong>Kopors\u00f3 gy\u00e1rt\u00e1sa:<\/strong>\n<ul>\n<li>Foganty\u00fafuratok k\u00e9sz\u00edt\u00e9se<\/li>\n<li>T\u00f6m\u00edt\u0151 lyukak l\u00e9trehoz\u00e1sa<\/li>\n<li>Csom\u00f3lyukf\u00far\u00e1sok l\u00e9trehoz\u00e1sa<\/li>\n<\/ul>\n<\/li>\n<\/ul>\n<p>[\/vc_column_text][\/vc_tta_section][vc_tta_section title=&#8221;Tervez\u00e9si v\u00e1ltozatok&#8221; tab_id=&#8221;1740038908552-3559feea-dc0b&#8221;][vc_single_image image=&#8221;5373&#8243; img_size=&#8221;200*200&#8243; alignment=&#8221;center&#8221; onclick=&#8221;custom_link&#8221; css=&#8221;&#8221; link=&#8221;https:\/\/mbm.at\/wp-content\/uploads\/2025\/02\/IMG_2052.jpg&#8221;][vc_column_text css=&#8221;&#8221;]<\/p>\n<ul>\n<li>F\u00far\u00f3\u00e1llom\u00e1s a DAS-FL gy\u00e1rt\u00f3soron<\/li>\n<li>F\u00far\u00f3\u00e1llom\u00e1s \u00f6n\u00e1ll\u00f3 g\u00e9pk\u00e9nt<\/li>\n<li>F\u00far\u00f3\u00e1llom\u00e1s lyukak kif\u00far\u00e1s\u00e1hoz<\/li>\n<\/ul>\n<p>[\/vc_column_text][\/vc_tta_section][vc_tta_section title=&#8221;Opci\u00f3k&#8221; tab_id=&#8221;1740038911672-afecc4b4-a542&#8243;][vc_single_image image=&#8221;5251&#8243; img_size=&#8221;200*200&#8243; alignment=&#8221;center&#8221; onclick=&#8221;custom_link&#8221; css=&#8221;&#8221; link=&#8221;https:\/\/mbm.at\/wp-content\/uploads\/2025\/02\/bohr1.png&#8221;][vc_column_text css=&#8221;&#8221;]<\/p>\n<ul>\n<li>F\u00far\u00e1s egyszerre t\u00f6bb egys\u00e9ggel<\/li>\n<li>F\u00far\u00e1s t\u00f6bb tengellyel<\/li>\n<li>F\u00far\u00e1s rugalmas f\u00far\u00e1si t\u00e1vols\u00e1ggal<\/li>\n<\/ul>\n<p>[\/vc_column_text][\/vc_tta_section][vc_tta_section title=&#8221;M\u0171szaki adatok&#8221; tab_id=&#8221;1740038913920-7650123a-a710&#8243;][vc_column_text css=&#8221;&#8221;]<\/p>\n<ul>\n<li>Elektromosan \u00e1ll\u00edthat\u00f3, egyszeres f\u00far\u00f3egys\u00e9gek a r\u00f6gz\u00edt\u0151furatokhoz<\/li>\n<li>Line\u00e1ris mozg\u00f3tengelyek X, Y, Z ir\u00e1nyban<\/li>\n<li>A munkadarabok r\u00f6gz\u00edt\u00e9se fesz\u00edt\u0151hengerekkel<\/li>\n<li>DAS-FL ciklushoz \u00e9s ak\u00e1r 6 furat egyidej\u0171 f\u00far\u00e1s\u00e1hoz tervezett ciklusid\u0151<\/li>\n<li>F\u00far\u00f3 l\u00f6ket = 80 mm, 10 mm-es f\u00far\u00f3sz\u00e1r \u00e1tm\u00e9r\u0151j\u0171 reduk\u00e1l\u00f3 tokm\u00e1nyhoz.<\/li>\n<\/ul>\n<p>[\/vc_column_text][\/vc_tta_section][vc_tta_section title=&#8221;Vez\u00e9rl\u0151rendszer&#8221; tab_id=&#8221;1740038915216-6be24bbf-05a8&#8243;][vc_single_image image=&#8221;5739&#8243; img_size=&#8221;200*200&#8243; alignment=&#8221;center&#8221; onclick=&#8221;custom_link&#8221; css=&#8221;&#8221; link=&#8221;https:\/\/mbm.at\/wp-content\/uploads\/2025\/02\/KHA6gross-scaled.jpg&#8221;][vc_column_text css=&#8221;&#8221;]<\/p>\n<ul>\n<li>A Siemens mint az elektromos \u00e9s elektronikus alkatr\u00e9szek vezet\u0151 m\u00e1rk\u00e1ja TIA-PLC k\u00f6zponti vez\u00e9rl\u0151rendszerrel (biztons\u00e1gos v\u00e1ltozat) a rendszer-, szekvencia- \u00e9s biztons\u00e1gi vez\u00e9rl\u00e9shez<\/li>\n<li>Param\u00e9terkezel\u00e9s, k\u00e9zi \u00fczemm\u00f3d, riaszt\u00e1skezel\u00e9s, adatr\u00f6gz\u00edt\u00e9s<\/li>\n<li>\u00c9rint\u0151k\u00e9perny\u0151s HMI vez\u00e9rl\u0151panel<\/li>\n<li>Egyszer\u0171 programk\u00e9sz\u00edt\u00e9s a kopors\u00f3konfigur\u00e1torral<\/li>\n<li>Meghib\u00e1sod\u00e1sok hibadiagn\u00f3zisa<\/li>\n<li>A hossz \u00e9s a horony magass\u00e1g\u00e1nak korrekci\u00f3ja k\u00fcl\u00f6nb\u00f6z\u0151 faanyagvastags\u00e1gok eset\u00e9n<\/li>\n<li>K\u00fcl\u00f6nb\u00f6z\u0151 programok v\u00e1g\u00e1sa egy fadarabb\u00f3l<\/li>\n<li>Vez\u00e9rl\u00e9si lehet\u0151s\u00e9gek\n<ul>\n<li>Interf\u00e9sz a termel\u00e9si adatok automatikus \u00e1tvitel\u00e9hez<\/li>\n<li>T\u00e1voli diagnosztikai \u00e9s t\u00e1voli karbantart\u00e1si megold\u00e1sok<\/li>\n<li>IoT-platformvez\u00e9rl\u00e9s: A fel\u00fcgyeleti \u00e9s termel\u00e9si adatok gy\u0171jt\u00e9s\u00e9hez, valamint az upstream vagy downstream rendszerekkel val\u00f3 h\u00e1l\u00f3zatba kapcsol\u00e1shoz. Tov\u00e1bbi inform\u00e1ci\u00f3k a k\u00f6vetkez\u0151 c\u00edmen: <a href=\"https:\/\/www.digifai.com\/de\/control\/\" target=\"_blank\" rel=\"noopener\">control &#8211; digifai<\/a> <\/li>\n<\/ul>\n<\/li>\n<\/ul>\n<p>[\/vc_column_text][\/vc_tta_section][vc_tta_section title=&#8221;G\u00e9pi adatok&#8221; tab_id=&#8221;1740038916567-704225a7-f58c&#8221;][vc_single_image image=&#8221;5748&#8243; img_size=&#8221;200*200&#8243; alignment=&#8221;center&#8221; onclick=&#8221;custom_link&#8221; css=&#8221;&#8221; link=&#8221;https:\/\/mbm.at\/wp-content\/uploads\/2025\/02\/Kantholzautomat-KHA2.png&#8221;][vc_column_text css=&#8221;&#8221;]<\/p>\n<ul>\n<li>Stabil hegesztett kialak\u00edt\u00e1s<\/li>\n<li>F\u00far\u00f3berendez\u00e9s: 0,75 kW, 2675 fordulat\/perc<\/li>\n<li>Ak\u00e1r 12 f\u00far\u00f3torony<\/li>\n<li>Helyig\u00e9ny\n<ul>\n<li>Be\u00e9p\u00edt\u00e9si hossz kb. 3500 mm, sz\u00e9less\u00e9g 2000 mm<\/li>\n<\/ul>\n<\/li>\n<\/ul>\n<p>[\/vc_column_text][\/vc_tta_section][\/vc_tta_accordion][\/vc_column][\/vc_row]<\/p>\n<\/div>","protected":false},"excerpt":{"rendered":"<p>[vc_row][vc_column][vc_images_carousel images=&#8221;5659,5651,5643,5635&#8243; img_size=&#8221;full&#8221; css=&#8221;&#8221;][\/vc_column][\/vc_row][vc_row][vc_column][vc_tta_accordion][vc_tta_section title=&#8221;Az \u00d6n el\u0151nye&#8221; tab_id=&#8221;1739431384756-268a3dc5-a8f9&#8243;][vc_single_image image=&#8221;5357&#8243; img_size=&#8221;200*200&#8243; alignment=&#8221;center&#8221; onclick=&#8221;custom_link&#8221; css=&#8221;&#8221; link=&#8221;https:\/\/mbm.at\/wp-content\/uploads\/2025\/02\/bohrstation-wendel.jpg&#8221;][vc_column_text css=&#8221;&#8221;] DAS-FL-hez csatlakoztathat\u00f3: Automatikus f\u00far\u00f3\u00e1llom\u00e1s hozz\u00e1ad\u00e1sa a DAS-FL-hez Megn\u00f6velt termel\u00e9kenys\u00e9g: Az automatikus f\u00far\u00f3\u00e1llom\u00e1sok folyamatosan, sz\u00fcnetek n\u00e9lk\u00fcl k\u00e9pesek dolgozni, ami jelent\u0151sen n\u00f6veli a termel\u00e9si sebess\u00e9get Pontoss\u00e1g \u00e9s ism\u00e9telhet\u0151s\u00e9g: Ezek a g\u00e9pek nagy pontoss\u00e1got \u00e9s k\u00f6vetkezetess\u00e9get biztos\u00edtanak minden f\u00far\u00e1si m\u0171veletn\u00e9l, ami jav\u00edtja a [&hellip;]<\/p>\n","protected":false},"author":2,"featured_media":0,"parent":0,"menu_order":0,"comment_status":"closed","ping_status":"closed","template":"","meta":{"footnotes":""},"class_list":["post-5442","page","type-page","status-publish","hentry"],"_links":{"self":[{"href":"https:\/\/mbm.at\/hu\/wp-json\/wp\/v2\/pages\/5442","targetHints":{"allow":["GET"]}}],"collection":[{"href":"https:\/\/mbm.at\/hu\/wp-json\/wp\/v2\/pages"}],"about":[{"href":"https:\/\/mbm.at\/hu\/wp-json\/wp\/v2\/types\/page"}],"author":[{"embeddable":true,"href":"https:\/\/mbm.at\/hu\/wp-json\/wp\/v2\/users\/2"}],"replies":[{"embeddable":true,"href":"https:\/\/mbm.at\/hu\/wp-json\/wp\/v2\/comments?post=5442"}],"version-history":[{"count":8,"href":"https:\/\/mbm.at\/hu\/wp-json\/wp\/v2\/pages\/5442\/revisions"}],"predecessor-version":[{"id":5834,"href":"https:\/\/mbm.at\/hu\/wp-json\/wp\/v2\/pages\/5442\/revisions\/5834"}],"wp:attachment":[{"href":"https:\/\/mbm.at\/hu\/wp-json\/wp\/v2\/media?parent=5442"}],"curies":[{"name":"wp","href":"https:\/\/api.w.org\/{rel}","templated":true}]}}