{"id":4711,"date":"2024-11-07T15:32:44","date_gmt":"2024-11-07T14:32:44","guid":{"rendered":"https:\/\/mbm.at\/egyeb-specialis-gepek-faipari-technologia\/"},"modified":"2025-01-30T15:59:27","modified_gmt":"2025-01-30T14:59:27","slug":"egyeb-specialis-gepek-faipari-technologia","status":"publish","type":"page","link":"https:\/\/mbm.at\/hu\/egyeb-specialis-gepek-faipari-technologia\/","title":{"rendered":"Egy\u00e9b speci\u00e1lis g\u00e9pek &#8211; faipari technol\u00f3gia"},"content":{"rendered":"<div class=\"wpb-content-wrapper\"><p>[vc_row][vc_column][vc_column_text css=&#8221;&#8221;]<\/p>\n<h4>\u201e F\u0171r\u00e9sz- mar\u00f3- f\u00far\u00f3g\u00e9p<\/h4>\n<p>[\/vc_column_text][\/vc_column][\/vc_row][vc_row][vc_column][vc_images_carousel images=&#8221;4712,4713,4714&#8243; img_size=&#8221;large&#8221; css=&#8221;&#8221;][\/vc_column][\/vc_row][vc_row][vc_column][vc_column_text css=&#8221;&#8221;]<\/p>\n<h4>\u201e N\u00e9gysz\u00f6gletes f\u0171r\u00e9szg\u00e9p<\/h4>\n<p>[\/vc_column_text][\/vc_column][\/vc_row][vc_row][vc_column][vc_images_carousel images=&#8221;4715,4716,4717&#8243; img_size=&#8221;large&#8221; css=&#8221;&#8221;][\/vc_column][\/vc_row][vc_row][vc_column][vc_column_text css=&#8221;&#8221;]<\/p>\n<h4>\u201e F\u00far\u00f3\u00e1llom\u00e1s<\/h4>\n<p>[\/vc_column_text][\/vc_column][\/vc_row][vc_row][vc_column][vc_images_carousel images=&#8221;4718,4719,4720&#8243; img_size=&#8221;large&#8221; css=&#8221;&#8221;][\/vc_column][\/vc_row][vc_row][vc_column][vc_column_text css=&#8221;&#8221;]<\/p>\n<h4>\u201e Nagy sebess\u00e9g\u0171 f\u0171r\u00e9sz<\/h4>\n<p>[\/vc_column_text][\/vc_column][\/vc_row][vc_row][vc_column][vc_images_carousel images=&#8221;4721,4722,4723&#8243; img_size=&#8221;large&#8221; css=&#8221;&#8221;][\/vc_column][\/vc_row]<\/p>\n<\/div>","protected":false},"excerpt":{"rendered":"<p>[vc_row][vc_column][vc_column_text css=&#8221;&#8221;] \u201e F\u0171r\u00e9sz- mar\u00f3- f\u00far\u00f3g\u00e9p [\/vc_column_text][\/vc_column][\/vc_row][vc_row][vc_column][vc_images_carousel images=&#8221;4712,4713,4714&#8243; img_size=&#8221;large&#8221; css=&#8221;&#8221;][\/vc_column][\/vc_row][vc_row][vc_column][vc_column_text css=&#8221;&#8221;] \u201e N\u00e9gysz\u00f6gletes f\u0171r\u00e9szg\u00e9p [\/vc_column_text][\/vc_column][\/vc_row][vc_row][vc_column][vc_images_carousel images=&#8221;4715,4716,4717&#8243; img_size=&#8221;large&#8221; css=&#8221;&#8221;][\/vc_column][\/vc_row][vc_row][vc_column][vc_column_text css=&#8221;&#8221;] \u201e F\u00far\u00f3\u00e1llom\u00e1s [\/vc_column_text][\/vc_column][\/vc_row][vc_row][vc_column][vc_images_carousel images=&#8221;4718,4719,4720&#8243; img_size=&#8221;large&#8221; css=&#8221;&#8221;][\/vc_column][\/vc_row][vc_row][vc_column][vc_column_text css=&#8221;&#8221;] \u201e Nagy sebess\u00e9g\u0171 f\u0171r\u00e9sz [\/vc_column_text][\/vc_column][\/vc_row][vc_row][vc_column][vc_images_carousel images=&#8221;4721,4722,4723&#8243; img_size=&#8221;large&#8221; css=&#8221;&#8221;][\/vc_column][\/vc_row]<\/p>\n","protected":false},"author":2,"featured_media":0,"parent":0,"menu_order":0,"comment_status":"closed","ping_status":"closed","template":"","meta":{"footnotes":""},"class_list":["post-4711","page","type-page","status-publish","hentry"],"_links":{"self":[{"href":"https:\/\/mbm.at\/hu\/wp-json\/wp\/v2\/pages\/4711","targetHints":{"allow":["GET"]}}],"collection":[{"href":"https:\/\/mbm.at\/hu\/wp-json\/wp\/v2\/pages"}],"about":[{"href":"https:\/\/mbm.at\/hu\/wp-json\/wp\/v2\/types\/page"}],"author":[{"embeddable":true,"href":"https:\/\/mbm.at\/hu\/wp-json\/wp\/v2\/users\/2"}],"replies":[{"embeddable":true,"href":"https:\/\/mbm.at\/hu\/wp-json\/wp\/v2\/comments?post=4711"}],"version-history":[{"count":2,"href":"https:\/\/mbm.at\/hu\/wp-json\/wp\/v2\/pages\/4711\/revisions"}],"predecessor-version":[{"id":4725,"href":"https:\/\/mbm.at\/hu\/wp-json\/wp\/v2\/pages\/4711\/revisions\/4725"}],"wp:attachment":[{"href":"https:\/\/mbm.at\/hu\/wp-json\/wp\/v2\/media?parent=4711"}],"curies":[{"name":"wp","href":"https:\/\/api.w.org\/{rel}","templated":true}]}}