{"id":4672,"date":"2024-12-03T08:04:57","date_gmt":"2024-12-03T07:04:57","guid":{"rendered":"https:\/\/mbm.at\/toeltse-le-mbm-brosurainkat\/"},"modified":"2025-01-30T15:51:52","modified_gmt":"2025-01-30T14:51:52","slug":"toeltse-le-mbm-brosurainkat","status":"publish","type":"page","link":"https:\/\/mbm.at\/hu\/toeltse-le-mbm-brosurainkat\/","title":{"rendered":"T\u00f6ltse le mbm bros\u00far\u00e1inkat"},"content":{"rendered":"<div class=\"wpb-content-wrapper\"><p>[vc_row][vc_column][vc_column_text css=&#8221;&#8221;]Bros\u00far\u00e1inkat itt t\u00f6ltheti le, ha tov\u00e1bbi inform\u00e1ci\u00f3kat szeretne kapni r\u00f3lunk \u00e9s munk\u00e1nkr\u00f3l.<\/p>\n<p><a href=\"https:\/\/mbm.at\/wp-content\/uploads\/2024\/12\/20241209_Sargmaschinen_Doppelgehrungssage_DE_EN.pdf\" target=\"_blank\" rel=\"noopener\">Kopors\u00f3g\u00e9pek_dupla g\u00e9rv\u00e1g\u00f3 saga_DE_EN<\/a><\/p>\n<p><a href=\"https:\/\/mbm.at\/wp-content\/uploads\/2024\/12\/20241209_Sargmaschinen_Doppelgehrungssage_DE_FR.pdf\" target=\"_blank\" rel=\"noopener\">Kopors\u00f3g\u00e9pek_dupla g\u00e9rv\u00e1g\u00f3 saga_DE_FR<\/a>[\/vc_column_text][\/vc_column][\/vc_row]<\/p>\n<\/div>","protected":false},"excerpt":{"rendered":"<p>[vc_row][vc_column][vc_column_text css=&#8221;&#8221;]Bros\u00far\u00e1inkat itt t\u00f6ltheti le, ha tov\u00e1bbi inform\u00e1ci\u00f3kat szeretne kapni r\u00f3lunk \u00e9s munk\u00e1nkr\u00f3l. Kopors\u00f3g\u00e9pek_dupla g\u00e9rv\u00e1g\u00f3 saga_DE_EN Kopors\u00f3g\u00e9pek_dupla g\u00e9rv\u00e1g\u00f3 saga_DE_FR[\/vc_column_text][\/vc_column][\/vc_row]<\/p>\n","protected":false},"author":2,"featured_media":0,"parent":0,"menu_order":0,"comment_status":"closed","ping_status":"closed","template":"","meta":{"footnotes":""},"class_list":["post-4672","page","type-page","status-publish","hentry"],"_links":{"self":[{"href":"https:\/\/mbm.at\/hu\/wp-json\/wp\/v2\/pages\/4672","targetHints":{"allow":["GET"]}}],"collection":[{"href":"https:\/\/mbm.at\/hu\/wp-json\/wp\/v2\/pages"}],"about":[{"href":"https:\/\/mbm.at\/hu\/wp-json\/wp\/v2\/types\/page"}],"author":[{"embeddable":true,"href":"https:\/\/mbm.at\/hu\/wp-json\/wp\/v2\/users\/2"}],"replies":[{"embeddable":true,"href":"https:\/\/mbm.at\/hu\/wp-json\/wp\/v2\/comments?post=4672"}],"version-history":[{"count":1,"href":"https:\/\/mbm.at\/hu\/wp-json\/wp\/v2\/pages\/4672\/revisions"}],"predecessor-version":[{"id":4673,"href":"https:\/\/mbm.at\/hu\/wp-json\/wp\/v2\/pages\/4672\/revisions\/4673"}],"wp:attachment":[{"href":"https:\/\/mbm.at\/hu\/wp-json\/wp\/v2\/media?parent=4672"}],"curies":[{"name":"wp","href":"https:\/\/api.w.org\/{rel}","templated":true}]}}