{"id":4669,"date":"2024-11-06T16:34:09","date_gmt":"2024-11-06T15:34:09","guid":{"rendered":"https:\/\/mbm.at\/specialis-gepek-famegmunkalashoz\/"},"modified":"2025-01-30T15:50:16","modified_gmt":"2025-01-30T14:50:16","slug":"specialis-gepek-famegmunkalashoz","status":"publish","type":"page","link":"https:\/\/mbm.at\/hu\/specialis-gepek-famegmunkalashoz\/","title":{"rendered":"Speci\u00e1lis g\u00e9pek famegmunk\u00e1l\u00e1shoz"},"content":{"rendered":"<div class=\"wpb-content-wrapper\"><p>[vc_row][vc_column][vc_column_text css=&#8221;&#8221;]Az <b>mbm<\/b> neve a nagyteljes\u00edtm\u00e9ny\u0171 term\u00e9keket \u00e9s a min\u0151s\u00e9get jelenti.<br \/>Mindent megtesz\u00fcnk az\u00e9rt, hogy a know-how, a rugalmass\u00e1g \u00e9s az innov\u00e1ci\u00f3 r\u00e9v\u00e9n az \u00d6n sz\u00e1m\u00e1ra optim\u00e1lis megold\u00e1st val\u00f3s\u00edtsuk meg.<\/p>\n<p>Er\u0151ss\u00e9g\u00fcnk a g\u00e9pek tervez\u00e9se, kivitelez\u00e9se \u00e9s \u00f6sszeszerel\u00e9se, valamint a telep\u00edt\u00e9s. A helysz\u00edni \u00fczembe helyez\u00e9s \u00e9s oktat\u00e1s szolg\u00e1ltat\u00e1sunk r\u00e9sz\u00e9t k\u00e9pezi, hogy biztos\u00edtsuk az \u00d6n projektj\u00e9nek siker\u00e9t. Az mbm csapata t\u00e1mogatja \u00d6nt a term\u00e9k teljes\u00edtm\u00e9ny\u00e9nek maximaliz\u00e1l\u00e1s\u00e1ban. Az \u00fcgyf\u00e9lszolg\u00e1lat \u00e9s a megel\u0151z\u0151 karbantart\u00e1s fontos t\u00e9nyez\u0151 sz\u00e1munkra a termel\u00e9s stabilit\u00e1s\u00e1nak biztos\u00edt\u00e1sa \u00e9rdek\u00e9ben.   <br \/> Kompakt, kisebb megold\u00e1sokat is k\u00edn\u00e1lunk, mint p\u00e9ld\u00e1ul k\u00e9sz\u00fcl\u00e9kek, kezel\u0151berendez\u00e9sek, g\u00e9p\u00f6sszek\u00f6t\u0151k stb.<\/p>\n<h3>\u201e Speci\u00e1lis g\u00e9pek<\/h3>\n<ul>\n<li>Panelv\u00e1g\u00f3 f\u0171r\u00e9sz<\/li>\n<li>Ujjfug\u00e1z\u00f3 v\u00e1g\u00f3<\/li>\n<li>F\u0171r\u00e9sz- mar\u00f3- f\u00far\u00f3g\u00e9p<\/li>\n<li>N\u00e9gysz\u00f6gletes f\u0171r\u00e9szg\u00e9p<\/li>\n<li>F\u00far\u00f3\u00e1llom\u00e1s<\/li>\n<li>Nagy sebess\u00e9g\u0171 f\u0171r\u00e9sz<\/li>\n<\/ul>\n<p><b> <\/b><\/p>\n<p>Ha b\u00e1rmilyen k\u00e9rd\u00e9se van, b\u00e1rmikor felh\u00edvhat minket a <b>+43 5572 555800<\/b> telefonsz\u00e1mon.<br \/>vagy haszn\u00e1lja az \u00e9rdekl\u0151d\u00e9si \u0171rlapot.[\/vc_column_text][\/vc_column][\/vc_row]<\/p>\n<\/div>","protected":false},"excerpt":{"rendered":"<p>[vc_row][vc_column][vc_column_text css=&#8221;&#8221;]Az mbm neve a nagyteljes\u00edtm\u00e9ny\u0171 term\u00e9keket \u00e9s a min\u0151s\u00e9get jelenti.Mindent megtesz\u00fcnk az\u00e9rt, hogy a know-how, a rugalmass\u00e1g \u00e9s az innov\u00e1ci\u00f3 r\u00e9v\u00e9n az \u00d6n sz\u00e1m\u00e1ra optim\u00e1lis megold\u00e1st val\u00f3s\u00edtsuk meg. Er\u0151ss\u00e9g\u00fcnk a g\u00e9pek tervez\u00e9se, kivitelez\u00e9se \u00e9s \u00f6sszeszerel\u00e9se, valamint a telep\u00edt\u00e9s. A helysz\u00edni \u00fczembe helyez\u00e9s \u00e9s oktat\u00e1s szolg\u00e1ltat\u00e1sunk r\u00e9sz\u00e9t k\u00e9pezi, hogy biztos\u00edtsuk az \u00d6n projektj\u00e9nek siker\u00e9t. Az [&hellip;]<\/p>\n","protected":false},"author":2,"featured_media":0,"parent":0,"menu_order":0,"comment_status":"closed","ping_status":"closed","template":"","meta":{"footnotes":""},"class_list":["post-4669","page","type-page","status-publish","hentry"],"_links":{"self":[{"href":"https:\/\/mbm.at\/hu\/wp-json\/wp\/v2\/pages\/4669","targetHints":{"allow":["GET"]}}],"collection":[{"href":"https:\/\/mbm.at\/hu\/wp-json\/wp\/v2\/pages"}],"about":[{"href":"https:\/\/mbm.at\/hu\/wp-json\/wp\/v2\/types\/page"}],"author":[{"embeddable":true,"href":"https:\/\/mbm.at\/hu\/wp-json\/wp\/v2\/users\/2"}],"replies":[{"embeddable":true,"href":"https:\/\/mbm.at\/hu\/wp-json\/wp\/v2\/comments?post=4669"}],"version-history":[{"count":2,"href":"https:\/\/mbm.at\/hu\/wp-json\/wp\/v2\/pages\/4669\/revisions"}],"predecessor-version":[{"id":4671,"href":"https:\/\/mbm.at\/hu\/wp-json\/wp\/v2\/pages\/4669\/revisions\/4671"}],"wp:attachment":[{"href":"https:\/\/mbm.at\/hu\/wp-json\/wp\/v2\/media?parent=4669"}],"curies":[{"name":"wp","href":"https:\/\/api.w.org\/{rel}","templated":true}]}}