{"id":4665,"date":"2024-11-06T16:34:01","date_gmt":"2024-11-06T15:34:01","guid":{"rendered":"https:\/\/mbm.at\/koporso-oesszeszerelo-presek\/"},"modified":"2025-01-30T15:47:58","modified_gmt":"2025-01-30T14:47:58","slug":"koporso-oesszeszerelo-presek","status":"publish","type":"page","link":"https:\/\/mbm.at\/hu\/koporso-oesszeszerelo-presek\/","title":{"rendered":"Kopors\u00f3 \u00f6sszeszerel\u0151 pr\u00e9sek"},"content":{"rendered":"<div class=\"wpb-content-wrapper\"><p>[vc_row][vc_column][vc_column_text css=&#8221;&#8221;]<\/p>\n<h4>\u201e Kopors\u00f3form\u00e1z\u00f3 pr\u00e9s k\u00fapos KPO\/KPU<\/h4>\n<h5><b>(fels\u0151 doboz eset\u00e9n KPO, als\u00f3 doboz eset\u00e9n KPU)<\/b><\/h5>\n<p>Nagyobb mennyis\u00e9gek eset\u00e9n a fels\u0151 p\u00e1holyhoz \u00e9s az als\u00f3 p\u00e1holyhoz egy-egy sajt\u00f3ra van sz\u00fcks\u00e9g.<br \/> 2 ember (egy m\u0171szakban) ak\u00e1r 140 kopors\u00f3t is \u00f6sszeszerelhet. Sorozatgy\u00e1rt\u00e1ssal m\u00e9g t\u00f6bb is lehets\u00e9ges![\/vc_column_text][\/vc_column][\/vc_row][vc_row][vc_column width=&#8221;1\/5&#8243;][vc_single_image image=&#8221;4518&#8243; img_size=&#8221;500*500&#8243; alignment=&#8221;center&#8221; onclick=&#8221;custom_link&#8221; css=&#8221;&#8221; link=&#8221;https:\/\/mbm.at\/wp-content\/uploads\/2024\/11\/Korpuspresse-1.jpg&#8221;][\/vc_column][vc_column width=&#8221;1\/5&#8243;][vc_single_image image=&#8221;4519&#8243; img_size=&#8221;500*500&#8243; alignment=&#8221;center&#8221; onclick=&#8221;custom_link&#8221; css=&#8221;&#8221; link=&#8221;https:\/\/mbm.at\/wp-content\/uploads\/2024\/11\/Korpuspresse-2.jpg&#8221;][\/vc_column][vc_column width=&#8221;1\/5&#8243;][vc_single_image image=&#8221;4520&#8243; img_size=&#8221;500*500&#8243; alignment=&#8221;center&#8221; onclick=&#8221;custom_link&#8221; css=&#8221;&#8221; link=&#8221;https:\/\/mbm.at\/wp-content\/uploads\/2024\/11\/Korpuspresse-3.jpg&#8221;][\/vc_column][vc_column width=&#8221;1\/5&#8243;][vc_single_image image=&#8221;4521&#8243; img_size=&#8221;500*500&#8243; alignment=&#8221;center&#8221; onclick=&#8221;custom_link&#8221; css=&#8221;&#8221; link=&#8221;https:\/\/mbm.at\/wp-content\/uploads\/2024\/11\/Korpuspresse-4.jpg&#8221;][\/vc_column][vc_column width=&#8221;1\/5&#8243;][vc_single_image image=&#8221;4522&#8243; img_size=&#8221;500*500&#8243; alignment=&#8221;center&#8221; onclick=&#8221;custom_link&#8221; css=&#8221;&#8221; link=&#8221;https:\/\/mbm.at\/wp-content\/uploads\/2024\/11\/Korpuspresse-5.jpg&#8221;][\/vc_column][\/vc_row][vc_row][vc_column][vc_tta_accordion][vc_tta_section title=&#8221;Az \u00d6n el\u0151nye&#8221; tab_id=&#8221;1730885815894-4b685d04-dcad&#8221;][vc_column_text css=&#8221;&#8221;]- Minden modellhez haszn\u00e1lhat\u00f3<br \/>&#8211; Szersz\u00e1m n\u00e9lk\u00fcli modellcsere a lehet\u0151 legr\u00f6videbb id\u0151 alatt<br \/>&#8211; Univerz\u00e1lisan haszn\u00e1lhat\u00f3 minden sarokcsatlakoz\u00e1shoz<br \/>&#8211; A fej- \u00e9s l\u00e1bszelv\u00e9nyek k\u00f6z\u00e9pre centr\u00e1l\u00e1sa<br \/>&#8211; Nagy szor\u00edt\u00f3nyom\u00e1s minden sarkon<br \/>&#8211; Padl\u00f3ra vagy fed\u00e9lre t\u00f6rt\u00e9n\u0151 szerel\u00e9s lehets\u00e9ges<br \/>&#8211; 200-szor elforgathat\u00f3[\/vc_column_text][\/vc_tta_section][vc_tta_section title=&#8221;Opci\u00f3: automatikus emel\u00e9ssel&#8221; tab_id=&#8221;1730885815894-7dd5c9f9-a1bc&#8221;][vc_column_text css=&#8221;&#8221;]Munkaer\u0151-megtakar\u00edt\u00e1s:<br \/>&#8211; A k\u00f6vetkez\u0151 r\u00e9szek m\u00e1r az automatikus emel\u00e9si folyamat sor\u00e1n el\u0151k\u00e9sz\u00edthet\u0151k vagy ragaszthat\u00f3k.<br \/>&#8211; Nem kell neh\u00e9z alkatr\u00e9szeket emelni[\/vc_column_text][\/vc_tta_section][vc_tta_section title=&#8221;Kevesebb ut\u00f3munka&#8221; tab_id=&#8221;1730885818482-ed1894c7-353d&#8221;][vc_column_text css=&#8221;&#8221;]- Az \u00e1tl\u00f3s m\u00e9retek azonosak<br \/>&#8211; A sarkok pontos kivitelez\u00e9se<br \/>&#8211; Kevesebb gyalul\u00e1s vagy egy\u00e1ltal\u00e1n nem gyalul\u00e1s[\/vc_column_text][\/vc_tta_section][vc_tta_section title=&#8221;M\u0171szaki adatok&#8221; tab_id=&#8221;1730885820224-e5c9f796-4dc6&#8243;][vc_column_text css=&#8221;&#8221;]<b>KPO<\/b><br \/>Oldalpanel hossza: 1,730 mm &#8211; 2,150 mm<br \/>A fejr\u00e9sz hossza: 480 mm &#8211; 730 mm<br \/>A l\u00e1bszelv\u00e9ny hossza: 480 mm &#8211; 730 mm<br \/>Kopors\u00f3 magass\u00e1ga: 185 mm &#8211; 375 mm<br \/>Elfordul\u00e1s: 0\u00b0 \u2013 200\u00b0<\/p>\n<p><b>KPU<\/b><br \/>Oldalr\u00e9sz hossza: 1.730 mm &#8211; 2.150 mm<br \/>A fejr\u00e9sz hossza: 550 mm &#8211; 800 mm<br \/>A l\u00e1bszelv\u00e9ny hossza: 550 mm &#8211; 800 mm<br \/>Kopors\u00f3 magass\u00e1ga: 185 mm &#8211; 375 mm<br \/>Forgathat\u00f3s\u00e1g: 0\u00b0 &#8211; 200\u00b0[\/vc_column_text][\/vc_tta_section][\/vc_tta_accordion][\/vc_column][\/vc_row][vc_row][vc_column][vc_column_text css=&#8221;&#8221;]<\/p>\n<h4>\u201e Kopors\u00f3form\u00e1z\u00f3 pr\u00e9s k\u00fapos KPO-KPU kombin\u00e1lva<\/h4>\n<h5><b>(KPO fels\u0151 doboz \u00e9s KPU als\u00f3 doboz eset\u00e9n)<\/b><\/h5>\n<p>A fels\u0151 \u00e9s az als\u00f3 doboz \u00f6sszeszerel\u00e9se a kombin\u00e1lt karossz\u00e9riapr\u00e9sen lehets\u00e9ges.<br \/> 1 szem\u00e9ly (egy m\u0171szakban) ak\u00e1r 60 kopors\u00f3t is \u00f6sszeszerelhet.[\/vc_column_text][\/vc_column][\/vc_row][vc_row][vc_column][vc_tta_accordion][vc_tta_section title=&#8221;Az \u00d6n el\u0151nye&#8221; tab_id=&#8221;1730886022753-110f85b9-50c4&#8243;][vc_column_text css=&#8221;&#8221;]- Minden modellhez haszn\u00e1lhat\u00f3<br \/>&#8211; Szersz\u00e1m n\u00e9lk\u00fcli modellcsere a lehet\u0151 legr\u00f6videbb id\u0151 alatt<br \/>&#8211; Univerz\u00e1lisan haszn\u00e1lhat\u00f3 minden sarokcsatlakoz\u00e1shoz<br \/>&#8211; A fej- \u00e9s l\u00e1bszelv\u00e9nyek k\u00f6z\u00e9pre centr\u00e1l\u00e1sa<br \/>&#8211; Nagy szor\u00edt\u00f3nyom\u00e1s minden sarkon<br \/>&#8211; Padl\u00f3ra vagy fed\u00e9lre t\u00f6rt\u00e9n\u0151 szerel\u00e9s lehets\u00e9ges<br \/>&#8211; 200-szor elforgathat\u00f3[\/vc_column_text][\/vc_tta_section][vc_tta_section title=&#8221;Opci\u00f3: automatikus emel\u00e9ssel&#8221; tab_id=&#8221;1730886022753-240aad86-ff60&#8243;][vc_column_text css=&#8221;&#8221;]Munkaer\u0151-megtakar\u00edt\u00e1s:<br \/>&#8211; A k\u00f6vetkez\u0151 r\u00e9szek m\u00e1r az automatikus emel\u00e9si folyamat sor\u00e1n el\u0151k\u00e9sz\u00edthet\u0151k vagy ragaszthat\u00f3k.<br \/>&#8211; Nem kell neh\u00e9z alkatr\u00e9szeket emelni[\/vc_column_text][\/vc_tta_section][vc_tta_section title=&#8221;Kevesebb ut\u00f3munka&#8221; tab_id=&#8221;1730886024798-97baede7-fdd1&#8243;][vc_column_text css=&#8221;&#8221;]- Az \u00e1tl\u00f3s m\u00e9retek azonosak<br \/>&#8211; A sarkok pontos kivitelez\u00e9se<br \/>&#8211; Kevesebb gyalul\u00e1s vagy egy\u00e1ltal\u00e1n nem gyalul\u00e1s[\/vc_column_text][\/vc_tta_section][vc_tta_section title=&#8221;M\u0171szaki adatok&#8221; tab_id=&#8221;1730886026630-4b492646-38b4&#8243;][vc_column_text css=&#8221;&#8221;]<b>KPO<\/b><br \/>Oldalpanel hossza: 1,730 mm &#8211; 2,150 mm<br \/>A fejr\u00e9sz hossza: 480 mm &#8211; 730 mm<br \/>A l\u00e1bszelv\u00e9ny hossza: 480 mm &#8211; 730 mm<br \/>Kopors\u00f3 magass\u00e1ga: 185 mm &#8211; 375 mm<br \/>Elfordul\u00e1s: 0\u00b0 \u2013 200\u00b0<\/p>\n<p><b>KPU<\/b><br \/>Oldalr\u00e9sz hossza: 1.730 mm &#8211; 2.150 mm<br \/>A fejr\u00e9sz hossza: 550 mm &#8211; 800 mm<br \/>A l\u00e1bszelv\u00e9ny hossza: 550 mm &#8211; 800 mm<br \/>Kopors\u00f3 magass\u00e1ga: 185 mm &#8211; 375 mm<br \/>Forgathat\u00f3s\u00e1g: 0\u00b0 &#8211; 200\u00b0[\/vc_column_text][\/vc_tta_section][\/vc_tta_accordion][\/vc_column][\/vc_row][vc_row][vc_column][vc_column_text css=&#8221;&#8221;]<\/p>\n<h4>\u201e Kopors\u00f3 form\u00e1z\u00f3 pr\u00e9s der\u00e9ksz\u00f6g\u0171 KPO-F\/KPU-F<\/h4>\n<h5><b>(fels\u0151 doboz eset\u00e9n KPO-F, als\u00f3 doboz eset\u00e9n KPU-F)<\/b><\/h5>\n<p>Egy m\u0171szakban 2 ember t\u00f6bb mint 80 kopors\u00f3t szerel \u00f6ssze az automatikus emel\u0151vel ell\u00e1tott kopors\u00f3pr\u00e9s seg\u00edts\u00e9g\u00e9vel.[\/vc_column_text][\/vc_column][\/vc_row][vc_row][vc_column width=&#8221;1\/6&#8243;][vc_single_image image=&#8221;4523&#8243; img_size=&#8221;500*500&#8243; alignment=&#8221;center&#8221; onclick=&#8221;custom_link&#8221; css=&#8221;&#8221; link=&#8221;https:\/\/mbm.at\/wp-content\/uploads\/2024\/11\/Korpuspresse-tailliert-1.jpg&#8221;][\/vc_column][vc_column width=&#8221;1\/6&#8243;][vc_single_image image=&#8221;4524&#8243; img_size=&#8221;500*500&#8243; alignment=&#8221;center&#8221; onclick=&#8221;custom_link&#8221; css=&#8221;&#8221; link=&#8221;https:\/\/mbm.at\/wp-content\/uploads\/2024\/11\/Korpuspresse-tailliert-2.jpg&#8221;][\/vc_column][vc_column width=&#8221;1\/6&#8243;][vc_single_image image=&#8221;4525&#8243; img_size=&#8221;500*500&#8243; alignment=&#8221;center&#8221; onclick=&#8221;custom_link&#8221; css=&#8221;&#8221; link=&#8221;https:\/\/mbm.at\/wp-content\/uploads\/2024\/11\/Korpuspresse-tailliert-3.jpg&#8221;][\/vc_column][vc_column width=&#8221;1\/6&#8243;][vc_single_image image=&#8221;4526&#8243; img_size=&#8221;500*500&#8243; alignment=&#8221;center&#8221; onclick=&#8221;custom_link&#8221; css=&#8221;&#8221; link=&#8221;https:\/\/mbm.at\/wp-content\/uploads\/2024\/11\/Korpuspresse-tailliert-4.jpg&#8221;][\/vc_column][vc_column width=&#8221;1\/6&#8243;][vc_single_image image=&#8221;4527&#8243; img_size=&#8221;500*500&#8243; alignment=&#8221;center&#8221; onclick=&#8221;custom_link&#8221; css=&#8221;&#8221; link=&#8221;https:\/\/mbm.at\/wp-content\/uploads\/2024\/11\/Korpuspresse-tailliert-5.jpg&#8221;][\/vc_column][vc_column width=&#8221;1\/6&#8243;][vc_single_image image=&#8221;4528&#8243; img_size=&#8221;500*500&#8243; alignment=&#8221;center&#8221; onclick=&#8221;custom_link&#8221; css=&#8221;&#8221; link=&#8221;https:\/\/mbm.at\/wp-content\/uploads\/2024\/11\/Korpuspresse-tailliert-6.jpg&#8221;][\/vc_column][\/vc_row][vc_row][vc_column][vc_tta_accordion][vc_tta_section title=&#8221;Az \u00d6n el\u0151nye&#8221; tab_id=&#8221;1730886269230-d706ff35-c2f2&#8243;][vc_column_text css=&#8221;&#8221;]- Minden modellhez haszn\u00e1lhat\u00f3<br \/>&#8211; Szersz\u00e1m n\u00e9lk\u00fcli modellcsere a lehet\u0151 legr\u00f6videbb id\u0151 alatt<br \/>&#8211; Univerz\u00e1lisan haszn\u00e1lhat\u00f3 minden sarokilleszt\u00e9shez<br \/>&#8211; Az alkatr\u00e9szek pontos, centrikus illeszt\u00e9se<br \/>&#8211; Nagy szor\u00edt\u00f3nyom\u00e1s minden sarkon<br \/>&#8211; Alap- vagy fedeles r\u00f6gz\u00edt\u00e9s lehets\u00e9ges<br \/>&#8211; 200-szor elforgathat\u00f3[\/vc_column_text][\/vc_tta_section][vc_tta_section title=&#8221;Opci\u00f3: automatikus emel\u00e9ssel&#8221; tab_id=&#8221;1730886269231-6e0c683e-5347&#8243;][vc_column_text css=&#8221;&#8221;]Munkaer\u0151-megtakar\u00edt\u00e1s:<br \/>&#8211; A k\u00f6vetkez\u0151 r\u00e9szek m\u00e1r az automatikus emel\u00e9si folyamat sor\u00e1n el\u0151k\u00e9sz\u00edthet\u0151k vagy ragaszthat\u00f3k.<br \/>&#8211; Nem kell neh\u00e9z alkatr\u00e9szeket emelni[\/vc_column_text][\/vc_tta_section][vc_tta_section title=&#8221;Kevesebb ut\u00f3munka&#8221; tab_id=&#8221;1730886272691-ff651fa7-85ce&#8221;][vc_column_text css=&#8221;&#8221;]- Az \u00e1tl\u00f3s m\u00e9retek azonosak<br \/>&#8211; A sarkok pontos kivitelez\u00e9se<br \/>&#8211; Kevesebb gyalul\u00e1s vagy egy\u00e1ltal\u00e1n nem gyalul\u00e1s[\/vc_column_text][\/vc_tta_section][vc_tta_section title=&#8221;M\u0171szaki adatok&#8221; tab_id=&#8221;1730886275067-2877a1c7-d340&#8243;][vc_column_text css=&#8221;&#8221;]<b>KPO-F<\/b><br \/>Teljes hossz: 1,650 mm &#8211; 2,160 mm<br \/>Hossz\u00fa oldallap hossza: 1 250 mm &#8211; 1 600 mm<br \/>R\u00f6vid oldals\u00f3 r\u00e9sz hossza: 400 mm &#8211; 560 mm<br \/>Sz\u00e9less\u00e9g a fejr\u00e9szen: 300 mm &#8211; 600 mm<br \/>Sz\u00e9less\u00e9g l\u00e1bszelv\u00e9ny: 300 mm &#8211; 600 mm<br \/>Sz\u00e9less\u00e9g k\u00f6z\u00e9pen: 550 mm &#8211; 730 mm<br \/>Kopors\u00f3 magass\u00e1ga: 90 mm &#8211; 300 mm<br \/>Elfordul\u00e1s: 0\u00b0 &#8211; 200\u00b0<\/p>\n<p><b>KPU-F<\/b><br \/>Teljes hossz: 1,600 mm &#8211; 2,110 mm<br \/>Hossz\u00fa oldallap hossza: 1 200 mm &#8211; 1 550 mm<br \/>R\u00f6vid oldals\u00f3 r\u00e9sz hossza: 400 mm &#8211; 560 mm<br \/>Sz\u00e9less\u00e9g a fejr\u00e9szen: 300 mm &#8211; 600 mm<br \/>Sz\u00e9less\u00e9g l\u00e1bszelv\u00e9ny: 300 mm &#8211; 600 mm<br \/>Sz\u00e9less\u00e9g k\u00f6z\u00e9pen: 550 mm &#8211; 730 mm<br \/>Kopors\u00f3 magass\u00e1ga: 200 mm &#8211; 400 mm<br \/>Elfordul\u00e1s: 0\u00b0 &#8211; 200\u00b0[\/vc_column_text][\/vc_tta_section][\/vc_tta_accordion][\/vc_column][\/vc_row]<\/p>\n<\/div>","protected":false},"excerpt":{"rendered":"<p>[vc_row][vc_column][vc_column_text css=&#8221;&#8221;] \u201e Kopors\u00f3form\u00e1z\u00f3 pr\u00e9s k\u00fapos KPO\/KPU (fels\u0151 doboz eset\u00e9n KPO, als\u00f3 doboz eset\u00e9n KPU) Nagyobb mennyis\u00e9gek eset\u00e9n a fels\u0151 p\u00e1holyhoz \u00e9s az als\u00f3 p\u00e1holyhoz egy-egy sajt\u00f3ra van sz\u00fcks\u00e9g. 2 ember (egy m\u0171szakban) ak\u00e1r 140 kopors\u00f3t is \u00f6sszeszerelhet. Sorozatgy\u00e1rt\u00e1ssal m\u00e9g t\u00f6bb is lehets\u00e9ges![\/vc_column_text][\/vc_column][\/vc_row][vc_row][vc_column width=&#8221;1\/5&#8243;][vc_single_image image=&#8221;4518&#8243; img_size=&#8221;500*500&#8243; alignment=&#8221;center&#8221; onclick=&#8221;custom_link&#8221; css=&#8221;&#8221; link=&#8221;https:\/\/mbm.at\/wp-content\/uploads\/2024\/11\/Korpuspresse-1.jpg&#8221;][\/vc_column][vc_column width=&#8221;1\/5&#8243;][vc_single_image image=&#8221;4519&#8243; img_size=&#8221;500*500&#8243; alignment=&#8221;center&#8221; onclick=&#8221;custom_link&#8221; [&hellip;]<\/p>\n","protected":false},"author":2,"featured_media":0,"parent":0,"menu_order":0,"comment_status":"closed","ping_status":"closed","template":"","meta":{"footnotes":""},"class_list":["post-4665","page","type-page","status-publish","hentry"],"_links":{"self":[{"href":"https:\/\/mbm.at\/hu\/wp-json\/wp\/v2\/pages\/4665","targetHints":{"allow":["GET"]}}],"collection":[{"href":"https:\/\/mbm.at\/hu\/wp-json\/wp\/v2\/pages"}],"about":[{"href":"https:\/\/mbm.at\/hu\/wp-json\/wp\/v2\/types\/page"}],"author":[{"embeddable":true,"href":"https:\/\/mbm.at\/hu\/wp-json\/wp\/v2\/users\/2"}],"replies":[{"embeddable":true,"href":"https:\/\/mbm.at\/hu\/wp-json\/wp\/v2\/comments?post=4665"}],"version-history":[{"count":3,"href":"https:\/\/mbm.at\/hu\/wp-json\/wp\/v2\/pages\/4665\/revisions"}],"predecessor-version":[{"id":4668,"href":"https:\/\/mbm.at\/hu\/wp-json\/wp\/v2\/pages\/4665\/revisions\/4668"}],"wp:attachment":[{"href":"https:\/\/mbm.at\/hu\/wp-json\/wp\/v2\/media?parent=4665"}],"curies":[{"name":"wp","href":"https:\/\/api.w.org\/{rel}","templated":true}]}}