{"id":4658,"date":"2024-11-06T16:33:52","date_gmt":"2024-11-06T15:33:52","guid":{"rendered":"https:\/\/mbm.at\/koporso-lab-gyartosor\/"},"modified":"2025-01-30T15:42:01","modified_gmt":"2025-01-30T14:42:01","slug":"koporso-lab-gyartosor","status":"publish","type":"page","link":"https:\/\/mbm.at\/hu\/koporso-lab-gyartosor\/","title":{"rendered":"Kopors\u00f3 l\u00e1b gy\u00e1rt\u00f3sor"},"content":{"rendered":"<div class=\"wpb-content-wrapper\"><p>[vc_row][vc_column][vc_column_text css=&#8221;&#8221;]<\/p>\n<h4>\u201e Kopors\u00f3 l\u00e1b gy\u00e1rt\u00f3sor<\/h4>\n<p>az als\u00f3 dobozon l\u00e9v\u0151 kopors\u00f3 alapr\u00e9szek eset\u00e9ben[\/vc_column_text][\/vc_column][\/vc_row][vc_row][vc_column width=&#8221;1\/3&#8243;][vc_single_image image=&#8221;4659&#8243; img_size=&#8221;500*500&#8243; alignment=&#8221;center&#8221; onclick=&#8221;custom_link&#8221; css=&#8221;&#8221; link=&#8221;https:\/\/mbm.at\/wp-content\/uploads\/2024\/11\/Sargfuss-Fertigungsanlage-1.jpg&#8221;][\/vc_column][vc_column width=&#8221;1\/3&#8243;][vc_single_image image=&#8221;4660&#8243; img_size=&#8221;500*500&#8243; alignment=&#8221;center&#8221; onclick=&#8221;custom_link&#8221; css=&#8221;&#8221; link=&#8221;https:\/\/mbm.at\/wp-content\/uploads\/2024\/11\/Sargfuss-Fertigungsanlage-2.jpg&#8221;][\/vc_column][vc_column width=&#8221;1\/3&#8243;][vc_single_image image=&#8221;4661&#8243; img_size=&#8221;500*500&#8243; alignment=&#8221;center&#8221; onclick=&#8221;custom_link&#8221; css=&#8221;&#8221; link=&#8221;https:\/\/mbm.at\/wp-content\/uploads\/2024\/11\/Sargfuss-Fertigungsanlage-3.jpg&#8221;][\/vc_column][\/vc_row][vc_row][vc_column][vc_tta_accordion][vc_tta_section title=&#8221;Az \u00d6n el\u0151nye&#8221; tab_id=&#8221;1730887698764-fdb91619-f8c5&#8243;][vc_column_text css=&#8221;&#8221;]- K\u00f6zvetlen k\u00f6lts\u00e9gmegtakar\u00edt\u00e1s az id\u0151 optimaliz\u00e1l\u00e1s\u00e1val<br \/>&#8211; Univerz\u00e1lisan alkalmazhat\u00f3 k\u00fcl\u00f6nb\u00f6z\u0151 kopors\u00f3alap t\u00edpusokhoz<br \/>&#8211; A kopors\u00f3 alapr\u00e9szek automatikus f\u0171r\u00e9szel\u00e9se<br \/>&#8211; Minim\u00e1lis be\u00e1ll\u00edt\u00e1si id\u0151<br \/>&#8211; A gy\u00e1rt\u00e1si folyamat optimaliz\u00e1l\u00e1sa<br \/>&#8211; Hat\u00e9kony munkam\u00f3dszer[\/vc_column_text][\/vc_tta_section][vc_tta_section title=&#8221;Opci\u00f3k&#8221; tab_id=&#8221;1730887698765-22de8620-d933&#8243;][vc_column_text css=&#8221;&#8221;]Testreszabott v\u00e1ltozatok[\/vc_column_text][\/vc_tta_section][vc_tta_section title=&#8221;M\u0171szaki adatok&#8221; tab_id=&#8221;1730887701607-f771e4c5-4b11&#8243;][vc_column_text css=&#8221;&#8221;]Hossz &#8211; t\u00e1r: 460 &#8211; 900 mm<br \/>Hossz &#8211; kopors\u00f3 l\u00e1bszelv\u00e9ny: 80 &#8211; 200 mm<br \/>R\u00e9sz sz\u00e9less\u00e9ge 90\u00b0-ban: 20 &#8211; 80 mm<br \/>R\u00e9sz magass\u00e1ga: \u2264 40 mm[\/vc_column_text][\/vc_tta_section][\/vc_tta_accordion][\/vc_column][\/vc_row]<\/p>\n<\/div>","protected":false},"excerpt":{"rendered":"<p>[vc_row][vc_column][vc_column_text css=&#8221;&#8221;] \u201e Kopors\u00f3 l\u00e1b gy\u00e1rt\u00f3sor az als\u00f3 dobozon l\u00e9v\u0151 kopors\u00f3 alapr\u00e9szek eset\u00e9ben[\/vc_column_text][\/vc_column][\/vc_row][vc_row][vc_column width=&#8221;1\/3&#8243;][vc_single_image image=&#8221;4659&#8243; img_size=&#8221;500*500&#8243; alignment=&#8221;center&#8221; onclick=&#8221;custom_link&#8221; css=&#8221;&#8221; link=&#8221;https:\/\/mbm.at\/wp-content\/uploads\/2024\/11\/Sargfuss-Fertigungsanlage-1.jpg&#8221;][\/vc_column][vc_column width=&#8221;1\/3&#8243;][vc_single_image image=&#8221;4660&#8243; img_size=&#8221;500*500&#8243; alignment=&#8221;center&#8221; onclick=&#8221;custom_link&#8221; css=&#8221;&#8221; link=&#8221;https:\/\/mbm.at\/wp-content\/uploads\/2024\/11\/Sargfuss-Fertigungsanlage-2.jpg&#8221;][\/vc_column][vc_column width=&#8221;1\/3&#8243;][vc_single_image image=&#8221;4661&#8243; img_size=&#8221;500*500&#8243; alignment=&#8221;center&#8221; onclick=&#8221;custom_link&#8221; css=&#8221;&#8221; link=&#8221;https:\/\/mbm.at\/wp-content\/uploads\/2024\/11\/Sargfuss-Fertigungsanlage-3.jpg&#8221;][\/vc_column][\/vc_row][vc_row][vc_column][vc_tta_accordion][vc_tta_section title=&#8221;Az \u00d6n el\u0151nye&#8221; tab_id=&#8221;1730887698764-fdb91619-f8c5&#8243;][vc_column_text css=&#8221;&#8221;]- K\u00f6zvetlen k\u00f6lts\u00e9gmegtakar\u00edt\u00e1s az id\u0151 optimaliz\u00e1l\u00e1s\u00e1val&#8211; Univerz\u00e1lisan alkalmazhat\u00f3 k\u00fcl\u00f6nb\u00f6z\u0151 kopors\u00f3alap t\u00edpusokhoz&#8211; A kopors\u00f3 alapr\u00e9szek automatikus f\u0171r\u00e9szel\u00e9se&#8211; Minim\u00e1lis [&hellip;]<\/p>\n","protected":false},"author":2,"featured_media":0,"parent":0,"menu_order":0,"comment_status":"closed","ping_status":"closed","template":"","meta":{"footnotes":""},"class_list":["post-4658","page","type-page","status-publish","hentry"],"_links":{"self":[{"href":"https:\/\/mbm.at\/hu\/wp-json\/wp\/v2\/pages\/4658","targetHints":{"allow":["GET"]}}],"collection":[{"href":"https:\/\/mbm.at\/hu\/wp-json\/wp\/v2\/pages"}],"about":[{"href":"https:\/\/mbm.at\/hu\/wp-json\/wp\/v2\/types\/page"}],"author":[{"embeddable":true,"href":"https:\/\/mbm.at\/hu\/wp-json\/wp\/v2\/users\/2"}],"replies":[{"embeddable":true,"href":"https:\/\/mbm.at\/hu\/wp-json\/wp\/v2\/comments?post=4658"}],"version-history":[{"count":3,"href":"https:\/\/mbm.at\/hu\/wp-json\/wp\/v2\/pages\/4658\/revisions"}],"predecessor-version":[{"id":4664,"href":"https:\/\/mbm.at\/hu\/wp-json\/wp\/v2\/pages\/4658\/revisions\/4664"}],"wp:attachment":[{"href":"https:\/\/mbm.at\/hu\/wp-json\/wp\/v2\/media?parent=4658"}],"curies":[{"name":"wp","href":"https:\/\/api.w.org\/{rel}","templated":true}]}}