{"id":4654,"date":"2024-11-11T09:00:25","date_gmt":"2024-11-11T08:00:25","guid":{"rendered":"https:\/\/mbm.at\/hivatkozasok\/"},"modified":"2025-01-30T11:32:56","modified_gmt":"2025-01-30T10:32:56","slug":"hivatkozasok","status":"publish","type":"page","link":"https:\/\/mbm.at\/hu\/hivatkozasok\/","title":{"rendered":"Hivatkoz\u00e1sok"},"content":{"rendered":"<div class=\"wpb-content-wrapper\"><p>[vc_row][vc_column][vc_single_image image=&#8221;4655&#8243; img_size=&#8221;large&#8221; css=&#8221;&#8221;][\/vc_column][\/vc_row][vc_row][vc_column][vc_column_text css=&#8221;&#8221;]<b>Eur\u00f3pa<\/p>\n<p><\/b><b><\/b><\/p>\n<div class=\"env-scrollable\">\n<table>\n<tbody>\n<tr>\n<td>Belgium<\/td>\n<td>D\u00e1nia<\/td>\n<td>N\u00e9metorsz\u00e1g<\/td>\n<td>Franciaorsz\u00e1g<\/td>\n<td>Olaszorsz\u00e1g<\/td>\n<td>Horv\u00e1torsz\u00e1g<\/td>\n<td>Liechtenstein<\/td>\n<td>Luxemburg<\/td>\n<td>Hollandia<\/td>\n<td>Ausztria<\/td>\n<\/tr>\n<tr>\n<td>Lengyelorsz\u00e1g<\/td>\n<td>Portug\u00e1lia<\/td>\n<td>Rom\u00e1nia<\/td>\n<td>San Marino<\/td>\n<td>Sv\u00e9dorsz\u00e1g<\/td>\n<td>Sv\u00e1jc<\/td>\n<td>Szlov\u00e9nia<\/td>\n<td>Spanyolorsz\u00e1g<\/td>\n<td>Cseh K\u00f6zt\u00e1rsas\u00e1g<\/td>\n<td>Egyes\u00fclt Kir\u00e1lys\u00e1g<\/td>\n<\/tr>\n<\/tbody>\n<\/table>\n<\/div>\n<p><br class=\"clearer\"><b>Vil\u00e1gszerte<\/p>\n<p><\/b><\/p>\n<div class=\"env-scrollable\">\n<table>\n<tbody>\n<tr>\n<td>Ausztr\u00e1lia<\/td>\n<td>K\u00edna<\/td>\n<td>Jap\u00e1n<\/td>\n<td>Tajvan<\/td>\n<td>Tun\u00e9zia<\/td>\n<td>USA<\/td>\n<\/tr>\n<\/tbody>\n<\/table>\n<\/div>\n<p>[\/vc_column_text][\/vc_column][\/vc_row]<\/p>\n<\/div>","protected":false},"excerpt":{"rendered":"<p>[vc_row][vc_column][vc_single_image image=&#8221;4655&#8243; img_size=&#8221;large&#8221; css=&#8221;&#8221;][\/vc_column][\/vc_row][vc_row][vc_column][vc_column_text css=&#8221;&#8221;]Eur\u00f3pa Belgium D\u00e1nia N\u00e9metorsz\u00e1g Franciaorsz\u00e1g Olaszorsz\u00e1g Horv\u00e1torsz\u00e1g Liechtenstein Luxemburg Hollandia Ausztria Lengyelorsz\u00e1g Portug\u00e1lia Rom\u00e1nia San Marino Sv\u00e9dorsz\u00e1g Sv\u00e1jc Szlov\u00e9nia Spanyolorsz\u00e1g Cseh K\u00f6zt\u00e1rsas\u00e1g Egyes\u00fclt Kir\u00e1lys\u00e1g Vil\u00e1gszerte Ausztr\u00e1lia K\u00edna Jap\u00e1n Tajvan Tun\u00e9zia USA [\/vc_column_text][\/vc_column][\/vc_row]<\/p>\n","protected":false},"author":2,"featured_media":0,"parent":0,"menu_order":0,"comment_status":"closed","ping_status":"closed","template":"","meta":{"footnotes":""},"class_list":["post-4654","page","type-page","status-publish","hentry"],"_links":{"self":[{"href":"https:\/\/mbm.at\/hu\/wp-json\/wp\/v2\/pages\/4654","targetHints":{"allow":["GET"]}}],"collection":[{"href":"https:\/\/mbm.at\/hu\/wp-json\/wp\/v2\/pages"}],"about":[{"href":"https:\/\/mbm.at\/hu\/wp-json\/wp\/v2\/types\/page"}],"author":[{"embeddable":true,"href":"https:\/\/mbm.at\/hu\/wp-json\/wp\/v2\/users\/2"}],"replies":[{"embeddable":true,"href":"https:\/\/mbm.at\/hu\/wp-json\/wp\/v2\/comments?post=4654"}],"version-history":[{"count":2,"href":"https:\/\/mbm.at\/hu\/wp-json\/wp\/v2\/pages\/4654\/revisions"}],"predecessor-version":[{"id":4657,"href":"https:\/\/mbm.at\/hu\/wp-json\/wp\/v2\/pages\/4654\/revisions\/4657"}],"wp:attachment":[{"href":"https:\/\/mbm.at\/hu\/wp-json\/wp\/v2\/media?parent=4654"}],"curies":[{"name":"wp","href":"https:\/\/api.w.org\/{rel}","templated":true}]}}