{"id":4648,"date":"2024-11-06T16:33:40","date_gmt":"2024-11-06T15:33:40","guid":{"rendered":"https:\/\/mbm.at\/panelvago-furesz\/"},"modified":"2025-01-30T11:12:48","modified_gmt":"2025-01-30T10:12:48","slug":"panelvago-furesz","status":"publish","type":"page","link":"https:\/\/mbm.at\/hu\/panelvago-furesz\/","title":{"rendered":"Panelv\u00e1g\u00f3 f\u0171r\u00e9sz"},"content":{"rendered":"<div class=\"wpb-content-wrapper\"><p>[vc_row][vc_column][vc_column_text css=&#8221;&#8221;]<\/p>\n<h4>\u201e Panelv\u00e1g\u00f3 f\u0171r\u00e9sz<\/h4>\n<p>Hossz- \u00e9s keresztmetszet eset\u00e9n[\/vc_column_text][\/vc_column][\/vc_row][vc_row][vc_column][vc_images_carousel images=&#8221;4649,4650&#8243; img_size=&#8221;large&#8221; css=&#8221;&#8221;][\/vc_column][\/vc_row][vc_row][vc_column][vc_tta_accordion][vc_tta_section title=&#8221;Az egyes rendszerelemek le\u00edr\u00e1sa&#8221; tab_id=&#8221;1730888153520-4d7892d0-ebd8&#8243;][vc_column_text css=&#8221;&#8221;]- V\u00e1kuumos emel\u0151berendez\u00e9s<br \/>&#8211; Egyenget\u0151 g\u00f6rg\u0151s sz\u00e1ll\u00edt\u00f3szalag egyenget\u0151vel<br \/>&#8211; Keresztf\u0171r\u00e9sz nyom\u00f3gerend\u00e1val<br \/>&#8211; Elektronikusan \u00e1ll\u00edthat\u00f3 \u00fctk\u00f6z\u0151s\u00fct\u0151 b\u00fcty\u00f6k<br \/>&#8211; Keresztsz\u00e1ll\u00edt\u00f3 g\u00f6rg\u0151s sz\u00e1ll\u00edt\u00f3szalag<br \/>&#8211; Ferde g\u00f6rg\u0151s sz\u00e1ll\u00edt\u00f3szalag<br \/>&#8211; Elektronikusan \u00e1ll\u00edthat\u00f3 sz\u00e9less\u00e9gmeg\u00e1ll\u00edt\u00f3<br \/>&#8211; Has\u00edt\u00f3f\u0171r\u00e9sz adagol\u00f3egys\u00e9ggel<br \/>&#8211; Keresztir\u00e1ny\u00fa sz\u00e1ll\u00edt\u00e1ssal ell\u00e1tott g\u00f6rg\u0151s sz\u00e1ll\u00edt\u00f3szalag[\/vc_column_text][\/vc_tta_section][vc_tta_section title=&#8221;Opci\u00f3k&#8221; tab_id=&#8221;1730888153520-1c825f08-ce84&#8243;][vc_column_text css=&#8221;&#8221;]Testreszabott v\u00e1ltozatok[\/vc_column_text][\/vc_tta_section][vc_tta_section title=&#8221;M\u0171szaki adatok&#8221; tab_id=&#8221;1730888156051-3af60563-6a7d&#8221;][vc_column_text css=&#8221;&#8221;]<b>Munkadarabm\u00e9retek<\/b><\/p>\n<p>Panelhossz: min. 300 mm \/ max. 4.100 mm<br \/>Panelsz\u00e9less\u00e9g: min. 300 mm \/ max. 1.250 mm<br \/>Panelvastags\u00e1g: max. 40 mm[\/vc_column_text][\/vc_tta_section][vc_tta_section title=&#8221;G\u00e9pi adatok&#8221; tab_id=&#8221;1730888158746-e3f8f971-b398&#8243;][vc_column_text css=&#8221;&#8221;]<b>F\u0171r\u00e9szel\u0151tol\u00e1s sebess\u00e9ge<\/b><br \/>El\u0151re 30 m\/percig.<br \/> Tolat\u00e1s 30 m\/percig.<\/p>\n<p><b>F\u0171r\u00e9szmotor teljes\u00edtm\u00e9nye<\/b><br \/>Keresztv\u00e1g\u00f3 f\u0171r\u00e9sz 7,5 kW<br \/>Sebess\u00e9g 3,800 fordulat\/perc<br \/>Has\u00edt\u00f3f\u0171r\u00e9sz 7,5 kW<br \/>Sebess\u00e9g 3,800 fordulat\/perc<\/p>\n<p><b>F\u0171r\u00e9szlap<\/b><br \/>\u00c1tm\u00e9r\u0151 350 mm<br \/>Bels\u0151 furat \u00e1tm\u00e9r\u0151je 30 mm[\/vc_column_text][\/vc_tta_section][\/vc_tta_accordion][\/vc_column][\/vc_row]<\/p>\n<\/div>","protected":false},"excerpt":{"rendered":"<p>[vc_row][vc_column][vc_column_text css=&#8221;&#8221;] \u201e Panelv\u00e1g\u00f3 f\u0171r\u00e9sz Hossz- \u00e9s keresztmetszet eset\u00e9n[\/vc_column_text][\/vc_column][\/vc_row][vc_row][vc_column][vc_images_carousel images=&#8221;4649,4650&#8243; img_size=&#8221;large&#8221; css=&#8221;&#8221;][\/vc_column][\/vc_row][vc_row][vc_column][vc_tta_accordion][vc_tta_section title=&#8221;Az egyes rendszerelemek le\u00edr\u00e1sa&#8221; tab_id=&#8221;1730888153520-4d7892d0-ebd8&#8243;][vc_column_text css=&#8221;&#8221;]- V\u00e1kuumos emel\u0151berendez\u00e9s&#8211; Egyenget\u0151 g\u00f6rg\u0151s sz\u00e1ll\u00edt\u00f3szalag egyenget\u0151vel&#8211; Keresztf\u0171r\u00e9sz nyom\u00f3gerend\u00e1val&#8211; Elektronikusan \u00e1ll\u00edthat\u00f3 \u00fctk\u00f6z\u0151s\u00fct\u0151 b\u00fcty\u00f6k&#8211; Keresztsz\u00e1ll\u00edt\u00f3 g\u00f6rg\u0151s sz\u00e1ll\u00edt\u00f3szalag&#8211; Ferde g\u00f6rg\u0151s sz\u00e1ll\u00edt\u00f3szalag&#8211; Elektronikusan \u00e1ll\u00edthat\u00f3 sz\u00e9less\u00e9gmeg\u00e1ll\u00edt\u00f3&#8211; Has\u00edt\u00f3f\u0171r\u00e9sz adagol\u00f3egys\u00e9ggel&#8211; Keresztir\u00e1ny\u00fa sz\u00e1ll\u00edt\u00e1ssal ell\u00e1tott g\u00f6rg\u0151s sz\u00e1ll\u00edt\u00f3szalag[\/vc_column_text][\/vc_tta_section][vc_tta_section title=&#8221;Opci\u00f3k&#8221; tab_id=&#8221;1730888153520-1c825f08-ce84&#8243;][vc_column_text css=&#8221;&#8221;]Testreszabott v\u00e1ltozatok[\/vc_column_text][\/vc_tta_section][vc_tta_section title=&#8221;M\u0171szaki adatok&#8221; tab_id=&#8221;1730888156051-3af60563-6a7d&#8221;][vc_column_text css=&#8221;&#8221;]Munkadarabm\u00e9retek Panelhossz: [&hellip;]<\/p>\n","protected":false},"author":2,"featured_media":0,"parent":0,"menu_order":0,"comment_status":"closed","ping_status":"closed","template":"","meta":{"footnotes":""},"class_list":["post-4648","page","type-page","status-publish","hentry"],"_links":{"self":[{"href":"https:\/\/mbm.at\/hu\/wp-json\/wp\/v2\/pages\/4648","targetHints":{"allow":["GET"]}}],"collection":[{"href":"https:\/\/mbm.at\/hu\/wp-json\/wp\/v2\/pages"}],"about":[{"href":"https:\/\/mbm.at\/hu\/wp-json\/wp\/v2\/types\/page"}],"author":[{"embeddable":true,"href":"https:\/\/mbm.at\/hu\/wp-json\/wp\/v2\/users\/2"}],"replies":[{"embeddable":true,"href":"https:\/\/mbm.at\/hu\/wp-json\/wp\/v2\/comments?post=4648"}],"version-history":[{"count":3,"href":"https:\/\/mbm.at\/hu\/wp-json\/wp\/v2\/pages\/4648\/revisions"}],"predecessor-version":[{"id":4653,"href":"https:\/\/mbm.at\/hu\/wp-json\/wp\/v2\/pages\/4648\/revisions\/4653"}],"wp:attachment":[{"href":"https:\/\/mbm.at\/hu\/wp-json\/wp\/v2\/media?parent=4648"}],"curies":[{"name":"wp","href":"https:\/\/api.w.org\/{rel}","templated":true}]}}