{"id":4642,"date":"2024-11-06T16:33:25","date_gmt":"2024-11-06T15:33:25","guid":{"rendered":"https:\/\/mbm.at\/oesszeszerelesi-technologia\/"},"modified":"2025-01-30T11:08:45","modified_gmt":"2025-01-30T10:08:45","slug":"oesszeszerelesi-technologia","status":"publish","type":"page","link":"https:\/\/mbm.at\/hu\/oesszeszerelesi-technologia\/","title":{"rendered":"\u00d6sszeszerel\u00e9si technol\u00f3gia"},"content":{"rendered":"<div class=\"wpb-content-wrapper\"><p>[vc_row][vc_column][vc_column_text css=&#8221;&#8221;]<\/p>\n<h4>\u201e \u00d6sszeszerel\u0151 g\u00e9p<\/h4>\n<p>[\/vc_column_text][\/vc_column][\/vc_row][vc_row][vc_column][vc_images_carousel images=&#8221;4643,4644,4645&#8243; img_size=&#8221;large&#8221; css=&#8221;&#8221;][\/vc_column][\/vc_row]<\/p>\n<\/div>","protected":false},"excerpt":{"rendered":"<p>[vc_row][vc_column][vc_column_text css=&#8221;&#8221;] \u201e \u00d6sszeszerel\u0151 g\u00e9p [\/vc_column_text][\/vc_column][\/vc_row][vc_row][vc_column][vc_images_carousel images=&#8221;4643,4644,4645&#8243; img_size=&#8221;large&#8221; css=&#8221;&#8221;][\/vc_column][\/vc_row]<\/p>\n","protected":false},"author":2,"featured_media":0,"parent":0,"menu_order":0,"comment_status":"closed","ping_status":"closed","template":"","meta":{"footnotes":""},"class_list":["post-4642","page","type-page","status-publish","hentry"],"_links":{"self":[{"href":"https:\/\/mbm.at\/hu\/wp-json\/wp\/v2\/pages\/4642","targetHints":{"allow":["GET"]}}],"collection":[{"href":"https:\/\/mbm.at\/hu\/wp-json\/wp\/v2\/pages"}],"about":[{"href":"https:\/\/mbm.at\/hu\/wp-json\/wp\/v2\/types\/page"}],"author":[{"embeddable":true,"href":"https:\/\/mbm.at\/hu\/wp-json\/wp\/v2\/users\/2"}],"replies":[{"embeddable":true,"href":"https:\/\/mbm.at\/hu\/wp-json\/wp\/v2\/comments?post=4642"}],"version-history":[{"count":2,"href":"https:\/\/mbm.at\/hu\/wp-json\/wp\/v2\/pages\/4642\/revisions"}],"predecessor-version":[{"id":4647,"href":"https:\/\/mbm.at\/hu\/wp-json\/wp\/v2\/pages\/4642\/revisions\/4647"}],"wp:attachment":[{"href":"https:\/\/mbm.at\/hu\/wp-json\/wp\/v2\/media?parent=4642"}],"curies":[{"name":"wp","href":"https:\/\/api.w.org\/{rel}","templated":true}]}}