{"id":4639,"date":"2024-11-06T16:33:14","date_gmt":"2024-11-06T15:33:14","guid":{"rendered":"https:\/\/mbm.at\/koporsogyarto-gepek\/"},"modified":"2025-02-28T10:05:10","modified_gmt":"2025-02-28T09:05:10","slug":"koporsogyarto-gepek","status":"publish","type":"page","link":"https:\/\/mbm.at\/hu\/koporsogyarto-gepek\/","title":{"rendered":"Kopors\u00f3gy\u00e1rt\u00f3 g\u00e9pek"},"content":{"rendered":"<div class=\"wpb-content-wrapper\"><p>[vc_row][vc_column][vc_column_text css=&#8221;&#8221;]A pontoss\u00e1g, amellyel az <strong><span style=\"color: #40b5ad;\">mbm<\/span> <\/strong>g\u00e9pek dolgoznak, az els\u0151 napt\u00f3l az utols\u00f3ig ugyanaz marad. Teljesen karcmentes fel\u00fcleteket kap, \u00e9s az optim\u00e1lis g\u00e9pkihaszn\u00e1lts\u00e1gnak k\u00f6sz\u00f6nhet\u0151en b\u00e1rmikor b\u0151v\u00edtheti kapacit\u00e1sait. A programozhat\u00f3 g\u00e9pekn\u00e9l a lehets\u00e9ges programok sz\u00e1ma \u00f3ri\u00e1si rugalmass\u00e1got biztos\u00edt, \u00edgy b\u00e1rmikor \u00e1t\u00e1llhat. A modellv\u00e1lt\u00e1s csak nagyon r\u00f6vid be\u00e1ll\u00edt\u00e1si id\u0151t ig\u00e9nyel. A sz\u00f6g- \u00e9s hosszbe\u00e1ll\u00edt\u00e1sok automatikusan megt\u00f6rt\u00e9nnek, \u00e9s a hib\u00e1k azonnal diagnosztiz\u00e1lhat\u00f3k.    <\/p>\n<h4>\u201e Kopors\u00f3k\u00e9sz\u00edt\u0151 g\u00e9pek<\/h4>\n<ul>\n<li><a href=\"https:\/\/mbm.at\/hu\/dupla-gervago-furesz-das-e\/\">Dupla g\u00e9rv\u00e1g\u00f3 f\u0171r\u00e9sz DAS-E<\/a><\/li>\n<li><a href=\"https:\/\/mbm.at\/hu\/universal-das-u-dupla-gervago-furesz\/\">Dupla g\u00e9rv\u00e1g\u00f3f\u0171r\u00e9sz Universal DAS-U<\/a><\/li>\n<li><a href=\"https:\/\/mbm.at\/hu\/gyartosorok\/\">Dupla g\u00e9rv\u00e1g\u00f3 f\u0171r\u00e9sz &#8211; gy\u00e1rt\u00f3sor<\/a><\/li>\n<li><a href=\"https:\/\/mbm.at\/hu\/koporso-oesszeszerelo-presek\/\">Testpr\u00e9s &#8211; k\u00fapos kopors\u00f3 alak\u00fa<\/a><\/li>\n<li><a href=\"https:\/\/mbm.at\/hu\/koporso-oesszeszerelo-presek\/\">Kombin\u00e1lt testpr\u00e9s &#8211; Kopors\u00f3 alak\u00fa k\u00fap alak\u00fa<\/a><\/li>\n<li><a href=\"https:\/\/mbm.at\/hu\/koporso-oesszeszerelo-presek\/\">Testpr\u00e9s &#8211; Kopors\u00f3 alak\u00fa der\u00e9kkal<\/a><\/li>\n<li><a href=\"https:\/\/mbm.at\/hu\/automatikus-oento-oesszeszerelo-gepek\/\">Automatikus \u00f6nt\u0151-\u00f6sszeszerel\u0151 g\u00e9p &#8211; Universal<\/a><\/li>\n<li><a href=\"https:\/\/mbm.at\/hu\/automatikus-oento-oesszeszerelo-gepek\/\">Automatikus \u00f6nt\u0151-\u00f6sszeszerel\u0151 g\u00e9p r\u00f6vid \u00e9s hossz\u00fa alkatr\u00e9szekhez<\/a><\/li>\n<li><a href=\"https:\/\/mbm.at\/hu\/automatikus-oento-oesszeszerelo-gepek\/\">T-bar \u00f6sszeszerel\u0151 g\u00e9p<\/a><\/li>\n<li><a href=\"https:\/\/mbm.at\/hu\/automatikus-oento-oesszeszerelo-gepek\/\">Gy\u00f6ngy\u00f6nt\u0151 \u00f6sszeszerel\u0151 g\u00e9p<\/a><\/li>\n<li><a href=\"https:\/\/mbm.at\/hu\/koporso-lab-gyartosor\/\">Kopors\u00f3 l\u00e1b gy\u00e1rt\u00f3sor<\/a><\/li>\n<\/ul>\n<p>&nbsp;<\/p>\n<p>Ha b\u00e1rmilyen k\u00e9rd\u00e9se van, b\u00e1rmikor felh\u00edvhat minket a <b>+43 5572 555800 <\/b>telefonsz\u00e1mon.<br \/>vagy haszn\u00e1lja az <a href=\"https:\/\/mbm.at\/hu\/erdeklodesi-urlap\/\">\u00e9rdekl\u0151d\u00e9si \u0171rlapot.<\/a>[\/vc_column_text][\/vc_column][\/vc_row]<\/p>\n<\/div>","protected":false},"excerpt":{"rendered":"<p>[vc_row][vc_column][vc_column_text css=&#8221;&#8221;]A pontoss\u00e1g, amellyel az mbm g\u00e9pek dolgoznak, az els\u0151 napt\u00f3l az utols\u00f3ig ugyanaz marad. Teljesen karcmentes fel\u00fcleteket kap, \u00e9s az optim\u00e1lis g\u00e9pkihaszn\u00e1lts\u00e1gnak k\u00f6sz\u00f6nhet\u0151en b\u00e1rmikor b\u0151v\u00edtheti kapacit\u00e1sait. A programozhat\u00f3 g\u00e9pekn\u00e9l a lehets\u00e9ges programok sz\u00e1ma \u00f3ri\u00e1si rugalmass\u00e1got biztos\u00edt, \u00edgy b\u00e1rmikor \u00e1t\u00e1llhat. A modellv\u00e1lt\u00e1s csak nagyon r\u00f6vid be\u00e1ll\u00edt\u00e1si id\u0151t ig\u00e9nyel. A sz\u00f6g- \u00e9s hosszbe\u00e1ll\u00edt\u00e1sok automatikusan megt\u00f6rt\u00e9nnek, \u00e9s [&hellip;]<\/p>\n","protected":false},"author":2,"featured_media":0,"parent":0,"menu_order":0,"comment_status":"closed","ping_status":"closed","template":"","meta":{"footnotes":""},"class_list":["post-4639","page","type-page","status-publish","hentry"],"_links":{"self":[{"href":"https:\/\/mbm.at\/hu\/wp-json\/wp\/v2\/pages\/4639","targetHints":{"allow":["GET"]}}],"collection":[{"href":"https:\/\/mbm.at\/hu\/wp-json\/wp\/v2\/pages"}],"about":[{"href":"https:\/\/mbm.at\/hu\/wp-json\/wp\/v2\/types\/page"}],"author":[{"embeddable":true,"href":"https:\/\/mbm.at\/hu\/wp-json\/wp\/v2\/users\/2"}],"replies":[{"embeddable":true,"href":"https:\/\/mbm.at\/hu\/wp-json\/wp\/v2\/comments?post=4639"}],"version-history":[{"count":5,"href":"https:\/\/mbm.at\/hu\/wp-json\/wp\/v2\/pages\/4639\/revisions"}],"predecessor-version":[{"id":5987,"href":"https:\/\/mbm.at\/hu\/wp-json\/wp\/v2\/pages\/4639\/revisions\/5987"}],"wp:attachment":[{"href":"https:\/\/mbm.at\/hu\/wp-json\/wp\/v2\/media?parent=4639"}],"curies":[{"name":"wp","href":"https:\/\/api.w.org\/{rel}","templated":true}]}}