{"id":4623,"date":"2024-11-06T16:33:01","date_gmt":"2024-11-06T15:33:01","guid":{"rendered":"https:\/\/mbm.at\/automatikus-oento-oesszeszerelo-gepek\/"},"modified":"2025-01-30T10:58:43","modified_gmt":"2025-01-30T09:58:43","slug":"automatikus-oento-oesszeszerelo-gepek","status":"publish","type":"page","link":"https:\/\/mbm.at\/hu\/automatikus-oento-oesszeszerelo-gepek\/","title":{"rendered":"Automatikus \u00f6nt\u0151-\u00f6sszeszerel\u0151 g\u00e9pek"},"content":{"rendered":"<div class=\"wpb-content-wrapper\"><p>[vc_row][vc_column][vc_column_text css=&#8221;&#8221;]<\/p>\n<h4>\u201e Automatikus form\u00e1z\u00f3 \u00f6sszeszerel\u0151 g\u00e9p &#8211; Universal<\/h4>\n<p>az als\u00f3 dobozon l\u00e9v\u0151 szeg\u00e9lyl\u00e9chez alulr\u00f3l l\u0151ve<br \/> a p\u00e1rk\u00e1ny \u00e9s a gy\u00f6ngyl\u00e9c a fels\u0151 dobozon alulr\u00f3l f\u00e9nyk\u00e9pezve[\/vc_column_text][\/vc_column][\/vc_row][vc_row][vc_column width=&#8221;1\/3&#8243;][vc_single_image image=&#8221;4624&#8243; img_size=&#8221;500*500&#8243; alignment=&#8221;center&#8221; onclick=&#8221;custom_link&#8221; css=&#8221;&#8221; link=&#8221;https:\/\/mbm.at\/wp-content\/uploads\/2024\/11\/Leistenmontageautomat-1.jpg&#8221;][\/vc_column][vc_column width=&#8221;1\/3&#8243;][vc_single_image image=&#8221;4625&#8243; img_size=&#8221;500*500&#8243; alignment=&#8221;center&#8221; onclick=&#8221;custom_link&#8221; css=&#8221;&#8221; link=&#8221;https:\/\/mbm.at\/wp-content\/uploads\/2024\/11\/Leistenmontageautomat-2.jpg&#8221;][\/vc_column][vc_column width=&#8221;1\/3&#8243;][vc_single_image image=&#8221;4626&#8243; img_size=&#8221;500*500&#8243; alignment=&#8221;center&#8221; onclick=&#8221;custom_link&#8221; css=&#8221;&#8221; link=&#8221;https:\/\/mbm.at\/wp-content\/uploads\/2024\/11\/Leistenmontageautomat-3.jpg&#8221;][\/vc_column][\/vc_row][vc_row][vc_column][vc_tta_accordion][vc_tta_section title=&#8221;Az \u00d6n el\u0151nye&#8221; tab_id=&#8221;1730886771547-3dd1db03-4973&#8243;][vc_column_text css=&#8221;&#8221;]- K\u00f6zvetlen k\u00f6lts\u00e9gmegtakar\u00edt\u00e1s az id\u0151 optimaliz\u00e1l\u00e1s\u00e1val<br \/>&#8211; Univerz\u00e1lisan alkalmazhat\u00f3 a k\u00fcl\u00f6nb\u00f6z\u0151 t\u00edpus\u00fa \u00f6ntv\u00e9nyekhez<br \/>&#8211; A kopors\u00f3szelv\u00e9ny \u00e9s az \u00f6ntv\u00e9ny automatikus igaz\u00edt\u00e1sa \u00e9s r\u00f6gz\u00edt\u00e9se<br \/>&#8211; Minim\u00e1lis be\u00e1ll\u00edt\u00e1si id\u0151<br \/>&#8211; A gy\u00e1rt\u00e1si folyamat optimaliz\u00e1l\u00e1sa<br \/>&#8211; Hat\u00e9kony munkam\u00f3dszer[\/vc_column_text][\/vc_tta_section][vc_tta_section title=&#8221;Tervez\u00e9si v\u00e1ltozatok&#8221; tab_id=&#8221;1730886771547-98b496dc-3673&#8243;][vc_column_text css=&#8221;&#8221;]- Egyetlen munka\u00e1llom\u00e1sk\u00e9nt, k\u00e9zi bet\u00f6lt\u00e9ssel<br \/>&#8211; Munka\u00e1llom\u00e1sk\u00e9nt egy gy\u00e1rt\u00f3soron, automatikus \u00e1tereszt\u0151k\u00e9pess\u00e9ggel[\/vc_column_text][\/vc_tta_section][vc_tta_section title=&#8221;Opci\u00f3k&#8221; tab_id=&#8221;1730886775199-e2ad915b-25ec&#8221;][vc_column_text css=&#8221;&#8221;]Testreszabott v\u00e1ltozatok[\/vc_column_text][\/vc_tta_section][vc_tta_section title=&#8221;M\u0171szaki adatok&#8221; tab_id=&#8221;1730886776792-36c6393e-9a20&#8243;][vc_column_text css=&#8221;&#8221;]<b>Form\u00e1z\u00e1s<\/b><br \/>Hossz: 480 mm &#8211; 2,100 mm<br \/> Sz\u00e9less\u00e9g: 25 mm &#8211; 150 mm<br \/> Magass\u00e1g: 10 mm &#8211; 30 mm<\/p>\n<p><b>Kopors\u00f3 alkatr\u00e9szek<\/b><br \/>Hossz: 480 mm &#8211; 2,100 mm<br \/>Sz\u00e9less\u00e9g: 250 mm &#8211; 400 mm<\/p>\n<p><b>Ciklusid\u0151<\/b> 16 &#8211; 20 mp.[\/vc_column_text][\/vc_tta_section][\/vc_tta_accordion][\/vc_column][\/vc_row][vc_row][vc_column][vc_column_text css=&#8221;&#8221;]<\/p>\n<h3>\u201e Automatikus form\u00e1z\u00f3 \u00f6sszeszerel\u0151 g\u00e9p<\/h3>\n<p>R\u00f6vid \u00e9s hossz\u00fa alkatr\u00e9szekhez[\/vc_column_text][\/vc_column][\/vc_row][vc_row][vc_column width=&#8221;1\/3&#8243;][vc_single_image image=&#8221;4627&#8243; img_size=&#8221;500*500&#8243; alignment=&#8221;center&#8221; onclick=&#8221;custom_link&#8221; css=&#8221;&#8221; link=&#8221;https:\/\/mbm.at\/wp-content\/uploads\/2024\/11\/Leistenmontageautomat-4.jpg&#8221;][\/vc_column][vc_column width=&#8221;1\/3&#8243;][vc_single_image image=&#8221;4628&#8243; img_size=&#8221;500*500&#8243; alignment=&#8221;center&#8221; onclick=&#8221;custom_link&#8221; css=&#8221;&#8221; link=&#8221;https:\/\/mbm.at\/wp-content\/uploads\/2024\/11\/Leistenmontageautomat-5.jpg&#8221;][\/vc_column][vc_column width=&#8221;1\/3&#8243;][vc_single_image image=&#8221;4629&#8243; img_size=&#8221;500*500&#8243; alignment=&#8221;center&#8221; onclick=&#8221;custom_link&#8221; css=&#8221;&#8221; link=&#8221;https:\/\/mbm.at\/wp-content\/uploads\/2024\/11\/Leistenmontageautomat-6.jpg&#8221;][\/vc_column][\/vc_row][vc_row][vc_column][vc_tta_accordion][vc_tta_section title=&#8221;Az \u00d6n el\u0151nye&#8221; tab_id=&#8221;1730886993752-feb83f8c-a840&#8243;][vc_column_text css=&#8221;&#8221;]- K\u00f6zvetlen k\u00f6lts\u00e9gmegtakar\u00edt\u00e1s az id\u0151 optimaliz\u00e1l\u00e1s\u00e1val<br \/>&#8211; Univerz\u00e1lisan alkalmazhat\u00f3 a k\u00fcl\u00f6nb\u00f6z\u0151 t\u00edpus\u00fa \u00f6ntv\u00e9nyekhez<br \/>&#8211; A kopors\u00f3szelv\u00e9ny \u00e9s az \u00f6ntv\u00e9ny automatikus igaz\u00edt\u00e1sa \u00e9s r\u00f6gz\u00edt\u00e9se<br \/>&#8211; Minim\u00e1lis be\u00e1ll\u00edt\u00e1si id\u0151<br \/>&#8211; A gy\u00e1rt\u00e1si folyamat optimaliz\u00e1l\u00e1sa<br \/>&#8211; Hat\u00e9kony munkam\u00f3dszer[\/vc_column_text][\/vc_tta_section][vc_tta_section title=&#8221;Tervez\u00e9si v\u00e1ltozatok&#8221; tab_id=&#8221;1730886993752-d7bd1737-0389&#8243;][vc_column_text css=&#8221;&#8221;]- Egyetlen munka\u00e1llom\u00e1sk\u00e9nt, k\u00e9zi bet\u00f6lt\u00e9ssel<br \/>&#8211; Munka\u00e1llom\u00e1sk\u00e9nt egy gy\u00e1rt\u00f3soron, automatikus \u00e1tereszt\u0151k\u00e9pess\u00e9ggel[\/vc_column_text][\/vc_tta_section][vc_tta_section title=&#8221;Opci\u00f3k&#8221; tab_id=&#8221;1730886995853-354b10e8-f983&#8243;][vc_column_text css=&#8221;&#8221;]Testreszabott v\u00e1ltozatok[\/vc_column_text][\/vc_tta_section][vc_tta_section title=&#8221;M\u0171szaki adatok&#8221; tab_id=&#8221;1730886997588-a7cfc0ad-506f&#8221;][vc_column_text css=&#8221;&#8221;]Hossz &#8211; r\u00f6vid r\u00e9szek: 450 &#8211; 650 mm<br \/>Hossz\u00fas\u00e1g &#8211; hossz\u00fa r\u00e9szek: 1.600 &#8211; 2.020 mm<br \/>Sz\u00e9less\u00e9g: 250 &#8211; 380 mm[\/vc_column_text][\/vc_tta_section][\/vc_tta_accordion][\/vc_column][\/vc_row][vc_row][vc_column][vc_column_text css=&#8221;&#8221;]<\/p>\n<h3>\u201e T-bar \u00f6sszeszerel\u0151 g\u00e9p<\/h3>\n<p>T-alak\u00fa d\u00edszl\u00e9cekhez[\/vc_column_text][\/vc_column][\/vc_row][vc_row][vc_column width=&#8221;1\/3&#8243;][vc_single_image image=&#8221;4630&#8243; img_size=&#8221;500*500&#8243; alignment=&#8221;center&#8221; onclick=&#8221;custom_link&#8221; css=&#8221;&#8221; link=&#8221;https:\/\/mbm.at\/wp-content\/uploads\/2024\/11\/Leistenmontageautomat-7.jpg&#8221;][\/vc_column][vc_column width=&#8221;1\/3&#8243;][vc_single_image image=&#8221;4631&#8243; img_size=&#8221;500*500&#8243; alignment=&#8221;center&#8221; onclick=&#8221;custom_link&#8221; css=&#8221;&#8221; link=&#8221;https:\/\/mbm.at\/wp-content\/uploads\/2024\/11\/Leistenmontageautomat-8.jpg&#8221;][\/vc_column][vc_column width=&#8221;1\/3&#8243;][vc_single_image image=&#8221;4632&#8243; img_size=&#8221;500*500&#8243; alignment=&#8221;center&#8221; onclick=&#8221;custom_link&#8221; css=&#8221;&#8221; link=&#8221;https:\/\/mbm.at\/wp-content\/uploads\/2024\/11\/Leistenmontageautomat-9.jpg&#8221;][\/vc_column][\/vc_row][vc_row][vc_column][vc_tta_accordion][vc_tta_section title=&#8221;Az \u00d6n el\u0151nye&#8221; tab_id=&#8221;1730887180886-e1833072-e753&#8243;][vc_column_text css=&#8221;&#8221;]- K\u00f6zvetlen k\u00f6lts\u00e9gmegtakar\u00edt\u00e1s az id\u0151 optimaliz\u00e1l\u00e1s\u00e1val<br \/>&#8211; A kopors\u00f3szelv\u00e9ny \u00e9s az \u00f6ntv\u00e9ny automatikus igaz\u00edt\u00e1sa \u00e9s fesz\u00edt\u00e9se<br \/>&#8211; Minim\u00e1lis be\u00e1ll\u00edt\u00e1si id\u0151<br \/>&#8211; A gy\u00e1rt\u00e1si folyamat optimaliz\u00e1l\u00e1sa<br \/>&#8211; Hat\u00e9kony munkam\u00f3dszer[\/vc_column_text][\/vc_tta_section][vc_tta_section title=&#8221;Tervez\u00e9si v\u00e1ltozatok&#8221; tab_id=&#8221;1730887180886-18f677e9-59ec&#8221;][vc_column_text css=&#8221;&#8221;]- Egyetlen munka\u00e1llom\u00e1sk\u00e9nt, k\u00e9zi bet\u00f6lt\u00e9ssel<br \/>&#8211; Munka\u00e1llom\u00e1sk\u00e9nt egy gy\u00e1rt\u00f3soron, automatikus \u00e1tereszt\u0151k\u00e9pess\u00e9ggel[\/vc_column_text][\/vc_tta_section][vc_tta_section title=&#8221;Opci\u00f3k&#8221; tab_id=&#8221;1730887183276-956595bc-9755&#8243;][vc_column_text css=&#8221;&#8221;]Testreszabott v\u00e1ltozatok[\/vc_column_text][\/vc_tta_section][vc_tta_section title=&#8221;M\u0171szaki adatok&#8221; tab_id=&#8221;1730887184804-d3f335fa-bcc3&#8243;][vc_column_text css=&#8221;&#8221;]Hossz &#8211; r\u00f6vid r\u00e9szek: 400 &#8211; 800 mm<br \/>Hossz &#8211; hossz\u00fa r\u00e9szek: 1.500 &#8211; 2.100 mm[\/vc_column_text][\/vc_tta_section][\/vc_tta_accordion][\/vc_column][\/vc_row][vc_row][vc_column][vc_column_text css=&#8221;&#8221;]<\/p>\n<h3>\u201e Gy\u00f6ngy\u00f6nt\u0151 \u00f6sszeszerel\u0151 g\u00e9p<\/h3>\n<p>a gy\u00f6ngyl\u00e9cekhez az als\u00f3 dobozon fel\u00fclr\u0151l f\u00e9nyk\u00e9pezve[\/vc_column_text][\/vc_column][\/vc_row][vc_row][vc_column width=&#8221;1\/3&#8243;][vc_single_image image=&#8221;4633&#8243; img_size=&#8221;500*500&#8243; alignment=&#8221;center&#8221; onclick=&#8221;custom_link&#8221; css=&#8221;&#8221; link=&#8221;https:\/\/mbm.at\/wp-content\/uploads\/2024\/11\/Leistenmontageautomat-10.jpg&#8221;][\/vc_column][vc_column width=&#8221;1\/3&#8243;][vc_single_image image=&#8221;4634&#8243; img_size=&#8221;500*500&#8243; alignment=&#8221;center&#8221; onclick=&#8221;custom_link&#8221; css=&#8221;&#8221; link=&#8221;https:\/\/mbm.at\/wp-content\/uploads\/2024\/11\/Leistenmontageautomat-11.jpg&#8221;][\/vc_column][vc_column width=&#8221;1\/3&#8243;][vc_single_image image=&#8221;4635&#8243; img_size=&#8221;500*500&#8243; alignment=&#8221;center&#8221; onclick=&#8221;custom_link&#8221; css=&#8221;&#8221; link=&#8221;https:\/\/mbm.at\/wp-content\/uploads\/2024\/11\/Leistenmontageautomat-12.jpg&#8221;][\/vc_column][\/vc_row][vc_row][vc_column][vc_tta_accordion][vc_tta_section title=&#8221;Az \u00d6n el\u0151nye&#8221; tab_id=&#8221;1730887393716-e34e53fe-d401&#8243;][vc_column_text css=&#8221;&#8221;]- K\u00f6zvetlen k\u00f6lts\u00e9gmegtakar\u00edt\u00e1s az id\u0151 optimaliz\u00e1l\u00e1s\u00e1val<br \/>&#8211; A kopors\u00f3szelv\u00e9ny \u00e9s az \u00f6ntv\u00e9ny automatikus igaz\u00edt\u00e1sa \u00e9s fesz\u00edt\u00e9se<br \/>&#8211; Minim\u00e1lis be\u00e1ll\u00edt\u00e1si id\u0151<br \/>&#8211; A gy\u00e1rt\u00e1si folyamat optimaliz\u00e1l\u00e1sa<br \/>&#8211; Hat\u00e9kony munkam\u00f3dszer[\/vc_column_text][\/vc_tta_section][vc_tta_section title=&#8221;Tervez\u00e9si v\u00e1ltozatok&#8221; tab_id=&#8221;1730887393716-6598a33e-32f2&#8243;][vc_column_text css=&#8221;&#8221;]- Egyetlen munka\u00e1llom\u00e1sk\u00e9nt, k\u00e9zi bet\u00f6lt\u00e9ssel<br \/>&#8211; Munka\u00e1llom\u00e1sk\u00e9nt egy gy\u00e1rt\u00f3soron, automatikus \u00e1tereszt\u0151k\u00e9pess\u00e9ggel[\/vc_column_text][\/vc_tta_section][vc_tta_section title=&#8221;Opci\u00f3k&#8221; tab_id=&#8221;1730887397146-32aa6271-780a&#8221;][vc_column_text css=&#8221;&#8221;]Testreszabott v\u00e1ltozatok[\/vc_column_text][\/vc_tta_section][vc_tta_section title=&#8221;M\u0171szaki adatok&#8221; tab_id=&#8221;1730887399321-696c55f5-51f8&#8243;][vc_column_text css=&#8221;&#8221;]Hossz &#8211; oldals\u00f3 panelek: 1,550 &#8211; 2,200 mm<br \/>Hossz &#8211; fej- vagy l\u00e1br\u00e9szek: 250 &#8211; 700 mm<br \/>R\u00e9sz sz\u00e9less\u00e9ge 90\u00b0-ban: 50 &#8211; 650 mm<br \/>R\u00e9sz magass\u00e1ga: \u2264 40 mm[\/vc_column_text][\/vc_tta_section][\/vc_tta_accordion][\/vc_column][\/vc_row]<\/p>\n<\/div>","protected":false},"excerpt":{"rendered":"<p>[vc_row][vc_column][vc_column_text css=&#8221;&#8221;] \u201e Automatikus form\u00e1z\u00f3 \u00f6sszeszerel\u0151 g\u00e9p &#8211; Universal az als\u00f3 dobozon l\u00e9v\u0151 szeg\u00e9lyl\u00e9chez alulr\u00f3l l\u0151ve a p\u00e1rk\u00e1ny \u00e9s a gy\u00f6ngyl\u00e9c a fels\u0151 dobozon alulr\u00f3l f\u00e9nyk\u00e9pezve[\/vc_column_text][\/vc_column][\/vc_row][vc_row][vc_column width=&#8221;1\/3&#8243;][vc_single_image image=&#8221;4624&#8243; img_size=&#8221;500*500&#8243; alignment=&#8221;center&#8221; onclick=&#8221;custom_link&#8221; css=&#8221;&#8221; link=&#8221;https:\/\/mbm.at\/wp-content\/uploads\/2024\/11\/Leistenmontageautomat-1.jpg&#8221;][\/vc_column][vc_column width=&#8221;1\/3&#8243;][vc_single_image image=&#8221;4625&#8243; img_size=&#8221;500*500&#8243; alignment=&#8221;center&#8221; onclick=&#8221;custom_link&#8221; css=&#8221;&#8221; link=&#8221;https:\/\/mbm.at\/wp-content\/uploads\/2024\/11\/Leistenmontageautomat-2.jpg&#8221;][\/vc_column][vc_column width=&#8221;1\/3&#8243;][vc_single_image image=&#8221;4626&#8243; img_size=&#8221;500*500&#8243; alignment=&#8221;center&#8221; onclick=&#8221;custom_link&#8221; css=&#8221;&#8221; link=&#8221;https:\/\/mbm.at\/wp-content\/uploads\/2024\/11\/Leistenmontageautomat-3.jpg&#8221;][\/vc_column][\/vc_row][vc_row][vc_column][vc_tta_accordion][vc_tta_section title=&#8221;Az \u00d6n el\u0151nye&#8221; tab_id=&#8221;1730886771547-3dd1db03-4973&#8243;][vc_column_text css=&#8221;&#8221;]- K\u00f6zvetlen k\u00f6lts\u00e9gmegtakar\u00edt\u00e1s az [&hellip;]<\/p>\n","protected":false},"author":2,"featured_media":0,"parent":0,"menu_order":0,"comment_status":"closed","ping_status":"closed","template":"","meta":{"footnotes":""},"class_list":["post-4623","page","type-page","status-publish","hentry"],"_links":{"self":[{"href":"https:\/\/mbm.at\/hu\/wp-json\/wp\/v2\/pages\/4623","targetHints":{"allow":["GET"]}}],"collection":[{"href":"https:\/\/mbm.at\/hu\/wp-json\/wp\/v2\/pages"}],"about":[{"href":"https:\/\/mbm.at\/hu\/wp-json\/wp\/v2\/types\/page"}],"author":[{"embeddable":true,"href":"https:\/\/mbm.at\/hu\/wp-json\/wp\/v2\/users\/2"}],"replies":[{"embeddable":true,"href":"https:\/\/mbm.at\/hu\/wp-json\/wp\/v2\/comments?post=4623"}],"version-history":[{"count":3,"href":"https:\/\/mbm.at\/hu\/wp-json\/wp\/v2\/pages\/4623\/revisions"}],"predecessor-version":[{"id":4638,"href":"https:\/\/mbm.at\/hu\/wp-json\/wp\/v2\/pages\/4623\/revisions\/4638"}],"wp:attachment":[{"href":"https:\/\/mbm.at\/hu\/wp-json\/wp\/v2\/media?parent=4623"}],"curies":[{"name":"wp","href":"https:\/\/api.w.org\/{rel}","templated":true}]}}