{"id":4620,"date":"2024-11-11T08:38:59","date_gmt":"2024-11-11T07:38:59","guid":{"rendered":"https:\/\/mbm.at\/kapcsolatfelvetel\/"},"modified":"2025-01-30T10:52:45","modified_gmt":"2025-01-30T09:52:45","slug":"kapcsolatfelvetel","status":"publish","type":"page","link":"https:\/\/mbm.at\/hu\/kapcsolatfelvetel\/","title":{"rendered":"Kapcsolatfelv\u00e9tel"},"content":{"rendered":"<div class=\"wpb-content-wrapper\"><p>[vc_row][vc_column][vc_column_text css=&#8221;&#8221;]<\/p>\n<div class=\"l_column l_lg-4 l_md-6\">\n<div class=\"vc_column-inner\">\n<div class=\"wpb_wrapper\">\n<div class=\"wpb_text_column wpb_content_element\">\n<div class=\"wpb_wrapper\">\n<h3><strong>Eberle Automatische Systeme <\/strong><strong>GmbH &amp; Co KG<\/strong><\/h3>\n<p class=\"bodytext\">Dr.-Walter-Zumtobel-Stra\u00dfe 8<br \/>6850 Dornbirn<br \/>Ausztria<\/p>\n<\/div>\n<\/div>\n<div class=\"wpb_text_column wpb_content_element\">\n<div class=\"wpb_wrapper\">\n<h4><strong>\u00c9rdekl\u0151d\u00e9s<\/strong><\/h4>\n<p>Az \u00d6n aggodalmai fontosak sz\u00e1munkra. B\u00e1rmikor k\u00fcldje el nek\u00fcnk k\u00e9rd\u00e9seit. <\/p>\n<ul>\n<li>\u00c9rdekl\u0151d\u00e9s<\/li>\n<li>T\u00e1mogat\u00e1s<\/li>\n<li>Alkalmaz\u00e1s<\/li>\n<li>Term\u00e9kdokument\u00e1ci\u00f3<\/li>\n<\/ul>\n<p><a href=\"mailto:info@eberle.at\">info@eberle.at<\/a><\/p>\n<p><a href=\"mailto:office@mbm.at\">office@mbm.at<\/a><\/p>\n<\/div>\n<\/div>\n<\/div>\n<\/div>\n<\/div>\n<div class=\"l_column l_lg-4 l_md-6\">\n<div class=\"vc_column-inner\">\n<div class=\"wpb_wrapper\">\n<div class=\"wpb_text_column wpb_content_element\">\n<div class=\"wpb_wrapper\">\n<h4><strong>Nyitva tart\u00e1s<\/strong><\/h4>\n<table class=\"opening-hours\">\n<tbody>\n<tr>\n<th>H\u00e9 \u2013 Cs<\/th>\n<td>07:00 \u2013 12.00 Uhr<\/td>\n<td>13:00 \u2013 17.00 \u00f3ra<\/td>\n<\/tr>\n<tr>\n<th>P\u00e9<\/th>\n<td>07:00 \u2013 12:00 Uhr<\/td>\n<\/tr>\n<\/tbody>\n<\/table>\n<p>A nyitvatart\u00e1si id\u0151 a munkasz\u00fcneti napok kiv\u00e9tel\u00e9vel.<\/p>\n<p>Hozz\u00e1f\u00e9rhet\u0151s\u00e9g nyitvatart\u00e1si id\u0151ben<\/p>\n<ul>\n<li>Telefonon a k\u00f6vetkez\u0151 c\u00edmen +43 5572 55580<\/li>\n<li>e-mailben at <a href=\"mailto:info@eberle.at\"> info@eberle.at<\/a>, <a href=\"mailto:office@mbm.at\">office@mbm.at<\/a><\/li>\n<\/ul>\n<p>Hozz\u00e1f\u00e9rhet\u0151s\u00e9g nyitvatart\u00e1si id\u0151n k\u00edv\u00fcl<\/p>\n<ul>\n<li>Telefonon a k\u00f6vetkez\u0151 c\u00edmen +43 5572 55580<\/li>\n<li>e-mailben a <a href=\"mailto:support@eberle.at\">support@eberle.at<\/a><\/li>\n<\/ul>\n<p>&nbsp;<\/p>\n<\/div>\n<\/div>\n<\/div>\n<\/div>\n<\/div>\n<p>[\/vc_column_text][\/vc_column][\/vc_row]<\/p>\n<\/div>","protected":false},"excerpt":{"rendered":"<p>[vc_row][vc_column][vc_column_text css=&#8221;&#8221;] Eberle Automatische Systeme GmbH &amp; Co KG Dr.-Walter-Zumtobel-Stra\u00dfe 86850 DornbirnAusztria \u00c9rdekl\u0151d\u00e9s Az \u00d6n aggodalmai fontosak sz\u00e1munkra. B\u00e1rmikor k\u00fcldje el nek\u00fcnk k\u00e9rd\u00e9seit. \u00c9rdekl\u0151d\u00e9s T\u00e1mogat\u00e1s Alkalmaz\u00e1s Term\u00e9kdokument\u00e1ci\u00f3 info@eberle.at office@mbm.at Nyitva tart\u00e1s H\u00e9 \u2013 Cs 07:00 \u2013 12.00 Uhr 13:00 \u2013 17.00 \u00f3ra P\u00e9 07:00 \u2013 12:00 Uhr A nyitvatart\u00e1si id\u0151 a munkasz\u00fcneti napok kiv\u00e9tel\u00e9vel. Hozz\u00e1f\u00e9rhet\u0151s\u00e9g [&hellip;]<\/p>\n","protected":false},"author":2,"featured_media":0,"parent":0,"menu_order":0,"comment_status":"closed","ping_status":"closed","template":"","meta":{"footnotes":""},"class_list":["post-4620","page","type-page","status-publish","hentry"],"_links":{"self":[{"href":"https:\/\/mbm.at\/hu\/wp-json\/wp\/v2\/pages\/4620","targetHints":{"allow":["GET"]}}],"collection":[{"href":"https:\/\/mbm.at\/hu\/wp-json\/wp\/v2\/pages"}],"about":[{"href":"https:\/\/mbm.at\/hu\/wp-json\/wp\/v2\/types\/page"}],"author":[{"embeddable":true,"href":"https:\/\/mbm.at\/hu\/wp-json\/wp\/v2\/users\/2"}],"replies":[{"embeddable":true,"href":"https:\/\/mbm.at\/hu\/wp-json\/wp\/v2\/comments?post=4620"}],"version-history":[{"count":2,"href":"https:\/\/mbm.at\/hu\/wp-json\/wp\/v2\/pages\/4620\/revisions"}],"predecessor-version":[{"id":4622,"href":"https:\/\/mbm.at\/hu\/wp-json\/wp\/v2\/pages\/4620\/revisions\/4622"}],"wp:attachment":[{"href":"https:\/\/mbm.at\/hu\/wp-json\/wp\/v2\/media?parent=4620"}],"curies":[{"name":"wp","href":"https:\/\/api.w.org\/{rel}","templated":true}]}}