{"id":4613,"date":"2024-11-06T16:32:51","date_gmt":"2024-11-06T15:32:51","guid":{"rendered":"https:\/\/mbm.at\/ujjfugazo-vago\/"},"modified":"2025-01-30T10:44:24","modified_gmt":"2025-01-30T09:44:24","slug":"ujjfugazo-vago","status":"publish","type":"page","link":"https:\/\/mbm.at\/hu\/ujjfugazo-vago\/","title":{"rendered":"Ujjfug\u00e1z\u00f3 v\u00e1g\u00f3"},"content":{"rendered":"<div class=\"wpb-content-wrapper\"><p>[vc_row][vc_column][vc_column_text css=&#8221;&#8221;]<\/p>\n<h4>\u201e Ujjfug\u00e1z\u00f3 v\u00e1g\u00f3<\/h4>\n<p>lemez alak\u00fa faanyagok pr\u00e9sel\u00e9s\u00e9vel[\/vc_column_text][\/vc_column][\/vc_row][vc_row][vc_column][vc_images_carousel images=&#8221;4614,4615,4616&#8243; img_size=&#8221;large&#8221; css=&#8221;&#8221;][\/vc_column][\/vc_row][vc_row][vc_column][vc_tta_accordion][vc_tta_section title=&#8221;Az egyes rendszerelemek le\u00edr\u00e1sa&#8221; tab_id=&#8221;1730888801921-d0d2ac6a-7075&#8243;][vc_column_text css=&#8221;&#8221;]- Feldolgoz\u00f3egys\u00e9g-kocsi forg\u00e1csol\u00f3egys\u00e9ggel,<br \/>ujjv\u00e1g\u00f3 egys\u00e9ggel, kapar\u00f3kef\u00e9kkel \u00e9s ragaszt\u00f3felhord\u00f3 k\u00e9sz\u00fcl\u00e9kkel<br \/>&#8211; Stabil tart\u00f3asztal<br \/>&#8211; Stabil szor\u00edt\u00f3- \u00e9s pr\u00e9sasztal<br \/>&#8211; Nyom\u00f3gerenda<br \/>&#8211; F\u0171t\u0151elemek<br \/>&#8211; Panel kiegyenl\u00edt\u0151<br \/>&#8211; Hidraulikus egys\u00e9g[\/vc_column_text][\/vc_tta_section][vc_tta_section title=&#8221;Opci\u00f3k&#8221; tab_id=&#8221;1730888801921-12fd171a-d0ca&#8221;][vc_column_text css=&#8221;&#8221;]Testreszabott v\u00e1ltozatok[\/vc_column_text][\/vc_tta_section][vc_tta_section title=&#8221;M\u0171szaki adatok&#8221; tab_id=&#8221;1730888804365-5f46d398-1ec5&#8243;][vc_column_text css=&#8221;&#8221;]<b>Munkadarabm\u00e9retek<\/b><\/p>\n<p>Panel hossza: min. 1.000 mm<br \/>Panelsz\u00e9less\u00e9g: min. 600 mm \/ max. 2.500 mm<br \/>Panelvastags\u00e1g: min. 20 mm \/ max. 100 mm[\/vc_column_text][\/vc_tta_section][vc_tta_section title=&#8221;G\u00e9pi adatok&#8221; tab_id=&#8221;1730888806324-bd69e309-932f&#8221;][vc_column_text css=&#8221;&#8221;]<b>Adal\u00e9kanyag adagol\u00e1si sebess\u00e9g<\/b><br \/>El\u0151re 30 m\/percig.<br \/> Tolat\u00e1s 30 m\/percig.<\/p>\n<p><b>Forg\u00e1csol\u00f3 egys\u00e9g<\/b><br \/>Teljes\u00edtm\u00e9ny 5,5 kW<br \/>Sebess\u00e9g 2,850 fordulat\/perc<\/p>\n<p><b>Ujjilleszt\u00e9ses egys\u00e9g<\/b><br \/>Teljes\u00edtm\u00e9ny 30 kW<br \/>Sebess\u00e9g 4500 fordulat\/perc.<\/p>\n<p><b>Nyom\u00e1s<\/b><br \/>max. 300.000 N \u00e1ll\u00edthat\u00f3[\/vc_column_text][\/vc_tta_section][\/vc_tta_accordion][\/vc_column][\/vc_row]<\/p>\n<\/div>","protected":false},"excerpt":{"rendered":"<p>[vc_row][vc_column][vc_column_text css=&#8221;&#8221;] \u201e Ujjfug\u00e1z\u00f3 v\u00e1g\u00f3 lemez alak\u00fa faanyagok pr\u00e9sel\u00e9s\u00e9vel[\/vc_column_text][\/vc_column][\/vc_row][vc_row][vc_column][vc_images_carousel images=&#8221;4614,4615,4616&#8243; img_size=&#8221;large&#8221; css=&#8221;&#8221;][\/vc_column][\/vc_row][vc_row][vc_column][vc_tta_accordion][vc_tta_section title=&#8221;Az egyes rendszerelemek le\u00edr\u00e1sa&#8221; tab_id=&#8221;1730888801921-d0d2ac6a-7075&#8243;][vc_column_text css=&#8221;&#8221;]- Feldolgoz\u00f3egys\u00e9g-kocsi forg\u00e1csol\u00f3egys\u00e9ggel,ujjv\u00e1g\u00f3 egys\u00e9ggel, kapar\u00f3kef\u00e9kkel \u00e9s ragaszt\u00f3felhord\u00f3 k\u00e9sz\u00fcl\u00e9kkel&#8211; Stabil tart\u00f3asztal&#8211; Stabil szor\u00edt\u00f3- \u00e9s pr\u00e9sasztal&#8211; Nyom\u00f3gerenda&#8211; F\u0171t\u0151elemek&#8211; Panel kiegyenl\u00edt\u0151&#8211; Hidraulikus egys\u00e9g[\/vc_column_text][\/vc_tta_section][vc_tta_section title=&#8221;Opci\u00f3k&#8221; tab_id=&#8221;1730888801921-12fd171a-d0ca&#8221;][vc_column_text css=&#8221;&#8221;]Testreszabott v\u00e1ltozatok[\/vc_column_text][\/vc_tta_section][vc_tta_section title=&#8221;M\u0171szaki adatok&#8221; tab_id=&#8221;1730888804365-5f46d398-1ec5&#8243;][vc_column_text css=&#8221;&#8221;]Munkadarabm\u00e9retek Panel hossza: min. 1.000 mmPanelsz\u00e9less\u00e9g: min. 600 mm \/ max. [&hellip;]<\/p>\n","protected":false},"author":2,"featured_media":0,"parent":0,"menu_order":0,"comment_status":"closed","ping_status":"closed","template":"","meta":{"footnotes":""},"class_list":["post-4613","page","type-page","status-publish","hentry"],"_links":{"self":[{"href":"https:\/\/mbm.at\/hu\/wp-json\/wp\/v2\/pages\/4613","targetHints":{"allow":["GET"]}}],"collection":[{"href":"https:\/\/mbm.at\/hu\/wp-json\/wp\/v2\/pages"}],"about":[{"href":"https:\/\/mbm.at\/hu\/wp-json\/wp\/v2\/types\/page"}],"author":[{"embeddable":true,"href":"https:\/\/mbm.at\/hu\/wp-json\/wp\/v2\/users\/2"}],"replies":[{"embeddable":true,"href":"https:\/\/mbm.at\/hu\/wp-json\/wp\/v2\/comments?post=4613"}],"version-history":[{"count":3,"href":"https:\/\/mbm.at\/hu\/wp-json\/wp\/v2\/pages\/4613\/revisions"}],"predecessor-version":[{"id":4619,"href":"https:\/\/mbm.at\/hu\/wp-json\/wp\/v2\/pages\/4613\/revisions\/4619"}],"wp:attachment":[{"href":"https:\/\/mbm.at\/hu\/wp-json\/wp\/v2\/media?parent=4613"}],"curies":[{"name":"wp","href":"https:\/\/api.w.org\/{rel}","templated":true}]}}