{"id":4610,"date":"2024-11-11T08:40:17","date_gmt":"2024-11-11T07:40:17","guid":{"rendered":"https:\/\/mbm.at\/impresszum\/"},"modified":"2025-04-29T09:09:12","modified_gmt":"2025-04-29T07:09:12","slug":"impresszum","status":"publish","type":"page","link":"https:\/\/mbm.at\/hu\/impresszum\/","title":{"rendered":"Impresszum"},"content":{"rendered":"<div class=\"wpb-content-wrapper\"><p>[vc_row][vc_column][vc_column_text css=&#8221;&#8221;]<\/p>\n<div class=\"l_column l_lg-4 l_md-6\">\n<div class=\"vc_column-inner\">\n<div class=\"wpb_wrapper\">\n<div class=\"wpb_text_column wpb_content_element\">\n<div class=\"wpb_wrapper\">\n<h4>Impresszum<\/h4>\n<ul>\n<li><span class=\"locality\">A v\u00e1llalat neve:<\/span> Eberle Automatische Systeme GmbH &amp; Co KG<\/li>\n<li><span class=\"locality\">C\u00edm: Dr.-Walter-Zumtobel-Stra\u00dfe 8<\/span><span class=\"locality\"><span class=\"street-address\">, <\/span><\/span><span class=\"locality\"><span class=\"postal-code\">6850<\/span> Dornbirn, <\/span><span class=\"locality\">\u00d6sterreich<\/span><\/li>\n<li><span class=\"value\">Telefon: <a href=\"tel: +43 5572 55580\">+43 5572 55580<\/a><\/span><\/li>\n<li>e-Mail: <a href=\"mailto:info@eberle.at\">info@eberle.at<\/a><\/li>\n<li>Internet: <a class=\"url\" href=\"http:\/\/www.eberle.at\/de\/\" target=\"_blank\" rel=\"noopener noreferrer\">www.eberle.at<\/a><\/li>\n<\/ul>\n<\/div>\n<\/div>\n<\/div>\n<\/div>\n<\/div>\n<div class=\"l_column l_lg-4 l_md-6\">\n<div class=\"vc_column-inner\">\n<div class=\"wpb_wrapper\">\n<div class=\"wpb_text_column wpb_content_element\">\n<div class=\"wpb_wrapper\">\n<ul>\n<li>\u00dcgyvezet\u0151 igazgat\u00f3: Viktor Eberle, Martin Moosmann<\/li>\n<li><span id=\"ctl00_ContentPlaceHolder1_datenFelder_genericFieldsRepeater_ctl11_genericLabel_helpLinkLabel1\" class=\"transparent_label_info\"><span id=\"ctl00_ContentPlaceHolder1_datenFelder_genericFieldsRepeater_ctl11_genericLabel_DescriptionLabel\">C\u00e9gb\u00edr\u00f3s\u00e1g: <\/span><\/span>region\u00e1lis b\u00edr\u00f3s\u00e1g Feldkirch<\/li>\n<li><span class=\"transparent_label_info\">Hat\u00f3s\u00e1g az EKG szerint: Dornbirni j\u00e1r\u00e1si k\u00f6zigazgat\u00e1s <\/span><\/li>\n<li><span class=\"transparent_label_info\">Jogi forma: GmbH &amp; Co KG <\/span><\/li>\n<li>Mitglied der Wirtschaftskammer Vorarlberg:<br \/>\nFachgruppe <a href=\"https:\/\/www.wko.at\/service\/dienststelle.html?orgid=15492\" target=\"_blank\" rel=\"noopener noreferrer\">Mechatroniker<\/a><\/li>\n<li><span id=\"ctl00_ContentPlaceHolder1_agbsBoxes_genericCategoriesRepeater_ctl00_genericFields_genericFieldsRepeater_ctl01_genericLabel_DescriptionLabel\"><span id=\"ctl00_ContentPlaceHolder1_agbsBoxes_genericCategoriesRepeater_ctl00_genericFields_genericFieldsRepeater_ctl01_genericLabel_helpLinkLabel1\" class=\"transparent_label_info\">Enged\u00e9lyez\u00e9s: Villamosm\u00e9rn\u00f6k elektronikai technikus, irodai kommunik\u00e1ci\u00f3s technikus, r\u00e1di\u00f3- \u00e9s videoelektronikai technikus a GewO 1994 94 Z 17. \u00a7 szerint.<\/span><\/span><\/li>\n<\/ul>\n<\/div>\n<\/div>\n<\/div>\n<\/div>\n<\/div>\n<div class=\"l_column l_lg-4 l_md-6\">\n<div class=\"vc_column-inner\">\n<div class=\"wpb_wrapper\">\n<div class=\"wpb_text_column wpb_content_element\">\n<div class=\"wpb_wrapper\">\n<ul>\n<li>C\u00e9gjegyz\u00e9ksz\u00e1m: 343886s<\/li>\n<li>GLN (a k\u00f6zigazgat\u00e1sban): 9110017600405<\/li>\n<li><span class=\"transparent_label_info\">H\u00c9A-sz\u00e1m: ATU65739267<\/span><\/li>\n<li><span class=\"transparent_label_info\"><span id=\"ctl00_ContentPlaceHolder1_datenFelder_genericFieldsRepeater_ctl19_genericLabel_DescriptionLabel\"><span id=\"ctl00_ContentPlaceHolder1_datenFelder_genericFieldsRepeater_ctl19_genericLabel_helpLinkLabel1\" class=\"transparent_label_info\">EORI sz\u00e1m: ATEOS1000019900<\/span><\/span><\/span><\/li>\n<li><span class=\"transparent_label_info\">e-sz\u00e1ml\u00e1k: <a href=\"mailto:info@eberle.at\">info@eberle.at<\/a><\/span><\/li>\n<\/ul>\n<h4>\u00c1ltal\u00e1nos Szerz\u0151d\u00e9si Felt\u00e9telek (AGB)<strong><br \/>\n<\/strong><\/h4>\n<p>Az Osztr\u00e1k Villamosenergia- \u00e9s Elektronikai Ipar \u00e1ltal\u00e1nos sz\u00e1ll\u00edt\u00e1si felt\u00e9telei (<a href=\"https:\/\/www.eberle.at\/wp-content\/uploads\/2018\/06\/feei_allgemeine_lieferbedingungen_2017_deutsch.pdf\" target=\"_blank\" rel=\"noopener noreferrer\">PDF<\/a>), az Osztr\u00e1k Villamosenergia- \u00e9s Elektronikai Ipar szoftverfelt\u00e9telei (<a href=\"https:\/\/www.eberle.at\/wp-content\/uploads\/2018\/06\/feei-softwarebedingungen_04-2018.pdf\" target=\"_blank\" rel=\"noopener noreferrer\">PDF<\/a>) \u00e9s az Osztr\u00e1k Villamosenergia- \u00e9s Elektronikai Ipar szoftverkarbantart\u00e1si felt\u00e9telei (<a href=\"https:\/\/www.eberle.at\/wp-content\/uploads\/2018\/06\/feei-softwarewartungsbedingungen_04-2018_0.pdf\" target=\"_blank\" rel=\"noopener noreferrer\">PDF<\/a>) alkalmazand\u00f3k. A teljes\u00edt\u00e9s helye Dornbirn. Sz\u00e1ll\u00edt\u00e1si felt\u00e9teleink az Incoterms 2010 alapj\u00e1n k\u00e9sz\u00fcltek.  <\/p>\n<div class=\"s_richtext\">\n<h4>Adatv\u00e9delmi szab\u00e1lyzat<\/h4>\n<\/div>\n<div class=\"s_richtext\">\n<p>Adatv\u00e9delmi szab\u00e1lyzatunkat<a href=\"https:\/\/mbm.at\/hu\/adatvedelmi-szabalyzat\/\" target=\"_blank\" rel=\"noopener\"> itt<\/a> tal\u00e1lja.<\/p>\n<h4>A Vorarlbergi Kereskedelmi Kamara tagja<\/h4>\n<p>Az ECG, UGB, GewO szerinti \u00f6sszes inform\u00e1ci\u00f3 megtal\u00e1lhat\u00f3 a WKO k\u00f6nyvt\u00e1r\u00e1ban. [ <a href=\"https:\/\/firmen.wko.at\/eberle-automatische-systeme-gmbh---co-kg-eberle-automatische-systeme\/vorarlberg\/?firmaid=ad89a2e3-65ae-406b-86a4-b95c431fcc3e&amp;standortid=0&amp;suchbegriff=eberle+automatische+systeme&amp;page=1\" target=\"_blank\" rel=\"noopener\">&#8230;<\/a> ] <\/p>\n<div class=\"s_richtext\">\n<h4>M\u00e9dia tulajdonosa<\/h4>\n<\/div>\n<p>Eberle Automatische Systeme GmbH &amp; Co KG<br \/>\n<span class=\"locality\"><span class=\"street-address\">Dr.-Walter-Zumtobel-Stra\u00dfe 8<br \/>\n<\/span><span class=\"postal-code\">6850<\/span> Dornbirn<br \/>\n\u00d6sterreich<\/span><\/p>\n<\/div>\n<\/div>\n<\/div>\n<\/div>\n<\/div>\n<\/div>\n<p>[\/vc_column_text][\/vc_column][\/vc_row]<\/p>\n<\/div>","protected":false},"excerpt":{"rendered":"<p>[vc_row][vc_column][vc_column_text css=&#8221;&#8221;] Impresszum A v\u00e1llalat neve: Eberle Automatische Systeme GmbH &amp; Co KG C\u00edm: Dr.-Walter-Zumtobel-Stra\u00dfe 8, 6850 Dornbirn, \u00d6sterreich Telefon: +43 5572 55580 e-Mail: info@eberle.at Internet: www.eberle.at \u00dcgyvezet\u0151 igazgat\u00f3: Viktor Eberle, Martin Moosmann C\u00e9gb\u00edr\u00f3s\u00e1g: region\u00e1lis b\u00edr\u00f3s\u00e1g Feldkirch Hat\u00f3s\u00e1g az EKG szerint: Dornbirni j\u00e1r\u00e1si k\u00f6zigazgat\u00e1s Jogi forma: GmbH &amp; Co KG Mitglied der Wirtschaftskammer Vorarlberg: Fachgruppe [&hellip;]<\/p>\n","protected":false},"author":2,"featured_media":0,"parent":0,"menu_order":0,"comment_status":"closed","ping_status":"closed","template":"","meta":{"footnotes":""},"class_list":["post-4610","page","type-page","status-publish","hentry"],"_links":{"self":[{"href":"https:\/\/mbm.at\/hu\/wp-json\/wp\/v2\/pages\/4610","targetHints":{"allow":["GET"]}}],"collection":[{"href":"https:\/\/mbm.at\/hu\/wp-json\/wp\/v2\/pages"}],"about":[{"href":"https:\/\/mbm.at\/hu\/wp-json\/wp\/v2\/types\/page"}],"author":[{"embeddable":true,"href":"https:\/\/mbm.at\/hu\/wp-json\/wp\/v2\/users\/2"}],"replies":[{"embeddable":true,"href":"https:\/\/mbm.at\/hu\/wp-json\/wp\/v2\/comments?post=4610"}],"version-history":[{"count":5,"href":"https:\/\/mbm.at\/hu\/wp-json\/wp\/v2\/pages\/4610\/revisions"}],"predecessor-version":[{"id":6069,"href":"https:\/\/mbm.at\/hu\/wp-json\/wp\/v2\/pages\/4610\/revisions\/6069"}],"wp:attachment":[{"href":"https:\/\/mbm.at\/hu\/wp-json\/wp\/v2\/media?parent=4610"}],"curies":[{"name":"wp","href":"https:\/\/api.w.org\/{rel}","templated":true}]}}