{"id":4592,"date":"2024-11-06T16:32:11","date_gmt":"2024-11-06T15:32:11","guid":{"rendered":"https:\/\/mbm.at\/kezelesi-technologia-portalkezelo-rendszer\/"},"modified":"2025-01-29T16:49:21","modified_gmt":"2025-01-29T15:49:21","slug":"kezelesi-technologia-portalkezelo-rendszer","status":"publish","type":"page","link":"https:\/\/mbm.at\/hu\/kezelesi-technologia-portalkezelo-rendszer\/","title":{"rendered":"Kezel\u00e9si technol\u00f3gia: port\u00e1lkezel\u0151 rendszer"},"content":{"rendered":"<div class=\"wpb-content-wrapper\"><p>[vc_row][vc_column][vc_column_text css=&#8221;&#8221;]<\/p>\n<h4>\u201e Port\u00e1lkezel\u0151 rendszer<\/h4>\n<p>[\/vc_column_text][\/vc_column][\/vc_row][vc_row][vc_column][vc_images_carousel images=&#8221;4593,4594,4595&#8243; img_size=&#8221;large&#8221; css=&#8221;&#8221;][\/vc_column][\/vc_row][vc_row][vc_column][vc_tta_accordion][vc_tta_section title=&#8221;A tervez\u00e9si jellemz\u0151k le\u00edr\u00e1sa&#8221; tab_id=&#8221;1730889791220-c61515ec-5f20&#8243;][vc_column_text css=&#8221;&#8221;]- Tart\u00f3szerkezet er\u0151s ac\u00e9l profilcs\u0151b\u0151l<br \/>&#8211; \u00c1tl\u00e1tsz\u00f3an edzett \u00e9s csiszolt vezet\u0151s\u00ednek<br \/>&#8211; Vezet\u0151cip\u0151k zs\u00edrtartal\u00e9kkal, ut\u00e1nolajozhat\u00f3k<br \/>&#8211; Szennyez\u0151t\u00f6rl\u0151k minden vezet\u0151fel\u00fclethez<br \/>&#8211; Szil\u00e1rd \u00e9s robusztus ac\u00e9llemezb\u0151l k\u00e9sz\u00fclt kocsi<br \/>&#8211; Hajt\u00e1s: h\u00e1romf\u00e1zis\u00fa szervomotor<br \/>&#8211; Kis holtj\u00e1t\u00e9k\u00fa hajt\u00f3m\u0171<br \/>&#8211; V\u00e1laszthat\u00f3 fogassz\u00edjhajt\u00e1s vagy fogasl\u00e9ces meghajt\u00e1s<br \/>&#8211; Poz\u00edci\u00f3m\u00e9r\u0151 rendszer: inkrement\u00e1lis k\u00f3dol\u00f3<br \/>&#8211; Energiavezet\u0151 l\u00e1nc[\/vc_column_text][\/vc_tta_section][vc_tta_section title=&#8221;Opci\u00f3k&#8221; tab_id=&#8221;1730889791221-21346201-da38&#8243;][vc_column_text css=&#8221;&#8221;]Testreszabott v\u00e1ltozatok[\/vc_column_text][\/vc_tta_section][vc_tta_section title=&#8221;M\u0171szaki adatok&#8221; tab_id=&#8221;1730889793928-12fb3746-bb0b&#8221;][vc_column_text css=&#8221;&#8221;]<b>Utaz\u00e1si t\u00e1vols\u00e1gok &#8211; Utaz\u00e1si sebess\u00e9g<\/b><\/p>\n<p>x-tengely mm 10,000 x-tengely (m\/s) max. 2,5<br \/>y-tengely mm 5,000 y-tengely (m\/s) max. 2.5<br \/>z-tengely mm 2,000 z-tengely (m\/s) max. 2.0  <\/p>\n<p>Ak\u00e1r 30 m\/s utaz\u00e1si gyorsul\u00e1s<br \/>Ism\u00e9tl\u00e9si pontoss\u00e1g a l\u00f6kett\u0151l \u00e9s a rendszert\u0151l f\u00fcgg\u0151en +\/- 0,1 mm<\/p>\n<p><b>Kieg\u00e9sz\u00edt\u0151 berendez\u00e9sek<\/b><br \/>Megfog\u00f3k, v\u00e1lt\u00f3rendszerek, szersz\u00e1mok, eszterg\u00e1l\u00f3k az adott alkalmaz\u00e1snak megfelel\u0151en<\/p>\n<p><b>Hajt\u00e1sv\u00e1ltozatok<\/b><br \/>&#8211; V\u00e1ltakoz\u00f3 \u00e1ram\u00fa motorok, p\u00f3lusv\u00e1lt\u00f3 \u00e9s b\u00fctyk\u00f6s kapcsol\u00f3k<br \/>&#8211; AC szervomotorok \u00e9s k\u00f3dol\u00f3k<br \/>&#8211; Pneumatikus<br \/>&#8211; Hidraulikus[\/vc_column_text][\/vc_tta_section][\/vc_tta_accordion][\/vc_column][\/vc_row]<\/p>\n<\/div>","protected":false},"excerpt":{"rendered":"<p>[vc_row][vc_column][vc_column_text css=&#8221;&#8221;] \u201e Port\u00e1lkezel\u0151 rendszer [\/vc_column_text][\/vc_column][\/vc_row][vc_row][vc_column][vc_images_carousel images=&#8221;4593,4594,4595&#8243; img_size=&#8221;large&#8221; css=&#8221;&#8221;][\/vc_column][\/vc_row][vc_row][vc_column][vc_tta_accordion][vc_tta_section title=&#8221;A tervez\u00e9si jellemz\u0151k le\u00edr\u00e1sa&#8221; tab_id=&#8221;1730889791220-c61515ec-5f20&#8243;][vc_column_text css=&#8221;&#8221;]- Tart\u00f3szerkezet er\u0151s ac\u00e9l profilcs\u0151b\u0151l&#8211; \u00c1tl\u00e1tsz\u00f3an edzett \u00e9s csiszolt vezet\u0151s\u00ednek&#8211; Vezet\u0151cip\u0151k zs\u00edrtartal\u00e9kkal, ut\u00e1nolajozhat\u00f3k&#8211; Szennyez\u0151t\u00f6rl\u0151k minden vezet\u0151fel\u00fclethez&#8211; Szil\u00e1rd \u00e9s robusztus ac\u00e9llemezb\u0151l k\u00e9sz\u00fclt kocsi&#8211; Hajt\u00e1s: h\u00e1romf\u00e1zis\u00fa szervomotor&#8211; Kis holtj\u00e1t\u00e9k\u00fa hajt\u00f3m\u0171&#8211; V\u00e1laszthat\u00f3 fogassz\u00edjhajt\u00e1s vagy fogasl\u00e9ces meghajt\u00e1s&#8211; Poz\u00edci\u00f3m\u00e9r\u0151 rendszer: inkrement\u00e1lis k\u00f3dol\u00f3&#8211; Energiavezet\u0151 l\u00e1nc[\/vc_column_text][\/vc_tta_section][vc_tta_section title=&#8221;Opci\u00f3k&#8221; tab_id=&#8221;1730889791221-21346201-da38&#8243;][vc_column_text [&hellip;]<\/p>\n","protected":false},"author":2,"featured_media":0,"parent":0,"menu_order":0,"comment_status":"closed","ping_status":"closed","template":"","meta":{"footnotes":""},"class_list":["post-4592","page","type-page","status-publish","hentry"],"_links":{"self":[{"href":"https:\/\/mbm.at\/hu\/wp-json\/wp\/v2\/pages\/4592","targetHints":{"allow":["GET"]}}],"collection":[{"href":"https:\/\/mbm.at\/hu\/wp-json\/wp\/v2\/pages"}],"about":[{"href":"https:\/\/mbm.at\/hu\/wp-json\/wp\/v2\/types\/page"}],"author":[{"embeddable":true,"href":"https:\/\/mbm.at\/hu\/wp-json\/wp\/v2\/users\/2"}],"replies":[{"embeddable":true,"href":"https:\/\/mbm.at\/hu\/wp-json\/wp\/v2\/comments?post=4592"}],"version-history":[{"count":3,"href":"https:\/\/mbm.at\/hu\/wp-json\/wp\/v2\/pages\/4592\/revisions"}],"predecessor-version":[{"id":4598,"href":"https:\/\/mbm.at\/hu\/wp-json\/wp\/v2\/pages\/4592\/revisions\/4598"}],"wp:attachment":[{"href":"https:\/\/mbm.at\/hu\/wp-json\/wp\/v2\/media?parent=4592"}],"curies":[{"name":"wp","href":"https:\/\/api.w.org\/{rel}","templated":true}]}}