{"id":4585,"date":"2024-11-06T16:31:29","date_gmt":"2024-11-06T15:31:29","guid":{"rendered":"https:\/\/mbm.at\/kezelesi-technologia-fordulo-billeno-asztal\/"},"modified":"2025-01-29T16:46:12","modified_gmt":"2025-01-29T15:46:12","slug":"kezelesi-technologia-fordulo-billeno-asztal","status":"publish","type":"page","link":"https:\/\/mbm.at\/hu\/kezelesi-technologia-fordulo-billeno-asztal\/","title":{"rendered":"Kezel\u00e9si technol\u00f3gia: Fordul\u00f3-billen\u0151 asztal"},"content":{"rendered":"<div class=\"wpb-content-wrapper\"><p>[vc_row][vc_column][vc_column_text css=&#8221;&#8221;]<\/p>\n<h4>\u201e Turn-tilt asztal<\/h4>\n<p>Be\u00e1ll\u00edt\u00e1si \u00e9s r\u00f6gz\u00edt\u00e9si munk\u00e1khoz<\/p>\n<p>A raklapot kiveszik a raklaprakt\u00e1rb\u00f3l, \u00e9s automatikusan billentett helyzetbe hozz\u00e1k.<br \/> A raklapot ezut\u00e1n 3 x 90\u00b0-kal elforgatjuk.[\/vc_column_text][\/vc_column][\/vc_row][vc_row][vc_column][vc_images_carousel images=&#8221;4586,4587,4588&#8243; img_size=&#8221;large&#8221; css=&#8221;&#8221;][\/vc_column][\/vc_row][vc_row][vc_column][vc_tta_accordion][vc_tta_section title=&#8221;Az egyes rendszerelemek le\u00edr\u00e1sa&#8221; tab_id=&#8221;1730889568551-9367a8d2-9108&#8243;][vc_column_text css=&#8221;&#8221;]- Stabil alapkeret forg\u00f3csap\u00e1ggyal<br \/>&#8211; Forg\u00f3t\u00e1ny\u00e9r stabil forg\u00f3csap\u00e1ggyal<br \/>&#8211; Forg\u00f3t\u00e1ny\u00e9r forgathat\u00f3 szor\u00edt\u00f3karmokkal<br \/>&#8211; Adagol\u00f3szerkezet emel\u0151egys\u00e9ggel<br \/>&#8211; Hidraulikus egys\u00e9g[\/vc_column_text][\/vc_tta_section][vc_tta_section title=&#8221;Opci\u00f3k&#8221; tab_id=&#8221;1730889568551-119a1589-21aa&#8221;][vc_column_text css=&#8221;&#8221;]Testreszabott v\u00e1ltozatok[\/vc_column_text][\/vc_tta_section][vc_tta_section title=&#8221;M\u0171szaki adatok&#8221; tab_id=&#8221;1730889570531-d24fc72d-18f1&#8243;][vc_column_text css=&#8221;&#8221;]Raklap m\u00e9rete 800 x 800 mm<br \/>Raklap terhel\u00e9se 30,000 N<br \/>A raklap fels\u0151 sz\u00e9l\u00e9t\u0151l sz\u00e1m\u00edtott s\u00falypont 600 mm<br \/>A s\u00falypont k\u00f6z\u00e9ppontt\u00f3l elt\u00e9r\u0151 s\u00falypontja 100 mm<br \/>A munkadarab magass\u00e1ga a raklap fels\u0151 sz\u00e9l\u00e9t\u0151l sz\u00e1m\u00edtva max. 1200 mm<br \/>Forg\u00f3mozg\u00e1s 90\u00b0<br \/>F\u00fcgg\u0151leges \u00e9s v\u00edzszintes elfordul\u00e1s 3 x 90\u00b0[\/vc_column_text][\/vc_tta_section][\/vc_tta_accordion][\/vc_column][\/vc_row]<\/p>\n<\/div>","protected":false},"excerpt":{"rendered":"<p>[vc_row][vc_column][vc_column_text css=&#8221;&#8221;] \u201e Turn-tilt asztal Be\u00e1ll\u00edt\u00e1si \u00e9s r\u00f6gz\u00edt\u00e9si munk\u00e1khoz A raklapot kiveszik a raklaprakt\u00e1rb\u00f3l, \u00e9s automatikusan billentett helyzetbe hozz\u00e1k. A raklapot ezut\u00e1n 3 x 90\u00b0-kal elforgatjuk.[\/vc_column_text][\/vc_column][\/vc_row][vc_row][vc_column][vc_images_carousel images=&#8221;4586,4587,4588&#8243; img_size=&#8221;large&#8221; css=&#8221;&#8221;][\/vc_column][\/vc_row][vc_row][vc_column][vc_tta_accordion][vc_tta_section title=&#8221;Az egyes rendszerelemek le\u00edr\u00e1sa&#8221; tab_id=&#8221;1730889568551-9367a8d2-9108&#8243;][vc_column_text css=&#8221;&#8221;]- Stabil alapkeret forg\u00f3csap\u00e1ggyal&#8211; Forg\u00f3t\u00e1ny\u00e9r stabil forg\u00f3csap\u00e1ggyal&#8211; Forg\u00f3t\u00e1ny\u00e9r forgathat\u00f3 szor\u00edt\u00f3karmokkal&#8211; Adagol\u00f3szerkezet emel\u0151egys\u00e9ggel&#8211; Hidraulikus egys\u00e9g[\/vc_column_text][\/vc_tta_section][vc_tta_section title=&#8221;Opci\u00f3k&#8221; tab_id=&#8221;1730889568551-119a1589-21aa&#8221;][vc_column_text css=&#8221;&#8221;]Testreszabott v\u00e1ltozatok[\/vc_column_text][\/vc_tta_section][vc_tta_section title=&#8221;M\u0171szaki adatok&#8221; tab_id=&#8221;1730889570531-d24fc72d-18f1&#8243;][vc_column_text [&hellip;]<\/p>\n","protected":false},"author":2,"featured_media":0,"parent":0,"menu_order":0,"comment_status":"closed","ping_status":"closed","template":"","meta":{"footnotes":""},"class_list":["post-4585","page","type-page","status-publish","hentry"],"_links":{"self":[{"href":"https:\/\/mbm.at\/hu\/wp-json\/wp\/v2\/pages\/4585","targetHints":{"allow":["GET"]}}],"collection":[{"href":"https:\/\/mbm.at\/hu\/wp-json\/wp\/v2\/pages"}],"about":[{"href":"https:\/\/mbm.at\/hu\/wp-json\/wp\/v2\/types\/page"}],"author":[{"embeddable":true,"href":"https:\/\/mbm.at\/hu\/wp-json\/wp\/v2\/users\/2"}],"replies":[{"embeddable":true,"href":"https:\/\/mbm.at\/hu\/wp-json\/wp\/v2\/comments?post=4585"}],"version-history":[{"count":3,"href":"https:\/\/mbm.at\/hu\/wp-json\/wp\/v2\/pages\/4585\/revisions"}],"predecessor-version":[{"id":4591,"href":"https:\/\/mbm.at\/hu\/wp-json\/wp\/v2\/pages\/4585\/revisions\/4591"}],"wp:attachment":[{"href":"https:\/\/mbm.at\/hu\/wp-json\/wp\/v2\/media?parent=4585"}],"curies":[{"name":"wp","href":"https:\/\/api.w.org\/{rel}","templated":true}]}}