{"id":4558,"date":"2024-11-19T15:01:31","date_gmt":"2024-11-19T14:01:31","guid":{"rendered":"https:\/\/mbm.at\/universal-das-u-dupla-gervago-furesz\/"},"modified":"2025-01-29T16:36:09","modified_gmt":"2025-01-29T15:36:09","slug":"universal-das-u-dupla-gervago-furesz","status":"publish","type":"page","link":"https:\/\/mbm.at\/hu\/universal-das-u-dupla-gervago-furesz\/","title":{"rendered":"\u201e Universal DAS-U dupla g\u00e9rv\u00e1g\u00f3 f\u0171r\u00e9sz"},"content":{"rendered":"<div class=\"wpb-content-wrapper\"><p>[vc_row][vc_column width=&#8221;1\/3&#8243;][vc_single_image image=&#8221;4512&#8243; img_size=&#8221;500*500&#8243; alignment=&#8221;center&#8221; onclick=&#8221;custom_link&#8221; css=&#8221;&#8221; link=&#8221;https:\/\/mbm.at\/wp-content\/uploads\/2024\/11\/Doppelgehrungssaege-B1.jpg&#8221;][\/vc_column][vc_column width=&#8221;1\/3&#8243;][vc_single_image image=&#8221;4513&#8243; img_size=&#8221;500*500&#8243; alignment=&#8221;center&#8221; onclick=&#8221;custom_link&#8221; css=&#8221;&#8221; link=&#8221;https:\/\/mbm.at\/wp-content\/uploads\/2024\/11\/Doppelgehrungssaege-B2.jpg&#8221;][\/vc_column][vc_column width=&#8221;1\/3&#8243;][vc_single_image image=&#8221;4514&#8243; img_size=&#8221;500*500&#8243; alignment=&#8221;center&#8221; onclick=&#8221;custom_link&#8221; css=&#8221;&#8221; link=&#8221;https:\/\/mbm.at\/wp-content\/uploads\/2024\/11\/Doppelgehrungssaege-B3.jpg&#8221;][\/vc_column][\/vc_row][vc_row][vc_column][vc_tta_accordion][vc_tta_section title=&#8221;Az \u00d6n el\u0151nye&#8221; tab_id=&#8221;1732024209088-261f6b40-0b24&#8243;][vc_column_text css=&#8221;&#8221;]- M\u00e9ret- \u00e9s sz\u00f6gpontos v\u00e1g\u00e1sok &#8211; T\u00f6k\u00e9letes v\u00e1g\u00e1si min\u0151s\u00e9g &#8211; Minim\u00e1lis be\u00e1ll\u00edt\u00e1si id\u0151 &#8211; Karc- \u00e9s jelmentes fel\u00fclet &#8211; Hat\u00e9kony m\u0171k\u00f6d\u00e9s &#8211; \u00c9lethosszig tart\u00f3 precizit\u00e1s &#8211; Vonalas l\u00e9zer &#8211; 5 tengelyes m\u00e9r\u00e9si kijelz\u0151[\/vc_column_text][\/vc_tta_section][vc_tta_section title=&#8221;Opci\u00f3k&#8221; tab_id=&#8221;1732024209088-b6ac61a8-90ab&#8221;][vc_column_text css=&#8221;&#8221;]- F\u00far\u00f3egys\u00e9gek &#8211; F\u00far\u00f3egys\u00e9gek &#8211; Kikapcsol\u00f3asztal &#8211; 6 tengelyes vez\u00e9rl\u0151rendszer[\/vc_column_text][\/vc_tta_section][vc_tta_section title=&#8221;M\u0171szaki adatok&#8221; tab_id=&#8221;1732024223378-e979721d-6ca5&#8243;][vc_column_text css=&#8221;&#8221;]- P\u00e9lda\u00e9rt\u00e9k\u0171 maxim\u00e1lis \u00e9rt\u00e9kek. Az adatok a konfigur\u00e1ci\u00f3t\u00f3l \u00e9s a term\u00e9k k\u00fcl\u00f6nleges tulajdons\u00e1gait\u00f3l f\u00fcgg\u0151en v\u00e1ltozhatnak. <\/p>\n<p><b>Munkadarabm\u00e9retei<\/b><br \/>Munkadarab hossza 250 mm &#8211; 2.200 mmMunkadarab sz\u00e9less\u00e9ge 50 mm &#8211; 660 mmMunkadarab magass\u00e1ga max. 85 mm<\/p>\n<p> <\/p>\n<p><b>Gesztenyesz\u00f6gNagym\u00e9ret\u0171<\/b><br \/>saroksz\u00f6g 93\u00b0 &#8211; 45\u00b0Kis saroksz\u00f6g 90\u00b0 &#8211; 43\u00b0<\/p>\n<p><b>M\u00e9retpontoss\u00e1g<\/b><br \/>Nagy g\u00e9rc +\/- 0,02\u00b0Kis g\u00e9rc +\/- 0,05\u00b0T\u00e1rgyhossz +\/- 0,2 mm<\/p>\n<p><b>F\u0171r\u00e9szlap<\/b>\u00c1tm\u00e9r\u0151 350 mm\/400 mmBels\u0151 furat \u00e1tm\u00e9r\u0151je 30 mm<\/p>\n<p><b>N\u00fatf\u00far\u00f3<\/b>egys\u00e9g \u00c1tm\u00e9r\u0151 180 mm Bels\u0151 furat \u00e1tm\u00e9r\u0151je 30 mm[\/vc_column_text][\/vc_tta_section][vc_tta_section title=&#8221;Vez\u00e9rl\u00e9s ( szabadon programozhat\u00f3 )&#8221; tab_id=&#8221;1732024229250-73ac04b9-ca87&#8243;][vc_column_text css=&#8221;&#8221;]- Egyszer\u0171 programk\u00e9sz\u00edt\u00e9s<br \/><span data-teams=\"true\">&#8211; Nagy t\u00e1rol\u00f3kapacit\u00e1s az egyedi v\u00e1g\u00e1si programok sz\u00e1m\u00e1ra<\/span><br \/>&#8211; Automatikus sz\u00f6g- \u00e9s hosszbe\u00e1ll\u00edt\u00e1s<br \/>&#8211; Hibadiagnosztika meghib\u00e1sod\u00e1s eset\u00e9n<\/p>\n<p><b>Opci\u00f3k<\/b><br \/>&#8211; Interf\u00e9sz a termel\u00e9si adatok \u00e1tvitel\u00e9hez<br \/>&#8211; T\u00e1voli diagnosztika[\/vc_column_text][\/vc_tta_section][vc_tta_section title=&#8221;G\u00e9pi adatok&#8221; tab_id=&#8221;1732024226089-2704f2ab-cb84&#8243;][vc_column_text css=&#8221;&#8221;]<b>F\u0171r\u00e9szel\u0151tol\u00e1s sebess\u00e9ge<\/b> El\u0151re\/h\u00e1tra 30 m\/percig. F\u0171r\u00e9szmotor teljes\u00edtm\u00e9nye egyenk\u00e9nt 5,5 kW Sebess\u00e9g 4 200 fordulat\/perc Has\u00edt\u00f3egys\u00e9g motorteljes\u00edtm\u00e9nye egyenk\u00e9nt 1 kW Sebess\u00e9g 6 000 fordulat\/perc.[\/vc_column_text][\/vc_tta_section][\/vc_tta_accordion][\/vc_column][\/vc_row]<\/p>\n<\/div>","protected":false},"excerpt":{"rendered":"<p>[vc_row][vc_column width=&#8221;1\/3&#8243;][vc_single_image image=&#8221;4512&#8243; img_size=&#8221;500*500&#8243; alignment=&#8221;center&#8221; onclick=&#8221;custom_link&#8221; css=&#8221;&#8221; link=&#8221;https:\/\/mbm.at\/wp-content\/uploads\/2024\/11\/Doppelgehrungssaege-B1.jpg&#8221;][\/vc_column][vc_column width=&#8221;1\/3&#8243;][vc_single_image image=&#8221;4513&#8243; img_size=&#8221;500*500&#8243; alignment=&#8221;center&#8221; onclick=&#8221;custom_link&#8221; css=&#8221;&#8221; link=&#8221;https:\/\/mbm.at\/wp-content\/uploads\/2024\/11\/Doppelgehrungssaege-B2.jpg&#8221;][\/vc_column][vc_column width=&#8221;1\/3&#8243;][vc_single_image image=&#8221;4514&#8243; img_size=&#8221;500*500&#8243; alignment=&#8221;center&#8221; onclick=&#8221;custom_link&#8221; css=&#8221;&#8221; link=&#8221;https:\/\/mbm.at\/wp-content\/uploads\/2024\/11\/Doppelgehrungssaege-B3.jpg&#8221;][\/vc_column][\/vc_row][vc_row][vc_column][vc_tta_accordion][vc_tta_section title=&#8221;Az \u00d6n el\u0151nye&#8221; tab_id=&#8221;1732024209088-261f6b40-0b24&#8243;][vc_column_text css=&#8221;&#8221;]- M\u00e9ret- \u00e9s sz\u00f6gpontos v\u00e1g\u00e1sok &#8211; T\u00f6k\u00e9letes v\u00e1g\u00e1si min\u0151s\u00e9g &#8211; Minim\u00e1lis be\u00e1ll\u00edt\u00e1si id\u0151 &#8211; Karc- \u00e9s jelmentes fel\u00fclet &#8211; Hat\u00e9kony m\u0171k\u00f6d\u00e9s &#8211; \u00c9lethosszig tart\u00f3 precizit\u00e1s &#8211; Vonalas l\u00e9zer &#8211; [&hellip;]<\/p>\n","protected":false},"author":2,"featured_media":0,"parent":0,"menu_order":0,"comment_status":"closed","ping_status":"closed","template":"","meta":{"footnotes":""},"class_list":["post-4558","page","type-page","status-publish","hentry"],"_links":{"self":[{"href":"https:\/\/mbm.at\/hu\/wp-json\/wp\/v2\/pages\/4558","targetHints":{"allow":["GET"]}}],"collection":[{"href":"https:\/\/mbm.at\/hu\/wp-json\/wp\/v2\/pages"}],"about":[{"href":"https:\/\/mbm.at\/hu\/wp-json\/wp\/v2\/types\/page"}],"author":[{"embeddable":true,"href":"https:\/\/mbm.at\/hu\/wp-json\/wp\/v2\/users\/2"}],"replies":[{"embeddable":true,"href":"https:\/\/mbm.at\/hu\/wp-json\/wp\/v2\/comments?post=4558"}],"version-history":[{"count":3,"href":"https:\/\/mbm.at\/hu\/wp-json\/wp\/v2\/pages\/4558\/revisions"}],"predecessor-version":[{"id":4561,"href":"https:\/\/mbm.at\/hu\/wp-json\/wp\/v2\/pages\/4558\/revisions\/4561"}],"wp:attachment":[{"href":"https:\/\/mbm.at\/hu\/wp-json\/wp\/v2\/media?parent=4558"}],"curies":[{"name":"wp","href":"https:\/\/api.w.org\/{rel}","templated":true}]}}