{"id":4554,"date":"2024-11-19T15:01:14","date_gmt":"2024-11-19T14:01:14","guid":{"rendered":"https:\/\/mbm.at\/gyartosorok\/"},"modified":"2025-02-24T07:48:39","modified_gmt":"2025-02-24T06:48:39","slug":"gyartosorok","status":"publish","type":"page","link":"https:\/\/mbm.at\/hu\/gyartosorok\/","title":{"rendered":"Gy\u00e1rt\u00f3sorok"},"content":{"rendered":"<div class=\"wpb-content-wrapper\"><p>[vc_row][vc_column][vc_column_text css=&#8221;&#8221;]<\/p>\n<h4>\u201e Dupla g\u00e9rv\u00e1g\u00f3f\u0171r\u00e9sz gy\u00e1rt\u00f3sor DAS-FL<\/h4>\n<p>&nbsp;<\/p>\n<p>A DAS-FL gy\u00e1rt\u00f3sor egy olyan automatiz\u00e1lt megold\u00e1s, amelyet kifejezetten kopors\u00f3alkatr\u00e9szek ipari gy\u00e1rt\u00e1s\u00e1ra terveztek. Garant\u00e1lja a kopors\u00f3alkatr\u00e9szek h\u00e9zagmentes gy\u00e1rt\u00e1s\u00e1t pontosan illeszked\u0151 g\u00e9rdes sz\u00f6gekkel, ut\u00f3munka n\u00e9lk\u00fcl.[\/vc_column_text][\/vc_column][\/vc_row][vc_row][vc_column][vc_images_carousel images=&#8221;5700,5692,5684,5676,5668&#8243; img_size=&#8221;full&#8221; css=&#8221;&#8221;][\/vc_column][\/vc_row][vc_row][vc_column][vc_tta_accordion][vc_tta_section title=&#8221;Az \u00d6n el\u0151nye&#8221; tab_id=&#8221;1740042920269-5dabd637-c474&#8243;][vc_single_image image=&#8221;5758&#8243; img_size=&#8221;200*200&#8243; alignment=&#8221;center&#8221; onclick=&#8221;custom_link&#8221; css=&#8221;&#8221; link=&#8221;https:\/\/mbm.at\/wp-content\/uploads\/2024\/11\/Doppelgehrungssaege-B2.jpg&#8221;][vc_column_text css=&#8221;&#8221;]<\/p>\n<ul>\n<li><strong>Hat\u00e9kony, automatikus m\u0171k\u00f6d\u00e9s:<\/strong> A teljes automatiz\u00e1l\u00e1s hat\u00e9konyabb munkafolyamatokat eredm\u00e9nyez a kopors\u00f3gy\u00e1rt\u00e1s sor\u00e1n.<\/li>\n<li><strong>M\u00e9ret- \u00e9s sz\u00f6gpontos v\u00e1g\u00e1sok:<\/strong> Pontos v\u00e1g\u00e1sok a m\u00e9retek \u00e9s sz\u00f6gek tekintet\u00e9ben.<\/li>\n<li><strong>T\u00f6k\u00e9letes v\u00e1g\u00e1smin\u0151s\u00e9g:<\/strong> kiv\u00e1l\u00f3 min\u0151s\u00e9g\u0171, hib\u00e1tlan v\u00e1g\u00e1sok<\/li>\n<li><strong>Karcol\u00e1s- \u00e9s nyommentes fel\u00fclet:<\/strong> a fel\u00fcletek s\u00e9rtetlenek maradnak<\/li>\n<li><strong>\u00c9letre sz\u00f3l\u00f3 pontoss\u00e1g:<\/strong> hossz\u00fa t\u00e1v\u00fa pontoss\u00e1g \u00e9s megb\u00edzhat\u00f3s\u00e1g<\/li>\n<li><strong>R\u00f6videbb g\u00e9ple\u00e1ll\u00e1si id\u0151k:<\/strong> Kevesebb id\u0151vesztes\u00e9g a j\u00e1rul\u00e9kos munk\u00e1k, p\u00e9ld\u00e1ul az \u00fajracsiszol\u00e1s miatt.<\/li>\n<li><strong>Rugalmass\u00e1g:<\/strong> a term\u00e9kek azonnal megv\u00e1ltoztathat\u00f3k, ami n\u00f6veli az alkalmazkod\u00f3k\u00e9pess\u00e9get<strong>.<\/strong> <\/li>\n<\/ul>\n<p>[\/vc_column_text][\/vc_tta_section][vc_tta_section title=&#8221;Kopors\u00f3 gy\u00e1rt\u00e1si alkalmaz\u00e1sok&#8221; tab_id=&#8221;1740042948070-da177d6f-ddf9&#8243;][vc_single_image image=&#8221;5730&#8243; img_size=&#8221;200*200&#8243; alignment=&#8221;center&#8221; onclick=&#8221;custom_link&#8221; css=&#8221;&#8221; link=&#8221;https:\/\/mbm.at\/wp-content\/uploads\/2025\/02\/20250121_103920-scaled.jpg&#8221;][vc_column_text css=&#8221;&#8221;]<\/p>\n<ul>\n<li>A DAS-FL alkalmas p\u00e9ld\u00e1ul trap\u00e9z- \u00e9s norm\u00e1l kopors\u00f3form\u00e1khoz:\n<ul>\n<li>H\u00e1zi tet\u0151forma, testformakopors\u00f3, n\u00e9met, sv\u00e1jci, olasz, francia \u00e9s skandin\u00e1v kopors\u00f3form\u00e1k, valamint az amerikai kopors\u00f3 \u00e9s csontl\u00e1d\u00e1k sz\u00e1m\u00e1ra k\u00e9sz\u00fclt kopors\u00f3form\u00e1k<\/li>\n<\/ul>\n<\/li>\n<li>K\u00e9t f\u0171r\u00e9szegys\u00e9g egy menetben prec\u00edz g\u00e9rv\u00e1g\u00e1sokat k\u00e9sz\u00edt a kopors\u00f3 alkatr\u00e9szeinek, p\u00e9ld\u00e1ul az oldallapoknak, a fejr\u00e9sznek, a l\u00e1br\u00e9sznek, a fed\u00e9lnek \u00e9s az alapnak a v\u00e1g\u00e1s\u00e1hoz<\/li>\n<li>A DAS-FL magas v\u00e1g\u00e1si min\u0151s\u00e9get biztos\u00edt az\u00e1ltal, hogy a v\u00e1g\u00e1s sor\u00e1n az alkatr\u00e9szeket a tart\u00f3fel\u00fcletre nyomva szil\u00e1rdan r\u00f6gz\u00edti azokat<\/li>\n<li>Pontos g\u00e9rv\u00e1g\u00e1s egyenes illeszt\u00e9ssel \u00e9s maratott horonnyal<\/li>\n<li>A be\u00e9p\u00edtett hornyol\u00f3 egys\u00e9g a t\u00e1bla vastags\u00e1g\u00e1nak megfelel\u0151 hornyot k\u00e9sz\u00edt a fugasz\u00f6gek sz\u00e1m\u00e1ra<\/li>\n<li>Alkalmas minden fafajt\u00e1hoz, legyen az nyers, bevonatos vagy furn\u00e9rozott. P\u00e9ld\u00e1ul: feny\u0151, feny\u0151, feny\u0151, t\u00f6lgy, v\u00f6r\u00f6sfeny\u0151, MDF, t\u00f6bbr\u00e9teg\u0171 vagy forg\u00e1cslap <\/li>\n<\/ul>\n<p>[\/vc_column_text][\/vc_tta_section][vc_tta_section title=&#8221;Tervez\u00e9si v\u00e1ltozatok&#8221; tab_id=&#8221;1740042952725-2448c65b-19c4&#8243;][vc_single_image image=&#8221;5766&#8243; img_size=&#8221;200*200&#8243; alignment=&#8221;center&#8221; onclick=&#8221;custom_link&#8221; css=&#8221;&#8221; link=&#8221;https:\/\/mbm.at\/wp-content\/uploads\/2025\/02\/20241211_143329-scaled.jpg&#8221;][vc_column_text css=&#8221;&#8221;]<\/p>\n<ul>\n<li>DAS-FL alapg\u00e9p\n<ul>\n<li>k\u00e9t dupla g\u00e9rv\u00e1g\u00f3f\u0171r\u00e9sszel ell\u00e1tott gy\u00e1rt\u00f3sork\u00e9nt<\/li>\n<\/ul>\n<\/li>\n<li>DAS-FLT f\u0171r\u00e9szel\u00e9shez m\u00e1r felhelyezett T-cs\u00edkokkal\n<ul>\n<li>Alkalmazott fog\u00e1si technol\u00f3gia megfelel\u0151 m\u00e9lyed\u00e9ssel a T-bar sz\u00e1m\u00e1ra<\/li>\n<li>Testreszabott r\u00f6gz\u00edt\u00e9si technol\u00f3gia T-barhoz el\u0151k\u00e9sz\u00edtve<\/li>\n<li>Testreszabott f\u0171r\u00e9szegys\u00e9g T-barhoz el\u0151k\u00e9sz\u00edtve<\/li>\n<li>Testreszabott hornyol\u00f3egys\u00e9g T-barhoz<\/li>\n<\/ul>\n<\/li>\n<li>DAS-FL hornyol\u00f3egys\u00e9ggel egyenes horonyhoz\n<ul>\n<li>A fecskefark\u00fa k\u00f6t\u00e9sekhez val\u00f3 hornyol\u00f3egys\u00e9ggel ell\u00e1tott v\u00e1ltozat (anime) opcion\u00e1lisan rendelhet\u0151<\/li>\n<\/ul>\n<\/li>\n<li>DAS-FL term\u00e9kadatok nyomon k\u00f6vet\u00e9s\u00e9vel\n<ul>\n<li>A term\u00e9kadatok folyamatos nyomon k\u00f6vet\u00e9se \u00e9rdek\u00e9ben a rendel\u00e9si adatok vagy a rendel\u00e9ssel kapcsolatos param\u00e9terek, mint p\u00e9ld\u00e1ul a min\u0151s\u00e9g, az anyag \u00e9s a hossz, \u00e1tvihet\u0151k a term\u00e9kr\u0151l a rendszerbe<\/li>\n<\/ul>\n<\/li>\n<li>A rendszer \u00f6n\u00e1ll\u00f3 megold\u00e1sk\u00e9nt \u00e9s in-line megold\u00e1sk\u00e9nt is m\u0171k\u00f6dtethet\u0151, \u00edgy lehet\u0151v\u00e9 teszi a megl\u00e9v\u0151 gy\u00e1rt\u00f3sorokba t\u00f6rt\u00e9n\u0151 integr\u00e1ci\u00f3t<\/li>\n<\/ul>\n<p>[\/vc_column_text][\/vc_tta_section][vc_tta_section title=&#8221;Opci\u00f3k&#8221; tab_id=&#8221;1740042956421-602b839f-1f9c&#8221;][vc_single_image image=&#8221;5381&#8243; img_size=&#8221;200*200&#8243; alignment=&#8221;center&#8221; onclick=&#8221;custom_link&#8221; css=&#8221;&#8221; link=&#8221;https:\/\/mbm.at\/wp-content\/uploads\/2025\/02\/IMG_0546-scaled.jpg&#8221;][vc_column_text css=&#8221;&#8221;]<\/p>\n<ul>\n<li>A DAS-FL gy\u00e1rt\u00f3sor m\u00e1s g\u00e9pekkel is kombin\u00e1lhat\u00f3.\n<ul>\n<li>Automatikus form\u00e1z\u00f3 \u00f6sszeszerel\u0151 g\u00e9p<\/li>\n<li>F\u00far\u00f3\u00e1llom\u00e1sok prec\u00edz foganty\u00faf\u00far\u00e1sokhoz vagy z\u00e1rf\u00far\u00e1sokhoz<\/li>\n<li>Sz\u00e1ll\u00edt\u00f3technika, mint p\u00e9ld\u00e1ul a visszavezet\u0151 g\u00f6rg\u0151s sz\u00e1ll\u00edt\u00f3szalagok, a keresztir\u00e1ny\u00fa sz\u00e1ll\u00edt\u00f3szalagok vagy a hullad\u00e9ksz\u00e1ll\u00edt\u00f3 sz\u00e1ll\u00edt\u00f3szalagok<\/li>\n<li>T\u00e1blamagazin, vakt\u00f6lt\u00e9nyek t\u00e1rol\u00e1s\u00e1ra<\/li>\n<\/ul>\n<\/li>\n<\/ul>\n<p>[\/vc_column_text][\/vc_tta_section][vc_tta_section title=&#8221;M\u0171szaki adatok&#8221; tab_id=&#8221;1740042959709-d9a1a16e-e586&#8243;][vc_single_image image=&#8221;5774&#8243; img_size=&#8221;200*200&#8243; alignment=&#8221;center&#8221; onclick=&#8221;custom_link&#8221; css=&#8221;&#8221; link=&#8221;https:\/\/mbm.at\/wp-content\/uploads\/2025\/02\/20250117_075751-scaled.jpg&#8221;][vc_column_text css=&#8221;&#8221;]<\/p>\n<ul>\n<li>Panel t\u00edpusok (\u00fcres)\n<ul>\n<li>Minden fafajta, ak\u00e1r nyersen, ak\u00e1r bevonva, ak\u00e1r furn\u00e9rozva. P\u00e9ld\u00e1ul: feny\u0151, feny\u0151, feny\u0151, t\u00f6lgy, v\u00f6r\u00f6sfeny\u0151, MDF, t\u00f6bbr\u00e9teg\u0171 vagy forg\u00e1cslap <\/li>\n<li>\u00dcres panel hossza: 1,500 mm &#8211; 2,200 mm<\/li>\n<li>\u00dcres panel sz\u00e9less\u00e9ge: 200 mm &#8211; 660 mm<\/li>\n<\/ul>\n<\/li>\n<li>Munkadarabm\u00e9retek (v\u00e1gott alkatr\u00e9szek)\n<ul>\n<li>Darabhossz v\u00e1g\u00e1s: 300 mm &#8211; 2,180 mm<\/li>\n<li>Darabhossz k\u00e9t egyidej\u0171 v\u00e1g\u00e1ssal: maximum 2170 mm<\/li>\n<li>Sz\u00e9less\u00e9g 90\u00b0-ban: 200 mm &#8211; 660 mm<\/li>\n<li>Sz\u00e9less\u00e9g 45\u00b0-ban: 200 mm &#8211; 460 mm<\/li>\n<\/ul>\n<\/li>\n<li>V\u00e1g\u00e1si magass\u00e1g\n<ul>\n<li>F\u0171r\u00e9szlap \u00d8 350 mm: 90\u00b0-ban: max. 60 mm 45\u00b0-ban: max. 40 mm  <\/li>\n<li>F\u0171r\u00e9szlap \u00d8 400 mm 90\u00b0-ban: max. 85 mm 45\u00b0-ban: max. 55 mm  <\/li>\n<\/ul>\n<\/li>\n<li>Gesztenyesz\u00f6g\n<ul>\n<li>F\u0171r\u00e9szegys\u00e9g kocsi (nagym\u00e9ret\u0171 g\u00e9rce): 90\u00b0 &#8211; 45\u00b0<\/li>\n<li>F\u0171r\u00e9szlap (kis g\u00e9rv\u00e1g\u00e1s): 90\u00b0 &#8211; 45\u00b0<\/li>\n<\/ul>\n<\/li>\n<li>V\u00e1g\u00f3egys\u00e9g\n<ul>\n<li>\u00c1tm\u00e9r\u0151 \u00d8 180 mm<\/li>\n<li>Bels\u0151 \u00e1tm\u00e9r\u0151 \u00d8 30 mm<\/li>\n<li>\n<\/li>\n<\/ul>\n<\/li>\n<li>Bet\u00e1pl\u00e1l\u00e1si sebess\u00e9g\n<ul>\n<li>F\u0171r\u00e9szegys\u00e9g el\u0151tte: 1 &#8211; 30 m\/min<\/li>\n<li>F\u0171r\u00e9szegys\u00e9g h\u00e1tul: 1 &#8211; 30 m\/min<\/li>\n<li>Megjegyz\u00e9s: Az adatok k\u00fcl\u00f6nb\u00f6z\u0151 fafajt\u00e1k \u00e9s m\u00e9retek eset\u00e9n elt\u00e9r\u0151ek lehetnek<\/li>\n<\/ul>\n<\/li>\n<li>Ciklusid\u0151\n<ul>\n<li>Min. 14 \u00e9s max. 20 mp k\u00f6z\u00f6tt alkatr\u00e9szenk\u00e9nt, a megmunk\u00e1l\u00e1si v\u00e1ltozatt\u00f3l f\u00fcgg\u0151en (hornyol\u00e1s, f\u00far\u00e1s stb.)   <\/li>\n<li>Megjegyz\u00e9s: Az adatok k\u00fcl\u00f6nb\u00f6z\u0151 fafajt\u00e1k \u00e9s m\u00e9retek eset\u00e9n elt\u00e9r\u0151ek lehetnek<\/li>\n<\/ul>\n<\/li>\n<\/ul>\n<p>[\/vc_column_text][\/vc_tta_section][vc_tta_section title=&#8221;Vez\u00e9rl\u0151rendszer&#8221; tab_id=&#8221;1740042963869-d4abaab2-9677&#8243;][vc_single_image image=&#8221;5739&#8243; img_size=&#8221;200*200&#8243; alignment=&#8221;center&#8221; onclick=&#8221;custom_link&#8221; css=&#8221;&#8221; link=&#8221;https:\/\/mbm.at\/wp-content\/uploads\/2025\/02\/KHA6gross-scaled.jpg&#8221;][vc_column_text css=&#8221;&#8221;]<\/p>\n<ul>\n<li>A Siemens mint az elektromos \u00e9s elektronikus alkatr\u00e9szek vezet\u0151 m\u00e1rk\u00e1ja TIA-PLC k\u00f6zponti vez\u00e9rl\u0151rendszerrel (biztons\u00e1gos v\u00e1ltozat) a rendszer-, szekvencia- \u00e9s biztons\u00e1gi vez\u00e9rl\u00e9shez<\/li>\n<li>F\u0151sz\u00e1m\u00edt\u00f3g\u00e9p cikk- \u00e9s term\u00e9kkezel\u00e9shez, term\u00e9kk\u00f6vet\u00e9shez, param\u00e9terkezel\u00e9shez, k\u00e9zi m\u0171k\u00f6dtet\u00e9shez, riaszt\u00e1skezel\u00e9shez, adatr\u00f6gz\u00edt\u00e9shez<\/li>\n<li>\u00c9rint\u0151k\u00e9perny\u0151s HMI vez\u00e9rl\u0151panel<\/li>\n<li>Egyszer\u0171 programk\u00e9sz\u00edt\u00e9s a kopors\u00f3konfigur\u00e1torral<\/li>\n<li>Nagy t\u00e1rol\u00f3kapacit\u00e1s a szem\u00e9lyre szabott szerkeszt\u0151programokhoz<\/li>\n<li>Automatikus sz\u00f6g- \u00e9s hosszbe\u00e1ll\u00edt\u00e1s<\/li>\n<li>Meghib\u00e1sod\u00e1sok hibadiagn\u00f3zisa<\/li>\n<li>A hossz \u00e9s a horony magass\u00e1g\u00e1nak korrekci\u00f3ja k\u00fcl\u00f6nb\u00f6z\u0151 faanyagvastags\u00e1gok eset\u00e9n<\/li>\n<li>K\u00fcl\u00f6nb\u00f6z\u0151 programok v\u00e1g\u00e1sa egy fadarabb\u00f3l<\/li>\n<li>Vez\u00e9rl\u00e9si lehet\u0151s\u00e9gek\n<ul>\n<li>Interf\u00e9sz a termel\u00e9si adatok automatikus \u00e1tvitel\u00e9hez<\/li>\n<li>T\u00e1voli diagnosztikai \u00e9s t\u00e1voli karbantart\u00e1si megold\u00e1sok<\/li>\n<\/ul>\n<\/li>\n<\/ul>\n<p>IoT-platformvez\u00e9rl\u00e9s: A fel\u00fcgyeleti \u00e9s termel\u00e9si adatok gy\u0171jt\u00e9s\u00e9hez, valamint az upstream vagy downstream rendszerekkel val\u00f3 h\u00e1l\u00f3zatba kapcsol\u00e1shoz. Tov\u00e1bbi inform\u00e1ci\u00f3k a k\u00f6vetkez\u0151 c\u00edmen: <a href=\"https:\/\/www.digifai.com\/de\/control\/\" target=\"_blank\" rel=\"noopener\">control- digifai.<\/a>[\/vc_column_text][\/vc_tta_section][vc_tta_section title=&#8221;G\u00e9pi adatok&#8221; tab_id=&#8221;1740042968597-179ef6c6-9635&#8243;][vc_single_image image=&#8221;5748&#8243; img_size=&#8221;200*200&#8243; alignment=&#8221;center&#8221; onclick=&#8221;custom_link&#8221; css=&#8221;&#8221; link=&#8221;https:\/\/mbm.at\/wp-content\/uploads\/2025\/02\/Kantholzautomat-KHA2.png&#8221;][vc_column_text css=&#8221;&#8221;]<\/p>\n<ul>\n<li>Stabil hegesztett kialak\u00edt\u00e1s<\/li>\n<li>Hossz\u00fas\u00e1g: kb. 9 760 mm, kieg\u00e9sz\u00edt\u0151 modulokkal ak\u00e1r 14 000 mm-ig (alapg\u00e9p biztons\u00e1gi ker\u00edt\u00e9s n\u00e9lk\u00fcl)<\/li>\n<li>Sz\u00e9less\u00e9g: kb. 2.106 mm, kieg\u00e9sz\u00edt\u0151 modulokkal ak\u00e1r 4.600 mm-ig (alapg\u00e9p biztons\u00e1gi ker\u00edt\u00e9s n\u00e9lk\u00fcl)<\/li>\n<li>Magass\u00e1g: kb. 2,284 mm<\/li>\n<li>S\u00faly DAS-FL<\/li>\n<li>8,200 kg (alapg\u00e9p)<\/li>\n<li>Csatlakoztatott terhel\u00e9s: kb. 39 kW<\/li>\n<li>H\u00e1l\u00f3zati fesz\u00fclts\u00e9g 400 V \/ 50 Hz<\/li>\n<li>S\u0171r\u00edtett leveg\u0151ig\u00e9ny: kb. 3000 l\/min. a karbantart\u00f3 egys\u00e9gn\u00e9l <\/li>\n<li>\u00dczemi nyom\u00e1s: min. 6 bar t\u00falnyom\u00e1s <\/li>\n<li>Elsz\u00edv\u00e1si t\u00e9rfogat: kb. 5600 m\u00b3\/h 32 m\/s l\u00e9gsebess\u00e9gn\u00e9l<\/li>\n<li>A g\u00e9p k\u00f6rnyezeti h\u0151m\u00e9rs\u00e9klete: + 10\u00b0C \u00e9s + 40\u00b0C k\u00f6z\u00f6tt<\/li>\n<\/ul>\n<p>[\/vc_column_text][\/vc_tta_section][\/vc_tta_accordion][\/vc_column][\/vc_row]<\/p>\n<\/div>","protected":false},"excerpt":{"rendered":"<p>[vc_row][vc_column][vc_column_text css=&#8221;&#8221;] \u201e Dupla g\u00e9rv\u00e1g\u00f3f\u0171r\u00e9sz gy\u00e1rt\u00f3sor DAS-FL &nbsp; A DAS-FL gy\u00e1rt\u00f3sor egy olyan automatiz\u00e1lt megold\u00e1s, amelyet kifejezetten kopors\u00f3alkatr\u00e9szek ipari gy\u00e1rt\u00e1s\u00e1ra terveztek. Garant\u00e1lja a kopors\u00f3alkatr\u00e9szek h\u00e9zagmentes gy\u00e1rt\u00e1s\u00e1t pontosan illeszked\u0151 g\u00e9rdes sz\u00f6gekkel, ut\u00f3munka n\u00e9lk\u00fcl.[\/vc_column_text][\/vc_column][\/vc_row][vc_row][vc_column][vc_images_carousel images=&#8221;5700,5692,5684,5676,5668&#8243; img_size=&#8221;full&#8221; css=&#8221;&#8221;][\/vc_column][\/vc_row][vc_row][vc_column][vc_tta_accordion][vc_tta_section title=&#8221;Az \u00d6n el\u0151nye&#8221; tab_id=&#8221;1740042920269-5dabd637-c474&#8243;][vc_single_image image=&#8221;5758&#8243; img_size=&#8221;200*200&#8243; alignment=&#8221;center&#8221; onclick=&#8221;custom_link&#8221; css=&#8221;&#8221; link=&#8221;https:\/\/mbm.at\/wp-content\/uploads\/2024\/11\/Doppelgehrungssaege-B2.jpg&#8221;][vc_column_text css=&#8221;&#8221;] Hat\u00e9kony, automatikus m\u0171k\u00f6d\u00e9s: A teljes automatiz\u00e1l\u00e1s hat\u00e9konyabb munkafolyamatokat eredm\u00e9nyez [&hellip;]<\/p>\n","protected":false},"author":2,"featured_media":0,"parent":0,"menu_order":0,"comment_status":"closed","ping_status":"closed","template":"","meta":{"footnotes":""},"class_list":["post-4554","page","type-page","status-publish","hentry"],"_links":{"self":[{"href":"https:\/\/mbm.at\/hu\/wp-json\/wp\/v2\/pages\/4554","targetHints":{"allow":["GET"]}}],"collection":[{"href":"https:\/\/mbm.at\/hu\/wp-json\/wp\/v2\/pages"}],"about":[{"href":"https:\/\/mbm.at\/hu\/wp-json\/wp\/v2\/types\/page"}],"author":[{"embeddable":true,"href":"https:\/\/mbm.at\/hu\/wp-json\/wp\/v2\/users\/2"}],"replies":[{"embeddable":true,"href":"https:\/\/mbm.at\/hu\/wp-json\/wp\/v2\/comments?post=4554"}],"version-history":[{"count":25,"href":"https:\/\/mbm.at\/hu\/wp-json\/wp\/v2\/pages\/4554\/revisions"}],"predecessor-version":[{"id":5915,"href":"https:\/\/mbm.at\/hu\/wp-json\/wp\/v2\/pages\/4554\/revisions\/5915"}],"wp:attachment":[{"href":"https:\/\/mbm.at\/hu\/wp-json\/wp\/v2\/media?parent=4554"}],"curies":[{"name":"wp","href":"https:\/\/api.w.org\/{rel}","templated":true}]}}