{"id":4545,"date":"2024-11-19T15:13:11","date_gmt":"2024-11-19T14:13:11","guid":{"rendered":"https:\/\/mbm.at\/digitalizacios-megoldasok-a-koporsogyartashoz\/"},"modified":"2025-02-03T08:47:36","modified_gmt":"2025-02-03T07:47:36","slug":"digitalizacios-megoldasok-a-koporsogyartashoz","status":"publish","type":"page","link":"https:\/\/mbm.at\/hu\/digitalizacios-megoldasok-a-koporsogyartashoz\/","title":{"rendered":"Digitaliz\u00e1ci\u00f3s megold\u00e1sok a kopors\u00f3gy\u00e1rt\u00e1shoz"},"content":{"rendered":"<div class=\"wpb-content-wrapper\"><p>[vc_row][vc_column][vc_column_text css=&#8221;&#8221;]<strong>Kopors\u00f3 konfigur\u00e1tor<\/strong><\/p>\n<p>A kopors\u00f3konfigur\u00e1tor sz\u00e1mos el\u0151nyt k\u00edn\u00e1l, k\u00fcl\u00f6n\u00f6sen a term\u00e9kek testreszab\u00e1sa \u00e9s egy\u00e9nre szab\u00e1sa sor\u00e1n.<\/p>\n<p>A kopors\u00f3konfigur\u00e1tor haszn\u00e1lat\u00e1nak el\u0151nyei a kopors\u00f3gy\u00e1rt\u00e1sban a k\u00f6vetkez\u0151k:<\/p>\n<p><strong>A szerkeszt\u0151programok gyors adapt\u00e1l\u00e1sa<\/strong><\/p>\n<p>A v\u00e1g\u00e1sok el\u0151be\u00e1ll\u00edt\u00e1sai k\u00e9nyelmesen l\u00e9trehozhat\u00f3k egy webes fel\u00fcleten kereszt\u00fcl k\u00f6zvetlen\u00fcl a g\u00e9pen vagy t\u00e1voli hozz\u00e1f\u00e9r\u00e9sen kereszt\u00fcl az irod\u00e1ban. A v\u00e1g\u00e1si programok elmenthet\u0151k, m\u00f3dos\u00edthat\u00f3k \u00e9s \u00fajra felhaszn\u00e1lhat\u00f3k. <\/p>\n<p><strong> <\/strong><strong>Hat\u00e9kony term\u00e9k testreszab\u00e1s<\/strong><\/p>\n<p>A kopors\u00f3konfigur\u00e1tor lehet\u0151v\u00e9 teszi, hogy a term\u00e9keket \u00fcgyfelei egy\u00e9ni ig\u00e9nyei \u00e9s preferenci\u00e1i szerint alak\u00edtsa ki. Ez nagyobb vev\u0151i el\u00e9gedetts\u00e9ghez vezet, \u00e9s er\u0151s\u00edtheti a v\u00e1s\u00e1rl\u00f3i h\u0171s\u00e9get. <\/p>\n<p><strong> <\/strong><strong>Hibamegel\u0151z\u00e9s:<\/strong><br \/>A kopors\u00f3konfigur\u00e1tor biztos\u00edtja, hogy csak kompatibilis opci\u00f3kat lehet kiv\u00e1lasztani, cs\u00f6kkentve a hib\u00e1k, a hib\u00e1s gy\u00e1rt\u00e1s \u00e9s a hosszadalmas pr\u00f3bav\u00e1g\u00e1sok val\u00f3sz\u00edn\u0171s\u00e9g\u00e9t.<\/p>\n<p><strong> <\/strong><\/p>\n<p><a href=\"mailto:office@mbm.at\">&gt;&gt; Tov\u00e1bbi inform\u00e1ci\u00f3 vagy \u00e9rdekl\u0151d\u00e9s ind\u00edt\u00e1sa<\/a><\/p>\n<p><a href=\"mailto:office@mbm.at\">&gt;&gt; Ismerje meg a kopors\u00f3konfigur\u00e1tort online<\/a>[\/vc_column_text][\/vc_column][\/vc_row][vc_row][vc_column width=&#8221;1\/4&#8243;][vc_single_image image=&#8221;3624&#8243; img_size=&#8221;250*250&#8243; alignment=&#8221;center&#8221; onclick=&#8221;custom_link&#8221; css=&#8221;&#8221; link=&#8221;https:\/\/mbm.at\/wp-content\/uploads\/2024\/12\/Sargkonfigurator-1.png&#8221;][\/vc_column][vc_column width=&#8221;1\/4&#8243;][vc_single_image image=&#8221;3617&#8243; img_size=&#8221;250*250&#8243; alignment=&#8221;center&#8221; onclick=&#8221;custom_link&#8221; css=&#8221;&#8221; link=&#8221;https:\/\/mbm.at\/wp-content\/uploads\/2024\/12\/Sargkonfigurator-2.png&#8221;][\/vc_column][vc_column width=&#8221;1\/4&#8243;][vc_single_image image=&#8221;3610&#8243; img_size=&#8221;250*250&#8243; alignment=&#8221;center&#8221; onclick=&#8221;custom_link&#8221; css=&#8221;&#8221; link=&#8221;https:\/\/mbm.at\/wp-content\/uploads\/2024\/12\/Sargkonfigurator_3.jpg&#8221;][\/vc_column][vc_column width=&#8221;1\/4&#8243;][vc_single_image image=&#8221;3603&#8243; img_size=&#8221;250*250&#8243; alignment=&#8221;center&#8221; onclick=&#8221;custom_link&#8221; css=&#8221;&#8221; link=&#8221;https:\/\/mbm.at\/wp-content\/uploads\/2024\/12\/Sargkonfigurator_2.jpg&#8221;][\/vc_column][\/vc_row][vc_row][vc_column][vc_column_text css=&#8221;&#8221;]<strong>Ipari IoT platform vez\u00e9rl\u00e9se<\/strong><\/p>\n<p><strong> <\/strong>A <a href=\"https:\/\/www.digifai.com\/de\/control\/\" target=\"_blank\" rel=\"noopener\">control <\/a>abszol\u00fat kontrollt gyakorolhat a folyamatadatok felett. Az IoT-platformok, mint p\u00e9ld\u00e1ul a <a href=\"https:\/\/www.digifai.com\/de\/control\/\" target=\"_blank\" rel=\"noopener\">control<\/a>, sz\u00e1mos el\u0151nyt k\u00edn\u00e1lnak a v\u00e1llalatoknak, amelyek n\u00f6velhetik hat\u00e9konys\u00e1gukat \u00e9s versenyk\u00e9pess\u00e9g\u00fcket. <\/p>\n<p>Az al\u00e1bbi el\u0151ny\u00f6kkel j\u00e1r <a href=\"https:\/\/www.digifai.com\/de\/control\/\" target=\"_blank\" rel=\"noopener\">control<\/a> a kopors\u00f3k gy\u00e1rt\u00e1sa sor\u00e1n:<\/p>\n<p><strong> <\/strong><strong>A g\u00e9p \u00e9s a m\u0171k\u00f6d\u00e9si adatok hat\u00e9kony nyomon k\u00f6vet\u00e9se<\/strong><\/p>\n<p>A felhaszn\u00e1l\u00f3bar\u00e1t \u00e9s \u00e1ttekinthet\u0151 ir\u00e1ny\u00edt\u00e1s a m\u0171szerfalak \u00e9s a kedvencek funkci\u00f3 r\u00e9v\u00e9n biztos\u00edtja a gyors inform\u00e1ci\u00f3keres\u00e9st a d\u00f6nt\u00e9sekhez. A hat\u00e1r\u00e9rt\u00e9kekr\u0151l, esem\u00e9nyekr\u0151l vagy riaszt\u00e1sokr\u00f3l sz\u00f3l\u00f3 automatikus \u00e9rtes\u00edt\u00e9s garant\u00e1lja a gyors reag\u00e1l\u00e1st hiba eset\u00e9n. <\/p>\n<p><strong> <\/strong><strong>M\u0171k\u00f6d\u00e9si adatok, elemz\u00e9s \u00e9s jelent\u00e9st\u00e9tel<\/strong><\/p>\n<p>control r\u00f6gz\u00edti a g\u00e9padatokat, mint p\u00e9ld\u00e1ul a m\u0171k\u00f6d\u00e9s \u00e9s az \u00e1ll\u00e1sid\u0151, \u00e9s lehet\u0151v\u00e9 teszi a felhaszn\u00e1l\u00f3 sz\u00e1m\u00e1ra a termel\u00e9ssel kapcsolatos inform\u00e1ci\u00f3k, p\u00e9ld\u00e1ul a min\u0151s\u00e9ggel vagy a megrendel\u00e9ssel kapcsolatos adatok digit\u00e1lis r\u00f6gz\u00edt\u00e9s\u00e9t az\u00e1ltal, hogy azokat PDA-termin\u00e1lokon adja meg.<\/p>\n<p><strong> <\/strong><strong>Jobb d\u00f6nt\u00e9shozatal<\/strong><\/p>\n<p>Az adatok val\u00f3s idej\u0171 gy\u0171jt\u00e9s\u00e9vel \u00e9s elemz\u00e9s\u00e9vel a v\u00e1llalatok megalapozott d\u00f6nt\u00e9seket hozhatnak, \u00e9s gyorsabban reag\u00e1lhatnak a v\u00e1ltoz\u00e1sokra.<\/p>\n<p><strong> <\/strong><strong>\u00c1tl\u00e1that\u00f3s\u00e1g \u00e9s nyomon k\u00f6vethet\u0151s\u00e9g<\/strong><\/p>\n<p><a href=\"https:\/\/www.digifai.com\/de\/control\/\" target=\"_blank\" rel=\"noopener\">control<\/a> jobb \u00e1tl\u00e1that\u00f3s\u00e1got \u00e9s nyomon k\u00f6vethet\u0151s\u00e9get biztos\u00edt a gy\u00e1rt\u00e1si folyamatok sz\u00e1m\u00e1ra, ami jav\u00edtja a min\u0151s\u00e9gbiztos\u00edt\u00e1st \u00e9s a megfelel\u0151s\u00e9get.<\/p>\n<p><strong> <\/strong><strong>Fokozott biztons\u00e1g<\/strong><\/p>\n<p>Az IoT-platformok felhaszn\u00e1lhat\u00f3k a rendszerek \u00e9s folyamatok fel\u00fcgyelet\u00e9re \u00e9s biztos\u00edt\u00e1s\u00e1ra, ami cs\u00f6kkenti a balesetek, a biztons\u00e1gi incidensek \u00e9s a termel\u00e9s le\u00e1ll\u00e1s\u00e1nak kock\u00e1zat\u00e1t.<\/p>\n<p>&nbsp;<\/p>\n<p><a href=\"mailto:office@mbm.at\">&gt;&gt; Tov\u00e1bbi inform\u00e1ci\u00f3 vagy \u00e9rdekl\u0151d\u00e9s ind\u00edt\u00e1sa<\/a><\/p>\n<p><a href=\"https:\/\/www.digifai.com\/de\/\">&gt;&gt; Online demo hozz\u00e1f\u00e9r\u00e9s<\/a>[\/vc_column_text][\/vc_column][\/vc_row][vc_row][vc_column width=&#8221;1\/4&#8243;][vc_single_image image=&#8221;3720&#8243; img_size=&#8221;250*250&#8243; alignment=&#8221;center&#8221; onclick=&#8221;custom_link&#8221; css=&#8221;&#8221; link=&#8221;https:\/\/mbm.at\/wp-content\/uploads\/2024\/12\/control_tablet_9.png&#8221;][\/vc_column][vc_column width=&#8221;1\/4&#8243;][vc_single_image image=&#8221;3706&#8243; img_size=&#8221;250*250&#8243; alignment=&#8221;center&#8221; onclick=&#8221;custom_link&#8221; css=&#8221;&#8221; link=&#8221;https:\/\/mbm.at\/wp-content\/uploads\/2024\/12\/Sarg_control_5.jpg&#8221;][\/vc_column][vc_column width=&#8221;1\/4&#8243;][vc_single_image image=&#8221;3699&#8243; img_size=&#8221;250*250&#8243; alignment=&#8221;center&#8221; onclick=&#8221;custom_link&#8221; css=&#8221;&#8221; link=&#8221;https:\/\/mbm.at\/wp-content\/uploads\/2024\/12\/Sarg_control_3.jpg&#8221;][\/vc_column][vc_column width=&#8221;1\/4&#8243;][vc_single_image image=&#8221;3692&#8243; img_size=&#8221;250*250&#8243; alignment=&#8221;center&#8221; onclick=&#8221;custom_link&#8221; css=&#8221;&#8221; link=&#8221;https:\/\/mbm.at\/wp-content\/uploads\/2025\/01\/Sarg_control_4.jpg&#8221;][\/vc_column][\/vc_row][vc_row][vc_column][vc_column_text css=&#8221;&#8221;]<strong>Digit\u00e1lis ikertestv\u00e9r twin<\/strong><\/p>\n<p><strong> <\/strong>A szoftver <a href=\"https:\/\/www.digifai.com\/de\/twin\" target=\"_blank\" rel=\"noopener\">twin<\/a> l\u00e9trehoz egy digit\u00e1lis ikert. Ez lehet\u0151v\u00e9 teszi, hogy tesztelje a rendszer vez\u00e9rl\u00e9s\u00e9t, miel\u0151tt a g\u00e9p \u00fczembe helyezn\u00e9 a g\u00e9pet. Amikor pedig a g\u00e9p m\u00e1r m\u0171k\u00f6dik, az ikertestv\u00e9r 3D-s felhaszn\u00e1l\u00f3i fel\u00fcletk\u00e9nt \u00e9l tov\u00e1bb.  <\/p>\n<p>Az ipari k\u00e9pfeldolgoz\u00e1s alkalmaz\u00e1s\u00e1nak el\u0151nyei a kopors\u00f3gy\u00e1rt\u00e1sban a k\u00f6vetkez\u0151k:<\/p>\n<p><strong> <\/strong><strong>Vez\u00e9rl\u0151szoftver fejleszt\u00e9se \u00e9s tesztel\u00e9se a digit\u00e1lis ikertestv\u00e9ren<\/strong><\/p>\n<p>A szimul\u00e1ci\u00f3s szoftverrel <a href=\"https:\/\/www.digifai.com\/de\/twin\" target=\"_blank\" rel=\"noopener\">twin<\/a> a vez\u00e9rl\u0151rendszerek \u00f6sszes alkatr\u00e9sz\u00e9t tesztelheti an\u00e9lk\u00fcl, hogy val\u00f3di g\u00e9pre lenne sz\u00fcks\u00e9ge. Mechanikai alkatr\u00e9szek, m\u0171k\u00f6dtet\u0151 elemek \u00e9s \u00e9rz\u00e9kel\u0151k &#8211; mind digit\u00e1lisan \u00e9s 3D-ben. <\/p>\n<p><strong> <\/strong><strong>Optimaliz\u00e1lja a folyamatokat \u00e9s minimaliz\u00e1lja a kock\u00e1zatot a val\u00f3s\u00e1gh\u0171 fizikai szimul\u00e1ci\u00f3nak k\u00f6sz\u00f6nhet\u0151en.<\/strong><\/p>\n<p>A <a href=\"https:\/\/www.digifai.com\/de\/twin\" target=\"_blank\" rel=\"noopener\">twin<\/a> seg\u00edts\u00e9g\u00e9vel a g\u00e9pek \u00e9s rendszerek viselked\u00e9se teljes m\u00e9rt\u00e9kben 3D-ben szimul\u00e1lhat\u00f3, a leg\u00fajabb fizikai szimul\u00e1ci\u00f3nak k\u00f6sz\u00f6nhet\u0151en anyag\u00e1raml\u00e1ssal, ciklusid\u0151vel \u00e9s \u00fctk\u00f6z\u00e9sekkel. Az optimaliz\u00e1l\u00e1sok kock\u00e1zat \u00e9s \u00e1ll\u00e1sid\u0151 n\u00e9lk\u00fcl tesztelhet\u0151k a digit\u00e1lis ikerp\u00e1ron a val\u00f3di g\u00e9pen vagy az \u00faj g\u00e9pek \u00fczembe helyez\u00e9se sor\u00e1n. <\/p>\n<p><strong>Az \u00f6tlett\u0151l a virtu\u00e1lis megb\u00edz\u00e1sig \u00e9s azon t\u00fal<\/strong><\/p>\n<p>Ezut\u00e1n a virtu\u00e1lis g\u00e9p intelligens 3D HMI-k\u00e9nt \u00e9l tov\u00e1bb a val\u00f3s g\u00e9pen. A val\u00f3s g\u00e9p teljes k\u00e9pe a kezel\u0151fel\u00fcleten cs\u00f6kkenti a kezel\u00e9si hib\u00e1kat \u00e9s megk\u00f6nny\u00edti a hib\u00e1k elemz\u00e9s\u00e9t. <\/p>\n<p>&nbsp;<\/p>\n<p><a href=\"mailto:office@mbm.at\">&gt;&gt; Tov\u00e1bbi inform\u00e1ci\u00f3 vagy \u00e9rdekl\u0151d\u00e9s ind\u00edt\u00e1sa<\/a>[\/vc_column_text][\/vc_column][\/vc_row][vc_row][vc_column width=&#8221;1\/3&#8243;][vc_single_image image=&#8221;3742&#8243; img_size=&#8221;250*250&#8243; alignment=&#8221;center&#8221; onclick=&#8221;custom_link&#8221; css=&#8221;&#8221; link=&#8221;https:\/\/mbm.at\/wp-content\/uploads\/2024\/12\/twin_1.png&#8221;][\/vc_column][vc_column width=&#8221;1\/3&#8243;][vc_single_image image=&#8221;3749&#8243; img_size=&#8221;250*250&#8243; alignment=&#8221;center&#8221; onclick=&#8221;custom_link&#8221; css=&#8221;&#8221; link=&#8221;https:\/\/mbm.at\/wp-content\/uploads\/2024\/12\/1024_1024_3d_hmi_interface-1-900&#215;675-1.jpg&#8221;][\/vc_column][vc_column width=&#8221;1\/3&#8243;][vc_single_image image=&#8221;3756&#8243; img_size=&#8221;250*250&#8243; alignment=&#8221;center&#8221; onclick=&#8221;custom_link&#8221; css=&#8221;&#8221; link=&#8221;https:\/\/mbm.at\/wp-content\/uploads\/2024\/12\/Techniker-mit-V3S-768&#215;576-2.jpg&#8221;][\/vc_column][\/vc_row]<\/p>\n<\/div>","protected":false},"excerpt":{"rendered":"<p>[vc_row][vc_column][vc_column_text css=&#8221;&#8221;]Kopors\u00f3 konfigur\u00e1tor A kopors\u00f3konfigur\u00e1tor sz\u00e1mos el\u0151nyt k\u00edn\u00e1l, k\u00fcl\u00f6n\u00f6sen a term\u00e9kek testreszab\u00e1sa \u00e9s egy\u00e9nre szab\u00e1sa sor\u00e1n. A kopors\u00f3konfigur\u00e1tor haszn\u00e1lat\u00e1nak el\u0151nyei a kopors\u00f3gy\u00e1rt\u00e1sban a k\u00f6vetkez\u0151k: A szerkeszt\u0151programok gyors adapt\u00e1l\u00e1sa A v\u00e1g\u00e1sok el\u0151be\u00e1ll\u00edt\u00e1sai k\u00e9nyelmesen l\u00e9trehozhat\u00f3k egy webes fel\u00fcleten kereszt\u00fcl k\u00f6zvetlen\u00fcl a g\u00e9pen vagy t\u00e1voli hozz\u00e1f\u00e9r\u00e9sen kereszt\u00fcl az irod\u00e1ban. A v\u00e1g\u00e1si programok elmenthet\u0151k, m\u00f3dos\u00edthat\u00f3k \u00e9s \u00fajra felhaszn\u00e1lhat\u00f3k. Hat\u00e9kony [&hellip;]<\/p>\n","protected":false},"author":2,"featured_media":0,"parent":0,"menu_order":0,"comment_status":"closed","ping_status":"closed","template":"","meta":{"footnotes":""},"class_list":["post-4545","page","type-page","status-publish","hentry"],"_links":{"self":[{"href":"https:\/\/mbm.at\/hu\/wp-json\/wp\/v2\/pages\/4545","targetHints":{"allow":["GET"]}}],"collection":[{"href":"https:\/\/mbm.at\/hu\/wp-json\/wp\/v2\/pages"}],"about":[{"href":"https:\/\/mbm.at\/hu\/wp-json\/wp\/v2\/types\/page"}],"author":[{"embeddable":true,"href":"https:\/\/mbm.at\/hu\/wp-json\/wp\/v2\/users\/2"}],"replies":[{"embeddable":true,"href":"https:\/\/mbm.at\/hu\/wp-json\/wp\/v2\/comments?post=4545"}],"version-history":[{"count":7,"href":"https:\/\/mbm.at\/hu\/wp-json\/wp\/v2\/pages\/4545\/revisions"}],"predecessor-version":[{"id":4956,"href":"https:\/\/mbm.at\/hu\/wp-json\/wp\/v2\/pages\/4545\/revisions\/4956"}],"wp:attachment":[{"href":"https:\/\/mbm.at\/hu\/wp-json\/wp\/v2\/media?parent=4545"}],"curies":[{"name":"wp","href":"https:\/\/api.w.org\/{rel}","templated":true}]}}