{"id":4543,"date":"2024-11-05T12:42:56","date_gmt":"2024-11-05T11:42:56","guid":{"rendered":"https:\/\/mbm.at\/adatvedelmi-szabalyzat\/"},"modified":"2025-01-29T15:59:52","modified_gmt":"2025-01-29T14:59:52","slug":"adatvedelmi-szabalyzat","status":"publish","type":"page","link":"https:\/\/mbm.at\/hu\/adatvedelmi-szabalyzat\/","title":{"rendered":"Adatv\u00e9delmi szab\u00e1lyzat"},"content":{"rendered":"<div class=\"wpb-content-wrapper\"><p>[vc_row][vc_column][vc_column_text css=&#8221;&#8221;]<\/p>\n<h4>Nyilatkozat a t\u00e1j\u00e9koztat\u00e1si k\u00f6telezetts\u00e9gr\u0151l (adatv\u00e9delmi politika)<\/h4>\n<p>Az \u00d6n szem\u00e9lyes adatainak v\u00e9delme k\u00fcl\u00f6n\u00f6sen fontos sz\u00e1munkra. Ez\u00e9rt az \u00d6n adatait kiz\u00e1r\u00f3lag a t\u00f6rv\u00e9nyi rendelkez\u00e9sek (GDPR, TKG 2003) alapj\u00e1n kezelj\u00fck. Ebben az adatv\u00e9delmi t\u00e1j\u00e9koztat\u00f3ban t\u00e1j\u00e9koztatjuk \u00d6nt a honlapunkon t\u00f6rt\u00e9n\u0151 adatkezel\u00e9s legfontosabb szempontjair\u00f3l.  <\/p>\n<h4>Kapcsolatfelv\u00e9tel vel\u00fcnk<\/h4>\n<p>Ha a weboldalon tal\u00e1lhat\u00f3 \u0171rlapon vagy e-mailben l\u00e9p kapcsolatba vel\u00fcnk, az \u00d6n \u00e1ltal megadott adatokat hat h\u00f3napig t\u00e1roljuk a megkeres\u00e9s feldolgoz\u00e1sa c\u00e9lj\u00e1b\u00f3l, valamint a tov\u00e1bbi k\u00e9rd\u00e9sek eset\u00e9n. Ezeket az adatokat az \u00d6n hozz\u00e1j\u00e1rul\u00e1sa n\u00e9lk\u00fcl nem adjuk tov\u00e1bb. <\/p>\n<h4>Adatt\u00e1rol\u00e1s a webshopban<\/h4>\n<p>Szeretn\u00e9nk felh\u00edvni a figyelmet arra, hogy a kapcsolat tulajdonos\u00e1nak IP-adatait, valamint a v\u00e1s\u00e1rl\u00f3 nev\u00e9t, c\u00edm\u00e9t \u00e9s hitelk\u00e1rtyasz\u00e1m\u00e1t s\u00fctik keret\u00e9ben t\u00e1roljuk a v\u00e1s\u00e1rl\u00e1si folyamat egyszer\u0171s\u00edt\u00e9se \u00e9s a k\u00e9s\u0151bbi szerz\u0151d\u00e9sfeldolgoz\u00e1s c\u00e9lj\u00e1b\u00f3l.<\/p>\n<p>Az \u00d6n \u00e1ltal megadott adatokra a szerz\u0151d\u00e9s teljes\u00edt\u00e9s\u00e9hez vagy a szerz\u0151d\u00e9sk\u00f6t\u00e9st megel\u0151z\u0151 int\u00e9zked\u00e9sek v\u00e9grehajt\u00e1s\u00e1hoz van sz\u00fcks\u00e9g. Ezen adatok n\u00e9lk\u00fcl nem tudunk szerz\u0151d\u00e9st k\u00f6tni \u00d6nnel. Az adatokat nem adjuk \u00e1t harmadik f\u00e9lnek, kiv\u00e9ve a hitelk\u00e1rtyaadatok \u00e1tad\u00e1s\u00e1t a feldolgoz\u00f3 banknak\/fizet\u00e9si szolg\u00e1ltat\u00f3nak a v\u00e9tel\u00e1r megterhel\u00e9se c\u00e9lj\u00e1b\u00f3l, az \u00e1ltalunk megb\u00edzott sz\u00e1ll\u00edtm\u00e1nyoz\u00f3 c\u00e9gnek\/sz\u00e1ll\u00edt\u00f3 c\u00e9gnek az \u00e1ru kisz\u00e1ll\u00edt\u00e1s\u00e1ra, valamint az ad\u00f3tan\u00e1csad\u00f3nknak az ad\u00f3k\u00f6telezetts\u00e9geink teljes\u00edt\u00e9se c\u00e9lj\u00e1b\u00f3l.  <\/p>\n<p>A v\u00e1s\u00e1rl\u00e1si folyamat t\u00f6rl\u00e9se ut\u00e1n az \u00e1ltalunk t\u00e1rolt adatokat t\u00f6r\u00f6lj\u00fck. Szerz\u0151d\u00e9s megk\u00f6t\u00e9se eset\u00e9n a szerz\u0151d\u00e9ses kapcsolatb\u00f3l sz\u00e1rmaz\u00f3 \u00f6sszes adatot az ad\u00f3meg\u0151rz\u00e9si id\u0151szak lej\u00e1rt\u00e1ig (7 \u00e9v) t\u00e1roljuk. <\/p>\n<p>A n\u00e9v, a c\u00edm, a v\u00e1s\u00e1rolt \u00e1ru \u00e9s a v\u00e1s\u00e1rl\u00e1s d\u00e1tuma szint\u00e9n a term\u00e9kfelel\u0151ss\u00e9g lej\u00e1rt\u00e1ig (10 \u00e9v) t\u00e1rol\u00e1sra ker\u00fcl. Az adatfeldolgoz\u00e1s a TKG 96. \u00a7 (3) bekezd\u00e9s\u00e9nek \u00e9s a GDPR 6. cikk (1) bekezd\u00e9s\u00e9nek a) pontja (hozz\u00e1j\u00e1rul\u00e1s) \u00e9s\/vagy b) pontja (szerz\u0151d\u00e9s teljes\u00edt\u00e9s\u00e9hez sz\u00fcks\u00e9ges) jogi rendelkez\u00e9sei alapj\u00e1n t\u00f6rt\u00e9nik. <\/p>\n<h4>Cookies<\/h4>\n<p>Weboldalunk \u00fagynevezett s\u00fctiket haszn\u00e1l. Ezek olyan kis sz\u00f6veges f\u00e1jlok, amelyeket a b\u00f6ng\u00e9sz\u0151 seg\u00edts\u00e9g\u00e9vel t\u00e1rolunk az \u00d6n v\u00e9gberendez\u00e9s\u00e9n. Nem okoznak semmilyen k\u00e1rt.  <\/p>\n<p>S\u00fctiket haszn\u00e1lunk, hogy weboldalunkat felhaszn\u00e1l\u00f3bar\u00e1tabb\u00e1 tegy\u00fck. Egyes s\u00fctik az \u00d6n v\u00e9gberendez\u00e9s\u00e9n t\u00e1rolva maradnak, am\u00edg \u00d6n nem t\u00f6rli \u0151ket. Ezek lehet\u0151v\u00e9 teszik sz\u00e1munkra, hogy a k\u00f6vetkez\u0151 l\u00e1togat\u00e1skor felismerj\u00fck a b\u00f6ng\u00e9sz\u0151j\u00e9t.  <\/p>\n<p>Ha ezt nem szeretn\u00e9, be\u00e1ll\u00edthatja b\u00f6ng\u00e9sz\u0151j\u00e9t \u00fagy, hogy az t\u00e1j\u00e9koztassa \u00d6nt a s\u00fctik be\u00e1ll\u00edt\u00e1s\u00e1r\u00f3l, \u00e9s csak egyedi esetekben enged\u00e9lyezze azt.<\/p>\n<p>A s\u00fctik kikapcsol\u00e1sa eset\u00e9n weboldalunk m\u0171k\u00f6d\u00e9se korl\u00e1toz\u00f3dhat.<\/p>\n<h4>Webes elemz\u00e9s<\/h4>\n<p>Weboldalunk webelemz\u0151 funkci\u00f3kat haszn\u00e1l. Erre a c\u00e9lra s\u00fctiket haszn\u00e1lunk, amelyek lehet\u0151v\u00e9 teszik a weboldal haszn\u00e1lat\u00e1nak elemz\u00e9s\u00e9t. Az \u00edgy keletkezett inform\u00e1ci\u00f3kat szervereken t\u00e1roljuk.  <\/p>\n<p>Ezt megakad\u00e1lyozhatja, ha \u00fagy \u00e1ll\u00edtja be a b\u00f6ng\u00e9sz\u0151j\u00e9t, hogy ne t\u00e1rolja a s\u00fctiket.<\/p>\n<h4>H\u00edrlev\u00e9l<\/h4>\n<p>Lehet\u0151s\u00e9ge van h\u00edrlevel\u00fcnkre feliratkozni a weboldalunkon kereszt\u00fcl. Ehhez sz\u00fcks\u00e9g\u00fcnk van az \u00d6n e-mail c\u00edm\u00e9re \u00e9s nyilatkozat\u00e1ra, hogy beleegyezik a h\u00edrlev\u00e9l k\u00fcld\u00e9s\u00e9be. <\/p>\n<p>Annak \u00e9rdek\u00e9ben, hogy c\u00e9lzott inform\u00e1ci\u00f3kat ny\u00fajthassunk \u00d6nnek, az \u00e9rdekl\u0151d\u00e9si ter\u00fcletekre vonatkoz\u00f3an \u00f6nk\u00e9ntesen megadott inform\u00e1ci\u00f3kat is gy\u0171jt\u00fcnk \u00e9s feldolgozunk.<\/p>\n<p>Amint feliratkozott a h\u00edrlev\u00e9lre, k\u00fcld\u00fcnk \u00d6nnek egy visszaigazol\u00f3 e-mailt egy linkkel, amellyel meger\u0151s\u00edtheti feliratkoz\u00e1s\u00e1t.<\/p>\n<p>A h\u00edrlev\u00e9lre val\u00f3 feliratkoz\u00e1s\u00e1t b\u00e1rmikor lemondhatja. Ebb\u0151l a c\u00e9lb\u00f3l minden h\u00edrlev\u00e9l v\u00e9g\u00e9n egy linket k\u00fcld\u00fcnk, amely seg\u00edts\u00e9g\u00e9vel lemondhatja a feliratkoz\u00e1st. <\/p>\n<h4>Az \u00d6n jogai<\/h4>\n<p>Elvben \u00d6nt megilleti a t\u00e1j\u00e9koztat\u00e1shoz, a helyesb\u00edt\u00e9shez, a t\u00f6rl\u00e9shez, a korl\u00e1toz\u00e1shoz, az adathordozhat\u00f3s\u00e1ghoz, a t\u00f6rl\u00e9shez \u00e9s a tiltakoz\u00e1shoz val\u00f3 jog. Ha \u00fagy v\u00e9li, hogy adatainak feldolgoz\u00e1sa s\u00e9rti az adatv\u00e9delmi t\u00f6rv\u00e9nyt, vagy adatv\u00e9delmi jogai m\u00e1s m\u00f3don s\u00e9r\u00fcltek, panaszt tehet a fel\u00fcgyeleti hat\u00f3s\u00e1gn\u00e1l. Ausztri\u00e1ban ez az adatv\u00e9delmi hat\u00f3s\u00e1g.[\/vc_column_text][\/vc_column][\/vc_row]<\/p>\n<\/div>","protected":false},"excerpt":{"rendered":"<p>[vc_row][vc_column][vc_column_text css=&#8221;&#8221;] Nyilatkozat a t\u00e1j\u00e9koztat\u00e1si k\u00f6telezetts\u00e9gr\u0151l (adatv\u00e9delmi politika) Az \u00d6n szem\u00e9lyes adatainak v\u00e9delme k\u00fcl\u00f6n\u00f6sen fontos sz\u00e1munkra. Ez\u00e9rt az \u00d6n adatait kiz\u00e1r\u00f3lag a t\u00f6rv\u00e9nyi rendelkez\u00e9sek (GDPR, TKG 2003) alapj\u00e1n kezelj\u00fck. Ebben az adatv\u00e9delmi t\u00e1j\u00e9koztat\u00f3ban t\u00e1j\u00e9koztatjuk \u00d6nt a honlapunkon t\u00f6rt\u00e9n\u0151 adatkezel\u00e9s legfontosabb szempontjair\u00f3l. Kapcsolatfelv\u00e9tel vel\u00fcnk Ha a weboldalon tal\u00e1lhat\u00f3 \u0171rlapon vagy e-mailben l\u00e9p kapcsolatba vel\u00fcnk, az \u00d6n [&hellip;]<\/p>\n","protected":false},"author":1,"featured_media":0,"parent":0,"menu_order":0,"comment_status":"closed","ping_status":"open","template":"","meta":{"footnotes":""},"class_list":["post-4543","page","type-page","status-publish","hentry"],"_links":{"self":[{"href":"https:\/\/mbm.at\/hu\/wp-json\/wp\/v2\/pages\/4543","targetHints":{"allow":["GET"]}}],"collection":[{"href":"https:\/\/mbm.at\/hu\/wp-json\/wp\/v2\/pages"}],"about":[{"href":"https:\/\/mbm.at\/hu\/wp-json\/wp\/v2\/types\/page"}],"author":[{"embeddable":true,"href":"https:\/\/mbm.at\/hu\/wp-json\/wp\/v2\/users\/1"}],"replies":[{"embeddable":true,"href":"https:\/\/mbm.at\/hu\/wp-json\/wp\/v2\/comments?post=4543"}],"version-history":[{"count":1,"href":"https:\/\/mbm.at\/hu\/wp-json\/wp\/v2\/pages\/4543\/revisions"}],"predecessor-version":[{"id":4544,"href":"https:\/\/mbm.at\/hu\/wp-json\/wp\/v2\/pages\/4543\/revisions\/4544"}],"wp:attachment":[{"href":"https:\/\/mbm.at\/hu\/wp-json\/wp\/v2\/media?parent=4543"}],"curies":[{"name":"wp","href":"https:\/\/api.w.org\/{rel}","templated":true}]}}