{"id":4534,"date":"2024-11-19T15:12:35","date_gmt":"2024-11-19T14:12:35","guid":{"rendered":"https:\/\/mbm.at\/automatizalas-a-koporsogyartashoz\/"},"modified":"2025-01-29T14:59:28","modified_gmt":"2025-01-29T13:59:28","slug":"automatizalas-a-koporsogyartashoz","status":"publish","type":"page","link":"https:\/\/mbm.at\/hu\/automatizalas-a-koporsogyartashoz\/","title":{"rendered":"Automatiz\u00e1l\u00e1s a kopors\u00f3gy\u00e1rt\u00e1shoz"},"content":{"rendered":"<div class=\"wpb-content-wrapper\"><p>[vc_row][vc_column][vc_column_text css=&#8221;&#8221;]<strong>Robot automatiz\u00e1l\u00e1s<\/strong><\/p>\n<p>A robotokat egyre gyakrabban alkalmazz\u00e1k a gy\u00e1rt\u00e1s k\u00fcl\u00f6nb\u00f6z\u0151 ter\u00fcletein, \u00edgy a kopors\u00f3gy\u00e1rt\u00e1sban is. Ezek a robotok haszn\u00e1lhat\u00f3k a g\u00e9pbet\u00f6lt\u00e9shez, vagy olyan feladatokat v\u00e9gezhetnek, mint a kopors\u00f3k csiszol\u00e1sa vagy mar\u00e1sa, ami n\u00f6veli a hat\u00e9konys\u00e1got \u00e9s a pontoss\u00e1got. <\/p>\n<p>A robotok kopors\u00f3gy\u00e1rt\u00e1sban val\u00f3 alkalmaz\u00e1s\u00e1nak el\u0151nyei a k\u00f6vetkez\u0151k:<\/p>\n<p><strong>Precizit\u00e1s:<\/strong><\/p>\n<p>A robotok nagy pontoss\u00e1ggal tudnak dolgozni, ami jav\u00edtja a v\u00e9gterm\u00e9kek min\u0151s\u00e9g\u00e9t.<\/p>\n<p><strong> <\/strong><strong>Hat\u00e9konys\u00e1g:<\/strong><\/p>\n<p>Az automatiz\u00e1lt folyamatok gyorsabban \u00e9s kevesebb hib\u00e1val v\u00e9gezhet\u0151k el.<\/p>\n<p><strong> <\/strong><strong>Biztons\u00e1g:<\/strong><\/p>\n<p>A robotok vesz\u00e9lyes vagy fizikailag megterhel\u0151 feladatokat is el tudnak v\u00e9gezni, ami n\u00f6veli a munkav\u00e1llal\u00f3k biztons\u00e1g\u00e1t.<\/p>\n<ul>\n<li><strong>Robot g\u00e9pbet\u00f6lt\u00e9shez<\/strong><\/li>\n<li><strong>Raklapoz\u00f3 \u00e9s rakod\u00f3 robotok<\/strong><\/li>\n<li><strong>Robotcsiszol\u00e1s<\/strong><\/li>\n<li><strong>A robotok beleny\u00falnak a dobozba \u00e9s sz\u00e9tv\u00e1lasztj\u00e1k az \u00f6mlesztett \u00e1rukat <\/strong><\/li>\n<li><strong>Robotok \u00e9s emberek csapatban dolgoznak<\/strong><\/li>\n<li><strong>Auton\u00f3m vezet\u0151 n\u00e9lk\u00fcli k\u00f6zleked\u00e9si robotok<\/strong><\/li>\n<li><strong>CNC robot<\/strong><\/li>\n<li><strong>Robot Pick &amp; Place<\/strong><\/li>\n<\/ul>\n<p><strong> <\/strong><\/p>\n<p><a href=\"mailto:office@mbm.at\">&gt;&gt; Tov\u00e1bbi inform\u00e1ci\u00f3 vagy \u00e9rdekl\u0151d\u00e9s ind\u00edt\u00e1sa<\/a>[\/vc_column_text][\/vc_column][\/vc_row][vc_row][vc_column width=&#8221;1\/4&#8243;][vc_single_image image=&#8221;3684&#8243; img_size=&#8221;250*250&#8243; alignment=&#8221;center&#8221; onclick=&#8221;custom_link&#8221; css=&#8221;&#8221; link=&#8221;https:\/\/mbm.at\/wp-content\/uploads\/2024\/12\/20170614_160312_001-scaled.jpg&#8221;][\/vc_column][vc_column width=&#8221;1\/4&#8243;][vc_single_image image=&#8221;3663&#8243; img_size=&#8221;250*250&#8243; alignment=&#8221;center&#8221; onclick=&#8221;custom_link&#8221; css=&#8221;&#8221; link=&#8221;https:\/\/mbm.at\/wp-content\/uploads\/2024\/12\/Griff_in_die_Kiste_20240229.png&#8221;][\/vc_column][vc_column width=&#8221;1\/4&#8243;][vc_single_image image=&#8221;3677&#8243; img_size=&#8221;250*250&#8243; alignment=&#8221;center&#8221; onclick=&#8221;custom_link&#8221; css=&#8221;&#8221; link=&#8221;https:\/\/mbm.at\/wp-content\/uploads\/2024\/12\/20240626_kollaborative_Leichtbauroboter.png&#8221;][\/vc_column][vc_column width=&#8221;1\/4&#8243;][vc_single_image image=&#8221;3670&#8243; img_size=&#8221;250*250&#8243; alignment=&#8221;center&#8221; onclick=&#8221;custom_link&#8221; css=&#8221;&#8221; link=&#8221;https:\/\/mbm.at\/wp-content\/uploads\/2024\/12\/20190716_114538.jpg&#8221;][\/vc_column][\/vc_row][vc_row][vc_column][vc_column_text css=&#8221;&#8221;]<strong>Ipari k\u00e9pfeldolgoz\u00e1s<\/strong><\/p>\n<p><strong> <\/strong>A g\u00e9pi l\u00e1t\u00e1s a modern gy\u00e1rt\u00e1s kulcsfontoss\u00e1g\u00fa technol\u00f3gi\u00e1ja. Fejlett kamer\u00e1kat \u00e9s algoritmusokat haszn\u00e1l a vizu\u00e1lis adatok r\u00f6gz\u00edt\u00e9s\u00e9re \u00e9s elemz\u00e9s\u00e9re, \u00e9s fontos szerepet j\u00e1tszik a kopors\u00f3gy\u00e1rt\u00e1sban is. <\/p>\n<p>Az ipari k\u00e9pfeldolgoz\u00e1s alkalmaz\u00e1s\u00e1nak el\u0151nyei a kopors\u00f3gy\u00e1rt\u00e1sban a k\u00f6vetkez\u0151k:<\/p>\n<p><strong> <\/strong><strong>Jav\u00edtott term\u00e9kmin\u0151s\u00e9g:<\/strong><\/p>\n<p>A k\u00e9pfeldolgoz\u00f3 rendszerek k\u00e9pesek ellen\u0151rizni a kopors\u00f3k fel\u00fclet\u00e9t olyan hib\u00e1k, mint a karcol\u00e1sok, reped\u00e9sek vagy sz\u00ednelt\u00e9r\u00e9sek tekintet\u00e9ben. Ez biztos\u00edtja, hogy csak hib\u00e1tlan term\u00e9kek ker\u00fcljenek a v\u00e1s\u00e1rl\u00f3khoz. A hib\u00e1k automatikus vizsg\u00e1lat\u00e1val \u00e9s felismer\u00e9s\u00e9vel a term\u00e9kek nagy pontoss\u00e1ggal ellen\u0151rizhet\u0151k, ami n\u00f6veli a min\u0151s\u00e9get \u00e9s cs\u00f6kkenti a hullad\u00e9kot.  <\/p>\n<p><strong>M\u00e9retpontoss\u00e1g:<\/strong><\/p>\n<p>Kamer\u00e1k \u00e9s \u00e9rz\u00e9kel\u0151k seg\u00edts\u00e9g\u00e9vel a kopors\u00f3k m\u00e9retei pontosan m\u00e9rhet\u0151k \u00e9s ellen\u0151rizhet\u0151k, hogy megfelelnek-e az el\u0151\u00edr\u00e1soknak.<\/p>\n<p><strong>Automatiz\u00e1l\u00e1s:<\/strong><\/p>\n<p>A g\u00e9pi l\u00e1t\u00e1s lehet\u0151v\u00e9 teszi sz\u00e1mos k\u00e9zi ellen\u0151rz\u00e9si folyamat automatiz\u00e1l\u00e1s\u00e1t, n\u00f6velve a hat\u00e9konys\u00e1got \u00e9s cs\u00f6kkentve az emberi hib\u00e1k sz\u00e1m\u00e1t.<\/p>\n<p>Ezek a technol\u00f3gi\u00e1k hozz\u00e1j\u00e1rulnak a gy\u00e1rt\u00e1si min\u0151s\u00e9g jav\u00edt\u00e1s\u00e1hoz \u00e9s a kopors\u00f3gy\u00e1rt\u00e1s hat\u00e9konys\u00e1g\u00e1nak n\u00f6vel\u00e9s\u00e9hez.<\/p>\n<ul>\n<li><strong>Fel\u00fcleti ellen\u0151rz\u00e9s<\/strong><\/li>\n<li><strong>Csom\u00f3lyuk \u00e9rz\u00e9kel\u00e9s<\/strong><\/li>\n<li><strong>Objektum m\u00e9r\u00e9s<\/strong><\/li>\n<\/ul>\n<p><a href=\"mailto:office@mbm.at\"> &gt;&gt; Tov\u00e1bbi inform\u00e1ci\u00f3 vagy \u00e9rdekl\u0151d\u00e9s ind\u00edt\u00e1sa<\/a>[\/vc_column_text][\/vc_column][\/vc_row][vc_row][vc_column width=&#8221;1\/4&#8243;][vc_single_image image=&#8221;3653&#8243; img_size=&#8221;250*250&#8243; alignment=&#8221;center&#8221; onclick=&#8221;custom_link&#8221; css=&#8221;&#8221; link=&#8221;https:\/\/mbm.at\/wp-content\/uploads\/2024\/12\/BP_Griff_in_die_Kiste.png&#8221;][\/vc_column][vc_column width=&#8221;1\/4&#8243;][vc_single_image image=&#8221;3646&#8243; img_size=&#8221;250*250&#8243; alignment=&#8221;center&#8221; onclick=&#8221;custom_link&#8221; css=&#8221;&#8221; link=&#8221;https:\/\/mbm.at\/wp-content\/uploads\/2024\/12\/20190417_112348_mit_Strahlen-scaled.jpg&#8221;][\/vc_column][vc_column width=&#8221;1\/4&#8243;][vc_single_image image=&#8221;3639&#8243; img_size=&#8221;250*250&#8243; alignment=&#8221;center&#8221; onclick=&#8221;custom_link&#8221; css=&#8221;&#8221; link=&#8221;https:\/\/mbm.at\/wp-content\/uploads\/2024\/12\/IMG_0170-scaled.jpg&#8221;][\/vc_column][vc_column width=&#8221;1\/4&#8243;][vc_single_image image=&#8221;3632&#8243; img_size=&#8221;250*250&#8243; alignment=&#8221;center&#8221; onclick=&#8221;custom_link&#8221; css=&#8221;&#8221; link=&#8221;https:\/\/mbm.at\/wp-content\/uploads\/2024\/12\/2.png&#8221;][\/vc_column][\/vc_row]<\/p>\n<\/div>","protected":false},"excerpt":{"rendered":"<p>[vc_row][vc_column][vc_column_text css=&#8221;&#8221;]Robot automatiz\u00e1l\u00e1s A robotokat egyre gyakrabban alkalmazz\u00e1k a gy\u00e1rt\u00e1s k\u00fcl\u00f6nb\u00f6z\u0151 ter\u00fcletein, \u00edgy a kopors\u00f3gy\u00e1rt\u00e1sban is. Ezek a robotok haszn\u00e1lhat\u00f3k a g\u00e9pbet\u00f6lt\u00e9shez, vagy olyan feladatokat v\u00e9gezhetnek, mint a kopors\u00f3k csiszol\u00e1sa vagy mar\u00e1sa, ami n\u00f6veli a hat\u00e9konys\u00e1got \u00e9s a pontoss\u00e1got. A robotok kopors\u00f3gy\u00e1rt\u00e1sban val\u00f3 alkalmaz\u00e1s\u00e1nak el\u0151nyei a k\u00f6vetkez\u0151k: Precizit\u00e1s: A robotok nagy pontoss\u00e1ggal tudnak dolgozni, ami [&hellip;]<\/p>\n","protected":false},"author":2,"featured_media":0,"parent":0,"menu_order":0,"comment_status":"closed","ping_status":"closed","template":"","meta":{"footnotes":""},"class_list":["post-4534","page","type-page","status-publish","hentry"],"_links":{"self":[{"href":"https:\/\/mbm.at\/hu\/wp-json\/wp\/v2\/pages\/4534","targetHints":{"allow":["GET"]}}],"collection":[{"href":"https:\/\/mbm.at\/hu\/wp-json\/wp\/v2\/pages"}],"about":[{"href":"https:\/\/mbm.at\/hu\/wp-json\/wp\/v2\/types\/page"}],"author":[{"embeddable":true,"href":"https:\/\/mbm.at\/hu\/wp-json\/wp\/v2\/users\/2"}],"replies":[{"embeddable":true,"href":"https:\/\/mbm.at\/hu\/wp-json\/wp\/v2\/comments?post=4534"}],"version-history":[{"count":1,"href":"https:\/\/mbm.at\/hu\/wp-json\/wp\/v2\/pages\/4534\/revisions"}],"predecessor-version":[{"id":4539,"href":"https:\/\/mbm.at\/hu\/wp-json\/wp\/v2\/pages\/4534\/revisions\/4539"}],"wp:attachment":[{"href":"https:\/\/mbm.at\/hu\/wp-json\/wp\/v2\/media?parent=4534"}],"curies":[{"name":"wp","href":"https:\/\/api.w.org\/{rel}","templated":true}]}}