{"id":4510,"date":"2024-11-06T15:46:12","date_gmt":"2024-11-06T14:46:12","guid":{"rendered":"https:\/\/mbm.at\/dupla-gervago-furesz-das-e\/"},"modified":"2025-01-30T16:50:37","modified_gmt":"2025-01-30T15:50:37","slug":"dupla-gervago-furesz-das-e","status":"publish","type":"page","link":"https:\/\/mbm.at\/hu\/dupla-gervago-furesz-das-e\/","title":{"rendered":"\u201e Dupla g\u00e9rv\u00e1g\u00f3 f\u0171r\u00e9sz DAS-E"},"content":{"rendered":"<div class=\"wpb-content-wrapper\"><p>[vc_row][vc_column][vc_single_image image=&#8221;4511&#8243; img_size=&#8221;full&#8221; alignment=&#8221;center&#8221; onclick=&#8221;custom_link&#8221; css=&#8221;&#8221; link=&#8221;https:\/\/mbm.at\/wp-content\/uploads\/2024\/11\/2344556_bi_Doppelgehrungssaege.jpg&#8221;][\/vc_column][\/vc_row][vc_row][vc_column][vc_tta_accordion][vc_tta_section title=&#8221;El\u0151ny\u00f6k&#8221; tab_id=&#8221;1730883459952-56bf27ce-eb36&#8243;][vc_column_text css=&#8221;&#8221;]- M\u00e9ret- \u00e9s sz\u00f6gpontos v\u00e1g\u00e1sok<br \/>&#8211; T\u00f6k\u00e9letes v\u00e1g\u00e1si min\u0151s\u00e9gMinim\u00e1lis be\u00e1ll\u00edt\u00e1si id\u0151<br \/>&#8211; Karcol\u00e1s- \u00e9s jel\u00f6l\u00e9smentes fel\u00fclet<br \/>&#8211; Hat\u00e9kony munkam\u00f3dszer<br \/>&#8211; \u00c9letre sz\u00f3l\u00f3 precizit\u00e1s<br \/>&#8211; Minim\u00e1lis be\u00e1ll\u00edt\u00e1si id\u0151<br \/>&#8211; Vonalas l\u00e9zer<br \/>&#8211; 5 tengelyes m\u00e9r\u00e9si kijelz\u0151[\/vc_column_text][\/vc_tta_section][vc_tta_section title=&#8221;Opci\u00f3k&#8221; tab_id=&#8221;1730883479196-38c51b5a-5a33&#8243;][vc_column_text css=&#8221;&#8221;]- V\u00e1g\u00f3egys\u00e9gek[\/vc_column_text][\/vc_tta_section][vc_tta_section title=&#8221;M\u0171szaki adatok&#8221; tab_id=&#8221;1730883459952-c81651e4-8f16&#8243;][vc_column_text css=&#8221;&#8221;]<b>Munkadarab m\u00e9retek<\/b><br \/>Darabhossz 250 mm &#8211; 2,200 mm<br \/>Darabsz\u00e9less\u00e9g 50 mm &#8211; 660 mm<br \/>Darabmagass\u00e1g max. 85 mm <\/p>\n<p><b>Gesztenyesz\u00f6g<\/b><br \/>Nagym\u00e9ret\u0171 saroksz\u00f6g 93\u00b0 &#8211; 45\u00b0<br \/>Kis saroksz\u00f6g 90\u00b0 &#8211; 43\u00b0<\/p>\n<p><b>M\u00e9retpontoss\u00e1g<\/b><br \/>Nagym\u00e9ret\u0171 g\u00e9rce +\/- 0,02\u00b0<br \/>Kis g\u00e9rce +\/- 0,05\u00b0<br \/>Alkatr\u00e9sz hossza +\/- 0,2 mm<\/p>\n<p><b>F\u0171r\u00e9szlap<\/b><br \/>\u00c1tm\u00e9r\u0151 350 mm\/400 mm<br \/>Bels\u0151 furat \u00e1tm\u00e9r\u0151je 30 mm<\/p>\n<p><b>N\u00fatf\u00far\u00f3 egys\u00e9g<\/b><br \/>\u00c1tm\u00e9r\u0151 180 mm<br \/>Bels\u0151 furat \u00e1tm\u00e9r\u0151je 30 mm[\/vc_column_text][\/vc_tta_section][vc_tta_section title=&#8221;Vez\u00e9rl\u0151rendszer&#8221; tab_id=&#8221;1730883490171-82b58602-f4a0&#8243;][vc_column_text css=&#8221;&#8221;]- Meghib\u00e1sod\u00e1sok hibadiagn\u00f3zisa<br \/>&#8211; Sz\u00e1mos be\u00e1ll\u00edt\u00e1si lehet\u0151s\u00e9g<br \/>&#8211; Nuter kiv\u00e1laszt\u00e1sa \u00e9s lekapcsol\u00e1sa <\/p>\n<p><b>opci\u00f3k<\/b><br \/>&#8211; T\u00e1voli diagn\u00f3zis[\/vc_column_text][\/vc_tta_section][vc_tta_section title=&#8221;G\u00e9pi adatok&#8221; tab_id=&#8221;1730883487916-6e248e57-14e5&#8243;][vc_column_text css=&#8221;&#8221;]<b>F\u0171r\u00e9szel\u0151tol\u00e1s sebess\u00e9ge<\/b><br \/>El\u0151re\/h\u00e1tra 30 m\/percig.<br \/>F\u0171r\u00e9szmotor teljes\u00edtm\u00e9nye 5,5 kW<br \/>Sebess\u00e9g 4 200 fordulat\/perc<br \/>N\u00fatf\u00far\u00f3egys\u00e9g motorteljes\u00edtm\u00e9nye 1 kW<br \/>Sebess\u00e9g 6 000 fordulat\/perc[\/vc_column_text][\/vc_tta_section][\/vc_tta_accordion][\/vc_column][\/vc_row]<\/p>\n<\/div>","protected":false},"excerpt":{"rendered":"<p>[vc_row][vc_column][vc_single_image image=&#8221;4511&#8243; img_size=&#8221;full&#8221; alignment=&#8221;center&#8221; onclick=&#8221;custom_link&#8221; css=&#8221;&#8221; link=&#8221;https:\/\/mbm.at\/wp-content\/uploads\/2024\/11\/2344556_bi_Doppelgehrungssaege.jpg&#8221;][\/vc_column][\/vc_row][vc_row][vc_column][vc_tta_accordion][vc_tta_section title=&#8221;El\u0151ny\u00f6k&#8221; tab_id=&#8221;1730883459952-56bf27ce-eb36&#8243;][vc_column_text css=&#8221;&#8221;]- M\u00e9ret- \u00e9s sz\u00f6gpontos v\u00e1g\u00e1sok&#8211; T\u00f6k\u00e9letes v\u00e1g\u00e1si min\u0151s\u00e9gMinim\u00e1lis be\u00e1ll\u00edt\u00e1si id\u0151&#8211; Karcol\u00e1s- \u00e9s jel\u00f6l\u00e9smentes fel\u00fclet&#8211; Hat\u00e9kony munkam\u00f3dszer&#8211; \u00c9letre sz\u00f3l\u00f3 precizit\u00e1s&#8211; Minim\u00e1lis be\u00e1ll\u00edt\u00e1si id\u0151&#8211; Vonalas l\u00e9zer&#8211; 5 tengelyes m\u00e9r\u00e9si kijelz\u0151[\/vc_column_text][\/vc_tta_section][vc_tta_section title=&#8221;Opci\u00f3k&#8221; tab_id=&#8221;1730883479196-38c51b5a-5a33&#8243;][vc_column_text css=&#8221;&#8221;]- V\u00e1g\u00f3egys\u00e9gek[\/vc_column_text][\/vc_tta_section][vc_tta_section title=&#8221;M\u0171szaki adatok&#8221; tab_id=&#8221;1730883459952-c81651e4-8f16&#8243;][vc_column_text css=&#8221;&#8221;]Munkadarab m\u00e9retekDarabhossz 250 mm &#8211; 2,200 mmDarabsz\u00e9less\u00e9g 50 mm &#8211; 660 [&hellip;]<\/p>\n","protected":false},"author":2,"featured_media":0,"parent":0,"menu_order":0,"comment_status":"closed","ping_status":"closed","template":"","meta":{"footnotes":""},"class_list":["post-4510","page","type-page","status-publish","hentry"],"_links":{"self":[{"href":"https:\/\/mbm.at\/hu\/wp-json\/wp\/v2\/pages\/4510","targetHints":{"allow":["GET"]}}],"collection":[{"href":"https:\/\/mbm.at\/hu\/wp-json\/wp\/v2\/pages"}],"about":[{"href":"https:\/\/mbm.at\/hu\/wp-json\/wp\/v2\/types\/page"}],"author":[{"embeddable":true,"href":"https:\/\/mbm.at\/hu\/wp-json\/wp\/v2\/users\/2"}],"replies":[{"embeddable":true,"href":"https:\/\/mbm.at\/hu\/wp-json\/wp\/v2\/comments?post=4510"}],"version-history":[{"count":7,"href":"https:\/\/mbm.at\/hu\/wp-json\/wp\/v2\/pages\/4510\/revisions"}],"predecessor-version":[{"id":4909,"href":"https:\/\/mbm.at\/hu\/wp-json\/wp\/v2\/pages\/4510\/revisions\/4909"}],"wp:attachment":[{"href":"https:\/\/mbm.at\/hu\/wp-json\/wp\/v2\/media?parent=4510"}],"curies":[{"name":"wp","href":"https:\/\/api.w.org\/{rel}","templated":true}]}}