{"id":4454,"date":"2024-11-05T15:12:15","date_gmt":"2024-11-05T14:12:15","guid":{"rendered":"https:\/\/mbm.at\/4454-2\/"},"modified":"2025-02-28T10:35:54","modified_gmt":"2025-02-28T09:35:54","slug":"4454-2","status":"publish","type":"page","link":"https:\/\/mbm.at\/hu\/","title":{"rendered":""},"content":{"rendered":"<div class=\"wpb-content-wrapper\"><p>[vc_row][vc_column][vc_column_text css=&#8221;&#8221;]<\/p>\n<h4 style=\"text-align: center;\"><span data-teams=\"true\">G\u00e9rv\u00e1g\u00e1s precizit\u00e1ssal \u00e9s megb\u00edzhat\u00f3s\u00e1ggal!<\/span><\/h4>\n<p>[\/vc_column_text][\/vc_column][\/vc_row][vc_row][vc_column][vc_single_image image=&#8221;4479&#8243; img_size=&#8221;large&#8221; alignment=&#8221;center&#8221; onclick=&#8221;custom_link&#8221; css=&#8221;&#8221; link=&#8221;https:\/\/mbm.at\/wp-content\/uploads\/2024\/11\/Doppelgehrungssaege-B2.jpg&#8221;][\/vc_column][\/vc_row][vc_row][vc_column][vc_column_text css=&#8221;&#8221;]Az<strong><span style=\"color: #40b5ad;\">mbm<\/span><\/strong> az automatiz\u00e1lt g\u00e9rv\u00e1g\u00e1sok specialist\u00e1ja, \u00e9s erre a c\u00e9lra g\u00e9rv\u00e1g\u00f3 \u00e9s dupla g\u00e9rv\u00e1g\u00f3 f\u0171r\u00e9szeket gy\u00e1rt. A megb\u00edzhat\u00f3s\u00e1g \u00e9s a pontoss\u00e1g, valamint a t\u00f6k\u00e9letes v\u00e1g\u00e1s ir\u00e1nti szenved\u00e9ly jellemzi az <span style=\"color: #40b5ad;\"><strong>mbm-g\u00e9peit. <\/strong><\/span> Id\u0151vel a portf\u00f3li\u00f3 tov\u00e1bbi g\u00e9pi \u00e9s automatiz\u00e1l\u00e1si megold\u00e1sokkal b\u0151v\u00fclt. Ennek eredm\u00e9nyek\u00e9ppen az <strong><span style=\"color: #40b5ad;\">mbm <\/span><\/strong>a kopors\u00f3k ipari gy\u00e1rt\u00e1s\u00e1nak teljes k\u00f6r\u0171 megold\u00e1si szolg\u00e1ltat\u00f3j\u00e1v\u00e1 v\u00e1lt.   <\/p>\n<p>A Dornbirni Eberle Automatische Systeme GmbH &amp; Co KG 2023-as \u00e1tv\u00e9tel\u00e9vel a k\u00edn\u00e1lat kib\u0151v\u00fclt a digit\u00e1lis Ipar 4.0 megold\u00e1sokkal. Ez mostant\u00f3l a bev\u00e1lt, megb\u00edzhat\u00f3 g\u00e9pgy\u00e1rt\u00e1st modern szoftveres megold\u00e1sokkal kombin\u00e1lja a biztons\u00e1gos, hat\u00e9kony \u00e9s er\u0151forr\u00e1s-optimaliz\u00e1lt gy\u00e1rt\u00e1s \u00e9rdek\u00e9ben.[\/vc_column_text][\/vc_column][\/vc_row][vc_row][vc_column width=&#8221;1\/6&#8243;][vc_single_image image=&#8221;4482&#8243; img_size=&#8221;250*250&#8243; alignment=&#8221;center&#8221; onclick=&#8221;custom_link&#8221; css=&#8221;&#8221; link=&#8221;https:\/\/mbm.at\/wp-content\/uploads\/2024\/12\/3.jpg&#8221;][\/vc_column][vc_column width=&#8221;5\/6&#8243;][vc_column_text css=&#8221;&#8221;]<strong><span style=\"color: #40b5ad;\">mbm <\/span>kopors\u00f3gy\u00e1rt\u00f3 g\u00e9pek &#8211; a modern, hat\u00e9kony \u00e9s egyedi kopors\u00f3gy\u00e1rt\u00e1shoz<\/strong><\/p>\n<p>A modern kopors\u00f3gy\u00e1rt\u00e1s a hagyom\u00e1nyos k\u00e9zm\u0171vess\u00e9get \u00e9s a fejlett technol\u00f3gi\u00e1t \u00f6tv\u00f6zi a kiv\u00e1l\u00f3 min\u0151s\u00e9g\u0171, fenntarthat\u00f3 kopors\u00f3k nagy mennyis\u00e9gben t\u00f6rt\u00e9n\u0151 el\u0151\u00e1ll\u00edt\u00e1sa \u00e9rdek\u00e9ben.<\/p>\n<p>&gt;&gt; folytassa <a href=\"https:\/\/mbm.at\/hu\/koporsogyarto-gepek\/\">a Coffin gy\u00e1rt\u00e1st<\/a>[\/vc_column_text][\/vc_column][\/vc_row][vc_row][vc_column width=&#8221;1\/6&#8243;][vc_single_image image=&#8221;4480&#8243; img_size=&#8221;250*250&#8243; alignment=&#8221;center&#8221; onclick=&#8221;custom_link&#8221; css=&#8221;&#8221; link=&#8221;https:\/\/mbm.at\/wp-content\/uploads\/2024\/12\/1.jpg&#8221;][\/vc_column][vc_column width=&#8221;5\/6&#8243;][vc_column_text css=&#8221;&#8221;]<strong><span style=\"color: #40b5ad;\">mbm <\/span>g\u00e9rv\u00e1g\u00f3f\u0171r\u00e9szek &#8211; v\u00e1g\u00e1sok, amelyek t\u00f6k\u00e9letesen eltal\u00e1lj\u00e1k a sz\u00f6get<\/strong><\/p>\n<p>A pontos v\u00e1g\u00e1sok \u00e9s a k\u00fcl\u00f6nb\u00f6z\u0151 sz\u00f6gekben kialak\u00edtott prec\u00edz hornyok megsp\u00f3rolj\u00e1k az ut\u00f3munk\u00e1latokat \u00e9s a k\u00f6sz\u00f6r\u00fcl\u00e9st.<\/p>\n<p>&gt;&gt; Tov\u00e1bb a<a href=\"https:\/\/mbm.at\/hu\/dupla-gervago-furesz-das-e\/\"> DAS-E<\/a> \u00e9s<a href=\"https:\/\/mbm.at\/hu\/universal-das-u-dupla-gervago-furesz\/\"> DAS-U<\/a> g\u00e9rv\u00e1g\u00f3f\u0171r\u00e9szekhez[\/vc_column_text][\/vc_column][\/vc_row][vc_row][vc_column width=&#8221;1\/6&#8243;][vc_single_image image=&#8221;4481&#8243; img_size=&#8221;250*250&#8243; alignment=&#8221;center&#8221; onclick=&#8221;custom_link&#8221; css=&#8221;&#8221; link=&#8221;https:\/\/mbm.at\/wp-content\/uploads\/2024\/12\/2.jpg&#8221;][\/vc_column][vc_column width=&#8221;5\/6&#8243;][vc_column_text css=&#8221;&#8221;]<strong><span style=\"color: #40b5ad;\">mbm<\/span> gy\u00e1rt\u00f3sorok &#8211; prec\u00edz \u00e9s gyors automatiz\u00e1lt gy\u00e1rt\u00e1s nagy darabsz\u00e1m\u00fa term\u00e9kekhez<\/strong><\/p>\n<p>A gy\u00e1rt\u00f3sorok egy g\u00e9pben egyes\u00edtik a k\u00fcl\u00f6nb\u00f6z\u0151 munka\u00e1llom\u00e1sokat, tehermentes\u00edtik a dolgoz\u00f3kat, n\u00f6velik a termel\u00e9kenys\u00e9get \u00e9s jav\u00edtj\u00e1k a k\u00f6lts\u00e9ghat\u00e9konys\u00e1got, mik\u00f6zben a min\u0151s\u00e9g azonos szinten marad.<\/p>\n<p>&gt;&gt; Tov\u00e1bb a <a href=\"https:\/\/mbm.at\/hu\/gyartosorok\/\">gy\u00e1rt\u00f3sorokhoz<\/a>[\/vc_column_text][\/vc_column][\/vc_row][vc_row][vc_column width=&#8221;1\/6&#8243;][vc_single_image image=&#8221;4495&#8243; img_size=&#8221;250*250&#8243; alignment=&#8221;center&#8221; onclick=&#8221;custom_link&#8221; css=&#8221;&#8221; link=&#8221;https:\/\/mbm.at\/wp-content\/uploads\/2024\/12\/mbm-automation-neu.png&#8221;][\/vc_column][vc_column width=&#8221;5\/6&#8243;][vc_column_text css=&#8221;&#8221;]<strong><span style=\"color: #40b5ad;\">mbm<\/span> automatiz\u00e1l\u00e1s \u00e9s a gy\u00e1rt\u00e1si folyamatok \u00f6sszekapcsol\u00e1sa az egyenletes cs\u00facsteljes\u00edtm\u00e9ny \u00e9rdek\u00e9ben<\/strong><\/p>\n<p>A gy\u00e1rt\u00e1si folyamatokat automatiz\u00e1l\u00e1s, robotika \u00e9s a folyamatok \u00f6sszekapcsol\u00e1sa r\u00e9v\u00e9n optimaliz\u00e1lj\u00e1k \u00e9s felgyors\u00edtj\u00e1k. Ez magasabb termel\u00e9kenys\u00e9get \u00e9s r\u00f6videbb \u00e1tfut\u00e1si id\u0151t eredm\u00e9nyez. <\/p>\n<p>&gt;&gt; tov\u00e1bb az <a href=\"https:\/\/mbm.at\/hu\/automatizalas-a-koporsogyartashoz\/\">Automatiz\u00e1l\u00e1shoz<\/a>[\/vc_column_text][\/vc_column][\/vc_row][vc_row][vc_column width=&#8221;1\/6&#8243;][vc_single_image image=&#8221;4494&#8243; img_size=&#8221;250*250&#8243; onclick=&#8221;custom_link&#8221; css=&#8221;&#8221; link=&#8221;https:\/\/mbm.at\/wp-content\/uploads\/2024\/12\/mbm-page.png&#8221;][\/vc_column][vc_column width=&#8221;5\/6&#8243;][vc_column_text css=&#8221;&#8221;]<strong><span style=\"color: #40b5ad;\">mbm <\/span>digitaliz\u00e1ci\u00f3s megold\u00e1sok &#8211; gyorsabb tervez\u00e9s, tervez\u00e9s \u00e9s gy\u00e1rt\u00e1s<\/strong><\/p>\n<p>Az intelligens g\u00e9pek \u00e9s a h\u00e1l\u00f3zatba kapcsolt rendszerek haszn\u00e1lata automatiz\u00e1lja \u00e9s optimaliz\u00e1lja a gy\u00e1rt\u00e1si folyamatokat, ami nagyobb termel\u00e9kenys\u00e9get eredm\u00e9nyez, \u00e9s jelent\u0151sen leegyszer\u0171s\u00edti a folyamatok fel\u00fcgyelet\u00e9t.<\/p>\n<p>&gt;&gt; folytat\u00e1s a <a href=\"https:\/\/mbm.at\/hu\/digitalizacios-megoldasok-a-koporsogyartashoz\/\">Digitaliz\u00e1ci\u00f3hoz<\/a>[\/vc_column_text][\/vc_column][\/vc_row]<\/p>\n<\/div>","protected":false},"excerpt":{"rendered":"<p>[vc_row][vc_column][vc_column_text css=&#8221;&#8221;] G\u00e9rv\u00e1g\u00e1s precizit\u00e1ssal \u00e9s megb\u00edzhat\u00f3s\u00e1ggal! [\/vc_column_text][\/vc_column][\/vc_row][vc_row][vc_column][vc_single_image image=&#8221;4479&#8243; img_size=&#8221;large&#8221; alignment=&#8221;center&#8221; onclick=&#8221;custom_link&#8221; css=&#8221;&#8221; link=&#8221;https:\/\/mbm.at\/wp-content\/uploads\/2024\/11\/Doppelgehrungssaege-B2.jpg&#8221;][\/vc_column][\/vc_row][vc_row][vc_column][vc_column_text css=&#8221;&#8221;]Azmbm az automatiz\u00e1lt g\u00e9rv\u00e1g\u00e1sok specialist\u00e1ja, \u00e9s erre a c\u00e9lra g\u00e9rv\u00e1g\u00f3 \u00e9s dupla g\u00e9rv\u00e1g\u00f3 f\u0171r\u00e9szeket gy\u00e1rt. A megb\u00edzhat\u00f3s\u00e1g \u00e9s a pontoss\u00e1g, valamint a t\u00f6k\u00e9letes v\u00e1g\u00e1s ir\u00e1nti szenved\u00e9ly jellemzi az mbm-g\u00e9peit. Id\u0151vel a portf\u00f3li\u00f3 tov\u00e1bbi g\u00e9pi \u00e9s automatiz\u00e1l\u00e1si megold\u00e1sokkal b\u0151v\u00fclt. Ennek eredm\u00e9nyek\u00e9ppen az mbm [&hellip;]<\/p>\n","protected":false},"author":2,"featured_media":0,"parent":0,"menu_order":0,"comment_status":"closed","ping_status":"closed","template":"","meta":{"footnotes":""},"class_list":["post-4454","page","type-page","status-publish","hentry"],"_links":{"self":[{"href":"https:\/\/mbm.at\/hu\/wp-json\/wp\/v2\/pages\/4454","targetHints":{"allow":["GET"]}}],"collection":[{"href":"https:\/\/mbm.at\/hu\/wp-json\/wp\/v2\/pages"}],"about":[{"href":"https:\/\/mbm.at\/hu\/wp-json\/wp\/v2\/types\/page"}],"author":[{"embeddable":true,"href":"https:\/\/mbm.at\/hu\/wp-json\/wp\/v2\/users\/2"}],"replies":[{"embeddable":true,"href":"https:\/\/mbm.at\/hu\/wp-json\/wp\/v2\/comments?post=4454"}],"version-history":[{"count":43,"href":"https:\/\/mbm.at\/hu\/wp-json\/wp\/v2\/pages\/4454\/revisions"}],"predecessor-version":[{"id":5989,"href":"https:\/\/mbm.at\/hu\/wp-json\/wp\/v2\/pages\/4454\/revisions\/5989"}],"wp:attachment":[{"href":"https:\/\/mbm.at\/hu\/wp-json\/wp\/v2\/media?parent=4454"}],"curies":[{"name":"wp","href":"https:\/\/api.w.org\/{rel}","templated":true}]}}