{"id":769,"date":"2024-11-06T16:34:09","date_gmt":"2024-11-06T15:34:09","guid":{"rendered":"https:\/\/wp.mbm.at\/machines-speciales-pour-le-travail-du-bois\/"},"modified":"2024-11-07T15:02:29","modified_gmt":"2024-11-07T14:02:29","slug":"machines-speciales-pour-le-travail-du-bois","status":"publish","type":"page","link":"https:\/\/mbm.at\/fr\/machines-speciales-pour-le-travail-du-bois\/","title":{"rendered":"Machines sp\u00e9ciales pour le travail du bois"},"content":{"rendered":"<div class=\"wpb-content-wrapper\"><p>[vc_row][vc_column][vc_column_text css=\u00a0\u00bb\u00a0\u00bb]e nom de <b>mbm<\/b> s\u2019associe \u00e0 des produits efficients et de qualit\u00e9.<br \/>Nous mettons tout en \u0153uvre pour r\u00e9aliser la solution optimale pour vous, gr\u00e2ce \u00e0 notre savoir-faire, notre flexibilit\u00e9 et l\u2019innovation.<\/p>\n<p>Nos forces r\u00e9sident dans la conception, la construction et l\u2019assemblage des machines, ainsi que dans le montage. La mise en service et la formation sur site font partie de nos services et permettent de garantir le succ\u00e8s de nos projets. L\u2019\u00e9quipe mbm vous \u00e9paulera, afin d\u2019optimiser la performance de votre produit. Le service apr\u00e8s-vente et la maintenance pr\u00e9ventive sont pour nous des facteurs importants pour assurer la constance de production.   <br \/> Nous offrons \u00e9galement des solutions compactes, plus petites, comme par ex. des dispositifs, appareils de manutention, assemblages pour cha\u00eenes d\u2019assemblage, etc.<\/p>\n<h3>\u00bb Machines sp\u00e9ciales<\/h3>\n<ul>\n<li>Scie \u00e0 panneaux<\/li>\n<li>Fraiseuse de bouvetage \u00e0 enture multiple<\/li>\n<li>Ligne de sciage-fraisage-per\u00e7age<\/li>\n<li>Automate pour bois \u00e9quarri<\/li>\n<li>Station de per\u00e7age<\/li>\n<li>Scie \u00e0 grande vitesse<\/li>\n<\/ul>\n<p><b> <\/b><\/p>\n<p>Pour toutes questions vous pouvez nous contacter \u00e0 tout moment au <b>+43 5572 555800<\/b><br \/>ou utiliser notre Formulaire de demande.[\/vc_column_text][\/vc_column][\/vc_row]<\/p>\n<\/div>","protected":false},"excerpt":{"rendered":"<p>[vc_row][vc_column][vc_column_text css=\u00a0\u00bb\u00a0\u00bb]e nom de mbm s\u2019associe \u00e0 des produits efficients et de qualit\u00e9.Nous mettons tout en \u0153uvre pour r\u00e9aliser la solution optimale pour vous, gr\u00e2ce \u00e0 notre savoir-faire, notre flexibilit\u00e9 et l\u2019innovation. Nos forces r\u00e9sident dans la conception, la construction et l\u2019assemblage des machines, ainsi que dans le montage. La mise en service et la [&hellip;]<\/p>\n","protected":false},"author":2,"featured_media":0,"parent":0,"menu_order":0,"comment_status":"closed","ping_status":"closed","template":"","meta":{"footnotes":""},"class_list":["post-769","page","type-page","status-publish","hentry"],"_links":{"self":[{"href":"https:\/\/mbm.at\/fr\/wp-json\/wp\/v2\/pages\/769","targetHints":{"allow":["GET"]}}],"collection":[{"href":"https:\/\/mbm.at\/fr\/wp-json\/wp\/v2\/pages"}],"about":[{"href":"https:\/\/mbm.at\/fr\/wp-json\/wp\/v2\/types\/page"}],"author":[{"embeddable":true,"href":"https:\/\/mbm.at\/fr\/wp-json\/wp\/v2\/users\/2"}],"replies":[{"embeddable":true,"href":"https:\/\/mbm.at\/fr\/wp-json\/wp\/v2\/comments?post=769"}],"version-history":[{"count":2,"href":"https:\/\/mbm.at\/fr\/wp-json\/wp\/v2\/pages\/769\/revisions"}],"predecessor-version":[{"id":771,"href":"https:\/\/mbm.at\/fr\/wp-json\/wp\/v2\/pages\/769\/revisions\/771"}],"wp:attachment":[{"href":"https:\/\/mbm.at\/fr\/wp-json\/wp\/v2\/media?parent=769"}],"curies":[{"name":"wp","href":"https:\/\/api.w.org\/{rel}","templated":true}]}}