{"id":745,"date":"2024-11-06T16:34:01","date_gmt":"2024-11-06T15:34:01","guid":{"rendered":"https:\/\/wp.mbm.at\/cadreuses-dassemblage-de-cercueil\/"},"modified":"2024-12-18T11:25:11","modified_gmt":"2024-12-18T10:25:11","slug":"cadreuses-dassemblage-de-cercueil","status":"publish","type":"page","link":"https:\/\/mbm.at\/fr\/cadreuses-dassemblage-de-cercueil\/","title":{"rendered":"Cadreuses d&rsquo;assemblage de cercueil"},"content":{"rendered":"<div class=\"wpb-content-wrapper\"><p>[vc_row][vc_column][vc_column_text css=\u00a0\u00bb\u00a0\u00bb]<\/p>\n<h4>\u00bb Cadreuse d&rsquo;assemblage de cercueil &#8211; forme conique KPO\/KPU<\/h4>\n<h5><b>(pour caisson sup\u00e9rieur KPO, pour caisson inf\u00e9rieur KPU)<\/b><\/h5>\n<p>Pour des grandes quantit\u00e9s, une cadreuse de cercueil pour le caisson sup\u00e9rieur et une cadreuse de cercueil pour le caisson inf\u00e9rieur est n\u00e9cessaire.<br \/> 2 personnes assemblent (en une p\u00e9riode de travail) jusqu\u2019\u00e0 140 cercueils. Avec une fabrication en s\u00e9rie ce nombre peut encore augmenter ![\/vc_column_text][\/vc_column][\/vc_row][vc_row][vc_column width=\u00a0\u00bb1\/5&Prime;][vc_single_image image=\u00a0\u00bb1167&Prime; img_size=\u00a0\u00bb500*500&Prime; alignment=\u00a0\u00bbcenter\u00a0\u00bb onclick=\u00a0\u00bbcustom_link\u00a0\u00bb css=\u00a0\u00bb\u00a0\u00bb link=\u00a0\u00bbhttps:\/\/mbm.at\/wp-content\/uploads\/2024\/11\/Korpuspresse-1.jpg\u00a0\u00bb][\/vc_column][vc_column width=\u00a0\u00bb1\/5&Prime;][vc_single_image image=\u00a0\u00bb1168&Prime; img_size=\u00a0\u00bb500*500&Prime; alignment=\u00a0\u00bbcenter\u00a0\u00bb onclick=\u00a0\u00bbcustom_link\u00a0\u00bb css=\u00a0\u00bb\u00a0\u00bb link=\u00a0\u00bbhttps:\/\/mbm.at\/wp-content\/uploads\/2024\/11\/Korpuspresse-2.jpg\u00a0\u00bb][\/vc_column][vc_column width=\u00a0\u00bb1\/5&Prime;][vc_single_image image=\u00a0\u00bb1169&Prime; img_size=\u00a0\u00bb500*500&Prime; alignment=\u00a0\u00bbcenter\u00a0\u00bb onclick=\u00a0\u00bbcustom_link\u00a0\u00bb css=\u00a0\u00bb\u00a0\u00bb link=\u00a0\u00bbhttps:\/\/mbm.at\/wp-content\/uploads\/2024\/11\/Korpuspresse-3.jpg\u00a0\u00bb][\/vc_column][vc_column width=\u00a0\u00bb1\/5&Prime;][vc_single_image image=\u00a0\u00bb1170&Prime; img_size=\u00a0\u00bb500*500&Prime; alignment=\u00a0\u00bbcenter\u00a0\u00bb onclick=\u00a0\u00bbcustom_link\u00a0\u00bb css=\u00a0\u00bb\u00a0\u00bb link=\u00a0\u00bbhttps:\/\/mbm.at\/wp-content\/uploads\/2024\/11\/Korpuspresse-4.jpg\u00a0\u00bb][\/vc_column][vc_column width=\u00a0\u00bb1\/5&Prime;][vc_single_image image=\u00a0\u00bb1171&Prime; img_size=\u00a0\u00bb500*500&Prime; alignment=\u00a0\u00bbcenter\u00a0\u00bb onclick=\u00a0\u00bbcustom_link\u00a0\u00bb css=\u00a0\u00bb\u00a0\u00bb link=\u00a0\u00bbhttps:\/\/mbm.at\/wp-content\/uploads\/2024\/11\/Korpuspresse-5.jpg\u00a0\u00bb][\/vc_column][\/vc_row][vc_row][vc_column][vc_tta_accordion][vc_tta_section title=\u00a0\u00bbVotre avantage\u00a0\u00bb tab_id=\u00a0\u00bb1730885815894-4b685d04-dcad\u00a0\u00bb][vc_column_text css=\u00a0\u00bb\u00a0\u00bb]- Utilisable pour tous les mod\u00e8les<br \/>&#8211; Changements de mod\u00e8le en un rien de temps, sans outil<br \/>&#8211; Utilisable pour tous types d\u2019assemblage d\u2019angle<br \/>&#8211; Assemblage exact et centr\u00e9 des pi\u00e8ces t\u00eate et pied<br \/>&#8211; Fortes pressions de serrages sur tous les angles<br \/>&#8211; Possibilit\u00e9 d\u2019assemblage du fond ou du couvercle<br \/>&#8211; Rotation jusqu\u2019\u00e0 200\u00b0[\/vc_column_text][\/vc_tta_section][vc_tta_section title=\u00a0\u00bbOption: dispositif de lev\u00e9e automatique\u00a0\u00bb tab_id=\u00a0\u00bb1730885815894-7dd5c9f9-a1bc\u00a0\u00bb][vc_column_text css=\u00a0\u00bb\u00a0\u00bb]- Gain de temps de travail: <br \/> Lors de l\u2019enl\u00e8vement automatique, les composants suivants peuvent d\u00e9j\u00e0 \u00eatre pr\u00e9par\u00e9s ou encoll\u00e9s<br \/>&#8211; Pas besoin de soulever de pi\u00e8ces lourdes[\/vc_column_text][\/vc_tta_section][vc_tta_section title=\u00a0\u00bbMoins de retouches\u00a0\u00bb tab_id=\u00a0\u00bb1730885818482-ed1894c7-353d\u00a0\u00bb][vc_column_text css=\u00a0\u00bb\u00a0\u00bb]- Mesures diagonales identiques<br \/>&#8211; Angles ex\u00e9cut\u00e9s avec pr\u00e9cision<br \/>&#8211; Moins, voire pas de rabotage du tout[\/vc_column_text][\/vc_tta_section][vc_tta_section title=\u00a0\u00bbCaract\u00e9ristiques techniques\u00a0\u00bb tab_id=\u00a0\u00bb1730885820224-e5c9f796-4dc6&Prime;][vc_column_text css=\u00a0\u00bb\u00a0\u00bb]<b>KPO<\/b><br \/>Longueur partie lat\u00e9rale: 1.730 mm \u2013 2.150 mm<br \/>Longueur partie t\u00eate: 480 mm \u2013 730 mm<br \/>Longueur partie pied: 480 mm \u2013 730 mm<br \/>Hauteur du cercueil: 185 mm \u2013 375 mm<br \/>Rotation: 0\u00b0 \u2013 200\u00b0<\/p>\n<p><b>KPU<\/b><br \/>Longueur partie lat\u00e9rale: 1.730 mm \u2013 2.150 mm<br \/>Longueur partie t\u00eate: 550 mm \u2013 800 mm<br \/>Longueur partie pied: 550 mm \u2013 800 mm<br \/>Hauteur du cercueil: 185 mm \u2013 375 mm<br \/>Rotation: 0\u00b0 \u2013 200\u00b0[\/vc_column_text][\/vc_tta_section][\/vc_tta_accordion][\/vc_column][\/vc_row][vc_row][vc_column][vc_column_text css=\u00a0\u00bb\u00a0\u00bb]<\/p>\n<h4>\u00bb Cadreuse d&rsquo;assemblage de cercueil &#8211; forme conique KPO\/KPU<\/h4>\n<h5><b>(pour caisson sup\u00e9rieur KPO, pour caisson inf\u00e9rieur KPU)<\/b><\/h5>\n<p>Sur la cadreuse de cercueil combin\u00e9e il est possible d\u2019assembler le caisson sup\u00e9rieur et le caisson inf\u00e9rieur.<br \/> 1 personne assemble jusqu\u2019\u00e0 60 cercueils (en une p\u00e9riode de travail).[\/vc_column_text][\/vc_column][\/vc_row][vc_row][vc_column][vc_tta_accordion][vc_tta_section title=\u00a0\u00bbVotre avantage\u00a0\u00bb tab_id=\u00a0\u00bb1730886022753-110f85b9-50c4&Prime;][vc_column_text css=\u00a0\u00bb\u00a0\u00bb]- Utilisable pour tous les mod\u00e8les<br \/>&#8211; Changements de mod\u00e8le en un rien de temps, sans outil<br \/>&#8211; Utilisable pour tous types d\u2019assemblage d\u2019angle<br \/>&#8211; Assemblage exact et centr\u00e9 des pi\u00e8ces t\u00eate et pied<br \/>&#8211; Fortes pressions de serrages sur tous les angles<br \/>&#8211; Possibilit\u00e9 d\u2019assemblage du fond ou du couvercle<br \/>&#8211; Rotation jusqu\u2019\u00e0 200\u00b0[\/vc_column_text][\/vc_tta_section][vc_tta_section title=\u00a0\u00bbOption: dispositif de lev\u00e9e automatique\u00a0\u00bb tab_id=\u00a0\u00bb1730886022753-240aad86-ff60&Prime;][vc_column_text css=\u00a0\u00bb\u00a0\u00bb]- Gain de temps de travail: <br \/> Lors de l\u2019enl\u00e8vement automatique, les composants suivants peuvent d\u00e9j\u00e0 \u00eatre pr\u00e9par\u00e9s ou encoll\u00e9s<br \/>&#8211; Pas besoin de soulever de pi\u00e8ces lourdes[\/vc_column_text][\/vc_tta_section][vc_tta_section title=\u00a0\u00bbMoins de retouches\u00a0\u00bb tab_id=\u00a0\u00bb1730886024798-97baede7-fdd1&Prime;][vc_column_text css=\u00a0\u00bb\u00a0\u00bb]- Mesures diagonales identiques<br \/>&#8211; Angles ex\u00e9cut\u00e9s avec pr\u00e9cision<br \/>&#8211; Moins, voire pas de rabotage du tout[\/vc_column_text][\/vc_tta_section][vc_tta_section title=\u00a0\u00bbCaract\u00e9ristiques techniques\u00a0\u00bb tab_id=\u00a0\u00bb1730886026630-4b492646-38b4&Prime;][vc_column_text css=\u00a0\u00bb\u00a0\u00bb]<b>KPO<\/b><br \/>Longueur partie lat\u00e9rale: 1.730 mm \u2013 2.150 mm<br \/>Longueur partie t\u00eate: 480 mm \u2013 730 mm<br \/>Longueur partie pied: 480 mm \u2013 730 mm<br \/>Hauteur du cercueil: 185 mm \u2013 375 mm<br \/>Rotation: 0\u00b0 \u2013 200\u00b0<\/p>\n<p><b>KPU<\/b><br \/>Longueur partie lat\u00e9rale: 1.730 mm \u2013 2.150 mm<br \/>Longueur partie t\u00eate: 550 mm \u2013 800 mm<br \/>Longueur partie pied: 550 mm \u2013 800 mm<br \/>Hauteur du cercueil: 185 mm \u2013 375 mm<br \/>Rotation: 0\u00b0 \u2013 200\u00b0[\/vc_column_text][\/vc_tta_section][\/vc_tta_accordion][\/vc_column][\/vc_row][vc_row][vc_column][vc_column_text css=\u00a0\u00bb\u00a0\u00bb]<\/p>\n<h4>\u00bb Cadreuse d&rsquo;assemblage de cercueil &#8211; forme trap\u00e9zo\u00efdale KPO-F\/KPU-F<\/h4>\n<h5><b>(pour caisson sup\u00e9rieur KPO-F, pour caisson inf\u00e9rieur KPU-F)<\/b><\/h5>\n<p>2 personnes assemblent plus de 80 cercueils par p\u00e9riode de travail sur nos cadreuses de cercueil avec dispositif de lev\u00e9e automatique.[\/vc_column_text][\/vc_column][\/vc_row][vc_row][vc_column width=\u00a0\u00bb1\/6&Prime;][vc_single_image image=\u00a0\u00bb1172&Prime; img_size=\u00a0\u00bb500*500&Prime; alignment=\u00a0\u00bbcenter\u00a0\u00bb onclick=\u00a0\u00bbcustom_link\u00a0\u00bb css=\u00a0\u00bb\u00a0\u00bb link=\u00a0\u00bbhttps:\/\/mbm.at\/wp-content\/uploads\/2024\/11\/Korpuspresse-tailliert-1.jpg\u00a0\u00bb][\/vc_column][vc_column width=\u00a0\u00bb1\/6&Prime;][vc_single_image image=\u00a0\u00bb1173&Prime; img_size=\u00a0\u00bb500*500&Prime; alignment=\u00a0\u00bbcenter\u00a0\u00bb onclick=\u00a0\u00bbcustom_link\u00a0\u00bb css=\u00a0\u00bb\u00a0\u00bb link=\u00a0\u00bbhttps:\/\/mbm.at\/wp-content\/uploads\/2024\/11\/Korpuspresse-tailliert-2.jpg\u00a0\u00bb][\/vc_column][vc_column width=\u00a0\u00bb1\/6&Prime;][vc_single_image image=\u00a0\u00bb1174&Prime; img_size=\u00a0\u00bb500*500&Prime; alignment=\u00a0\u00bbcenter\u00a0\u00bb onclick=\u00a0\u00bbcustom_link\u00a0\u00bb css=\u00a0\u00bb\u00a0\u00bb link=\u00a0\u00bbhttps:\/\/mbm.at\/wp-content\/uploads\/2024\/11\/Korpuspresse-tailliert-3.jpg\u00a0\u00bb][\/vc_column][vc_column width=\u00a0\u00bb1\/6&Prime;][vc_single_image image=\u00a0\u00bb1175&Prime; img_size=\u00a0\u00bb500*500&Prime; alignment=\u00a0\u00bbcenter\u00a0\u00bb onclick=\u00a0\u00bbcustom_link\u00a0\u00bb css=\u00a0\u00bb\u00a0\u00bb link=\u00a0\u00bbhttps:\/\/mbm.at\/wp-content\/uploads\/2024\/11\/Korpuspresse-tailliert-4.jpg\u00a0\u00bb][\/vc_column][vc_column width=\u00a0\u00bb1\/6&Prime;][vc_single_image image=\u00a0\u00bb1176&Prime; img_size=\u00a0\u00bb500*500&Prime; alignment=\u00a0\u00bbcenter\u00a0\u00bb onclick=\u00a0\u00bbcustom_link\u00a0\u00bb css=\u00a0\u00bb\u00a0\u00bb link=\u00a0\u00bbhttps:\/\/mbm.at\/wp-content\/uploads\/2024\/11\/Korpuspresse-tailliert-5.jpg\u00a0\u00bb][\/vc_column][vc_column width=\u00a0\u00bb1\/6&Prime;][vc_single_image image=\u00a0\u00bb1177&Prime; img_size=\u00a0\u00bb500*500&Prime; alignment=\u00a0\u00bbcenter\u00a0\u00bb onclick=\u00a0\u00bbcustom_link\u00a0\u00bb css=\u00a0\u00bb\u00a0\u00bb link=\u00a0\u00bbhttps:\/\/mbm.at\/wp-content\/uploads\/2024\/11\/Korpuspresse-tailliert-6.jpg\u00a0\u00bb][\/vc_column][\/vc_row][vc_row][vc_column][vc_tta_accordion][vc_tta_section title=\u00a0\u00bbVotre avantage\u00a0\u00bb tab_id=\u00a0\u00bb1730886269230-d706ff35-c2f2&Prime;][vc_column_text css=\u00a0\u00bb\u00a0\u00bb]- Utilisable pour tous les mod\u00e8les<br \/>&#8211; Changements de mod\u00e8le en un rien de temps, sans outil<br \/>&#8211; Utilisable pour tous types d\u2019assemblage d\u2019angle <br \/>&#8211; Joinction pr\u00e9cise et assemblage exact des pi\u00e8ces<br \/>&#8211; Fortes pressions de serrages sur tous les angles<br \/>&#8211; Possibilit\u00e9 d\u2019assemblage du fond ou du couvercle<br \/>&#8211; Rotation jusqu\u2019\u00e0 200\u00b0[\/vc_column_text][\/vc_tta_section][vc_tta_section title=\u00a0\u00bbOption: dispositif de lev\u00e9e automatique\u00a0\u00bb tab_id=\u00a0\u00bb1730886269231-6e0c683e-5347&Prime;][vc_column_text css=\u00a0\u00bb\u00a0\u00bb]- Gain de temps de travail: <br \/> Lors de l\u2019enl\u00e8vement automatique, les composants suivants peuvent d\u00e9j\u00e0 \u00eatre pr\u00e9par\u00e9s ou encoll\u00e9s<br \/>&#8211; Pas besoin de soulever de pi\u00e8ces lourdes[\/vc_column_text][\/vc_tta_section][vc_tta_section title=\u00a0\u00bbMoins de retouches\u00a0\u00bb tab_id=\u00a0\u00bb1730886272691-ff651fa7-85ce\u00a0\u00bb][vc_column_text css=\u00a0\u00bb\u00a0\u00bb]- Mesures diagonales identiques<br \/>&#8211; Angles ex\u00e9cut\u00e9s avec pr\u00e9cision<br \/>&#8211; Moins, voire pas de rabotage du tout[\/vc_column_text][\/vc_tta_section][vc_tta_section title=\u00a0\u00bbCaract\u00e9ristiques techniques\u00a0\u00bb tab_id=\u00a0\u00bb1730886275067-2877a1c7-d340&Prime;][vc_column_text css=\u00a0\u00bb\u00a0\u00bb]<b>KPO-F<\/b><br \/>Longueur totale: 1.650 mm \u2013 2.160 mm<br \/>Longueur partie lat\u00e9rale longue: 1.250 mm \u2013 1.600 mm<br \/>Longueur partie lat\u00e9rale courte: 400 mm \u2013 560 mm<br \/>Largeur partie t\u00eate: 300 mm \u2013 600 mm<br \/>Largeur partie pied: 300 mm \u2013 600 mm<br \/>Largeur centre: 550 mm \u2013 730 mm<br \/>Hauteur du cercueil: 90 mm \u2013 300 mm<br \/>Rotation: 0\u00b0 \u2013 200\u00b0<\/p>\n<p><b>KPU-F<\/b><br \/>Longueur totale: 1.600 mm \u2013 2.110 mm<br \/>Longueur partie lat\u00e9rale longue: 1.200 mm \u2013 1.550 mm<br \/>Longueur partie lat\u00e9rale courte: 400 mm \u2013 560 mm<br \/>Largeur partie t\u00eate: 300 mm \u2013 600 mm<br \/>Largeur partie pied: 300 mm \u2013 600 mm<br \/>Largeur centre: 550 mm \u2013 730 mm<br \/>Hauteur du cercueil: 200 mm \u2013 400 mm<br \/>Rotation: 0\u00b0 \u2013 200\u00b0[\/vc_column_text][\/vc_tta_section][\/vc_tta_accordion][\/vc_column][\/vc_row]<\/p>\n<\/div>","protected":false},"excerpt":{"rendered":"<p>[vc_row][vc_column][vc_column_text css=\u00a0\u00bb\u00a0\u00bb] \u00bb Cadreuse d&rsquo;assemblage de cercueil &#8211; forme conique KPO\/KPU (pour caisson sup\u00e9rieur KPO, pour caisson inf\u00e9rieur KPU) Pour des grandes quantit\u00e9s, une cadreuse de cercueil pour le caisson sup\u00e9rieur et une cadreuse de cercueil pour le caisson inf\u00e9rieur est n\u00e9cessaire. 2 personnes assemblent (en une p\u00e9riode de travail) jusqu\u2019\u00e0 140 cercueils. Avec une [&hellip;]<\/p>\n","protected":false},"author":2,"featured_media":0,"parent":0,"menu_order":0,"comment_status":"closed","ping_status":"closed","template":"","meta":{"footnotes":""},"class_list":["post-745","page","type-page","status-publish","hentry"],"_links":{"self":[{"href":"https:\/\/mbm.at\/fr\/wp-json\/wp\/v2\/pages\/745","targetHints":{"allow":["GET"]}}],"collection":[{"href":"https:\/\/mbm.at\/fr\/wp-json\/wp\/v2\/pages"}],"about":[{"href":"https:\/\/mbm.at\/fr\/wp-json\/wp\/v2\/types\/page"}],"author":[{"embeddable":true,"href":"https:\/\/mbm.at\/fr\/wp-json\/wp\/v2\/users\/2"}],"replies":[{"embeddable":true,"href":"https:\/\/mbm.at\/fr\/wp-json\/wp\/v2\/comments?post=745"}],"version-history":[{"count":15,"href":"https:\/\/mbm.at\/fr\/wp-json\/wp\/v2\/pages\/745\/revisions"}],"predecessor-version":[{"id":4315,"href":"https:\/\/mbm.at\/fr\/wp-json\/wp\/v2\/pages\/745\/revisions\/4315"}],"wp:attachment":[{"href":"https:\/\/mbm.at\/fr\/wp-json\/wp\/v2\/media?parent=745"}],"curies":[{"name":"wp","href":"https:\/\/api.w.org\/{rel}","templated":true}]}}