{"id":667,"date":"2024-11-06T16:33:14","date_gmt":"2024-11-06T15:33:14","guid":{"rendered":"https:\/\/wp.mbm.at\/machines-pour-la-fabrication-de-cercueils\/"},"modified":"2024-11-28T08:24:49","modified_gmt":"2024-11-28T07:24:49","slug":"machines-pour-la-fabrication-de-cercueils","status":"publish","type":"page","link":"https:\/\/mbm.at\/fr\/machines-pour-la-fabrication-de-cercueils\/","title":{"rendered":"Machines pour la fabrication de cercueils"},"content":{"rendered":"<div class=\"wpb-content-wrapper\"><p>[vc_row][vc_column][vc_column_text css=\u00a0\u00bb\u00a0\u00bb]La pr\u00e9cision avec laquelle les machines <span style=\"color: #40b5ad;\"><strong>mbm<\/strong><\/span> travaillent reste la m\u00eame du premier au dernier jour. Vous obtenez des surfaces absolument sans rayures et l\u2019utilisation optimale des machines vous permet d\u2019augmenter vos capacit\u00e9s \u00e0 tout moment. Avec les machines programmables, vous disposez d\u2019une \u00e9norme flexibilit\u00e9 gr\u00e2ce au nombre de programmes possibles afin de pouvoir changer \u00e0 tout moment. Un changement de mod\u00e8le ne n\u00e9cessite que des temps de pr\u00e9paration tr\u00e8s courts. Le r\u00e9glage de l\u2019angle et de la longueur se fait automatiquement et en cas de panne, un diagnostic d\u2019erreur est imm\u00e9diatement effectu\u00e9.    <\/p>\n<h4>\u00bb Machines pour la fabrication de cercueils<\/h4>\n<ul>\n<li><a href=\"https:\/\/mbm.at\/fr\/scies-a-onglet-double\/\">Scie \u00e0 onglet double DAS-E<\/a><\/li>\n<li><a href=\"https:\/\/mbm.at\/fr\/scie-a-onglet-double-universelle-das-u\/\">Scie \u00e0 onglet double \u2013 Universelle DAS-U<\/a><\/li>\n<li><a href=\"https:\/\/mbm.at\/fr\/lignes-de-production\/\">Scie \u00e0 onglet double &#8211; Ligne de fabrication<\/a><\/li>\n<li><a href=\"https:\/\/mbm.at\/fr\/cadreuses-dassemblage-de-cercueil\/\">Cadreuse de cercueils &#8211; forme conique<\/a><\/li>\n<li><a href=\"https:\/\/mbm.at\/fr\/cadreuses-dassemblage-de-cercueil\/\">Cadreuse de cercueils combin\u00e9e &#8211; forme conique<\/a><\/li>\n<li><a href=\"https:\/\/mbm.at\/fr\/cadreuses-dassemblage-de-cercueil\/\">Cadreuse de cercueils &#8211; forme trap\u00e9zo\u00efdale<\/a><\/li>\n<li><a href=\"https:\/\/mbm.at\/fr\/automates-dassemblage-de-moulures\/\">Automat d&rsquo;assemblage de moulures &#8211; Universelle<\/a><\/li>\n<li><a href=\"https:\/\/mbm.at\/fr\/automates-dassemblage-de-moulures\/\">Automat d&rsquo;assemblage de moulures &#8211; pour pi\u00e8ces longues et pi\u00e8ces courtes<\/a><\/li>\n<li><a href=\"https:\/\/mbm.at\/fr\/automates-dassemblage-de-moulures\/\">Automat d&rsquo;assemblage de moulures en T<\/a><\/li>\n<li><a href=\"https:\/\/mbm.at\/fr\/automates-dassemblage-de-moulures\/\">Automat d&rsquo;assemblage de moulures decoratives<\/a><\/li>\n<li><a href=\"https:\/\/mbm.at\/fr\/machine-pour-la-fabrication-de-pieds-de-cercueil\/\">Machine pour la fabrication de pieds de cercueil<\/a><\/li>\n<\/ul>\n<p>&nbsp;<\/p>\n<p>Si vous avez des questions, vous pouvez toujours nous appeler au <b>+43 5572 555800<\/b><br \/> ou utiliser le <a href=\"https:\/\/mbm.at\/fr\/formulaire-de-demande\/\">formulaire de demande<\/a>.[\/vc_column_text][\/vc_column][\/vc_row]<\/p>\n<\/div>","protected":false},"excerpt":{"rendered":"<p>[vc_row][vc_column][vc_column_text css=\u00a0\u00bb\u00a0\u00bb]La pr\u00e9cision avec laquelle les machines mbm travaillent reste la m\u00eame du premier au dernier jour. Vous obtenez des surfaces absolument sans rayures et l\u2019utilisation optimale des machines vous permet d\u2019augmenter vos capacit\u00e9s \u00e0 tout moment. Avec les machines programmables, vous disposez d\u2019une \u00e9norme flexibilit\u00e9 gr\u00e2ce au nombre de programmes possibles afin de pouvoir [&hellip;]<\/p>\n","protected":false},"author":2,"featured_media":0,"parent":0,"menu_order":0,"comment_status":"closed","ping_status":"closed","template":"","meta":{"footnotes":""},"class_list":["post-667","page","type-page","status-publish","hentry"],"_links":{"self":[{"href":"https:\/\/mbm.at\/fr\/wp-json\/wp\/v2\/pages\/667","targetHints":{"allow":["GET"]}}],"collection":[{"href":"https:\/\/mbm.at\/fr\/wp-json\/wp\/v2\/pages"}],"about":[{"href":"https:\/\/mbm.at\/fr\/wp-json\/wp\/v2\/types\/page"}],"author":[{"embeddable":true,"href":"https:\/\/mbm.at\/fr\/wp-json\/wp\/v2\/users\/2"}],"replies":[{"embeddable":true,"href":"https:\/\/mbm.at\/fr\/wp-json\/wp\/v2\/comments?post=667"}],"version-history":[{"count":13,"href":"https:\/\/mbm.at\/fr\/wp-json\/wp\/v2\/pages\/667\/revisions"}],"predecessor-version":[{"id":3076,"href":"https:\/\/mbm.at\/fr\/wp-json\/wp\/v2\/pages\/667\/revisions\/3076"}],"wp:attachment":[{"href":"https:\/\/mbm.at\/fr\/wp-json\/wp\/v2\/media?parent=667"}],"curies":[{"name":"wp","href":"https:\/\/api.w.org\/{rel}","templated":true}]}}