{"id":600,"date":"2024-11-06T16:33:01","date_gmt":"2024-11-06T15:33:01","guid":{"rendered":"https:\/\/wp.mbm.at\/automates-dassemblage-de-moulures\/"},"modified":"2024-12-18T11:23:04","modified_gmt":"2024-12-18T10:23:04","slug":"automates-dassemblage-de-moulures","status":"publish","type":"page","link":"https:\/\/mbm.at\/fr\/automates-dassemblage-de-moulures\/","title":{"rendered":"Automates d&rsquo;assemblage de moulures"},"content":{"rendered":"<div class=\"wpb-content-wrapper\"><p>[vc_row][vc_column][vc_column_text css=\u00a0\u00bb\u00a0\u00bb]<\/p>\n<h4>\u00bb Automate d&rsquo;assemblage de moulures &#8211; Universelle<\/h4>\n<p>Pour les plinthes sur le caisson inf\u00e9rieur, clou\u00e9es par le bas.<br \/> Pour les corniches et cordons sur le caisson sup\u00e9rieur, clou\u00e9s par le bas.[\/vc_column_text][\/vc_column][\/vc_row][vc_row][vc_column width=\u00a0\u00bb1\/3&Prime;][vc_single_image image=\u00a0\u00bb601&Prime; img_size=\u00a0\u00bb500*500&Prime; alignment=\u00a0\u00bbcenter\u00a0\u00bb onclick=\u00a0\u00bbcustom_link\u00a0\u00bb css=\u00a0\u00bb\u00a0\u00bb link=\u00a0\u00bbhttps:\/\/mbm.at\/wp-content\/uploads\/2024\/11\/Leistenmontageautomat-1.jpg\u00a0\u00bb][\/vc_column][vc_column width=\u00a0\u00bb1\/3&Prime;][vc_single_image image=\u00a0\u00bb602&Prime; img_size=\u00a0\u00bb500*500&Prime; alignment=\u00a0\u00bbcenter\u00a0\u00bb onclick=\u00a0\u00bbcustom_link\u00a0\u00bb css=\u00a0\u00bb\u00a0\u00bb link=\u00a0\u00bbhttps:\/\/mbm.at\/wp-content\/uploads\/2024\/11\/Leistenmontageautomat-2.jpg\u00a0\u00bb][\/vc_column][vc_column width=\u00a0\u00bb1\/3&Prime;][vc_single_image image=\u00a0\u00bb603&Prime; img_size=\u00a0\u00bb500*500&Prime; alignment=\u00a0\u00bbcenter\u00a0\u00bb onclick=\u00a0\u00bbcustom_link\u00a0\u00bb css=\u00a0\u00bb\u00a0\u00bb link=\u00a0\u00bbhttps:\/\/mbm.at\/wp-content\/uploads\/2024\/11\/Leistenmontageautomat-3.jpg\u00a0\u00bb][\/vc_column][\/vc_row][vc_row][vc_column][vc_tta_accordion][vc_tta_section title=\u00a0\u00bbVotre avantage\u00a0\u00bb tab_id=\u00a0\u00bb1730886771547-3dd1db03-4973&Prime;][vc_column_text css=\u00a0\u00bb\u00a0\u00bb]- R\u00e9duction directe des co\u00fbts par une optimisation du temps <br \/>&#8211; Utilisable pour tous les diff\u00e9rents types de moulures<br \/>&#8211; Alignement et serrage automatique des parties du cercueil et des moulures<br \/>&#8211; Temps de pr\u00e9paration minimal<br \/>&#8211; Optimisation du cycle de production<br \/>&#8211; Exploitation rationnelle[\/vc_column_text][\/vc_tta_section][vc_tta_section title=\u00a0\u00bbMod\u00e8les disponibles\u00a0\u00bb tab_id=\u00a0\u00bb1730886771547-98b496dc-3673&Prime;][vc_column_text css=\u00a0\u00bb\u00a0\u00bb]Poste de travail unique avec alimentation manuelle.<br \/>Poste de travail int\u00e9gr\u00e9 dans une ligne de fabrication avec passage automatique.[\/vc_column_text][\/vc_tta_section][vc_tta_section title=\u00a0\u00bbOptions\u00a0\u00bb tab_id=\u00a0\u00bb1730886775199-e2ad915b-25ec\u00a0\u00bb][vc_column_text css=\u00a0\u00bb\u00a0\u00bb]Variantes sp\u00e9cifiques suivant les besoins du client[\/vc_column_text][\/vc_tta_section][vc_tta_section title=\u00a0\u00bbCaract\u00e9ristiques techniques\u00a0\u00bb tab_id=\u00a0\u00bb1730886776792-36c6393e-9a20&Prime;][vc_column_text css=\u00a0\u00bb\u00a0\u00bb]<b>Baguette<\/b><br \/>Longueur 480 mm \u2013 2.100 mm<br \/> Largeur 25 mm \u2013 150 mm<br \/> Hauteur 10 mm \u2013 30 mm<\/p>\n<p><b>Partie du cercueil<\/b><br \/>Longueur 480 mm \u2013 2.100 mm<br \/>Largeur 250 mm \u2013 400 mm<\/p>\n<p><b>Temps de cycle<\/b> <br \/>16\u201320 sec. avec 11 cloueuses pneumatiques[\/vc_column_text][\/vc_tta_section][\/vc_tta_accordion][\/vc_column][\/vc_row][vc_row][vc_column][vc_column_text css=\u00a0\u00bb\u00a0\u00bb]<\/p>\n<h3>\u00bb Automate d&rsquo;assemblage de moulures<\/h3>\n<p>Pour pi\u00e8ces courtes et longues[\/vc_column_text][\/vc_column][\/vc_row][vc_row][vc_column width=\u00a0\u00bb1\/3&Prime;][vc_single_image image=\u00a0\u00bb604&Prime; img_size=\u00a0\u00bb500*500&Prime; alignment=\u00a0\u00bbcenter\u00a0\u00bb onclick=\u00a0\u00bbcustom_link\u00a0\u00bb css=\u00a0\u00bb\u00a0\u00bb link=\u00a0\u00bbhttps:\/\/mbm.at\/wp-content\/uploads\/2024\/11\/Leistenmontageautomat-4.jpg\u00a0\u00bb][\/vc_column][vc_column width=\u00a0\u00bb1\/3&Prime;][vc_single_image image=\u00a0\u00bb605&Prime; img_size=\u00a0\u00bb500*500&Prime; alignment=\u00a0\u00bbcenter\u00a0\u00bb onclick=\u00a0\u00bbcustom_link\u00a0\u00bb css=\u00a0\u00bb\u00a0\u00bb link=\u00a0\u00bbhttps:\/\/mbm.at\/wp-content\/uploads\/2024\/11\/Leistenmontageautomat-5.jpg\u00a0\u00bb][\/vc_column][vc_column width=\u00a0\u00bb1\/3&Prime;][vc_single_image image=\u00a0\u00bb606&Prime; img_size=\u00a0\u00bb500*500&Prime; alignment=\u00a0\u00bbcenter\u00a0\u00bb onclick=\u00a0\u00bbcustom_link\u00a0\u00bb css=\u00a0\u00bb\u00a0\u00bb link=\u00a0\u00bbhttps:\/\/mbm.at\/wp-content\/uploads\/2024\/11\/Leistenmontageautomat-6.jpg\u00a0\u00bb][\/vc_column][\/vc_row][vc_row][vc_column][vc_tta_accordion][vc_tta_section title=\u00a0\u00bbVotre avantage\u00a0\u00bb tab_id=\u00a0\u00bb1730886993752-feb83f8c-a840&Prime;][vc_column_text css=\u00a0\u00bb\u00a0\u00bb]- R\u00e9duction directe des co\u00fbts par une optimisation du temps <br \/>&#8211; Utilisable pour tous les diff\u00e9rents types de moulures<br \/>&#8211; Alignement et serrage automatique des parties du cercueil et des moulures<br \/>&#8211; Temps de pr\u00e9paration minimal<br \/>&#8211; Optimisation du cycle de production<br \/>&#8211; Exploitation rationnelle[\/vc_column_text][\/vc_tta_section][vc_tta_section title=\u00a0\u00bbMod\u00e8les disponibles\u00a0\u00bb tab_id=\u00a0\u00bb1730886993752-d7bd1737-0389&Prime;][vc_column_text css=\u00a0\u00bb\u00a0\u00bb]Poste de travail unique avec alimentation manuelle.<br \/>Poste de travail int\u00e9gr\u00e9 dans une ligne de fabrication avec passage automatique.[\/vc_column_text][\/vc_tta_section][vc_tta_section title=\u00a0\u00bbOptions\u00a0\u00bb tab_id=\u00a0\u00bb1730886995853-354b10e8-f983&Prime;][vc_column_text css=\u00a0\u00bb\u00a0\u00bb]Variantes sp\u00e9cifiques suivant les besoins du client[\/vc_column_text][\/vc_tta_section][vc_tta_section title=\u00a0\u00bbCaract\u00e9ristiques techniques\u00a0\u00bb tab_id=\u00a0\u00bb1730886997588-a7cfc0ad-506f\u00a0\u00bb][vc_column_text css=\u00a0\u00bb\u00a0\u00bb]Longueur: pi\u00e8ces courtes 450 &#8211; 650 mm<br \/>Longueur: pi\u00e8ces longues 1.600 &#8211; 2.020 mm<br \/>Largeur: 250 &#8211; 380 mm[\/vc_column_text][\/vc_tta_section][\/vc_tta_accordion][\/vc_column][\/vc_row][vc_row][vc_column][vc_column_text css=\u00a0\u00bb\u00a0\u00bb]<\/p>\n<h3>\u00bb Automate d&rsquo;assemblage des moulures en T<\/h3>\n<p>Pour moulures en forme T[\/vc_column_text][\/vc_column][\/vc_row][vc_row][vc_column width=\u00a0\u00bb1\/3&Prime;][vc_single_image image=\u00a0\u00bb607&Prime; img_size=\u00a0\u00bb500*500&Prime; alignment=\u00a0\u00bbcenter\u00a0\u00bb onclick=\u00a0\u00bbcustom_link\u00a0\u00bb css=\u00a0\u00bb\u00a0\u00bb link=\u00a0\u00bbhttps:\/\/mbm.at\/wp-content\/uploads\/2024\/11\/Leistenmontageautomat-7.jpg\u00a0\u00bb][\/vc_column][vc_column width=\u00a0\u00bb1\/3&Prime;][vc_single_image image=\u00a0\u00bb608&Prime; img_size=\u00a0\u00bb500*500&Prime; alignment=\u00a0\u00bbcenter\u00a0\u00bb onclick=\u00a0\u00bbcustom_link\u00a0\u00bb css=\u00a0\u00bb\u00a0\u00bb link=\u00a0\u00bbhttps:\/\/mbm.at\/wp-content\/uploads\/2024\/11\/Leistenmontageautomat-8.jpg\u00a0\u00bb][\/vc_column][vc_column width=\u00a0\u00bb1\/3&Prime;][vc_single_image image=\u00a0\u00bb609&Prime; img_size=\u00a0\u00bb500*500&Prime; alignment=\u00a0\u00bbcenter\u00a0\u00bb onclick=\u00a0\u00bbcustom_link\u00a0\u00bb css=\u00a0\u00bb\u00a0\u00bb link=\u00a0\u00bbhttps:\/\/mbm.at\/wp-content\/uploads\/2024\/11\/Leistenmontageautomat-9.jpg\u00a0\u00bb][\/vc_column][\/vc_row][vc_row][vc_column][vc_tta_accordion][vc_tta_section title=\u00a0\u00bbVotre avantage\u00a0\u00bb tab_id=\u00a0\u00bb1730887180886-e1833072-e753&Prime;][vc_column_text css=\u00a0\u00bb\u00a0\u00bb]- R\u00e9duction directe des co\u00fbts par une optimisation du temps <br \/>&#8211; Alignement et serrage automatique des parties du cercueil et des moulures<br \/>&#8211; Temps de pr\u00e9paration minimal<br \/>&#8211; Optimisation du cycle de production<br \/>&#8211; Exploitation rationnelle[\/vc_column_text][\/vc_tta_section][vc_tta_section title=\u00a0\u00bbMod\u00e8les disponibles\u00a0\u00bb tab_id=\u00a0\u00bb1730887180886-18f677e9-59ec\u00a0\u00bb][vc_column_text css=\u00a0\u00bb\u00a0\u00bb]Poste de travail unique avec alimentation manuelle.<br \/>Poste de travail int\u00e9gr\u00e9 dans une ligne de fabrication avec passage automatique.[\/vc_column_text][\/vc_tta_section][vc_tta_section title=\u00a0\u00bbOptions\u00a0\u00bb tab_id=\u00a0\u00bb1730887183276-956595bc-9755&Prime;][vc_column_text css=\u00a0\u00bb\u00a0\u00bb]Variantes sp\u00e9cifiques suivant les besoins du client[\/vc_column_text][\/vc_tta_section][vc_tta_section title=\u00a0\u00bbCaract\u00e9ristiques techniques\u00a0\u00bb tab_id=\u00a0\u00bb1730887184804-d3f335fa-bcc3&Prime;][vc_column_text css=\u00a0\u00bb\u00a0\u00bb]Longueur: pi\u00e8ces courtes 400 &#8211; 800 mm<br \/>Longueur: pi\u00e8ces longues 1.500 &#8211; 2.100 mm[\/vc_column_text][\/vc_tta_section][\/vc_tta_accordion][\/vc_column][\/vc_row][vc_row][vc_column][vc_column_text css=\u00a0\u00bb\u00a0\u00bb]<\/p>\n<h3>\u00bb Automate d&rsquo;assemblage des moulures d\u00e9coratives<\/h3>\n<p>Pour les moulures d\u00e9coratives sur le caisson inf\u00e9rieur, clou\u00e9s par le haut.[\/vc_column_text][\/vc_column][\/vc_row][vc_row][vc_column width=\u00a0\u00bb1\/3&Prime;][vc_single_image image=\u00a0\u00bb610&Prime; img_size=\u00a0\u00bb500*500&Prime; alignment=\u00a0\u00bbcenter\u00a0\u00bb onclick=\u00a0\u00bbcustom_link\u00a0\u00bb css=\u00a0\u00bb\u00a0\u00bb link=\u00a0\u00bbhttps:\/\/mbm.at\/wp-content\/uploads\/2024\/11\/Leistenmontageautomat-10.jpg\u00a0\u00bb][\/vc_column][vc_column width=\u00a0\u00bb1\/3&Prime;][vc_single_image image=\u00a0\u00bb611&Prime; img_size=\u00a0\u00bb500*500&Prime; alignment=\u00a0\u00bbcenter\u00a0\u00bb onclick=\u00a0\u00bbcustom_link\u00a0\u00bb css=\u00a0\u00bb\u00a0\u00bb link=\u00a0\u00bbhttps:\/\/mbm.at\/wp-content\/uploads\/2024\/11\/Leistenmontageautomat-11.jpg\u00a0\u00bb][\/vc_column][vc_column width=\u00a0\u00bb1\/3&Prime;][vc_single_image image=\u00a0\u00bb612&Prime; img_size=\u00a0\u00bb500*500&Prime; alignment=\u00a0\u00bbcenter\u00a0\u00bb onclick=\u00a0\u00bbcustom_link\u00a0\u00bb css=\u00a0\u00bb\u00a0\u00bb link=\u00a0\u00bbhttps:\/\/mbm.at\/wp-content\/uploads\/2024\/11\/Leistenmontageautomat-12.jpg\u00a0\u00bb][\/vc_column][\/vc_row][vc_row][vc_column][vc_tta_accordion][vc_tta_section title=\u00a0\u00bbVotre avantage\u00a0\u00bb tab_id=\u00a0\u00bb1730887393716-e34e53fe-d401&Prime;][vc_column_text css=\u00a0\u00bb\u00a0\u00bb]- R\u00e9duction directe des co\u00fbts par une optimisation du temps <br \/>&#8211; Alignement et serrage automatique des parties du cercueil et des moulures<br \/>&#8211; Temps de pr\u00e9paration minimal<br \/>&#8211; Optimisation du cycle de production<br \/>&#8211; Exploitation rationnelle[\/vc_column_text][\/vc_tta_section][vc_tta_section title=\u00a0\u00bbMod\u00e8les disponibles\u00a0\u00bb tab_id=\u00a0\u00bb1730887393716-6598a33e-32f2&Prime;][vc_column_text css=\u00a0\u00bb\u00a0\u00bb]Poste de travail unique avec alimentation manuelle.<br \/>Poste de travail int\u00e9gr\u00e9 dans une ligne de fabrication avec passage automatique.[\/vc_column_text][\/vc_tta_section][vc_tta_section title=\u00a0\u00bbOptions\u00a0\u00bb tab_id=\u00a0\u00bb1730887397146-32aa6271-780a\u00a0\u00bb][vc_column_text css=\u00a0\u00bb\u00a0\u00bb]Variantes sp\u00e9cifiques suivant les besoins du client[\/vc_column_text][\/vc_tta_section][vc_tta_section title=\u00a0\u00bbCaract\u00e9ristiques techniques\u00a0\u00bb tab_id=\u00a0\u00bb1730887399321-696c55f5-51f8&Prime;][vc_column_text css=\u00a0\u00bb\u00a0\u00bb]Longueur: Partie lat\u00e9rale 1.550 &#8211; 2.200 mm<br \/>Longueur: Partie t\u00eate ou pied 250 &#8211; 700 mm<br \/>Largeur des pi\u00e8ces \u00e0 90\u00b0 50 &#8211; 650 mm<br \/>Hauteur des pi\u00e8ces \u2264 40 mm[\/vc_column_text][\/vc_tta_section][\/vc_tta_accordion][\/vc_column][\/vc_row]<\/p>\n<\/div>","protected":false},"excerpt":{"rendered":"<p>[vc_row][vc_column][vc_column_text css=\u00a0\u00bb\u00a0\u00bb] \u00bb Automate d&rsquo;assemblage de moulures &#8211; Universelle Pour les plinthes sur le caisson inf\u00e9rieur, clou\u00e9es par le bas. Pour les corniches et cordons sur le caisson sup\u00e9rieur, clou\u00e9s par le bas.[\/vc_column_text][\/vc_column][\/vc_row][vc_row][vc_column width=\u00a0\u00bb1\/3&Prime;][vc_single_image image=\u00a0\u00bb601&Prime; img_size=\u00a0\u00bb500*500&Prime; alignment=\u00a0\u00bbcenter\u00a0\u00bb onclick=\u00a0\u00bbcustom_link\u00a0\u00bb css=\u00a0\u00bb\u00a0\u00bb link=\u00a0\u00bbhttps:\/\/mbm.at\/wp-content\/uploads\/2024\/11\/Leistenmontageautomat-1.jpg\u00a0\u00bb][\/vc_column][vc_column width=\u00a0\u00bb1\/3&Prime;][vc_single_image image=\u00a0\u00bb602&Prime; img_size=\u00a0\u00bb500*500&Prime; alignment=\u00a0\u00bbcenter\u00a0\u00bb onclick=\u00a0\u00bbcustom_link\u00a0\u00bb css=\u00a0\u00bb\u00a0\u00bb link=\u00a0\u00bbhttps:\/\/mbm.at\/wp-content\/uploads\/2024\/11\/Leistenmontageautomat-2.jpg\u00a0\u00bb][\/vc_column][vc_column width=\u00a0\u00bb1\/3&Prime;][vc_single_image image=\u00a0\u00bb603&Prime; img_size=\u00a0\u00bb500*500&Prime; alignment=\u00a0\u00bbcenter\u00a0\u00bb onclick=\u00a0\u00bbcustom_link\u00a0\u00bb css=\u00a0\u00bb\u00a0\u00bb link=\u00a0\u00bbhttps:\/\/mbm.at\/wp-content\/uploads\/2024\/11\/Leistenmontageautomat-3.jpg\u00a0\u00bb][\/vc_column][\/vc_row][vc_row][vc_column][vc_tta_accordion][vc_tta_section title=\u00a0\u00bbVotre [&hellip;]<\/p>\n","protected":false},"author":2,"featured_media":0,"parent":0,"menu_order":0,"comment_status":"closed","ping_status":"closed","template":"","meta":{"footnotes":""},"class_list":["post-600","page","type-page","status-publish","hentry"],"_links":{"self":[{"href":"https:\/\/mbm.at\/fr\/wp-json\/wp\/v2\/pages\/600","targetHints":{"allow":["GET"]}}],"collection":[{"href":"https:\/\/mbm.at\/fr\/wp-json\/wp\/v2\/pages"}],"about":[{"href":"https:\/\/mbm.at\/fr\/wp-json\/wp\/v2\/types\/page"}],"author":[{"embeddable":true,"href":"https:\/\/mbm.at\/fr\/wp-json\/wp\/v2\/users\/2"}],"replies":[{"embeddable":true,"href":"https:\/\/mbm.at\/fr\/wp-json\/wp\/v2\/comments?post=600"}],"version-history":[{"count":20,"href":"https:\/\/mbm.at\/fr\/wp-json\/wp\/v2\/pages\/600\/revisions"}],"predecessor-version":[{"id":4289,"href":"https:\/\/mbm.at\/fr\/wp-json\/wp\/v2\/pages\/600\/revisions\/4289"}],"wp:attachment":[{"href":"https:\/\/mbm.at\/fr\/wp-json\/wp\/v2\/media?parent=600"}],"curies":[{"name":"wp","href":"https:\/\/api.w.org\/{rel}","templated":true}]}}