{"id":572,"date":"2024-11-06T16:32:31","date_gmt":"2024-11-06T15:32:31","guid":{"rendered":"https:\/\/wp.mbm.at\/technologie-de-travail-du-bois\/"},"modified":"2024-11-19T13:47:45","modified_gmt":"2024-11-19T12:47:45","slug":"technologie-de-travail-du-bois","status":"publish","type":"page","link":"https:\/\/mbm.at\/fr\/technologie-de-travail-du-bois\/","title":{"rendered":"Technologie de travail du bois"},"content":{"rendered":"<div class=\"wpb-content-wrapper\"><p>[vc_row][vc_column][vc_column_text css=\u00a0\u00bb\u00a0\u00bb]<b>mbm<\/b> hat sich seit 1978 mit einem qualifizierten Team auf die spezifischen Anforderungen der Wirtschaft spezialisiert.<br \/>\nRasch \u00e4ndernde M\u00e4rkte und Technologien verlangen nach innovativen Verfahrensmodellen f\u00fcr wirtschaftliches Arbeiten.<br \/>\nDie Automatisierung der Produktionsabl\u00e4ufe und einfaches Handling der eingesetzten Sondermaschinen schaffen die Verbindung der heutigen Produktionsanforderungen und der Wettbewerbsf\u00e4higkeit f\u00fcr morgen.<br \/>\nmbm Sondermaschinen entstehen aus kundenspezifischen W\u00fcnschen und Ideen, der Beratung und Konzeption unserer Konstrukteure und durch die professionelle Umsetzung unseres Montageteams.<\/p>\n<h3>\u00bb Machines pour la fabrication de cercueils<\/h3>\n<ul>\n<li><a href=\"https:\/\/mbm.at\/fr\/scies-a-onglet-double\/\">Scie \u00e0 onglet double &#8211; Universelle<\/a><\/li>\n<li><a href=\"https:\/\/mbm.at\/fr\/scies-a-onglet-double\/\">Scie \u00e0 onglet double &#8211; Ligne de fabrication<\/a><\/li>\n<li><a href=\"https:\/\/mbm.at\/fr\/cadreuses-dassemblage-de-cercueil\/\">Cadreuse de cercueils &#8211; forme conique<\/a><\/li>\n<li><a href=\"https:\/\/mbm.at\/fr\/cadreuses-dassemblage-de-cercueil\/\">Cadreuse de cercueils combin\u00e9e &#8211; forme conique<\/a><\/li>\n<li><a href=\"https:\/\/mbm.at\/fr\/cadreuses-dassemblage-de-cercueil\/\">Cadreuse de cercueils &#8211; forme trap\u00e9zo\u00efdale<\/a><\/li>\n<li><a href=\"https:\/\/mbm.at\/fr\/automates-dassemblage-de-moulures\/\">Automat d&rsquo;assemblage de moulures &#8211; Universelle<\/a><\/li>\n<li><a href=\"https:\/\/mbm.at\/fr\/automates-dassemblage-de-moulures\/\">Automat d&rsquo;assemblage de moulures &#8211; pour pi\u00e8ces longues et pi\u00e8ces courtes<\/a><\/li>\n<li><a href=\"https:\/\/mbm.at\/fr\/automates-dassemblage-de-moulures\/\">Automat d&rsquo;assemblage de moulures en T<\/a><\/li>\n<li><a href=\"https:\/\/mbm.at\/fr\/automates-dassemblage-de-moulures\/\">Automat d&rsquo;assemblage de moulures decoratives<\/a><\/li>\n<li><a href=\"https:\/\/mbm.at\/fr\/machine-pour-la-fabrication-de-pieds-de-cercueil\/\">Machine pour la fabrication de pieds de cercueil<\/a><\/li>\n<\/ul>\n<h3>\u00bb Machines sp\u00e9ciales<\/h3>\n<ul>\n<li><a href=\"https:\/\/mbm.at\/fr\/scie-a-panneaux\/\">Scie \u00e0 panneaux<\/a><\/li>\n<li><a href=\"https:\/\/mbm.at\/fr\/fraiseuse-daboutage\/\">Fraiseuse d&rsquo;aboutage<\/a><\/li>\n<li><a href=\"https:\/\/mbm.at\/fr\/machines-speciales-2\/\">Ligne de sciage-fraisage-per\u00e7age<\/a><\/li>\n<li><a href=\"https:\/\/mbm.at\/fr\/machines-speciales-2\/\">Automate pour bois \u00e9quarri<\/a><\/li>\n<li><a href=\"https:\/\/mbm.at\/fr\/machines-speciales-2\/\">Station de per\u00e7age<\/a><\/li>\n<li><a href=\"https:\/\/mbm.at\/fr\/machines-speciales-2\/\">Scie \u00e0 grande vitesse<\/a><a href=\"https:\/\/mbm.at\/de-at\/holzbearbeitungstechnik\/sondermaschinen\/mehr\/index.htm#schnelll%C3%A4ufers%C3%A4ge\"><br \/>\n<\/a><\/li>\n<\/ul>\n<p>&nbsp;<\/p>\n<p>Pour toutes questions vous pouvez nous contacter \u00e0 tout moment au <b>+43 5572 555800<\/b><br \/>\nou utiliser notre <a href=\"https:\/\/mbm.at\/fr\/formulaire-de-demande\/\">Formulaire de demande<\/a>.[\/vc_column_text][\/vc_column][\/vc_row]<\/p>\n<\/div>","protected":false},"excerpt":{"rendered":"<p>[vc_row][vc_column][vc_column_text css=\u00a0\u00bb\u00a0\u00bb]mbm hat sich seit 1978 mit einem qualifizierten Team auf die spezifischen Anforderungen der Wirtschaft spezialisiert. Rasch \u00e4ndernde M\u00e4rkte und Technologien verlangen nach innovativen Verfahrensmodellen f\u00fcr wirtschaftliches Arbeiten. Die Automatisierung der Produktionsabl\u00e4ufe und einfaches Handling der eingesetzten Sondermaschinen schaffen die Verbindung der heutigen Produktionsanforderungen und der Wettbewerbsf\u00e4higkeit f\u00fcr morgen. mbm Sondermaschinen entstehen aus kundenspezifischen [&hellip;]<\/p>\n","protected":false},"author":2,"featured_media":0,"parent":0,"menu_order":0,"comment_status":"closed","ping_status":"closed","template":"","meta":{"footnotes":""},"class_list":["post-572","page","type-page","status-publish","hentry"],"_links":{"self":[{"href":"https:\/\/mbm.at\/fr\/wp-json\/wp\/v2\/pages\/572","targetHints":{"allow":["GET"]}}],"collection":[{"href":"https:\/\/mbm.at\/fr\/wp-json\/wp\/v2\/pages"}],"about":[{"href":"https:\/\/mbm.at\/fr\/wp-json\/wp\/v2\/types\/page"}],"author":[{"embeddable":true,"href":"https:\/\/mbm.at\/fr\/wp-json\/wp\/v2\/users\/2"}],"replies":[{"embeddable":true,"href":"https:\/\/mbm.at\/fr\/wp-json\/wp\/v2\/comments?post=572"}],"version-history":[{"count":8,"href":"https:\/\/mbm.at\/fr\/wp-json\/wp\/v2\/pages\/572\/revisions"}],"predecessor-version":[{"id":2149,"href":"https:\/\/mbm.at\/fr\/wp-json\/wp\/v2\/pages\/572\/revisions\/2149"}],"wp:attachment":[{"href":"https:\/\/mbm.at\/fr\/wp-json\/wp\/v2\/media?parent=572"}],"curies":[{"name":"wp","href":"https:\/\/api.w.org\/{rel}","templated":true}]}}