{"id":5537,"date":"2025-02-13T10:15:11","date_gmt":"2025-02-13T09:15:11","guid":{"rendered":"https:\/\/mbm.at\/machine-a-bois-equarri-kha\/"},"modified":"2025-02-21T09:56:42","modified_gmt":"2025-02-21T08:56:42","slug":"machine-a-bois-equarri-kha","status":"publish","type":"page","link":"https:\/\/mbm.at\/fr\/machine-a-bois-equarri-kha\/","title":{"rendered":"Machine \u00e0 bois \u00e9quarri KHA"},"content":{"rendered":"<div class=\"wpb-content-wrapper\"><p>[vc_row equal_height=\u00a0\u00bbyes\u00a0\u00bb content_placement=\u00a0\u00bbmiddle\u00a0\u00bb][vc_column][vc_column_text css=\u00a0\u00bb\u00a0\u00bb]La machine \u00e0 \u00e9quarrir KHA a \u00e9t\u00e9 sp\u00e9cialement con\u00e7ue pour la production de bois \u00e9quarri et de bois d&rsquo;\u0153uvre. Elle traite des bandes provenant par exemple de panneaux r\u00e9siduels ou de panneaux pr\u00e9sentant des d\u00e9fauts de surface, qui sont produits lors de la production de panneaux OSB, OSL, LVL, agglom\u00e9r\u00e9s ou MDF. Ces bandes sont assembl\u00e9es en bois \u00e9quarri de mani\u00e8re enti\u00e8rement automatique dans le KHA.[\/vc_column_text][vc_images_carousel images=\u00a0\u00bb5564,5572,5580&Prime; img_size=\u00a0\u00bbfull\u00a0\u00bb css=\u00a0\u00bb\u00a0\u00bb][\/vc_column][\/vc_row][vc_row][vc_column][vc_tta_accordion][vc_tta_section title=\u00a0\u00bbVotre avantage\u00a0\u00bb tab_id=\u00a0\u00bb1740125723747-020591a2-50ec\u00a0\u00bb][vc_single_image image=\u00a0\u00bb5806&Prime; img_size=\u00a0\u00bb200*200&Prime; alignment=\u00a0\u00bbcenter\u00a0\u00bb onclick=\u00a0\u00bbcustom_link\u00a0\u00bb css=\u00a0\u00bb\u00a0\u00bb link=\u00a0\u00bbhttps:\/\/mbm.at\/wp-content\/uploads\/2025\/02\/KHA4gross-scaled.jpg\u00a0\u00bb][vc_column_text css=\u00a0\u00bb\u00a0\u00bb]<\/p>\n<ul>\n<li>Utilisez vos chutes de bois de mani\u00e8re optimale et produisez des bois d&rsquo;appui et des bois \u00e9quarris de haute qualit\u00e9 ou des bois de stockage stables pour vos besoins de transport et de stockage.<\/li>\n<li>Produisez des bois \u00e9quarris et des bois d&rsquo;\u0153uvre de mani\u00e8re flexible, selon vos besoins, dans diff\u00e9rentes tailles et longueurs, en fonction de vos exigences de production<\/li>\n<li>La KHA offre une solution durable pour la transformation du bois, pr\u00e9serve les ressources et augmente l&rsquo;efficacit\u00e9<\/li>\n<li>Travaillez diff\u00e9rents mat\u00e9riaux comme les panneaux OSB, OSL, LVL, agglom\u00e9r\u00e9s ou MDF avec le KHA de <strong><span style=\"color: #40b5ad;\">mbm<\/span><\/strong> <\/li>\n<li>Le traitement automatique garantit des bois \u00e9quarris d&rsquo;une grande pr\u00e9cision et d&rsquo;une qualit\u00e9 constante<\/li>\n<li>Le KHA automatise l&rsquo;ensemble du processus de fabrication, augmente la vitesse de production et r\u00e9duit le travail manuel<\/li>\n<\/ul>\n<p>[\/vc_column_text][\/vc_tta_section][vc_tta_section title=\u00a0\u00bbDomaines d&apos;application\u00a0\u00bb tab_id=\u00a0\u00bb1740125732654-211e2e44-e2dc\u00a0\u00bb][vc_single_image image=\u00a0\u00bb5798&Prime; img_size=\u00a0\u00bb200*200&Prime; alignment=\u00a0\u00bbcenter\u00a0\u00bb onclick=\u00a0\u00bbcustom_link\u00a0\u00bb css=\u00a0\u00bb\u00a0\u00bb link=\u00a0\u00bbhttps:\/\/mbm.at\/wp-content\/uploads\/2025\/02\/KHA5gross-scaled.jpg\u00a0\u00bb][vc_column_text css=\u00a0\u00bb\u00a0\u00bb]<\/p>\n<ul>\n<li><strong>Fabrication de meubles :<\/strong> en transformant les chutes de bois en mat\u00e9riaux de haute qualit\u00e9, les fabricants de meubles peuvent travailler de mani\u00e8re rentable et durable.<\/li>\n<li><strong>Industrie de l&#8217;emballage :<\/strong> les bois de stockage et les bois d&rsquo;\u00e9cartement sont id\u00e9aux pour l&#8217;emballage et le transport s\u00e9curis\u00e9s des marchandises<\/li>\n<li><strong>Entreprises de stockage et de logistique :<\/strong> Le bois de stockage et le bois d&rsquo;\u00e9cartement sont essentiels pour le stockage et le transport de marchandises.<\/li>\n<li><strong>Recyclage et gestion des d\u00e9chets :<\/strong> le KHA contribue \u00e0 r\u00e9duire les d\u00e9chets de bois en recyclant efficacement les chutes. Cela est particuli\u00e8rement utile pour les entreprises qui produisent de grandes quantit\u00e9s de d\u00e9chets de bois et qui souhaitent les utiliser de mani\u00e8re durable. <\/li>\n<\/ul>\n<p>[\/vc_column_text][\/vc_tta_section][vc_tta_section title=\u00a0\u00bbMod\u00e8les disponibles\u00a0\u00bb tab_id=\u00a0\u00bb1740125735526-d89b8afa-85ce\u00a0\u00bb][vc_single_image image=\u00a0\u00bb5790&Prime; img_size=\u00a0\u00bb200*200&Prime; alignment=\u00a0\u00bbcenter\u00a0\u00bb onclick=\u00a0\u00bbcustom_link\u00a0\u00bb css=\u00a0\u00bb\u00a0\u00bb link=\u00a0\u00bbhttps:\/\/mbm.at\/wp-content\/uploads\/2025\/02\/KHA8gross_Option-2-Schwenkarm-fur-Kantholzzufuhrung-direkt-in-den-Zufuhrschacht-einer-Umrreifungsmaschine-14.101.png\u00a0\u00bb][vc_column_text css=\u00a0\u00bb\u00a0\u00bb]<\/p>\n<ul>\n<li><strong>Machine de base KHA :<\/strong> \u00e9quip\u00e9e d&rsquo;une scie de s\u00e9paration avec station de collage, station de pressage et \u00e9jection.<\/li>\n<li><strong>KHA avec unit\u00e9 de rainurage :<\/strong> pour des fraisages adapt\u00e9s dans des bois \u00e9quarris ou des bois d&rsquo;installation pour un cerclage ult\u00e9rieur avec des feuillards en acier ou en plastique<\/li>\n<li><strong>KHA en version sp\u00e9ciale :<\/strong> des postes de chargement et de d\u00e9chargement adapt\u00e9s peuvent \u00eatre propos\u00e9s et adapt\u00e9s aux processus de production existants.<\/li>\n<li><strong>KHA avec connexion pour cerclage automatique :<\/strong> pour une installation d&#8217;emballage automatique, le KHA peut \u00eatre combin\u00e9 avec un cerclage automatique via des pinces et des convoyeurs.<\/li>\n<\/ul>\n<p>[\/vc_column_text][\/vc_tta_section][vc_tta_section title=\u00a0\u00bbOptions\u00a0\u00bb tab_id=\u00a0\u00bb1740125739581-67958df0-3c0f\u00a0\u00bb][vc_single_image image=\u00a0\u00bb5782&Prime; img_size=\u00a0\u00bb200*200&Prime; alignment=\u00a0\u00bbcenter\u00a0\u00bb onclick=\u00a0\u00bbcustom_link\u00a0\u00bb css=\u00a0\u00bb\u00a0\u00bb link=\u00a0\u00bbhttps:\/\/mbm.at\/wp-content\/uploads\/2025\/02\/KHA9gross_18.105.10.00.0_Schwenkarm.jpg\u00a0\u00bb][vc_column_text css=\u00a0\u00bb\u00a0\u00bb]<\/p>\n<ul>\n<li><strong>Alimentation des emplacements de stockage :<\/strong> Avec manipulation de l&rsquo;alimentation et mesure des barres<\/li>\n<li><strong>Alimentation par convoyeur \u00e0 cha\u00eene :<\/strong> Inclut un dispositif de pouss\u00e9e lat\u00e9rale<\/li>\n<li>Alimentation par couches : avec convoyeur \u00e0 rouleaux directement depuis la scie<\/li>\n<li><strong>Alimentation par convoyeur \u00e0 rouleaux :<\/strong> jusqu&rsquo;\u00e0 6m de long, pour les bandes individuelles<\/li>\n<li><strong>Rouleau de calandrage :<\/strong> Pour s\u00e9parer les paquets de bandes<\/li>\n<li><strong>Sortie avec bras pivotant<\/strong><\/li>\n<li><strong>Sortie du parc \u00e0 bois \u00e9quarri :<\/strong> avec portique ou robot<\/li>\n<li><strong>Plate-forme IoT control :<\/strong> pour la surveillance et la collecte de donn\u00e9es d&rsquo;exploitation et la mise en r\u00e9seau avec des installations en amont ou en aval. Pour plus d&rsquo;informations, voir : <a href=\"https:\/\/www.digifai.com\/de\/control\/\" target=\"_blank\" rel=\"noopener\">control- digifai.<\/a> <\/li>\n<\/ul>\n<p>[\/vc_column_text][\/vc_tta_section][vc_tta_section title=\u00a0\u00bbCaract\u00e9ristiques techniques\u00a0\u00bb tab_id=\u00a0\u00bb1740125742829-0c49203b-c726&Prime;][vc_single_image image=\u00a0\u00bb5870&Prime; img_size=\u00a0\u00bb200*200&Prime; alignment=\u00a0\u00bbcenter\u00a0\u00bb onclick=\u00a0\u00bbcustom_link\u00a0\u00bb css=\u00a0\u00bb\u00a0\u00bb link=\u00a0\u00bbhttps:\/\/mbm.at\/wp-content\/uploads\/2025\/02\/Kantholzautomat-KHA3.png\u00a0\u00bb][vc_column_text css=\u00a0\u00bb\u00a0\u00bb]<\/p>\n<ul>\n<li>Longueur de baguette mati\u00e8re premi\u00e8re 2000mm-5900mm<\/li>\n<li>Hauteur des baguettes 8mm &#8211; 50mm<\/li>\n<li>Largeur des baguettes 70mm &#8211; 100mm<\/li>\n<li>El\u00e9ments pr\u00e9fabriqu\u00e9s Longueur de bois \u00e9quarri 200mm &#8211; 2200mm<\/li>\n<li>El\u00e9ments pr\u00e9fabriqu\u00e9s hauteur de bois \u00e9quarri 8mm &#8211; 120mm<\/li>\n<li>Pr\u00e9cision de coupe +\/- 1,0mm<\/li>\n<li>Temps de cycle: 18s pour 5 bandes d&rsquo;une longueur de 1250mm<\/li>\n<li>Mat\u00e9riau des lattes: panneaux OSB, OSL, LVL, agglom\u00e9r\u00e9s ou MDF<\/li>\n<li>Pile de baguettes\n<ul>\n<li>Empilement maximal LxlxH 5900mmx1000mmx800mm<\/li>\n<li>Pile minimale = barre unique<\/li>\n<\/ul>\n<\/li>\n<li>Table de transfert pour l&#8217;empilage de bois \u00e9quarri pr\u00e9par\u00e9e pour la r\u00e9ception manuelle<\/li>\n<li>Exemple de sortie avec portail\n<ul>\n<li>Portique \u00e0 deux axes<\/li>\n<li>Prise de la couche de bois \u00e9quarri au moyen d&rsquo;une pince \u00e0 vide<\/li>\n<li>Axe X au moyen d&rsquo;un chariot de d\u00e9placement transversal<\/li>\n<li>Axe Z au moyen d&rsquo;un m\u00e2t de levage<\/li>\n<li>jusqu&rsquo;\u00e0 quatre emplacements de palettes possibles<\/li>\n<li>Hauteur d&#8217;empilage 1200mm<\/li>\n<li>Largeur de pile 800mm<\/li>\n<\/ul>\n<\/li>\n<\/ul>\n<p>[\/vc_column_text][\/vc_tta_section][vc_tta_section title=\u00a0\u00bbContr\u00f4le\u00a0\u00bb tab_id=\u00a0\u00bb1740125758373-69fce1ea-e35a\u00a0\u00bb][vc_single_image image=\u00a0\u00bb5738&Prime; img_size=\u00a0\u00bb200*200&Prime; alignment=\u00a0\u00bbcenter\u00a0\u00bb onclick=\u00a0\u00bbcustom_link\u00a0\u00bb css=\u00a0\u00bb\u00a0\u00bb link=\u00a0\u00bbhttps:\/\/mbm.at\/wp-content\/uploads\/2025\/02\/KHA6gross-scaled.jpg\u00a0\u00bb][vc_column_text css=\u00a0\u00bb\u00a0\u00bb]<\/p>\n<ul>\n<li>Armoire de commande principale mont\u00e9e directement sur l&rsquo;installation<\/li>\n<li>Siemens comme fabricant principal de composants \u00e9lectriques et \u00e9lectroniques avec une commande centrale TIA-SPS (version s\u00e9curis\u00e9e) pour la commande de l&rsquo;installation, du d\u00e9roulement et de la s\u00e9curit\u00e9<\/li>\n<li>Refroidissement de l&rsquo;armoire \u00e9lectrique via un climatiseur ou un \u00e9changeur thermique eau\/air<\/li>\n<li>Poste de commande \u00e9cran tactile 12 pouces HMI directement int\u00e9gr\u00e9 dans l&rsquo;armoire de commande<\/li>\n<li>Postes de commande pour la gestion des articles, la gestion des param\u00e8tres, le mode manuel, la gestion des alarmes et la commande<\/li>\n<li>En option : reprise automatique des donn\u00e9es de syst\u00e8mes sup\u00e9rieurs<\/li>\n<\/ul>\n<p>[\/vc_column_text][\/vc_tta_section][vc_tta_section title=\u00a0\u00bbCaract\u00e9ristiques de la machine\u00a0\u00bb tab_id=\u00a0\u00bb1740125761933-b2b607a0-2992&Prime;][vc_single_image image=\u00a0\u00bb5747&Prime; img_size=\u00a0\u00bb200*200&Prime; alignment=\u00a0\u00bbcenter\u00a0\u00bb onclick=\u00a0\u00bbcustom_link\u00a0\u00bb css=\u00a0\u00bb\u00a0\u00bb link=\u00a0\u00bbhttps:\/\/mbm.at\/wp-content\/uploads\/2025\/02\/Kantholzautomat-KHA2.png\u00a0\u00bb][vc_column_text css=\u00a0\u00bb\u00a0\u00bb]<\/p>\n<ul>\n<li><strong>Unit\u00e9 de sciage<\/strong>\n<ul>\n<li>\u00e0 levage pneumatique<\/li>\n<li>Moteur asynchrone triphas\u00e9 Puissance 2,2 kW, 4500 tr\/min \u00e0 100Hz<\/li>\n<li>Diam\u00e8tre de la lame de scie 300mm<\/li>\n<li>Raccord pour l&rsquo;aspiration D80mm<\/li>\n<li>V\u00e9rin de serrage devant l&rsquo;agr\u00e9gat de sciage<\/li>\n<\/ul>\n<\/li>\n<li><strong>Option unit\u00e9 de rainurage<\/strong>\n<ul>\n<li>avec bascule pivotante, \u00e0 levage pneumatique<\/li>\n<li>Largeur de la rainure 20mm, profondeur de la rainure 3mm,<\/li>\n<li>Puissance 2,2 kW, 2800 tr\/min.<\/li>\n<li>avec rouleaux de pression sup\u00e9rieure, \u00e0 levage et abaissement pneumatique <\/li>\n<li>Raccord pour l&rsquo;aspiration D80mm<\/li>\n<\/ul>\n<\/li>\n<li><strong>Station de collage<\/strong>\n<ul>\n<li>Colle thermofusible<\/li>\n<li>Installation \u00e0 la demande, puissance 4 kW<\/li>\n<li>avec t\u00eate d&rsquo;application, \u00e0 commande \u00e9lectropneumatique<\/li>\n<\/ul>\n<\/li>\n<\/ul>\n<p>[\/vc_column_text][\/vc_tta_section][\/vc_tta_accordion][\/vc_column][\/vc_row]<\/p>\n<\/div>","protected":false},"excerpt":{"rendered":"<p>[vc_row equal_height=\u00a0\u00bbyes\u00a0\u00bb content_placement=\u00a0\u00bbmiddle\u00a0\u00bb][vc_column][vc_column_text css=\u00a0\u00bb\u00a0\u00bb]La machine \u00e0 \u00e9quarrir KHA a \u00e9t\u00e9 sp\u00e9cialement con\u00e7ue pour la production de bois \u00e9quarri et de bois d&rsquo;\u0153uvre. Elle traite des bandes provenant par exemple de panneaux r\u00e9siduels ou de panneaux pr\u00e9sentant des d\u00e9fauts de surface, qui sont produits lors de la production de panneaux OSB, OSL, LVL, agglom\u00e9r\u00e9s ou MDF. [&hellip;]<\/p>\n","protected":false},"author":2,"featured_media":0,"parent":0,"menu_order":0,"comment_status":"closed","ping_status":"closed","template":"","meta":{"footnotes":""},"class_list":["post-5537","page","type-page","status-publish","hentry"],"_links":{"self":[{"href":"https:\/\/mbm.at\/fr\/wp-json\/wp\/v2\/pages\/5537","targetHints":{"allow":["GET"]}}],"collection":[{"href":"https:\/\/mbm.at\/fr\/wp-json\/wp\/v2\/pages"}],"about":[{"href":"https:\/\/mbm.at\/fr\/wp-json\/wp\/v2\/types\/page"}],"author":[{"embeddable":true,"href":"https:\/\/mbm.at\/fr\/wp-json\/wp\/v2\/users\/2"}],"replies":[{"embeddable":true,"href":"https:\/\/mbm.at\/fr\/wp-json\/wp\/v2\/comments?post=5537"}],"version-history":[{"count":14,"href":"https:\/\/mbm.at\/fr\/wp-json\/wp\/v2\/pages\/5537\/revisions"}],"predecessor-version":[{"id":5901,"href":"https:\/\/mbm.at\/fr\/wp-json\/wp\/v2\/pages\/5537\/revisions\/5901"}],"wp:attachment":[{"href":"https:\/\/mbm.at\/fr\/wp-json\/wp\/v2\/media?parent=5537"}],"curies":[{"name":"wp","href":"https:\/\/api.w.org\/{rel}","templated":true}]}}