{"id":5438,"date":"2025-02-13T10:13:20","date_gmt":"2025-02-13T09:13:20","guid":{"rendered":"https:\/\/mbm.at\/station-de-forage-pour-das-fl\/"},"modified":"2025-02-21T07:49:49","modified_gmt":"2025-02-21T06:49:49","slug":"station-de-forage-pour-das-fl","status":"publish","type":"page","link":"https:\/\/mbm.at\/fr\/station-de-forage-pour-das-fl\/","title":{"rendered":"Station de forage pour DAS-FL"},"content":{"rendered":"<div class=\"wpb-content-wrapper\"><p>[vc_row][vc_column][vc_images_carousel images=\u00a0\u00bb5658,5650,5642,5634&Prime; img_size=\u00a0\u00bbfull\u00a0\u00bb css=\u00a0\u00bb\u00a0\u00bb][\/vc_column][\/vc_row][vc_row][vc_column][vc_tta_accordion][vc_tta_section title=\u00a0\u00bbVotre avantage\u00a0\u00bb tab_id=\u00a0\u00bb1739431384756-268a3dc5-a8f9&Prime;][vc_single_image image=\u00a0\u00bb5356&Prime; img_size=\u00a0\u00bb200*200&Prime; alignment=\u00a0\u00bbcenter\u00a0\u00bb onclick=\u00a0\u00bbcustom_link\u00a0\u00bb css=\u00a0\u00bb\u00a0\u00bb link=\u00a0\u00bbhttps:\/\/mbm.at\/wp-content\/uploads\/2025\/02\/bohrstation-wendel.jpg\u00a0\u00bb][vc_column_text css=\u00a0\u00bb\u00a0\u00bb]<\/p>\n<ul>\n<li><strong>Possibilit\u00e9 d&rsquo;extension sur la DAS-FL: <\/strong>ajoutez une station de forage automatique \u00e0 la DAS-FL<\/li>\n<li><strong>Productivit\u00e9 accrue:<\/strong> les stations de forage automatiques peuvent fonctionner en continu, sans pauses, ce qui augmente consid\u00e9rablement le taux de production<\/li>\n<li><strong>Pr\u00e9cision et r\u00e9p\u00e9tabilit\u00e9:<\/strong> ces machines offrent une grande pr\u00e9cision et une grande coh\u00e9rence \u00e0 chaque op\u00e9ration de per\u00e7age, ce qui am\u00e9liore la qualit\u00e9 des produits finis<\/li>\n<li><strong>Rentabilit\u00e9:<\/strong> l&rsquo;automatisation permet de r\u00e9duire les co\u00fbts de main-d&rsquo;\u0153uvre et d&rsquo;augmenter l&rsquo;efficacit\u00e9 en r\u00e9duisant les interventions manuelles<\/li>\n<li><strong>Flexibilit\u00e9:<\/strong> les stations de forage automatiques peuvent \u00eatre facilement adapt\u00e9es \u00e0 diff\u00e9rentes exigences de forage, y compris le traitement de diff\u00e9rents mat\u00e9riaux et g\u00e9om\u00e9tries<\/li>\n<li><strong>S\u00e9curit\u00e9:<\/strong> les stations de forage automatis\u00e9es r\u00e9duisent le risque d&rsquo;accidents du travail en limitant l&rsquo;intervention humaine<\/li>\n<\/ul>\n<p>[\/vc_column_text][\/vc_tta_section][vc_tta_section title=\u00a0\u00bbDomaines d&apos;application\u00a0\u00bb tab_id=\u00a0\u00bb1739431384757-33359260-8ac3&Prime;][vc_single_image image=\u00a0\u00bb5729&Prime; img_size=\u00a0\u00bb200*200&Prime; alignment=\u00a0\u00bbcenter\u00a0\u00bb onclick=\u00a0\u00bbcustom_link\u00a0\u00bb css=\u00a0\u00bb\u00a0\u00bb link=\u00a0\u00bbhttps:\/\/mbm.at\/wp-content\/uploads\/2025\/02\/20250121_103920-scaled.jpg\u00a0\u00bb][vc_column_text css=\u00a0\u00bb\u00a0\u00bb]<\/p>\n<ul>\n<li><strong>Fabrication de cercueils:<\/strong>\n<ul>\n<li>Cr\u00e9ation de trous pour les poign\u00e9es<\/li>\n<li>Cr\u00e9ation de trous de fermeture<\/li>\n<li>R\u00e9alisation de trous de noeuds<\/li>\n<\/ul>\n<\/li>\n<\/ul>\n<p>[\/vc_column_text][\/vc_tta_section][vc_tta_section title=\u00a0\u00bbMod\u00e8les disponibles\u00a0\u00bb tab_id=\u00a0\u00bb1740038908552-3559feea-dc0b\u00a0\u00bb][vc_single_image image=\u00a0\u00bb5372&Prime; img_size=\u00a0\u00bb200*200&Prime; alignment=\u00a0\u00bbcenter\u00a0\u00bb onclick=\u00a0\u00bbcustom_link\u00a0\u00bb css=\u00a0\u00bb\u00a0\u00bb link=\u00a0\u00bbhttps:\/\/mbm.at\/wp-content\/uploads\/2025\/02\/IMG_2052.jpg\u00a0\u00bb][vc_column_text css=\u00a0\u00bb\u00a0\u00bb]<\/p>\n<ul>\n<li>Station de forage sur la ligne de production DAS-FL<\/li>\n<li>Station de forage en tant que machine individuelle<\/li>\n<li>Station de forage pour le per\u00e7age de trous de noeuds<\/li>\n<\/ul>\n<p>[\/vc_column_text][\/vc_tta_section][vc_tta_section title=\u00a0\u00bbOptions\u00a0\u00bb tab_id=\u00a0\u00bb1740038911672-afecc4b4-a542&Prime;][vc_single_image image=\u00a0\u00bb5250&Prime; img_size=\u00a0\u00bb200*200&Prime; alignment=\u00a0\u00bbcenter\u00a0\u00bb onclick=\u00a0\u00bbcustom_link\u00a0\u00bb css=\u00a0\u00bb\u00a0\u00bb link=\u00a0\u00bbhttps:\/\/mbm.at\/wp-content\/uploads\/2025\/02\/bohr1.png\u00a0\u00bb][vc_column_text css=\u00a0\u00bb\u00a0\u00bb]<\/p>\n<ul>\n<li>Per\u00e7age avec plusieurs agr\u00e9gats en m\u00eame temps<\/li>\n<li>Per\u00e7age avec plusieurs axes<\/li>\n<li>Per\u00e7age avec une distance de per\u00e7age flexible<\/li>\n<\/ul>\n<p>[\/vc_column_text][\/vc_tta_section][vc_tta_section title=\u00a0\u00bbCaract\u00e9ristiques techniques\u00a0\u00bb tab_id=\u00a0\u00bb1740038913920-7650123a-a710&Prime;][vc_column_text css=\u00a0\u00bb\u00a0\u00bb]<\/p>\n<ul>\n<li>Agr\u00e9gats de per\u00e7age individuels r\u00e9glables \u00e9lectriquement pour les trous de fixation<\/li>\n<li>Axes de d\u00e9placement lin\u00e9aires pour les directions X, Y, Z<\/li>\n<li>Fixation des pi\u00e8ces \u00e0 l&rsquo;aide de v\u00e9rins de serrage<\/li>\n<li>Temps de cycle con\u00e7u pour la cadence DAS-FL et cr\u00e9ation simultan\u00e9e de jusqu&rsquo;\u00e0 6 trous<\/li>\n<li>Course de per\u00e7age = 80 mm, avec mandrin de r\u00e9duction pour diam\u00e8tre de tige de foret 10 mm.<\/li>\n<\/ul>\n<p>[\/vc_column_text][\/vc_tta_section][vc_tta_section title=\u00a0\u00bbContr\u00f4le\u00a0\u00bb tab_id=\u00a0\u00bb1740038915216-6be24bbf-05a8&Prime;][vc_single_image image=\u00a0\u00bb5738&Prime; img_size=\u00a0\u00bb200*200&Prime; alignment=\u00a0\u00bbcenter\u00a0\u00bb onclick=\u00a0\u00bbcustom_link\u00a0\u00bb css=\u00a0\u00bb\u00a0\u00bb link=\u00a0\u00bbhttps:\/\/mbm.at\/wp-content\/uploads\/2025\/02\/KHA6gross-scaled.jpg\u00a0\u00bb][vc_column_text css=\u00a0\u00bb\u00a0\u00bb]<\/p>\n<ul>\n<li>Siemens comme fabricant principal de composants \u00e9lectriques et \u00e9lectroniques avec une commande centrale TIA-SPS (version s\u00e9curis\u00e9e) pour la commande de l&rsquo;installation, du d\u00e9roulement et de la s\u00e9curit\u00e9<\/li>\n<li>Gestion des param\u00e8tres, mode manuel, gestion des alarmes, enregistrement des donn\u00e9es<\/li>\n<li>Poste de commande \u00c9cran tactile HMI<\/li>\n<li>Cr\u00e9ation facile de programmes avec le configurateur de cercueils<\/li>\n<li>Diagnostic d&rsquo;erreur en cas de panne<\/li>\n<li>Correction de la longueur et de la hauteur de la rainure en cas de diff\u00e9rence d&rsquo;\u00e9paisseur du bois<\/li>\n<li>D\u00e9couper diff\u00e9rents programmes dans une pi\u00e8ce de bois<\/li>\n<li>Options de contr\u00f4le\n<ul>\n<li>Interface pour le transfert automatique des donn\u00e9es de fabrication<\/li>\n<li>Solutions de t\u00e9l\u00e9diagnostic et de t\u00e9l\u00e9maintenance<\/li>\n<li>Plate-forme IoT control : pour le monitoring et la saisie des donn\u00e9es d&rsquo;exploitation et la mise en r\u00e9seau avec des installations en amont ou en aval. Plus d&rsquo;informations sous: <a href=\"https:\/\/www.digifai.com\/de\/control\/\" target=\"_blank\" rel=\"noopener\">control &#8211; digifai<\/a> <\/li>\n<\/ul>\n<\/li>\n<\/ul>\n<p>[\/vc_column_text][\/vc_tta_section][vc_tta_section title=\u00a0\u00bbCaract\u00e9ristiques de la machine\u00a0\u00bb tab_id=\u00a0\u00bb1740038916567-704225a7-f58c\u00a0\u00bb][vc_single_image image=\u00a0\u00bb5747&Prime; img_size=\u00a0\u00bb200*200&Prime; alignment=\u00a0\u00bbcenter\u00a0\u00bb onclick=\u00a0\u00bbcustom_link\u00a0\u00bb css=\u00a0\u00bb\u00a0\u00bb link=\u00a0\u00bbhttps:\/\/mbm.at\/wp-content\/uploads\/2025\/02\/Kantholzautomat-KHA2.png\u00a0\u00bb][vc_column_text css=\u00a0\u00bb\u00a0\u00bb]<\/p>\n<ul>\n<li>Ex\u00e9cution en version soud\u00e9e stable<\/li>\n<li>Appareils de forage : 0,75 kW, 2 675 tr\/min<\/li>\n<li>Jusqu&rsquo;\u00e0 12 appareils de forage<\/li>\n<li>Espace n\u00e9cessaire\n<ul>\n<li>Longueur d&rsquo;installation env. 3.500 mm, largeur 2.000 mm<\/li>\n<\/ul>\n<\/li>\n<\/ul>\n<p>[\/vc_column_text][\/vc_tta_section][\/vc_tta_accordion][\/vc_column][\/vc_row]<\/p>\n<\/div>","protected":false},"excerpt":{"rendered":"<p>[vc_row][vc_column][vc_images_carousel images=\u00a0\u00bb5658,5650,5642,5634&Prime; img_size=\u00a0\u00bbfull\u00a0\u00bb css=\u00a0\u00bb\u00a0\u00bb][\/vc_column][\/vc_row][vc_row][vc_column][vc_tta_accordion][vc_tta_section title=\u00a0\u00bbVotre avantage\u00a0\u00bb tab_id=\u00a0\u00bb1739431384756-268a3dc5-a8f9&Prime;][vc_single_image image=\u00a0\u00bb5356&Prime; img_size=\u00a0\u00bb200*200&Prime; alignment=\u00a0\u00bbcenter\u00a0\u00bb onclick=\u00a0\u00bbcustom_link\u00a0\u00bb css=\u00a0\u00bb\u00a0\u00bb link=\u00a0\u00bbhttps:\/\/mbm.at\/wp-content\/uploads\/2025\/02\/bohrstation-wendel.jpg\u00a0\u00bb][vc_column_text css=\u00a0\u00bb\u00a0\u00bb] Possibilit\u00e9 d&rsquo;extension sur la DAS-FL: ajoutez une station de forage automatique \u00e0 la DAS-FL Productivit\u00e9 accrue: les stations de forage automatiques peuvent fonctionner en continu, sans pauses, ce qui augmente consid\u00e9rablement le taux de production Pr\u00e9cision et r\u00e9p\u00e9tabilit\u00e9: ces machines offrent [&hellip;]<\/p>\n","protected":false},"author":2,"featured_media":0,"parent":0,"menu_order":0,"comment_status":"closed","ping_status":"closed","template":"","meta":{"footnotes":""},"class_list":["post-5438","page","type-page","status-publish","hentry"],"_links":{"self":[{"href":"https:\/\/mbm.at\/fr\/wp-json\/wp\/v2\/pages\/5438","targetHints":{"allow":["GET"]}}],"collection":[{"href":"https:\/\/mbm.at\/fr\/wp-json\/wp\/v2\/pages"}],"about":[{"href":"https:\/\/mbm.at\/fr\/wp-json\/wp\/v2\/types\/page"}],"author":[{"embeddable":true,"href":"https:\/\/mbm.at\/fr\/wp-json\/wp\/v2\/users\/2"}],"replies":[{"embeddable":true,"href":"https:\/\/mbm.at\/fr\/wp-json\/wp\/v2\/comments?post=5438"}],"version-history":[{"count":8,"href":"https:\/\/mbm.at\/fr\/wp-json\/wp\/v2\/pages\/5438\/revisions"}],"predecessor-version":[{"id":5832,"href":"https:\/\/mbm.at\/fr\/wp-json\/wp\/v2\/pages\/5438\/revisions\/5832"}],"wp:attachment":[{"href":"https:\/\/mbm.at\/fr\/wp-json\/wp\/v2\/media?parent=5438"}],"curies":[{"name":"wp","href":"https:\/\/api.w.org\/{rel}","templated":true}]}}