{"id":437,"date":"2024-11-05T15:12:15","date_gmt":"2024-11-05T14:12:15","guid":{"rendered":"https:\/\/wp.mbm.at\/bienvenue-sur-notre-site-internet\/"},"modified":"2024-12-19T14:27:18","modified_gmt":"2024-12-19T13:27:18","slug":"bienvenue-sur-notre-site-internet","status":"publish","type":"page","link":"https:\/\/mbm.at\/fr\/","title":{"rendered":"Automatisation &amp; construction de machines sp\u00e9ciales"},"content":{"rendered":"<div class=\"wpb-content-wrapper\"><p>[vc_row][vc_column][vc_column_text css=\u00a0\u00bb\u00a0\u00bb]<\/p>\n<h4 style=\"text-align: center;\"><span data-teams=\"true\">Des onglets avec pr\u00e9cision et fiabilit\u00e9!<\/span><\/h4>\n<p>[\/vc_column_text][\/vc_column][\/vc_row][vc_row][vc_column][vc_single_image image=\u00a0\u00bb2497&Prime; img_size=\u00a0\u00bblarge\u00a0\u00bb alignment=\u00a0\u00bbcenter\u00a0\u00bb onclick=\u00a0\u00bbcustom_link\u00a0\u00bb css=\u00a0\u00bb\u00a0\u00bb link=\u00a0\u00bbhttps:\/\/mbm.at\/wp-content\/uploads\/2024\/11\/Doppelgehrungssaege-B2.jpg\u00a0\u00bb][\/vc_column][\/vc_row][vc_row][vc_column][vc_column_text css=\u00a0\u00bb\u00a0\u00bb]<strong><span style=\"\">mbm<\/span><\/strong> est le sp\u00e9cialiste des coupes d&rsquo;onglet automatis\u00e9es et construit \u00e0 cet effet des scies \u00e0 onglet et des scies \u00e0 onglet doubles. <strong><span style=\"\">Les machines mbm<\/span><\/strong> se distinguent par leur fiabilit\u00e9, leur pr\u00e9cision et leur passion pour la coupe parfaite. Au fil du temps, le portefeuille s&rsquo;est \u00e9largi \u00e0 d&rsquo;autres solutions de machines et d&rsquo;automatisation. C&rsquo;est ainsi que <span style=\"\"><strong>mbm<\/strong><\/span> s&rsquo;est \u00e9tablie comme fournisseur de solutions compl\u00e8tes pour la production industrielle de cercueils.   <\/p>\n<p>Avec le rachat par Eberle Automatische Systeme GmbH &amp; ; Co KG de Dornbirn en 2023, l&rsquo;offre a \u00e9t\u00e9 \u00e9largie aux solutions num\u00e9riques Industrie 4.0. Cela associe d\u00e9sormais la construction m\u00e9canique fiable et \u00e9prouv\u00e9e \u00e0 des solutions logicielles modernes pour une production s\u00fbre, efficace et optimis\u00e9e en termes de ressources.[\/vc_column_text][\/vc_column][\/vc_row][vc_row][vc_column width=\u00a0\u00bb1\/6&Prime;][vc_single_image image=\u00a0\u00bb2531&Prime; img_size=\u00a0\u00bb250*250&Prime; alignment=\u00a0\u00bbcenter\u00a0\u00bb onclick=\u00a0\u00bbcustom_link\u00a0\u00bb css=\u00a0\u00bb\u00a0\u00bb link=\u00a0\u00bbhttps:\/\/mbm.at\/wp-content\/uploads\/2024\/12\/3.jpg\u00a0\u00bb][\/vc_column][vc_column width=\u00a0\u00bb5\/6&Prime;][vc_column_text css=\u00a0\u00bb\u00a0\u00bb]<strong>Machines de fabrication de cercueils <span style=\"color: #40b5ad;\">mbm<\/span> &#8211; pour la fabrication moderne, efficace et individualis\u00e9e de cercueils<\/strong><\/p>\n<p>La fabrication moderne de cercueils combine l&rsquo;artisanat traditionnel et la technologie de pointe pour produire des cercueils de haute qualit\u00e9 et durables en grandes quantit\u00e9s.<\/p>\n<p>&gt;&gt; continuer \u00e0 <a href=\"https:\/\/mbm.at\/fr\/machines-pour-la-fabrication-de-cercueils\/\">fabriquer des cercueils<\/a>[\/vc_column_text][\/vc_column][\/vc_row][vc_row][vc_column width=\u00a0\u00bb1\/6&Prime;][vc_single_image image=\u00a0\u00bb2517&Prime; img_size=\u00a0\u00bb250*250&Prime; alignment=\u00a0\u00bbcenter\u00a0\u00bb onclick=\u00a0\u00bbcustom_link\u00a0\u00bb css=\u00a0\u00bb\u00a0\u00bb link=\u00a0\u00bbhttps:\/\/mbm.at\/wp-content\/uploads\/2024\/12\/1.jpg\u00a0\u00bb][\/vc_column][vc_column width=\u00a0\u00bb5\/6&Prime;][vc_column_text css=\u00a0\u00bb\u00a0\u00bb]<strong>Scies \u00e0 onglet <span style=\"color: #40b5ad;\">mbm<\/span> &#8211; des coupes qui respectent parfaitement l&rsquo;angle<\/strong><\/p>\n<p>Des coupes parfaitement ajust\u00e9es, une rainure pr\u00e9cise \u00e0 diff\u00e9rents angles \u00e9vitent les retouches et le pon\u00e7age.<\/p>\n<p>&gt;&gt; continuer vers les scies \u00e0 onglets <a href=\"https:\/\/mbm.at\/fr\/scies-a-onglet-double\/\">DAS-E <\/a>et <a href=\"https:\/\/mbm.at\/fr\/scie-a-onglet-double-universelle-das-u\/\">DAS-U<\/a>[\/vc_column_text][\/vc_column][\/vc_row][vc_row][vc_column width=\u00a0\u00bb1\/6&Prime;][vc_single_image image=\u00a0\u00bb2524&Prime; img_size=\u00a0\u00bb250*250&Prime; alignment=\u00a0\u00bbcenter\u00a0\u00bb onclick=\u00a0\u00bbcustom_link\u00a0\u00bb css=\u00a0\u00bb\u00a0\u00bb link=\u00a0\u00bbhttps:\/\/mbm.at\/wp-content\/uploads\/2024\/12\/2.jpg\u00a0\u00bb][\/vc_column][vc_column width=\u00a0\u00bb5\/6&Prime;][vc_column_text css=\u00a0\u00bb\u00a0\u00bb]<strong>Lignes de production <span style=\"color: #40b5ad;\">mbm<\/span> &#8211; fabrication automatis\u00e9e, pr\u00e9cise et rapide pour des volumes \u00e9lev\u00e9s<\/strong><\/p>\n<p>Les lignes de production combinent diff\u00e9rents postes de travail dans une seule machine, r\u00e9duisent la charge de travail des employ\u00e9s, augmentent la productivit\u00e9 et am\u00e9liorent l&rsquo;efficacit\u00e9 des co\u00fbts tout en maintenant la qualit\u00e9.<\/p>\n<p>&gt;&gt; continuer vers <a href=\"https:\/\/mbm.at\/fr\/lignes-de-production\/\">les lignes de production<\/a>[\/vc_column_text][\/vc_column][\/vc_row][vc_row][vc_column width=\u00a0\u00bb1\/6&Prime;][vc_single_image image=\u00a0\u00bb3238&Prime; img_size=\u00a0\u00bb250*250&Prime; alignment=\u00a0\u00bbcenter\u00a0\u00bb onclick=\u00a0\u00bbcustom_link\u00a0\u00bb css=\u00a0\u00bb\u00a0\u00bb link=\u00a0\u00bbhttps:\/\/mbm.at\/wp-content\/uploads\/2024\/12\/mbm-automation-neu.png\u00a0\u00bb][\/vc_column][vc_column width=\u00a0\u00bb5\/6&Prime;][vc_column_text css=\u00a0\u00bb\u00a0\u00bb]<strong><span style=\"color: #40b5ad;\">mbm<\/span> Automatisation et encha\u00eenement des processus de fabrication pour une performance de pointe continue<\/strong><\/p>\n<p>L&rsquo;automatisation, la robotisation et l&rsquo;encha\u00eenement des processus permettent d&rsquo;optimiser et d&rsquo;acc\u00e9l\u00e9rer les cycles de production. Il en r\u00e9sulte une productivit\u00e9 accrue et des temps de passage r\u00e9duits. <\/p>\n<p>&gt;&gt; continuer vers <a href=\"https:\/\/mbm.at\/fr\/automatisation-pour-la-fabrication-de-cercueils\/\">Automation<\/a>[\/vc_column_text][\/vc_column][\/vc_row][vc_row][vc_column width=\u00a0\u00bb1\/6&Prime;][vc_single_image image=\u00a0\u00bb3218&Prime; img_size=\u00a0\u00bb250*250&Prime; onclick=\u00a0\u00bbcustom_link\u00a0\u00bb css=\u00a0\u00bb\u00a0\u00bb link=\u00a0\u00bbhttps:\/\/mbm.at\/wp-content\/uploads\/2024\/12\/mbm-page.png\u00a0\u00bb][\/vc_column][vc_column width=\u00a0\u00bb5\/6&Prime;][vc_column_text css=\u00a0\u00bb\u00a0\u00bb]<strong><span style=\"color: #40b5ad;\">mbm <\/span>Solutions de num\u00e9risation &#8211; acc\u00e9l\u00e9rer la planification, la conception et la fabrication<\/strong><\/p>\n<p>Gr\u00e2ce \u00e0 l&rsquo;utilisation de machines intelligentes et de syst\u00e8mes en r\u00e9seau, les processus de production sont automatis\u00e9s et optimis\u00e9s, ce qui permet d&rsquo;augmenter la productivit\u00e9 et de simplifier consid\u00e9rablement le suivi des processus.<\/p>\n<p>&gt;&gt; continuer vers <a href=\"https:\/\/mbm.at\/fr\/solutions-de-numerisation-pour-la-fabrication-de-cercueils\/\">la num\u00e9risation<\/a>[\/vc_column_text][\/vc_column][\/vc_row]<\/p>\n<\/div>","protected":false},"excerpt":{"rendered":"<p>[vc_row][vc_column][vc_column_text css=\u00a0\u00bb\u00a0\u00bb] Des onglets avec pr\u00e9cision et fiabilit\u00e9! [\/vc_column_text][\/vc_column][\/vc_row][vc_row][vc_column][vc_single_image image=\u00a0\u00bb2497&Prime; img_size=\u00a0\u00bblarge\u00a0\u00bb alignment=\u00a0\u00bbcenter\u00a0\u00bb onclick=\u00a0\u00bbcustom_link\u00a0\u00bb css=\u00a0\u00bb\u00a0\u00bb link=\u00a0\u00bbhttps:\/\/mbm.at\/wp-content\/uploads\/2024\/11\/Doppelgehrungssaege-B2.jpg\u00a0\u00bb][\/vc_column][\/vc_row][vc_row][vc_column][vc_column_text css=\u00a0\u00bb\u00a0\u00bb]mbm est le sp\u00e9cialiste des coupes d&rsquo;onglet automatis\u00e9es et construit \u00e0 cet effet des scies \u00e0 onglet et des scies \u00e0 onglet doubles. Les machines mbm se distinguent par leur fiabilit\u00e9, leur pr\u00e9cision et leur passion pour la coupe parfaite. [&hellip;]<\/p>\n","protected":false},"author":2,"featured_media":0,"parent":0,"menu_order":0,"comment_status":"closed","ping_status":"closed","template":"","meta":{"footnotes":""},"class_list":["post-437","page","type-page","status-publish","hentry"],"_links":{"self":[{"href":"https:\/\/mbm.at\/fr\/wp-json\/wp\/v2\/pages\/437","targetHints":{"allow":["GET"]}}],"collection":[{"href":"https:\/\/mbm.at\/fr\/wp-json\/wp\/v2\/pages"}],"about":[{"href":"https:\/\/mbm.at\/fr\/wp-json\/wp\/v2\/types\/page"}],"author":[{"embeddable":true,"href":"https:\/\/mbm.at\/fr\/wp-json\/wp\/v2\/users\/2"}],"replies":[{"embeddable":true,"href":"https:\/\/mbm.at\/fr\/wp-json\/wp\/v2\/comments?post=437"}],"version-history":[{"count":75,"href":"https:\/\/mbm.at\/fr\/wp-json\/wp\/v2\/pages\/437\/revisions"}],"predecessor-version":[{"id":4385,"href":"https:\/\/mbm.at\/fr\/wp-json\/wp\/v2\/pages\/437\/revisions\/4385"}],"wp:attachment":[{"href":"https:\/\/mbm.at\/fr\/wp-json\/wp\/v2\/media?parent=437"}],"curies":[{"name":"wp","href":"https:\/\/api.w.org\/{rel}","templated":true}]}}