{"id":3381,"date":"2024-12-03T08:04:57","date_gmt":"2024-12-03T07:04:57","guid":{"rendered":"https:\/\/mbm.at\/nos-brochures-mbm-a-telecharger\/"},"modified":"2024-12-11T10:36:31","modified_gmt":"2024-12-11T09:36:31","slug":"nos-brochures-mbm-a-telecharger","status":"publish","type":"page","link":"https:\/\/mbm.at\/fr\/nos-brochures-mbm-a-telecharger\/","title":{"rendered":"Nos brochures mbm \u00e0 t\u00e9l\u00e9charger"},"content":{"rendered":"<div class=\"wpb-content-wrapper\"><p>[vc_row][vc_column][vc_column_text css=\u00a0\u00bb\u00a0\u00bb]Vous pouvez t\u00e9l\u00e9charger nos brochures ici pour obtenir plus d&rsquo;informations sur nous et notre travail.<\/p>\n<p><a href=\"https:\/\/mbm.at\/wp-content\/uploads\/2024\/12\/20241209_Sargmaschinen_Doppelgehrungssage_DE_EN.pdf\" target=\"_blank\" rel=\"noopener\">Machines_cercueil_Double_Montage_FR_EN<\/a><\/p>\n<p><a href=\"https:\/\/mbm.at\/wp-content\/uploads\/2024\/12\/20241209_Sargmaschinen_Doppelgehrungssage_DE_FR.pdf\" target=\"_blank\" rel=\"noopener\">Machines_cercueil_Double_Montage_FR<\/a>[\/vc_column_text][\/vc_column][\/vc_row]<\/p>\n<\/div>","protected":false},"excerpt":{"rendered":"<p>[vc_row][vc_column][vc_column_text css=\u00a0\u00bb\u00a0\u00bb]Vous pouvez t\u00e9l\u00e9charger nos brochures ici pour obtenir plus d&rsquo;informations sur nous et notre travail. Machines_cercueil_Double_Montage_FR_EN Machines_cercueil_Double_Montage_FR[\/vc_column_text][\/vc_column][\/vc_row]<\/p>\n","protected":false},"author":2,"featured_media":0,"parent":0,"menu_order":0,"comment_status":"closed","ping_status":"closed","template":"","meta":{"footnotes":""},"class_list":["post-3381","page","type-page","status-publish","hentry"],"_links":{"self":[{"href":"https:\/\/mbm.at\/fr\/wp-json\/wp\/v2\/pages\/3381","targetHints":{"allow":["GET"]}}],"collection":[{"href":"https:\/\/mbm.at\/fr\/wp-json\/wp\/v2\/pages"}],"about":[{"href":"https:\/\/mbm.at\/fr\/wp-json\/wp\/v2\/types\/page"}],"author":[{"embeddable":true,"href":"https:\/\/mbm.at\/fr\/wp-json\/wp\/v2\/users\/2"}],"replies":[{"embeddable":true,"href":"https:\/\/mbm.at\/fr\/wp-json\/wp\/v2\/comments?post=3381"}],"version-history":[{"count":2,"href":"https:\/\/mbm.at\/fr\/wp-json\/wp\/v2\/pages\/3381\/revisions"}],"predecessor-version":[{"id":3476,"href":"https:\/\/mbm.at\/fr\/wp-json\/wp\/v2\/pages\/3381\/revisions\/3476"}],"wp:attachment":[{"href":"https:\/\/mbm.at\/fr\/wp-json\/wp\/v2\/media?parent=3381"}],"curies":[{"name":"wp","href":"https:\/\/api.w.org\/{rel}","templated":true}]}}