{"id":2906,"date":"2024-11-19T15:13:11","date_gmt":"2024-11-19T14:13:11","guid":{"rendered":"https:\/\/wp.mbm.at\/solutions-de-numerisation-pour-la-fabrication-de-cercueils\/"},"modified":"2025-02-03T08:47:26","modified_gmt":"2025-02-03T07:47:26","slug":"solutions-de-numerisation-pour-la-fabrication-de-cercueils","status":"publish","type":"page","link":"https:\/\/mbm.at\/fr\/solutions-de-numerisation-pour-la-fabrication-de-cercueils\/","title":{"rendered":"Solutions de num\u00e9risation pour la fabrication de cercueils"},"content":{"rendered":"<div class=\"wpb-content-wrapper\"><p>[vc_row][vc_column][vc_column_text css=\u00a0\u00bb\u00a0\u00bb]<strong>Configurateur de cercueil<\/strong><\/p>\n<p>Le configurateur de cercueils offre de nombreux avantages, notamment lorsqu\u2019il s\u2019agit d\u2019adapter et de personnaliser les produits.<\/p>\n<p>Les avantages de l\u2019utilisation du configurateur de cercueils dans la fabrication de cercueils sont les suivants :<\/p>\n<p><strong>Adaptation rapide des programmes de montage<\/strong><\/p>\n<p>Les pr\u00e9r\u00e9glages pour les d\u00e9coupes peuvent \u00eatre facilement cr\u00e9\u00e9s via une interface WEB directement sur la machine ou \u00e0 distance au bureau. Les programmes de d\u00e9coupe peuvent \u00eatre enregistr\u00e9s, modifi\u00e9s et r\u00e9utilis\u00e9s. <\/p>\n<p><strong> <\/strong><strong>Personnalisation efficace des produits<\/strong><\/p>\n<p>Le configurateur de cercueils permet de personnaliser les produits en fonction des besoins et des pr\u00e9f\u00e9rences des clients. Cela permet d&rsquo;augmenter la satisfaction des clients et de les fid\u00e9liser. <\/p>\n<p><strong> <\/strong><strong>La pr\u00e9vention des erreurs:<br \/><\/strong>Le configurateur de cercueils garantit que seules les options compatibles peuvent \u00eatre s\u00e9lectionn\u00e9es, ce qui r\u00e9duit la probabilit\u00e9 d\u2019erreurs, de mauvaises productions et de coupes d\u2019essai fastidieuses.<\/p>\n<p><strong> <\/strong><\/p>\n<p><a href=\"mailto:office@mbm.at\">&gt;&gt; En savoir plus ou lancer une demande<\/a><\/p>\n<p><a href=\"mailto:office@mbm.at\">&gt;&gt; D\u00e9couvrir le configurateur de cercueils en ligne<\/a>[\/vc_column_text][\/vc_column][\/vc_row][vc_row][vc_column width=\u00a0\u00bb1\/4&Prime;][vc_single_image image=\u00a0\u00bb3626&Prime; img_size=\u00a0\u00bb250*250&Prime; alignment=\u00a0\u00bbcenter\u00a0\u00bb onclick=\u00a0\u00bbcustom_link\u00a0\u00bb css=\u00a0\u00bb\u00a0\u00bb link=\u00a0\u00bbhttps:\/\/mbm.at\/wp-content\/uploads\/2024\/12\/Sargkonfigurator-1.png\u00a0\u00bb][\/vc_column][vc_column width=\u00a0\u00bb1\/4&Prime;][vc_single_image image=\u00a0\u00bb3619&Prime; img_size=\u00a0\u00bb250*250&Prime; alignment=\u00a0\u00bbcenter\u00a0\u00bb onclick=\u00a0\u00bbcustom_link\u00a0\u00bb css=\u00a0\u00bb\u00a0\u00bb link=\u00a0\u00bbhttps:\/\/mbm.at\/wp-content\/uploads\/2024\/12\/Sargkonfigurator-2.png\u00a0\u00bb][\/vc_column][vc_column width=\u00a0\u00bb1\/4&Prime;][vc_single_image image=\u00a0\u00bb3612&Prime; img_size=\u00a0\u00bb250*250&Prime; alignment=\u00a0\u00bbcenter\u00a0\u00bb onclick=\u00a0\u00bbcustom_link\u00a0\u00bb css=\u00a0\u00bb\u00a0\u00bb link=\u00a0\u00bbhttps:\/\/mbm.at\/wp-content\/uploads\/2024\/12\/Sargkonfigurator_3.jpg\u00a0\u00bb][\/vc_column][vc_column width=\u00a0\u00bb1\/4&Prime;][vc_single_image image=\u00a0\u00bb3605&Prime; img_size=\u00a0\u00bb250*250&Prime; alignment=\u00a0\u00bbcenter\u00a0\u00bb onclick=\u00a0\u00bbcustom_link\u00a0\u00bb css=\u00a0\u00bb\u00a0\u00bb link=\u00a0\u00bbhttps:\/\/mbm.at\/wp-content\/uploads\/2024\/12\/Sargkonfigurator_2.jpg\u00a0\u00bb][\/vc_column][\/vc_row][vc_row][vc_column][vc_column_text css=\u00a0\u00bb\u00a0\u00bb]<strong>Contr\u00f4le de la plateforme IoT industrielle<\/strong><\/p>\n<p><strong> <\/strong>Avec <a href=\"https:\/\/www.digifai.com\/de\/control\/\" target=\"_blank\" rel=\"noopener\">control<\/a> vous avez un contr\u00f4le absolu sur vos donn\u00e9es de processus. Les plateformes IoT comme <a href=\"https:\/\/www.digifai.com\/de\/control\/\" target=\"_blank\" rel=\"noopener\">control<\/a> offrent aux entreprises de nombreux avantages qui peuvent am\u00e9liorer leur efficacit\u00e9 et leur comp\u00e9titivit\u00e9. <\/p>\n<p>Voici les avantages de l\u2019utilisation de <a href=\"https:\/\/www.digifai.com\/de\/control\/\" target=\"_blank\" rel=\"noopener\">control<\/a> dans la fabrication de cercueils :<\/p>\n<p><strong> <\/strong><strong>Surveillance efficace des donn\u00e9es des machines et des op\u00e9rations<\/strong><\/p>\n<p>Une gestion conviviale et claire gr\u00e2ce \u00e0 des tableaux de bord et \u00e0 la fonction \u00ab Favoris \u00bb permet d&rsquo;obtenir rapidement des informations pour prendre des d\u00e9cisions. Des notifications automatis\u00e9es sur les valeurs limites, les \u00e9v\u00e9nements ou les alarmes garantissent une capacit\u00e9 de r\u00e9action rapide en cas de dysfonctionnement. <\/p>\n<p><strong> <\/strong><strong>Donn\u00e9es d&rsquo;exploitation, analyse et rapports<\/strong><\/p>\n<p>control enregistre les donn\u00e9es de la machine, comme par exemple le fonctionnement et l&rsquo;arr\u00eat, et permet \u00e0 l&rsquo;utilisateur de saisir num\u00e9riquement des informations li\u00e9es \u00e0 la production, comme les donn\u00e9es de qualit\u00e9 ou de commande, en les saisissant sur des terminaux PDA.<\/p>\n<p><strong> <\/strong><strong>Am\u00e9lioration de la prise de d\u00e9cision<\/strong><\/p>\n<p>La collecte et l&rsquo;analyse de donn\u00e9es en temps r\u00e9el permettent aux entreprises de prendre des d\u00e9cisions \u00e9clair\u00e9es et de r\u00e9agir plus rapidement aux changements.<\/p>\n<p><strong> <\/strong><strong>Transparence et tra\u00e7abilit\u00e9<\/strong><\/p>\n<p><a href=\"https:\/\/www.digifai.com\/de\/control\/\" target=\"_blank\" rel=\"noopener\">control<\/a> offre une meilleure visibilit\u00e9 et tra\u00e7abilit\u00e9 des processus de production, ce qui am\u00e9liore l&rsquo;assurance qualit\u00e9 et la conformit\u00e9.<\/p>\n<p><strong> <\/strong><strong>S\u00e9curit\u00e9 accrue<\/strong><\/p>\n<p>Les plateformes IoT peuvent \u00eatre utilis\u00e9es pour surveiller et s\u00e9curiser les installations et les processus, ce qui r\u00e9duit le risque d&rsquo;accidents, d&rsquo;incidents de s\u00e9curit\u00e9 et d&rsquo;arr\u00eats de production.<\/p>\n<p>&nbsp;<\/p>\n<p><a href=\"mailto:office@mbm.at\">&gt;&gt; En savoir plus ou lancer une demande<\/a><\/p>\n<p><a href=\"https:\/\/www.digifai.com\/de\/\">&gt;&gt;  Acc\u00e8s \u00e0 la d\u00e9mo en ligne<\/a>[\/vc_column_text][\/vc_column][\/vc_row][vc_row][vc_column width=\u00a0\u00bb1\/4&Prime;][vc_single_image image=\u00a0\u00bb3722&Prime; img_size=\u00a0\u00bb250*250&Prime; alignment=\u00a0\u00bbcenter\u00a0\u00bb onclick=\u00a0\u00bbcustom_link\u00a0\u00bb css=\u00a0\u00bb\u00a0\u00bb link=\u00a0\u00bbhttps:\/\/mbm.at\/wp-content\/uploads\/2024\/12\/control_tablet_9.png\u00a0\u00bb][\/vc_column][vc_column width=\u00a0\u00bb1\/4&Prime;][vc_single_image image=\u00a0\u00bb3708&Prime; img_size=\u00a0\u00bb250*250&Prime; alignment=\u00a0\u00bbcenter\u00a0\u00bb onclick=\u00a0\u00bbcustom_link\u00a0\u00bb css=\u00a0\u00bb\u00a0\u00bb link=\u00a0\u00bbhttps:\/\/mbm.at\/wp-content\/uploads\/2024\/12\/Sarg_control_5.jpg\u00a0\u00bb][\/vc_column][vc_column width=\u00a0\u00bb1\/4&Prime;][vc_single_image image=\u00a0\u00bb3701&Prime; img_size=\u00a0\u00bb250*250&Prime; alignment=\u00a0\u00bbcenter\u00a0\u00bb onclick=\u00a0\u00bbcustom_link\u00a0\u00bb css=\u00a0\u00bb\u00a0\u00bb link=\u00a0\u00bbhttps:\/\/mbm.at\/wp-content\/uploads\/2024\/12\/Sarg_control_3.jpg\u00a0\u00bb][\/vc_column][vc_column width=\u00a0\u00bb1\/4&Prime;][vc_single_image image=\u00a0\u00bb3694&Prime; img_size=\u00a0\u00bb250*250&Prime; alignment=\u00a0\u00bbcenter\u00a0\u00bb onclick=\u00a0\u00bbcustom_link\u00a0\u00bb css=\u00a0\u00bb\u00a0\u00bb link=\u00a0\u00bbhttps:\/\/mbm.at\/wp-content\/uploads\/2025\/01\/Sarg_control_4.jpg\u00a0\u00bb][\/vc_column][\/vc_row][vc_row][vc_column][vc_column_text css=\u00a0\u00bb\u00a0\u00bb]<strong>Jumeau num\u00e9rique twin<\/strong><\/p>\n<p><strong> <\/strong>Le logiciel<a href=\"https:\/\/www.digifai.com\/de\/twin\" target=\"_blank\" rel=\"noopener\"> twin<\/a> cr\u00e9e un jumeau num\u00e9rique. Il vous permet de tester la commande de votre syst\u00e8me avant que la machine ne soit install\u00e9e. Et lorsque votre machine fonctionne, le twin continue \u00e0 vivre en tant qu&rsquo;interface utilisateur 3D.  <\/p>\n<p>Les avantages de l&rsquo;utilisation de la vision industrielle dans la fabrication de cercueils sont les suivants :<\/p>\n<p><strong> <\/strong><strong>D\u00e9velopper et tester le logiciel de contr\u00f4le sur le jumeau num\u00e9rique<\/strong><\/p>\n<p>Avec le logiciel de simulation <a href=\"https:\/\/www.digifai.com\/de\/twin\" target=\"_blank\" rel=\"noopener\">twin<\/a>, vous testez tous les composants de vos commandes sans avoir besoin de la machine r\u00e9elle. Composants m\u00e9caniques, actionneurs et capteurs &#8211; tout est num\u00e9rique et en 3D. <\/p>\n<p><strong> <\/strong><strong>Optimiser les processus et minimiser les risques gr\u00e2ce \u00e0 une simulation physique r\u00e9aliste<\/strong><\/p>\n<p>Avec <a href=\"https:\/\/www.digifai.com\/de\/twin\" target=\"_blank\" rel=\"noopener\">twin<\/a>, le comportement des machines et des installations est enti\u00e8rement simul\u00e9 en 3D gr\u00e2ce \u00e0 la simulation physique la plus r\u00e9cente, y compris le flux de mat\u00e9riaux, les temps de cycle et les collisions. Des optimisations peuvent \u00eatre test\u00e9es sans risque sur le jumeau num\u00e9rique, sans temps d&rsquo;arr\u00eat sur la machine r\u00e9elle ou pendant la mise en service de nouvelles machines. <\/p>\n<p><strong>De l&rsquo;id\u00e9e \u00e0 la mise en service virtuelle et plus encore<\/strong><\/p>\n<p>Apr\u00e8s l&rsquo;offre Et ensuite, la machine virtuelle continue \u00e0 vivre comme une IHM 3D intelligente sur la machine r\u00e9elle. Une image compl\u00e8te de la machine r\u00e9elle sur l&rsquo;interface utilisateur r\u00e9duit les erreurs de manipulation et facilite \u00e9norm\u00e9ment l&rsquo;analyse des erreurs en cas de panne. <\/p>\n<p>&nbsp;<\/p>\n<p><a href=\"mailto:office@mbm.at\">&gt;&gt; En savoir plus ou lancer une demande<\/a>[\/vc_column_text][\/vc_column][\/vc_row][vc_row][vc_column width=\u00a0\u00bb1\/3&Prime;][vc_single_image image=\u00a0\u00bb3744&Prime; img_size=\u00a0\u00bb250*250&Prime; alignment=\u00a0\u00bbcenter\u00a0\u00bb onclick=\u00a0\u00bbcustom_link\u00a0\u00bb css=\u00a0\u00bb\u00a0\u00bb link=\u00a0\u00bbhttps:\/\/mbm.at\/wp-content\/uploads\/2024\/12\/twin_1.png\u00a0\u00bb][\/vc_column][vc_column width=\u00a0\u00bb1\/3&Prime;][vc_single_image image=\u00a0\u00bb3751&Prime; img_size=\u00a0\u00bb250*250&Prime; alignment=\u00a0\u00bbcenter\u00a0\u00bb onclick=\u00a0\u00bbcustom_link\u00a0\u00bb css=\u00a0\u00bb\u00a0\u00bb link=\u00a0\u00bbhttps:\/\/mbm.at\/wp-content\/uploads\/2024\/12\/1024_1024_3d_hmi_interface-1-900&#215;675-1.jpg\u00a0\u00bb][\/vc_column][vc_column width=\u00a0\u00bb1\/3&Prime;][vc_single_image image=\u00a0\u00bb3758&Prime; img_size=\u00a0\u00bb250*250&Prime; alignment=\u00a0\u00bbcenter\u00a0\u00bb onclick=\u00a0\u00bbcustom_link\u00a0\u00bb css=\u00a0\u00bb\u00a0\u00bb link=\u00a0\u00bbhttps:\/\/mbm.at\/wp-content\/uploads\/2024\/12\/Techniker-mit-V3S-768&#215;576-2.jpg\u00a0\u00bb][\/vc_column][\/vc_row]<\/p>\n<\/div>","protected":false},"excerpt":{"rendered":"<p>[vc_row][vc_column][vc_column_text css=\u00a0\u00bb\u00a0\u00bb]Configurateur de cercueil Le configurateur de cercueils offre de nombreux avantages, notamment lorsqu\u2019il s\u2019agit d\u2019adapter et de personnaliser les produits. Les avantages de l\u2019utilisation du configurateur de cercueils dans la fabrication de cercueils sont les suivants : Adaptation rapide des programmes de montage Les pr\u00e9r\u00e9glages pour les d\u00e9coupes peuvent \u00eatre facilement cr\u00e9\u00e9s via une [&hellip;]<\/p>\n","protected":false},"author":2,"featured_media":0,"parent":0,"menu_order":0,"comment_status":"closed","ping_status":"closed","template":"","meta":{"footnotes":""},"class_list":["post-2906","page","type-page","status-publish","hentry"],"_links":{"self":[{"href":"https:\/\/mbm.at\/fr\/wp-json\/wp\/v2\/pages\/2906","targetHints":{"allow":["GET"]}}],"collection":[{"href":"https:\/\/mbm.at\/fr\/wp-json\/wp\/v2\/pages"}],"about":[{"href":"https:\/\/mbm.at\/fr\/wp-json\/wp\/v2\/types\/page"}],"author":[{"embeddable":true,"href":"https:\/\/mbm.at\/fr\/wp-json\/wp\/v2\/users\/2"}],"replies":[{"embeddable":true,"href":"https:\/\/mbm.at\/fr\/wp-json\/wp\/v2\/comments?post=2906"}],"version-history":[{"count":35,"href":"https:\/\/mbm.at\/fr\/wp-json\/wp\/v2\/pages\/2906\/revisions"}],"predecessor-version":[{"id":4951,"href":"https:\/\/mbm.at\/fr\/wp-json\/wp\/v2\/pages\/2906\/revisions\/4951"}],"wp:attachment":[{"href":"https:\/\/mbm.at\/fr\/wp-json\/wp\/v2\/media?parent=2906"}],"curies":[{"name":"wp","href":"https:\/\/api.w.org\/{rel}","templated":true}]}}