{"id":2898,"date":"2024-11-19T15:12:35","date_gmt":"2024-11-19T14:12:35","guid":{"rendered":"https:\/\/wp.mbm.at\/automatisation-pour-la-fabrication-de-cercueils\/"},"modified":"2024-12-18T10:40:09","modified_gmt":"2024-12-18T09:40:09","slug":"automatisation-pour-la-fabrication-de-cercueils","status":"publish","type":"page","link":"https:\/\/mbm.at\/fr\/automatisation-pour-la-fabrication-de-cercueils\/","title":{"rendered":"Automatisation pour la fabrication de cercueils"},"content":{"rendered":"<div class=\"wpb-content-wrapper\"><p>[vc_row][vc_column][vc_column_text css=\u00a0\u00bb\u00a0\u00bb]<strong>Automatisation des robots<\/strong><\/p>\n<p>Les robots sont de plus en plus utilis\u00e9s dans diff\u00e9rents domaines de la fabrication, y compris la fabrication de cercueils. Ces robots peuvent \u00eatre utilis\u00e9s pour charger des machines ou effectuer des activit\u00e9s telles que le meulage ou le fraisage de cercueils, ce qui augmente l&rsquo;efficacit\u00e9 et la pr\u00e9cision. <\/p>\n<p>Les avantages de l&rsquo;utilisation de robots dans la fabrication de cercueils sont les suivants :<\/p>\n<p><strong>La pr\u00e9cision :<\/strong><\/p>\n<p>Les robots peuvent travailler avec une grande pr\u00e9cision, ce qui am\u00e9liore la qualit\u00e9 des produits finis.<\/p>\n<p><strong> <\/strong><strong>L&rsquo;efficacit\u00e9 :<\/strong><\/p>\n<p>Les processus automatis\u00e9s peuvent \u00eatre ex\u00e9cut\u00e9s plus rapidement et avec moins d&rsquo;erreurs.<\/p>\n<p><strong> <\/strong><strong>La s\u00e9curit\u00e9 :<\/strong><\/p>\n<p>Les robots peuvent effectuer des t\u00e2ches dangereuses ou physiquement p\u00e9nibles, ce qui am\u00e9liore la s\u00e9curit\u00e9 des travailleurs.<\/p>\n<ul>\n<li><strong>Robots pour le chargement des machines<\/strong><\/li>\n<li><strong>Robot de palettisation et d&#8217;empilage<\/strong><\/li>\n<li><strong>Pon\u00e7age robotis\u00e9<\/strong><\/li>\n<li><strong>Robot Prise en main de la caisse &amp; s\u00e9paration des produits en vrac <\/strong><\/li>\n<li><strong>Le robot et l&rsquo;homme travaillent en \u00e9quipe<\/strong><\/li>\n<li><strong>Robots de transport autonomes sans conducteur<\/strong><\/li>\n<li><strong>Robot CNC<\/strong><\/li>\n<li><strong>Robot Pick &amp; Place<\/strong><\/li>\n<\/ul>\n<p><strong> <\/strong><\/p>\n<p><a href=\"mailto:office@mbm.at\">&gt;&gt; En savoir plus ou lancer une demande<\/a>[\/vc_column_text][\/vc_column][\/vc_row][vc_row][vc_column width=\u00a0\u00bb1\/4&Prime;][vc_single_image image=\u00a0\u00bb3686&Prime; img_size=\u00a0\u00bb250*250&Prime; alignment=\u00a0\u00bbcenter\u00a0\u00bb onclick=\u00a0\u00bbcustom_link\u00a0\u00bb css=\u00a0\u00bb\u00a0\u00bb link=\u00a0\u00bbhttps:\/\/mbm.at\/wp-content\/uploads\/2024\/12\/20170614_160312_001-scaled.jpg\u00a0\u00bb][\/vc_column][vc_column width=\u00a0\u00bb1\/4&Prime;][vc_single_image image=\u00a0\u00bb3665&Prime; img_size=\u00a0\u00bb250*250&Prime; alignment=\u00a0\u00bbcenter\u00a0\u00bb onclick=\u00a0\u00bbcustom_link\u00a0\u00bb css=\u00a0\u00bb\u00a0\u00bb link=\u00a0\u00bbhttps:\/\/mbm.at\/wp-content\/uploads\/2024\/12\/Griff_in_die_Kiste_20240229.png\u00a0\u00bb][\/vc_column][vc_column width=\u00a0\u00bb1\/4&Prime;][vc_single_image image=\u00a0\u00bb3679&Prime; img_size=\u00a0\u00bb250*250&Prime; alignment=\u00a0\u00bbcenter\u00a0\u00bb onclick=\u00a0\u00bbcustom_link\u00a0\u00bb css=\u00a0\u00bb\u00a0\u00bb link=\u00a0\u00bbhttps:\/\/mbm.at\/wp-content\/uploads\/2024\/12\/20240626_kollaborative_Leichtbauroboter.png\u00a0\u00bb][\/vc_column][vc_column width=\u00a0\u00bb1\/4&Prime;][vc_single_image image=\u00a0\u00bb3672&Prime; img_size=\u00a0\u00bb250*250&Prime; alignment=\u00a0\u00bbcenter\u00a0\u00bb onclick=\u00a0\u00bbcustom_link\u00a0\u00bb css=\u00a0\u00bb\u00a0\u00bb link=\u00a0\u00bbhttps:\/\/mbm.at\/wp-content\/uploads\/2024\/12\/20190716_114538.jpg\u00a0\u00bb][\/vc_column][\/vc_row][vc_row][vc_column][vc_column_text css=\u00a0\u00bb\u00a0\u00bb]<strong>Traitement industriel de l&rsquo;image<\/strong><\/p>\n<p><strong> <\/strong>La vision industrielle est une technologie cl\u00e9 dans la production moderne. Elle utilise des cam\u00e9ras et des algorithmes avanc\u00e9s pour capturer et analyser les donn\u00e9es visuelles et joue \u00e9galement un r\u00f4le important dans la production de cercueils. <\/p>\n<p>Les avantages de l&rsquo;utilisation de la vision industrielle dans la fabrication de cercueils sont les suivants :<\/p>\n<p><strong> <\/strong><strong>Am\u00e9lioration de la qualit\u00e9 des produits :<\/strong><\/p>\n<p>Les syst\u00e8mes de traitement d&rsquo;images peuvent contr\u00f4ler les surfaces des cercueils pour d\u00e9tecter des d\u00e9fauts tels que des rayures, des fissures ou des variations de couleur. Cela permet de s&rsquo;assurer que seuls des produits irr\u00e9prochables sont livr\u00e9s aux clients. Gr\u00e2ce \u00e0 l&rsquo;inspection et \u00e0 la d\u00e9tection automatiques des d\u00e9fauts, les produits peuvent \u00eatre contr\u00f4l\u00e9s avec une grande pr\u00e9cision, ce qui am\u00e9liore la qualit\u00e9 et r\u00e9duit les d\u00e9chets.  <\/p>\n<p><strong>La pr\u00e9cision dimensionnelle :<\/strong><\/p>\n<p>Gr\u00e2ce \u00e0 l&rsquo;utilisation de cam\u00e9ras et de capteurs, les dimensions des cercueils peuvent \u00eatre mesur\u00e9es et v\u00e9rifi\u00e9es avec pr\u00e9cision afin de s&rsquo;assurer qu&rsquo;ils sont conformes aux sp\u00e9cifications.<\/p>\n<p><strong>Automatisation :<\/strong><\/p>\n<p>La vision permet d&rsquo;automatiser de nombreux processus d&rsquo;inspection manuelle, ce qui augmente l&rsquo;efficacit\u00e9 et r\u00e9duit les erreurs humaines.<\/p>\n<p>Ces technologies contribuent \u00e0 am\u00e9liorer la qualit\u00e9 de la production et \u00e0 augmenter l&rsquo;efficacit\u00e9 de la production de cercueils.<\/p>\n<ul>\n<li><strong>Inspection de surface<\/strong><\/li>\n<li><strong>D\u00e9tection des trous de noeuds<\/strong><\/li>\n<li><strong>Mesure d&rsquo;objets<\/strong><\/li>\n<\/ul>\n<p><a href=\"mailto:office@mbm.at\"> &gt;&gt; En savoir plus ou lancer une demande<\/a>[\/vc_column_text][\/vc_column][\/vc_row][vc_row][vc_column width=\u00a0\u00bb1\/4&Prime;][vc_single_image image=\u00a0\u00bb3655&Prime; img_size=\u00a0\u00bb250*250&Prime; alignment=\u00a0\u00bbcenter\u00a0\u00bb onclick=\u00a0\u00bbcustom_link\u00a0\u00bb css=\u00a0\u00bb\u00a0\u00bb link=\u00a0\u00bbhttps:\/\/mbm.at\/wp-content\/uploads\/2024\/12\/BP_Griff_in_die_Kiste.png\u00a0\u00bb][\/vc_column][vc_column width=\u00a0\u00bb1\/4&Prime;][vc_single_image image=\u00a0\u00bb3648&Prime; img_size=\u00a0\u00bb250*250&Prime; alignment=\u00a0\u00bbcenter\u00a0\u00bb onclick=\u00a0\u00bbcustom_link\u00a0\u00bb css=\u00a0\u00bb\u00a0\u00bb link=\u00a0\u00bbhttps:\/\/mbm.at\/wp-content\/uploads\/2024\/12\/20190417_112348_mit_Strahlen-scaled.jpg\u00a0\u00bb][\/vc_column][vc_column width=\u00a0\u00bb1\/4&Prime;][vc_single_image image=\u00a0\u00bb3641&Prime; img_size=\u00a0\u00bb250*250&Prime; alignment=\u00a0\u00bbcenter\u00a0\u00bb onclick=\u00a0\u00bbcustom_link\u00a0\u00bb css=\u00a0\u00bb\u00a0\u00bb link=\u00a0\u00bbhttps:\/\/mbm.at\/wp-content\/uploads\/2024\/12\/IMG_0170-scaled.jpg\u00a0\u00bb][\/vc_column][vc_column width=\u00a0\u00bb1\/4&Prime;][vc_single_image image=\u00a0\u00bb3634&Prime; img_size=\u00a0\u00bb250*250&Prime; alignment=\u00a0\u00bbcenter\u00a0\u00bb onclick=\u00a0\u00bbcustom_link\u00a0\u00bb css=\u00a0\u00bb\u00a0\u00bb link=\u00a0\u00bbhttps:\/\/mbm.at\/wp-content\/uploads\/2024\/12\/2.png\u00a0\u00bb][\/vc_column][\/vc_row]<\/p>\n<\/div>","protected":false},"excerpt":{"rendered":"<p>[vc_row][vc_column][vc_column_text css=\u00a0\u00bb\u00a0\u00bb]Automatisation des robots Les robots sont de plus en plus utilis\u00e9s dans diff\u00e9rents domaines de la fabrication, y compris la fabrication de cercueils. Ces robots peuvent \u00eatre utilis\u00e9s pour charger des machines ou effectuer des activit\u00e9s telles que le meulage ou le fraisage de cercueils, ce qui augmente l&rsquo;efficacit\u00e9 et la pr\u00e9cision. Les avantages [&hellip;]<\/p>\n","protected":false},"author":2,"featured_media":0,"parent":0,"menu_order":0,"comment_status":"closed","ping_status":"closed","template":"","meta":{"footnotes":""},"class_list":["post-2898","page","type-page","status-publish","hentry"],"_links":{"self":[{"href":"https:\/\/mbm.at\/fr\/wp-json\/wp\/v2\/pages\/2898","targetHints":{"allow":["GET"]}}],"collection":[{"href":"https:\/\/mbm.at\/fr\/wp-json\/wp\/v2\/pages"}],"about":[{"href":"https:\/\/mbm.at\/fr\/wp-json\/wp\/v2\/types\/page"}],"author":[{"embeddable":true,"href":"https:\/\/mbm.at\/fr\/wp-json\/wp\/v2\/users\/2"}],"replies":[{"embeddable":true,"href":"https:\/\/mbm.at\/fr\/wp-json\/wp\/v2\/comments?post=2898"}],"version-history":[{"count":16,"href":"https:\/\/mbm.at\/fr\/wp-json\/wp\/v2\/pages\/2898\/revisions"}],"predecessor-version":[{"id":4008,"href":"https:\/\/mbm.at\/fr\/wp-json\/wp\/v2\/pages\/2898\/revisions\/4008"}],"wp:attachment":[{"href":"https:\/\/mbm.at\/fr\/wp-json\/wp\/v2\/media?parent=2898"}],"curies":[{"name":"wp","href":"https:\/\/api.w.org\/{rel}","templated":true}]}}