{"id":2680,"date":"2024-11-19T15:01:31","date_gmt":"2024-11-19T14:01:31","guid":{"rendered":"https:\/\/wp.mbm.at\/scie-a-onglet-double-universelle-das-u\/"},"modified":"2024-12-18T10:38:46","modified_gmt":"2024-12-18T09:38:46","slug":"scie-a-onglet-double-universelle-das-u","status":"publish","type":"page","link":"https:\/\/mbm.at\/fr\/scie-a-onglet-double-universelle-das-u\/","title":{"rendered":"\u00bb Scie \u00e0 onglet double &#8211; Universelle DAS-U"},"content":{"rendered":"<div class=\"wpb-content-wrapper\"><p>[vc_row][vc_column width=\u00a0\u00bb1\/3&Prime;][vc_single_image image=\u00a0\u00bb1161&Prime; img_size=\u00a0\u00bb500*500&Prime; alignment=\u00a0\u00bbcenter\u00a0\u00bb onclick=\u00a0\u00bbcustom_link\u00a0\u00bb css=\u00a0\u00bb\u00a0\u00bb link=\u00a0\u00bbhttps:\/\/mbm.at\/wp-content\/uploads\/2024\/11\/Doppelgehrungssaege-B1.jpg\u00a0\u00bb][\/vc_column][vc_column width=\u00a0\u00bb1\/3&Prime;][vc_single_image image=\u00a0\u00bb1162&Prime; img_size=\u00a0\u00bb500*500&Prime; alignment=\u00a0\u00bbcenter\u00a0\u00bb onclick=\u00a0\u00bbcustom_link\u00a0\u00bb css=\u00a0\u00bb\u00a0\u00bb link=\u00a0\u00bbhttps:\/\/mbm.at\/wp-content\/uploads\/2024\/11\/Doppelgehrungssaege-B2.jpg\u00a0\u00bb][\/vc_column][vc_column width=\u00a0\u00bb1\/3&Prime;][vc_single_image image=\u00a0\u00bb1163&Prime; img_size=\u00a0\u00bb500*500&Prime; alignment=\u00a0\u00bbcenter\u00a0\u00bb onclick=\u00a0\u00bbcustom_link\u00a0\u00bb css=\u00a0\u00bb\u00a0\u00bb link=\u00a0\u00bbhttps:\/\/mbm.at\/wp-content\/uploads\/2024\/11\/Doppelgehrungssaege-B3.jpg\u00a0\u00bb][\/vc_column][\/vc_row][vc_row][vc_column][vc_tta_accordion][vc_tta_section title=\u00a0\u00bbVotre avantage\u00a0\u00bb tab_id=\u00a0\u00bb1732024209088-261f6b40-0b24&Prime;][vc_column_text css=\u00a0\u00bb\u00a0\u00bb]- Coupes aux dimensions et aux angles pr\u00e9cis<br \/>&#8211; Qualit\u00e9 de coupe parfaite<br \/>&#8211; Temps de pr\u00e9paration minimal<br \/>&#8211; Surface exempte de rayures et de traces<br \/>&#8211; Mode de travail rationnel<br \/>&#8211; Pr\u00e9cision \u00e0 vie<br \/>&#8211; Laser \u00e0 ligne<br \/>&#8211; Affichage de mesure 5 axes[\/vc_column_text][\/vc_tta_section][vc_tta_section title=\u00a0\u00bbOptions\u00a0\u00bb tab_id=\u00a0\u00bb1732024209088-b6ac61a8-90ab\u00a0\u00bb][vc_column_text css=\u00a0\u00bb\u00a0\u00bb]- Agr\u00e9gats de rainurage<br \/>&#8211; Agr\u00e9gats de per\u00e7age<br \/>&#8211; Table de d\u00e9bourrage<br \/>&#8211; Commande 6 axes[\/vc_column_text][\/vc_tta_section][vc_tta_section title=\u00a0\u00bbCaract\u00e9ristiques techniques\u00a0\u00bb tab_id=\u00a0\u00bb1732024223378-e979721d-6ca5&Prime;][vc_column_text css=\u00a0\u00bb\u00a0\u00bb]- Valeurs maximales \u00e0 titre d&rsquo;exemple. Les donn\u00e9es peuvent varier en fonction de la configuration et des caract\u00e9ristiques sp\u00e9ciales du produit. <\/p>\n<p><b>Dimensions de la pi\u00e8ce de usiner<\/b><br \/>Longueur des pi\u00e8ces 250 mm \u2013 2.200 mm<br \/>Largeur des pi\u00e8ces 50 mm \u2013 660 mm<br \/>Hauteur des pi\u00e8ces max. 85 mm <\/p>\n<p><b>Angle d&rsquo;onglet<\/b><br \/>Grand onglet 93\u00b0 &#8211; 45\u00b0<br \/>Petit onglet 90\u00b0 &#8211; 43\u00b0<\/p>\n<p><b>Pr\u00e9cision dimensionelle<\/b><br \/>Grand onglet +\/- 0,02\u00b0<br \/>Petit onglet +\/- 0,05\u00b0<br \/>Longueur des pi\u00e8ces +\/- 0,2 mm<\/p>\n<p><b>Lame de scie<\/b><br \/>Diametre 350 mm\/400 mm<br \/>Diametre d&rsquo;al\u00e9sage 30 mm<\/p>\n<p><b>Lame de fraise<\/b><br \/>Diametre 180 mm<br \/>Diametre d&rsquo;al\u00e9sage 30 mm[\/vc_column_text][\/vc_tta_section][vc_tta_section title=\u00a0\u00bbCommande (programmation libre)\u00a0\u00bb tab_id=\u00a0\u00bb1732024229250-73ac04b9-ca87&Prime;][vc_column_text css=\u00a0\u00bb\u00a0\u00bb]- Einfache Programmerstellung<br \/>&#8211; <span data-teams=\"true\">Grande capacit\u00e9 de m\u00e9moire pour des programmes de montage individuels<\/span><br \/>&#8211; Automatische Winkel- und L\u00e4ngenverstellung<br \/>&#8211; Fehlerdiagnose bei St\u00f6rungen<\/p>\n<p><b>Optionen<\/b><br \/>&#8211; Schnittstelle zum \u00dcbertragen der Fertigungsdaten<br \/>&#8211; Ferndiagnose[\/vc_column_text][\/vc_tta_section][vc_tta_section title=\u00a0\u00bbCaract\u00e9ristiques de la machine\u00a0\u00bb tab_id=\u00a0\u00bb1732024226089-2704f2ab-cb84&Prime;][vc_column_text css=\u00a0\u00bb\u00a0\u00bb]<b>Vitesse d\u2019avance de la scie<\/b><br \/>en avant\/en arri\u00e8re jusqu&rsquo;\u00e0 30 m\/min<br \/>Puissance du moteur de la scie 5,5 kW per unit<br \/>Vitesse de rotation 4.200 tr\/min<br \/>Puissance du moteur d&rsquo;unit\u00e9 de rainurage 1 kW per motor<br \/>Vitesse de rotation 6.000 tr\/min[\/vc_column_text][\/vc_tta_section][\/vc_tta_accordion][\/vc_column][\/vc_row]<\/p>\n<\/div>","protected":false},"excerpt":{"rendered":"<p>[vc_row][vc_column width=\u00a0\u00bb1\/3&Prime;][vc_single_image image=\u00a0\u00bb1161&Prime; img_size=\u00a0\u00bb500*500&Prime; alignment=\u00a0\u00bbcenter\u00a0\u00bb onclick=\u00a0\u00bbcustom_link\u00a0\u00bb css=\u00a0\u00bb\u00a0\u00bb link=\u00a0\u00bbhttps:\/\/mbm.at\/wp-content\/uploads\/2024\/11\/Doppelgehrungssaege-B1.jpg\u00a0\u00bb][\/vc_column][vc_column width=\u00a0\u00bb1\/3&Prime;][vc_single_image image=\u00a0\u00bb1162&Prime; img_size=\u00a0\u00bb500*500&Prime; alignment=\u00a0\u00bbcenter\u00a0\u00bb onclick=\u00a0\u00bbcustom_link\u00a0\u00bb css=\u00a0\u00bb\u00a0\u00bb link=\u00a0\u00bbhttps:\/\/mbm.at\/wp-content\/uploads\/2024\/11\/Doppelgehrungssaege-B2.jpg\u00a0\u00bb][\/vc_column][vc_column width=\u00a0\u00bb1\/3&Prime;][vc_single_image image=\u00a0\u00bb1163&Prime; img_size=\u00a0\u00bb500*500&Prime; alignment=\u00a0\u00bbcenter\u00a0\u00bb onclick=\u00a0\u00bbcustom_link\u00a0\u00bb css=\u00a0\u00bb\u00a0\u00bb link=\u00a0\u00bbhttps:\/\/mbm.at\/wp-content\/uploads\/2024\/11\/Doppelgehrungssaege-B3.jpg\u00a0\u00bb][\/vc_column][\/vc_row][vc_row][vc_column][vc_tta_accordion][vc_tta_section title=\u00a0\u00bbVotre avantage\u00a0\u00bb tab_id=\u00a0\u00bb1732024209088-261f6b40-0b24&Prime;][vc_column_text css=\u00a0\u00bb\u00a0\u00bb]- Coupes aux dimensions et aux angles pr\u00e9cis&#8211; Qualit\u00e9 de coupe parfaite&#8211; Temps de pr\u00e9paration minimal&#8211; Surface exempte de rayures et de traces&#8211; Mode de travail rationnel&#8211; Pr\u00e9cision \u00e0 vie&#8211; [&hellip;]<\/p>\n","protected":false},"author":2,"featured_media":0,"parent":0,"menu_order":0,"comment_status":"closed","ping_status":"closed","template":"","meta":{"footnotes":""},"class_list":["post-2680","page","type-page","status-publish","hentry"],"_links":{"self":[{"href":"https:\/\/mbm.at\/fr\/wp-json\/wp\/v2\/pages\/2680","targetHints":{"allow":["GET"]}}],"collection":[{"href":"https:\/\/mbm.at\/fr\/wp-json\/wp\/v2\/pages"}],"about":[{"href":"https:\/\/mbm.at\/fr\/wp-json\/wp\/v2\/types\/page"}],"author":[{"embeddable":true,"href":"https:\/\/mbm.at\/fr\/wp-json\/wp\/v2\/users\/2"}],"replies":[{"embeddable":true,"href":"https:\/\/mbm.at\/fr\/wp-json\/wp\/v2\/comments?post=2680"}],"version-history":[{"count":13,"href":"https:\/\/mbm.at\/fr\/wp-json\/wp\/v2\/pages\/2680\/revisions"}],"predecessor-version":[{"id":3970,"href":"https:\/\/mbm.at\/fr\/wp-json\/wp\/v2\/pages\/2680\/revisions\/3970"}],"wp:attachment":[{"href":"https:\/\/mbm.at\/fr\/wp-json\/wp\/v2\/media?parent=2680"}],"curies":[{"name":"wp","href":"https:\/\/api.w.org\/{rel}","templated":true}]}}