{"id":2354,"date":"2024-11-19T15:01:14","date_gmt":"2024-11-19T14:01:14","guid":{"rendered":"https:\/\/wp.mbm.at\/lignes-de-production\/"},"modified":"2025-02-24T07:48:14","modified_gmt":"2025-02-24T06:48:14","slug":"lignes-de-production","status":"publish","type":"page","link":"https:\/\/mbm.at\/fr\/lignes-de-production\/","title":{"rendered":"Lignes de production"},"content":{"rendered":"<div class=\"wpb-content-wrapper\"><p>[vc_row][vc_column][vc_column_text css=\u00a0\u00bb\u00a0\u00bb]<\/p>\n<h4>\u00bb Scie \u00e0 onglet double &#8211; Ligne de fabrication DAS-FL<\/h4>\n<p>&nbsp;<\/p>\n<p>La ligne de production DAS-FL est une solution automatis\u00e9e sp\u00e9cialement con\u00e7ue pour la production industrielle de pi\u00e8ces de cercueils. Elle garantit la fabrication sans fente de pi\u00e8ces de cercueil avec des angles d&rsquo;onglet parfaitement ajust\u00e9s, sans qu&rsquo;aucun usinage ult\u00e9rieur ne soit n\u00e9cessaire.[\/vc_column_text][\/vc_column][\/vc_row][vc_row][vc_column][vc_images_carousel images=\u00a0\u00bb5699,5691,5683,5675,5667&Prime; img_size=\u00a0\u00bbfull\u00a0\u00bb css=\u00a0\u00bb\u00a0\u00bb][\/vc_column][\/vc_row][vc_row][vc_column][vc_tta_accordion][vc_tta_section title=\u00a0\u00bbVotre avantage\u00a0\u00bb tab_id=\u00a0\u00bb1740042920269-5dabd637-c474&Prime;][vc_single_image image=\u00a0\u00bb5757&Prime; img_size=\u00a0\u00bb200*200&Prime; alignment=\u00a0\u00bbcenter\u00a0\u00bb onclick=\u00a0\u00bbcustom_link\u00a0\u00bb css=\u00a0\u00bb\u00a0\u00bb link=\u00a0\u00bbhttps:\/\/mbm.at\/wp-content\/uploads\/2024\/11\/Doppelgehrungssaege-B2.jpg\u00a0\u00bb][vc_column_text css=\u00a0\u00bb\u00a0\u00bb]<\/p>\n<ul>\n<li><strong>Un fonctionnement automatique et rationnel :<\/strong> L&rsquo;automatisation compl\u00e8te permet d&rsquo;am\u00e9liorer l&rsquo;efficacit\u00e9 des processus de production de cercueils.<\/li>\n<li><strong>Coupes pr\u00e9cises en termes de dimensions et d&rsquo;angles :<\/strong> des coupes pr\u00e9cises en termes de dimensions et d&rsquo;angles<\/li>\n<li><strong>Une qualit\u00e9 de coupe parfaite :<\/strong> des coupes de haute qualit\u00e9 sans d\u00e9faut<\/li>\n<li><strong>absence de rayures et de traces :<\/strong> les surfaces ne sont pas endommag\u00e9es<\/li>\n<li><strong>La<\/strong> pr\u00e9cision <strong>\u00e0 vie :<\/strong> pr\u00e9cision et fiabilit\u00e9 \u00e0 long terme<\/li>\n<li><strong>Des temps d&rsquo;arr\u00eat machine plus courts :<\/strong> Moins de perte de temps due \u00e0 des t\u00e2ches secondaires comme le r\u00e9aff\u00fbtage<\/li>\n<li><strong>Flexibilit\u00e9 :<\/strong> les produits peuvent \u00eatre chang\u00e9s imm\u00e9diatement, ce qui augmente la capacit\u00e9 d&rsquo;adaptation.<\/li>\n<\/ul>\n<p>[\/vc_column_text][\/vc_tta_section][vc_tta_section title=\u00a0\u00bbDomaines d&apos;application de la fabrication de cercueils\u00a0\u00bb tab_id=\u00a0\u00bb1740042948070-da177d6f-ddf9&Prime;][vc_single_image image=\u00a0\u00bb5729&Prime; img_size=\u00a0\u00bb200*200&Prime; alignment=\u00a0\u00bbcenter\u00a0\u00bb onclick=\u00a0\u00bbcustom_link\u00a0\u00bb css=\u00a0\u00bb\u00a0\u00bb link=\u00a0\u00bbhttps:\/\/mbm.at\/wp-content\/uploads\/2025\/02\/20250121_103920-scaled.jpg\u00a0\u00bb][vc_column_text css=\u00a0\u00bb\u00a0\u00bb]<\/p>\n<ul>\n<li>Le DAS-FL est adapt\u00e9 aux formes de cercueils trap\u00e9zo\u00efdales et normales, comme par ex:\n<ul>\n<li>Cercueil en forme de toit de maison, cercueil en forme de corps, cercueil allemand, suisse, italien, fran\u00e7ais et scandinave ainsi que le cercueil am\u00e9ricain en forme de coffre et pour les bo\u00eetes \u00e0 ossements<\/li>\n<\/ul>\n<\/li>\n<li>Deux unit\u00e9s de sciage r\u00e9alisent en continu des coupes d&rsquo;onglet pr\u00e9cises pour les parties du cercueil telles que les c\u00f4t\u00e9s, la t\u00eate, le pied, le couvercle et le fond<\/li>\n<li>La DAS-FL offre une qualit\u00e9 de coupe \u00e9lev\u00e9e gr\u00e2ce \u00e0 une fixation solide des pi\u00e8ces par pression sur la surface d&rsquo;appui pendant la coupe<\/li>\n<li>Coupes d&rsquo;onglet pr\u00e9cises avec joint droit et avec rainure frais\u00e9e<\/li>\n<li>Un agr\u00e9gat de rainurage int\u00e9gr\u00e9 cr\u00e9e une rainure adapt\u00e9e \u00e0 l&rsquo;\u00e9paisseur de la planche pour Joint Nails<\/li>\n<li>Convient \u00e0 tous les types de bois, qu&rsquo;ils soient bruts, rev\u00eatus ou plaqu\u00e9s. Par exemple : \u00e9pic\u00e9a, sapin, pin, ch\u00eane, m\u00e9l\u00e8ze, panneaux MDF, multicouches ou agglom\u00e9r\u00e9s <\/li>\n<\/ul>\n<p>[\/vc_column_text][\/vc_tta_section][vc_tta_section title=\u00a0\u00bbMod\u00e8les disponibles\u00a0\u00bb tab_id=\u00a0\u00bb1740042952725-2448c65b-19c4&Prime;][vc_single_image image=\u00a0\u00bb5765&Prime; img_size=\u00a0\u00bb200*200&Prime; alignment=\u00a0\u00bbcenter\u00a0\u00bb onclick=\u00a0\u00bbcustom_link\u00a0\u00bb css=\u00a0\u00bb\u00a0\u00bb link=\u00a0\u00bbhttps:\/\/mbm.at\/wp-content\/uploads\/2025\/02\/20241211_143329-scaled.jpg\u00a0\u00bb][vc_column_text css=\u00a0\u00bb\u00a0\u00bb]<\/p>\n<ul>\n<li>DAS-FL Machine de base\n<ul>\n<li>comme ligne de fabrication avec deux scies \u00e0 onglets doubles<\/li>\n<\/ul>\n<\/li>\n<li>DAS-FLT pour le sciage avec la barre en T d\u00e9j\u00e0 pos\u00e9e\n<ul>\n<li>Technique de pr\u00e9hension adapt\u00e9e avec un \u00e9videment correspondant pour la barre en T<\/li>\n<li>Technique de serrage adapt\u00e9e pr\u00e9par\u00e9e pour la barre en T<\/li>\n<li>Agr\u00e9gat de sciage adapt\u00e9 pr\u00e9par\u00e9 pour la barre en T<\/li>\n<li>Groupe de rainurage adapt\u00e9 pour barre en T<\/li>\n<\/ul>\n<\/li>\n<li>DAS-FL avec unit\u00e9 de rainurage pour rainure droite\n<ul>\n<li>En option, la version avec unit\u00e9 de rainurage est propos\u00e9e pour les assemblages \u00e0 queue d&rsquo;aronde (Anime)<\/li>\n<\/ul>\n<\/li>\n<li>DAS-FL avec suivi des donn\u00e9es de produits\n<ul>\n<li>Pour un suivi continu des donn\u00e9es de produits, les donn\u00e9es de commande ou les param\u00e8tres li\u00e9s \u00e0 la commande tels que la nature, le mat\u00e9riau et les longueurs peuvent \u00eatre transmis du produit \u00e0 l&rsquo;installation<\/li>\n<\/ul>\n<\/li>\n<li>L&rsquo;installation peut \u00eatre utilis\u00e9e comme solution autonome ou en ligne, ce qui permet de l&rsquo;int\u00e9grer dans des lignes de production existantes<\/li>\n<\/ul>\n<p>[\/vc_column_text][\/vc_tta_section][vc_tta_section title=\u00a0\u00bbOptions\u00a0\u00bb tab_id=\u00a0\u00bb1740042956421-602b839f-1f9c\u00a0\u00bb][vc_single_image image=\u00a0\u00bb5380&Prime; img_size=\u00a0\u00bb200*200&Prime; alignment=\u00a0\u00bbcenter\u00a0\u00bb onclick=\u00a0\u00bbcustom_link\u00a0\u00bb css=\u00a0\u00bb\u00a0\u00bb link=\u00a0\u00bbhttps:\/\/mbm.at\/wp-content\/uploads\/2025\/02\/IMG_0546-scaled.jpg\u00a0\u00bb][vc_column_text css=\u00a0\u00bb\u00a0\u00bb]<\/p>\n<ul>\n<li>La ligne de production DAS-FL peut \u00eatre combin\u00e9e avec d&rsquo;autres machines.\n<ul>\n<li>Automate de montage de plinthes<\/li>\n<li>Stations de forage pour un per\u00e7age pr\u00e9cis des poign\u00e9es ou des bouchons<\/li>\n<li>Technique de convoyage comme le convoyeur \u00e0 rouleaux de retour, le convoyeur transversal ou les convoyeurs d&rsquo;\u00e9vacuation des d\u00e9chets<\/li>\n<li>Magasin de planches, pour le stockage de pi\u00e8ces brutes<\/li>\n<\/ul>\n<\/li>\n<\/ul>\n<p>[\/vc_column_text][\/vc_tta_section][vc_tta_section title=\u00a0\u00bbCaract\u00e9ristiques techniques\u00a0\u00bb tab_id=\u00a0\u00bb1740042959709-d9a1a16e-e586&Prime;][vc_single_image image=\u00a0\u00bb5773&Prime; img_size=\u00a0\u00bb200*200&Prime; alignment=\u00a0\u00bbcenter\u00a0\u00bb onclick=\u00a0\u00bbcustom_link\u00a0\u00bb css=\u00a0\u00bb\u00a0\u00bb link=\u00a0\u00bbhttps:\/\/mbm.at\/wp-content\/uploads\/2025\/02\/20250117_075751-scaled.jpg\u00a0\u00bb][vc_column_text css=\u00a0\u00bb\u00a0\u00bb]<\/p>\n<ul>\n<li>Types de panneaux (pi\u00e8ce brute)\n<ul>\n<li>Toutes les essences de bois, qu&rsquo;elles soient brutes, rev\u00eatues ou plaqu\u00e9es. Par exemple: : \u00e9pic\u00e9a, sapin, pin, ch\u00eane, m\u00e9l\u00e8ze, panneaux MDF, multicouches ou agglom\u00e9r\u00e9s <\/li>\n<li>\u00c9bauche Longueur du panneau : 1.500 mm &#8211; 2.200 mm<\/li>\n<li>\u00c9bauche Largeur du panneau : 200 mm &#8211; 660 mm<\/li>\n<\/ul>\n<\/li>\n<li>Dimensions des pi\u00e8ces (pi\u00e8ces coup\u00e9es)\n<ul>\n<li>Longueur des pi\u00e8ces coup\u00e9es : 300 mm &#8211; 2.180 mm<\/li>\n<li>Longueur de pi\u00e8ce pour deux coupes simultan\u00e9es : 2.170mm maximum<\/li>\n<li>Largeur de la pi\u00e8ce \u00e0 90\u00b0 : 200 mm &#8211; 660 mm<\/li>\n<li>Largeur des pi\u00e8ces \u00e0 45\u00b0 : 200 mm &#8211; 460 mm<\/li>\n<\/ul>\n<\/li>\n<li>Hauteur de coupe\n<ul>\n<li>Lame de scie \u00d8 350 mm : \u00e0 90\u00b0 : max. 60 mm \u00e0 45\u00b0 : max. 40 mm  <\/li>\n<li>Lame de scie \u00d8 400 mm \u00e0 90\u00b0 : max. 85 mm \u00e0 45\u00b0 : max. 55 mm  <\/li>\n<\/ul>\n<\/li>\n<li>Angle d&rsquo;onglet\n<ul>\n<li>Chariot de l&rsquo;agr\u00e9gat de sciage (grand onglet) : 90\u00b0 &#8211; 45<\/li>\n<li>Lame de scie (petit onglet) : 90\u00b0 &#8211; 45<\/li>\n<\/ul>\n<\/li>\n<li>Groupe de rainurage\n<ul>\n<li>Diam\u00e8tre \u00d8 180 mm<\/li>\n<li>Diam\u00e8tre int\u00e9rieur \u00d8 30 mm<\/li>\n<li>\n<\/li>\n<\/ul>\n<\/li>\n<li>Vitesse d&rsquo;avance\n<ul>\n<li>Unit\u00e9 de sciage avant : 1 &#8211; 30 m\/min<\/li>\n<li>Unit\u00e9 de sciage en arri\u00e8re : 1 &#8211; 30 m\/min<\/li>\n<li>Remarque : les donn\u00e9es peuvent varier selon les essences de bois et les dimensions<\/li>\n<\/ul>\n<\/li>\n<li>Temps de cycle\n<ul>\n<li>De min. 14 \u00e0 max. 20 sec. par pi\u00e8ce en fonction de la variante de d\u00e9montage (rainurage, per\u00e7age, etc.)   <\/li>\n<li>Remarque : les donn\u00e9es peuvent varier selon les essences de bois et les dimensions<\/li>\n<\/ul>\n<\/li>\n<\/ul>\n<p>[\/vc_column_text][\/vc_tta_section][vc_tta_section title=\u00a0\u00bbContr\u00f4le\u00a0\u00bb tab_id=\u00a0\u00bb1740042963869-d4abaab2-9677&Prime;][vc_single_image image=\u00a0\u00bb5738&Prime; img_size=\u00a0\u00bb200*200&Prime; alignment=\u00a0\u00bbcenter\u00a0\u00bb onclick=\u00a0\u00bbcustom_link\u00a0\u00bb css=\u00a0\u00bb\u00a0\u00bb link=\u00a0\u00bbhttps:\/\/mbm.at\/wp-content\/uploads\/2025\/02\/KHA6gross-scaled.jpg\u00a0\u00bb][vc_column_text css=\u00a0\u00bb\u00a0\u00bb]<\/p>\n<ul>\n<li>Siemens comme fabricant principal de composants \u00e9lectriques et \u00e9lectroniques avec une commande centrale TIA-SPS (version s\u00e9curis\u00e9e) pour la commande de l&rsquo;installation, du d\u00e9roulement et de la s\u00e9curit\u00e9<\/li>\n<li>Ordinateur central pour la gestion des articles et des produits, la tra\u00e7abilit\u00e9 des produits, la gestion des param\u00e8tres, le mode manuel, la gestion des alarmes, l&rsquo;enregistrement des donn\u00e9es<\/li>\n<li>Poste de commande \u00c9cran tactile HMI<\/li>\n<li>Cr\u00e9ation facile de programmes avec le configurateur de cercueils<\/li>\n<li>Grande capacit\u00e9 de m\u00e9moire pour des programmes de montage individuels<\/li>\n<li>R\u00e9glage automatique de l&rsquo;angle et de la longueur<\/li>\n<li>Diagnostic d&rsquo;erreur en cas de panne<\/li>\n<li>Correction de la longueur et de la hauteur de la rainure en cas de diff\u00e9rence d&rsquo;\u00e9paisseur du bois<\/li>\n<li>D\u00e9couper diff\u00e9rents programmes dans une pi\u00e8ce de bois<\/li>\n<li>Options de contr\u00f4le\n<ul>\n<li>Interface pour le transfert automatique des donn\u00e9es de fabrication<\/li>\n<li>Solutions de t\u00e9l\u00e9diagnostic et de t\u00e9l\u00e9maintenance<\/li>\n<\/ul>\n<\/li>\n<\/ul>\n<p>Plate-forme IoT control : pour le monitoring et la saisie des donn\u00e9es d&rsquo;exploitation et la mise en r\u00e9seau avec des installations en amont ou en aval. Plus d&rsquo;infos sous: <a href=\"https:\/\/www.digifai.com\/de\/control\/\" target=\"_blank\" rel=\"noopener\">control- digifai.<\/a>[\/vc_column_text][\/vc_tta_section][vc_tta_section title=\u00a0\u00bbCaract\u00e9ristiques de la machine\u00a0\u00bb tab_id=\u00a0\u00bb1740042968597-179ef6c6-9635&Prime;][vc_single_image image=\u00a0\u00bb5747&Prime; img_size=\u00a0\u00bb200*200&Prime; alignment=\u00a0\u00bbcenter\u00a0\u00bb onclick=\u00a0\u00bbcustom_link\u00a0\u00bb css=\u00a0\u00bb\u00a0\u00bb link=\u00a0\u00bbhttps:\/\/mbm.at\/wp-content\/uploads\/2025\/02\/Kantholzautomat-KHA2.png\u00a0\u00bb][vc_column_text css=\u00a0\u00bb\u00a0\u00bb]<\/p>\n<ul>\n<li>Ex\u00e9cution en version soud\u00e9e stable<\/li>\n<li>Longueur : env. 9.760 mm avec modules de montage jusqu&rsquo;\u00e0 14.000 mm (machine de base sans barri\u00e8re de protection)<\/li>\n<li>Largeur: env. 2.106 mm avec des modules de montage jusqu&rsquo;\u00e0 4.600 mm (machine de base sans barri\u00e8re de protection)<\/li>\n<li>Hauteur: environ 2.284 mm<\/li>\n<li>Poids DAS-FL<\/li>\n<li>8 200 kg (machine de base)<\/li>\n<li>Puissance connect\u00e9e: env. 39 kW<\/li>\n<li>Tension de r\u00e9seau 400 V \/ 50 Hz<\/li>\n<li>Consommation d&rsquo;air comprim\u00e9 : env. 3.000 l\/min. \u00e0 l&rsquo;unit\u00e9 de maintenance <\/li>\n<li>Pression de service: min. 6 bar de surpression <\/li>\n<li>D\u00e9bit d&rsquo;aspiration: env. 5 600 m\u00b3\/h \u00e0 une vitesse d&rsquo;air de 32 m\/s<\/li>\n<li>Temp\u00e9rature ambiante de la machine: dans la plage de + 10\u00b0C \u00e0 + 40\u00b0C<\/li>\n<\/ul>\n<p>[\/vc_column_text][\/vc_tta_section][\/vc_tta_accordion][\/vc_column][\/vc_row]<\/p>\n<\/div>","protected":false},"excerpt":{"rendered":"<p>[vc_row][vc_column][vc_column_text css=\u00a0\u00bb\u00a0\u00bb] \u00bb Scie \u00e0 onglet double &#8211; Ligne de fabrication DAS-FL &nbsp; La ligne de production DAS-FL est une solution automatis\u00e9e sp\u00e9cialement con\u00e7ue pour la production industrielle de pi\u00e8ces de cercueils. Elle garantit la fabrication sans fente de pi\u00e8ces de cercueil avec des angles d&rsquo;onglet parfaitement ajust\u00e9s, sans qu&rsquo;aucun usinage ult\u00e9rieur ne soit n\u00e9cessaire.[\/vc_column_text][\/vc_column][\/vc_row][vc_row][vc_column][vc_images_carousel [&hellip;]<\/p>\n","protected":false},"author":2,"featured_media":0,"parent":0,"menu_order":0,"comment_status":"closed","ping_status":"closed","template":"","meta":{"footnotes":""},"class_list":["post-2354","page","type-page","status-publish","hentry"],"_links":{"self":[{"href":"https:\/\/mbm.at\/fr\/wp-json\/wp\/v2\/pages\/2354","targetHints":{"allow":["GET"]}}],"collection":[{"href":"https:\/\/mbm.at\/fr\/wp-json\/wp\/v2\/pages"}],"about":[{"href":"https:\/\/mbm.at\/fr\/wp-json\/wp\/v2\/types\/page"}],"author":[{"embeddable":true,"href":"https:\/\/mbm.at\/fr\/wp-json\/wp\/v2\/users\/2"}],"replies":[{"embeddable":true,"href":"https:\/\/mbm.at\/fr\/wp-json\/wp\/v2\/comments?post=2354"}],"version-history":[{"count":31,"href":"https:\/\/mbm.at\/fr\/wp-json\/wp\/v2\/pages\/2354\/revisions"}],"predecessor-version":[{"id":5912,"href":"https:\/\/mbm.at\/fr\/wp-json\/wp\/v2\/pages\/2354\/revisions\/5912"}],"wp:attachment":[{"href":"https:\/\/mbm.at\/fr\/wp-json\/wp\/v2\/media?parent=2354"}],"curies":[{"name":"wp","href":"https:\/\/api.w.org\/{rel}","templated":true}]}}