{"id":1984,"date":"2024-11-11T08:40:17","date_gmt":"2024-11-11T07:40:17","guid":{"rendered":"https:\/\/wp.mbm.at\/impressum\/"},"modified":"2025-04-29T09:08:13","modified_gmt":"2025-04-29T07:08:13","slug":"impressum","status":"publish","type":"page","link":"https:\/\/mbm.at\/fr\/impressum\/","title":{"rendered":"Impressum"},"content":{"rendered":"<div class=\"wpb-content-wrapper\"><p>[vc_row][vc_column][vc_column_text css=\u00a0\u00bb\u00a0\u00bb]<\/p>\n<div class=\"l_column l_lg-4 l_md-6\">\n<div class=\"vc_column-inner\">\n<div class=\"wpb_wrapper\">\n<div class=\"wpb_text_column wpb_content_element\">\n<div class=\"wpb_wrapper\">\n<h4>Impressum<\/h4>\n<ul>\n<li><span class=\"locality\">Nom de l&rsquo;entreprise: <\/span>Eberle Automatische Systeme GmbH &amp; Co KG<\/li>\n<li><span class=\"locality\">Adresse: Dr.-Walter-Zumtobel-Stra\u00dfe 8<\/span><span class=\"locality\"><span class=\"street-address\">, <\/span><\/span><span class=\"locality\"><span class=\"postal-code\">6850<\/span> Dornbirn, <\/span><span class=\"locality\">Autriche<\/span><\/li>\n<li><span class=\"value\">T\u00e9l\u00e9phone: <a href=\"tel:+43 5572 55580\">+43 5572 55580<\/a><\/span><\/li>\n<li>e-Mail: <a href=\"mailto:info@eberle.at\">info@eberle.at<\/a><\/li>\n<li>Internet: <a class=\"url\" href=\"http:\/\/www.eberle.at\/de\/\" target=\"_blank\" rel=\"noopener noreferrer\">www.eberle.at<\/a><\/li>\n<\/ul>\n<\/div>\n<\/div>\n<\/div>\n<\/div>\n<\/div>\n<div class=\"l_column l_lg-4 l_md-6\">\n<div class=\"vc_column-inner\">\n<div class=\"wpb_wrapper\">\n<div class=\"wpb_text_column wpb_content_element\">\n<div class=\"wpb_wrapper\">\n<ul>\n<li>Directeur g\u00e9n\u00e9ral: Viktor Eberle, Martin Moosmann<\/li>\n<li><span id=\"ctl00_ContentPlaceHolder1_datenFelder_genericFieldsRepeater_ctl11_genericLabel_DescriptionLabel\"><span id=\"ctl00_ContentPlaceHolder1_datenFelder_genericFieldsRepeater_ctl11_genericLabel_helpLinkLabel1\" class=\"transparent_label_info\">Tribunal des soci\u00e9t\u00e9s: <\/span><\/span>Tribunal d&rsquo;\u00c9tat Feldkirch<\/li>\n<li><span class=\"transparent_label_info\">Autorit\u00e9 selon ECG : Capitainerie du district de Dornbirn <\/span><\/li>\n<li><span class=\"transparent_label_info\">Forme juridique: GmbH &amp; Co KG <\/span><\/li>\n<li>Mitglied der Wirtschaftskammer Vorarlberg:<br \/>\nFachgruppe <a href=\"https:\/\/www.wko.at\/service\/dienststelle.html?orgid=15492\" target=\"_blank\" rel=\"noopener noreferrer\">Mechatroniker<\/a><\/li>\n<li><span id=\"ctl00_ContentPlaceHolder1_agbsBoxes_genericCategoriesRepeater_ctl00_genericFields_genericFieldsRepeater_ctl01_genericLabel_DescriptionLabel\"><span id=\"ctl00_ContentPlaceHolder1_agbsBoxes_genericCategoriesRepeater_ctl00_genericFields_genericFieldsRepeater_ctl01_genericLabel_helpLinkLabel1\" class=\"transparent_label_info\">Autorisation de travailler : constructeur de machines \u00e9lectriques associ\u00e9 \u00e0 un \u00e9lectronicien, technicien en communication bureautique, \u00e9lectronicien radio et vid\u00e9o conform\u00e9ment au \u00a7 94 Z 17 GewO 1994<\/span><\/span><\/li>\n<\/ul>\n<\/div>\n<\/div>\n<\/div>\n<\/div>\n<\/div>\n<div class=\"l_column l_lg-4 l_md-6\">\n<div class=\"vc_column-inner\">\n<div class=\"wpb_wrapper\">\n<div class=\"wpb_text_column wpb_content_element\">\n<div class=\"wpb_wrapper\">\n<ul>\n<li>Num\u00e9ro du registre du commerce: 343886s<\/li>\n<li>GLN (de l&rsquo;administration publique): 9110017600405<\/li>\n<li><span class=\"transparent_label_info\">UID-nombre: ATU65739267<\/span><\/li>\n<li><span class=\"transparent_label_info\"><span id=\"ctl00_ContentPlaceHolder1_datenFelder_genericFieldsRepeater_ctl19_genericLabel_DescriptionLabel\"><span id=\"ctl00_ContentPlaceHolder1_datenFelder_genericFieldsRepeater_ctl19_genericLabel_helpLinkLabel1\" class=\"transparent_label_info\">EORI-nombre: ATEOS1000019900<\/span><\/span><\/span><\/li>\n<li><span class=\"transparent_label_info\">Factures \u00e9lectroniques: <a href=\"mailto:info@eberle.at\">info@eberle.at<\/a><\/span><\/li>\n<\/ul>\n<h4>Conditions g\u00e9n\u00e9rales de vente (CGV)<strong><br \/>\n<\/strong><\/h4>\n<p>Les conditions g\u00e9n\u00e9rales de livraison de l\u2019industrie \u00e9lectrique et \u00e9lectronique autrichienne s\u2019appliquent (<a href=\"https:\/\/www.eberle.at\/wp-content\/uploads\/2018\/06\/feei_allgemeine_lieferbedingungen_2017_deutsch.pdf\" target=\"_blank\" rel=\"noopener noreferrer\">PDF<\/a>), les conditions logicielles de l\u2019industrie \u00e9lectrique et \u00e9lectronique autrichienne (<a href=\"https:\/\/www.eberle.at\/wp-content\/uploads\/2018\/06\/feei-softwarebedingungen_04-2018.pdf\" target=\"_blank\" rel=\"noopener noreferrer\">PDF<\/a>) ainsi que les conditions de maintenance des logiciels de l\u2019industrie \u00e9lectrique et \u00e9lectronique autrichienne (<a href=\"https:\/\/www.eberle.at\/wp-content\/uploads\/2018\/06\/feei-softwarewartungsbedingungen_04-2018_0.pdf\" target=\"_blank\" rel=\"noopener noreferrer\">PDF<\/a>). Le lieu d\u2019ex\u00e9cution est Dornbirn. Nos conditions de livraison s\u2019entendent selon les Incoterms 2010.  <\/p>\n<div class=\"s_richtext\">\n<h4>D\u00e9claration de confidentialit\u00e9<\/h4>\n<\/div>\n<div class=\"s_richtext\">\n<p>Vous trouverez notre d\u00e9claration de confidentialit\u00e9 <a href=\"https:\/\/mbm.at\/fr\/declaration-de-confidentialite\/\" target=\"_blank\" rel=\"noopener\">hier<\/a>.<\/p>\n<h4>Membre de la chambre \u00e9conomique du Vorarlberg<\/h4>\n<p>Vous trouverez toutes les informations selon ECG, UGB, GewO dans le r\u00e9pertoire de la WKO. [ <a href=\"https:\/\/firmen.wko.at\/eberle-automatische-systeme-gmbh---co-kg-eberle-automatische-systeme\/vorarlberg\/?firmaid=ad89a2e3-65ae-406b-86a4-b95c431fcc3e&amp;standortid=0&amp;suchbegriff=eberle+automatische+systeme&amp;page=1\" target=\"_blank\" rel=\"noopener\">&#8230; <\/a>] <\/p>\n<div class=\"s_richtext\">\n<h4>Propri\u00e9taire du m\u00e9dia<\/h4>\n<\/div>\n<p>Eberle Automatische Systeme GmbH &amp; Co KG<br \/>\n<span class=\"locality\"><span class=\"street-address\">Dr.-Walter-Zumtobel-Stra\u00dfe 8<br \/>\n<\/span><span class=\"postal-code\">6850<\/span> Dornbirn<br \/>\n\u00d6sterreich<\/span><\/p>\n<\/div>\n<\/div>\n<\/div>\n<\/div>\n<\/div>\n<\/div>\n<p>[\/vc_column_text][\/vc_column][\/vc_row]<\/p>\n<\/div>","protected":false},"excerpt":{"rendered":"<p>[vc_row][vc_column][vc_column_text css=\u00a0\u00bb\u00a0\u00bb] Impressum Nom de l&rsquo;entreprise: Eberle Automatische Systeme GmbH &amp; Co KG Adresse: Dr.-Walter-Zumtobel-Stra\u00dfe 8, 6850 Dornbirn, Autriche T\u00e9l\u00e9phone: +43 5572 55580 e-Mail: info@eberle.at Internet: www.eberle.at Directeur g\u00e9n\u00e9ral: Viktor Eberle, Martin Moosmann Tribunal des soci\u00e9t\u00e9s: Tribunal d&rsquo;\u00c9tat Feldkirch Autorit\u00e9 selon ECG : Capitainerie du district de Dornbirn Forme juridique: GmbH &amp; Co KG Mitglied [&hellip;]<\/p>\n","protected":false},"author":2,"featured_media":0,"parent":0,"menu_order":0,"comment_status":"closed","ping_status":"closed","template":"","meta":{"footnotes":""},"class_list":["post-1984","page","type-page","status-publish","hentry"],"_links":{"self":[{"href":"https:\/\/mbm.at\/fr\/wp-json\/wp\/v2\/pages\/1984","targetHints":{"allow":["GET"]}}],"collection":[{"href":"https:\/\/mbm.at\/fr\/wp-json\/wp\/v2\/pages"}],"about":[{"href":"https:\/\/mbm.at\/fr\/wp-json\/wp\/v2\/types\/page"}],"author":[{"embeddable":true,"href":"https:\/\/mbm.at\/fr\/wp-json\/wp\/v2\/users\/2"}],"replies":[{"embeddable":true,"href":"https:\/\/mbm.at\/fr\/wp-json\/wp\/v2\/comments?post=1984"}],"version-history":[{"count":6,"href":"https:\/\/mbm.at\/fr\/wp-json\/wp\/v2\/pages\/1984\/revisions"}],"predecessor-version":[{"id":6063,"href":"https:\/\/mbm.at\/fr\/wp-json\/wp\/v2\/pages\/1984\/revisions\/6063"}],"wp:attachment":[{"href":"https:\/\/mbm.at\/fr\/wp-json\/wp\/v2\/media?parent=1984"}],"curies":[{"name":"wp","href":"https:\/\/api.w.org\/{rel}","templated":true}]}}