{"id":1819,"date":"2024-11-11T09:00:25","date_gmt":"2024-11-11T08:00:25","guid":{"rendered":"https:\/\/wp.mbm.at\/references\/"},"modified":"2024-11-12T14:35:25","modified_gmt":"2024-11-12T13:35:25","slug":"references","status":"publish","type":"page","link":"https:\/\/mbm.at\/fr\/references\/","title":{"rendered":"R\u00e9f\u00e9rences"},"content":{"rendered":"<div class=\"wpb-content-wrapper\"><p>[vc_row][vc_column][vc_single_image image=\u00a0\u00bb1457&Prime; img_size=\u00a0\u00bblarge\u00a0\u00bb css=\u00a0\u00bb\u00a0\u00bb][\/vc_column][\/vc_row][vc_row][vc_column][vc_column_text css=\u00a0\u00bb\u00a0\u00bb]<b>Europe<\/p>\n<p><\/b><b><\/b><\/p>\n<div class=\"env-scrollable\">\n<table>\n<tbody>\n<tr>\n<td>Belgique<\/td>\n<td>Danemark<\/td>\n<td>Allemagne<\/td>\n<td>France<\/td>\n<td>Italie<\/td>\n<td>Croatie<\/td>\n<td>Liechtenstein<\/td>\n<td>Luxembourg<\/td>\n<td>Pays-Bas<\/td>\n<td>Autriche<\/td>\n<\/tr>\n<tr>\n<td>Pologne<\/td>\n<td>Portugal<\/td>\n<td>Roumanie<\/td>\n<td>Saint-Marin<\/td>\n<td>Su\u00e8de<\/td>\n<td>Suisse<\/td>\n<td>Slov\u00e9nie<\/td>\n<td>Espagne<\/td>\n<td>R\u00e9publique tch\u00e8que<\/td>\n<td>Royaume-Uni<\/td>\n<\/tr>\n<\/tbody>\n<\/table>\n<\/div>\n<p><br class=\"clearer\"><b>Mondial<\/p>\n<p><\/b><\/p>\n<div class=\"env-scrollable\">\n<table>\n<tbody>\n<tr>\n<td>Australie<\/td>\n<td>Chine<\/td>\n<td>Japon<\/td>\n<td>Ta\u00efwan<\/td>\n<td>Tunisie<\/td>\n<td>USA<\/td>\n<\/tr>\n<\/tbody>\n<\/table>\n<\/div>\n<p>[\/vc_column_text][\/vc_column][\/vc_row]<\/p>\n<\/div>","protected":false},"excerpt":{"rendered":"<p>[vc_row][vc_column][vc_single_image image=\u00a0\u00bb1457&Prime; img_size=\u00a0\u00bblarge\u00a0\u00bb css=\u00a0\u00bb\u00a0\u00bb][\/vc_column][\/vc_row][vc_row][vc_column][vc_column_text css=\u00a0\u00bb\u00a0\u00bb]Europe Belgique Danemark Allemagne France Italie Croatie Liechtenstein Luxembourg Pays-Bas Autriche Pologne Portugal Roumanie Saint-Marin Su\u00e8de Suisse Slov\u00e9nie Espagne R\u00e9publique tch\u00e8que Royaume-Uni Mondial Australie Chine Japon Ta\u00efwan Tunisie USA [\/vc_column_text][\/vc_column][\/vc_row]<\/p>\n","protected":false},"author":2,"featured_media":0,"parent":0,"menu_order":0,"comment_status":"closed","ping_status":"closed","template":"","meta":{"footnotes":""},"class_list":["post-1819","page","type-page","status-publish","hentry"],"_links":{"self":[{"href":"https:\/\/mbm.at\/fr\/wp-json\/wp\/v2\/pages\/1819","targetHints":{"allow":["GET"]}}],"collection":[{"href":"https:\/\/mbm.at\/fr\/wp-json\/wp\/v2\/pages"}],"about":[{"href":"https:\/\/mbm.at\/fr\/wp-json\/wp\/v2\/types\/page"}],"author":[{"embeddable":true,"href":"https:\/\/mbm.at\/fr\/wp-json\/wp\/v2\/users\/2"}],"replies":[{"embeddable":true,"href":"https:\/\/mbm.at\/fr\/wp-json\/wp\/v2\/comments?post=1819"}],"version-history":[{"count":2,"href":"https:\/\/mbm.at\/fr\/wp-json\/wp\/v2\/pages\/1819\/revisions"}],"predecessor-version":[{"id":1821,"href":"https:\/\/mbm.at\/fr\/wp-json\/wp\/v2\/pages\/1819\/revisions\/1821"}],"wp:attachment":[{"href":"https:\/\/mbm.at\/fr\/wp-json\/wp\/v2\/media?parent=1819"}],"curies":[{"name":"wp","href":"https:\/\/api.w.org\/{rel}","templated":true}]}}