{"id":1717,"date":"2024-11-11T08:38:59","date_gmt":"2024-11-11T07:38:59","guid":{"rendered":"https:\/\/wp.mbm.at\/demande\/"},"modified":"2024-12-18T11:20:17","modified_gmt":"2024-12-18T10:20:17","slug":"demande","status":"publish","type":"page","link":"https:\/\/mbm.at\/fr\/demande\/","title":{"rendered":"Demande"},"content":{"rendered":"<div class=\"wpb-content-wrapper\"><p>[vc_row][vc_column][vc_column_text css=\u00a0\u00bb\u00a0\u00bb]<\/p>\n<div class=\"l_column l_lg-4 l_md-6\">\n<div class=\"vc_column-inner\">\n<div class=\"wpb_wrapper\">\n<div class=\"wpb_text_column wpb_content_element\">\n<div class=\"wpb_wrapper\">\n<h3><strong>Eberle Automatische Systeme <\/strong><strong>GmbH &amp; Co KG<\/strong><\/h3>\n<p class=\"bodytext\">Dr.-Walter-Zumtobel-Stra\u00dfe 8<br \/>6850 Dornbirn<br \/>Autriche<\/p>\n<\/div>\n<\/div>\n<div class=\"wpb_text_column wpb_content_element\">\n<div class=\"wpb_wrapper\">\n<h4><strong>Enqu\u00eate<\/strong><\/h4>\n<p>Vos demandes sont importantes pour nous. Envoyez-nous vos demandes \u00e0 tout moment. <\/p>\n<ul>\n<li>Enqu\u00eate<\/li>\n<li>Soutien<\/li>\n<li>Application<\/li>\n<li>Documentation produit<\/li>\n<\/ul>\n<p><a href=\"mailto:info@eberle.at\">info@eberle.at<\/a><\/p>\n<p><a href=\"mailto:office@mbm.at\">office@mbm.at<\/a><\/p>\n<\/div>\n<\/div>\n<\/div>\n<\/div>\n<\/div>\n<div class=\"l_column l_lg-4 l_md-6\">\n<div class=\"vc_column-inner\">\n<div class=\"wpb_wrapper\">\n<div class=\"wpb_text_column wpb_content_element\">\n<div class=\"wpb_wrapper\">\n<h4><strong>Horaires d&rsquo;ouverture<\/strong><\/h4>\n<table class=\"opening-hours\">\n<tbody>\n<tr>\n<th>MO \u2013 DO<\/th>\n<td>07:00 \u2013 12.00 Uhr<\/td>\n<td>13:00 \u2013 17.00 Uhr<\/td>\n<\/tr>\n<tr>\n<th>FR<\/th>\n<td>07:00 \u2013 12:00 Uhr<\/td>\n<\/tr>\n<\/tbody>\n<\/table>\n<p>Les heures d&rsquo;ouverture ne comprennent pas les jours f\u00e9ri\u00e9s.<\/p>\n<p>Accessibilit\u00e9 pendant les heures d&rsquo;ouverture<\/p>\n<ul>\n<li>Par t\u00e9l\u00e9phone au +43 5572 55580<\/li>\n<li>per E-Mail unter<a href=\"mailto:info@eberle.at\"> info@eberle.at<\/a>, <a href=\"mailto:office@mbm.at\">office@mbm.at<\/a><\/li>\n<\/ul>\n<p>Accessibilit\u00e9 en dehors des heures d&rsquo;ouverture<\/p>\n<ul>\n<li>Par t\u00e9l\u00e9phone au +43 5572 55580<\/li>\n<li>per E-Mail unter <a href=\"mailto:support@eberle.at\">support@eberle.at<\/a><\/li>\n<\/ul>\n<p>&nbsp;<\/p>\n<\/div>\n<\/div>\n<\/div>\n<\/div>\n<\/div>\n<p>[\/vc_column_text][\/vc_column][\/vc_row]<\/p>\n<\/div>","protected":false},"excerpt":{"rendered":"<p>[vc_row][vc_column][vc_column_text css=\u00a0\u00bb\u00a0\u00bb] Eberle Automatische Systeme GmbH &amp; Co KG Dr.-Walter-Zumtobel-Stra\u00dfe 86850 DornbirnAutriche Enqu\u00eate Vos demandes sont importantes pour nous. Envoyez-nous vos demandes \u00e0 tout moment. Enqu\u00eate Soutien Application Documentation produit info@eberle.at office@mbm.at Horaires d&rsquo;ouverture MO \u2013 DO 07:00 \u2013 12.00 Uhr 13:00 \u2013 17.00 Uhr FR 07:00 \u2013 12:00 Uhr Les heures d&rsquo;ouverture ne comprennent [&hellip;]<\/p>\n","protected":false},"author":2,"featured_media":0,"parent":0,"menu_order":0,"comment_status":"closed","ping_status":"closed","template":"","meta":{"footnotes":""},"class_list":["post-1717","page","type-page","status-publish","hentry"],"_links":{"self":[{"href":"https:\/\/mbm.at\/fr\/wp-json\/wp\/v2\/pages\/1717","targetHints":{"allow":["GET"]}}],"collection":[{"href":"https:\/\/mbm.at\/fr\/wp-json\/wp\/v2\/pages"}],"about":[{"href":"https:\/\/mbm.at\/fr\/wp-json\/wp\/v2\/types\/page"}],"author":[{"embeddable":true,"href":"https:\/\/mbm.at\/fr\/wp-json\/wp\/v2\/users\/2"}],"replies":[{"embeddable":true,"href":"https:\/\/mbm.at\/fr\/wp-json\/wp\/v2\/comments?post=1717"}],"version-history":[{"count":8,"href":"https:\/\/mbm.at\/fr\/wp-json\/wp\/v2\/pages\/1717\/revisions"}],"predecessor-version":[{"id":4267,"href":"https:\/\/mbm.at\/fr\/wp-json\/wp\/v2\/pages\/1717\/revisions\/4267"}],"wp:attachment":[{"href":"https:\/\/mbm.at\/fr\/wp-json\/wp\/v2\/media?parent=1717"}],"curies":[{"name":"wp","href":"https:\/\/api.w.org\/{rel}","templated":true}]}}