{"id":1512,"date":"2024-11-05T12:42:56","date_gmt":"2024-11-05T11:42:56","guid":{"rendered":"https:\/\/wp.mbm.at\/declaration-de-confidentialite\/"},"modified":"2024-12-11T07:32:42","modified_gmt":"2024-12-11T06:32:42","slug":"declaration-de-confidentialite","status":"publish","type":"page","link":"https:\/\/mbm.at\/fr\/declaration-de-confidentialite\/","title":{"rendered":"D\u00e9claration de confidentialit\u00e9"},"content":{"rendered":"<div class=\"wpb-content-wrapper\"><p>[vc_row][vc_column][vc_column_text css=\u00a0\u00bb\u00a0\u00bb]<\/p>\n<h4>D\u00e9claration d&rsquo;obligation d&rsquo;information (d\u00e9claration de protection des donn\u00e9es)<\/h4>\n<p>La protection de vos donn\u00e9es personnelles nous tient particuli\u00e8rement \u00e0 c\u0153ur. C&rsquo;est pourquoi nous traitons vos donn\u00e9es exclusivement sur la base des dispositions l\u00e9gales (RGPD, TKG 2003). Dans ces informations sur la protection des donn\u00e9es, nous vous informons sur les principaux aspects du traitement des donn\u00e9es dans le cadre de notre site web.  <\/p>\n<h4>Contactez-nous<\/h4>\n<p>Si vous prenez contact avec nous par le biais du formulaire sur le site web ou par e-mail, les donn\u00e9es que vous avez indiqu\u00e9es seront enregistr\u00e9es chez nous pendant six mois pour le traitement de la demande et en cas de questions de suivi. Nous ne transmettons pas ces donn\u00e9es sans votre consentement. <\/p>\n<h4>Stockage des donn\u00e9es dans la boutique en ligne<\/h4>\n<p>Nous attirons votre attention sur le fait que, dans le but de faciliter le processus d&rsquo;achat et l&rsquo;ex\u00e9cution ult\u00e9rieure du contrat, les donn\u00e9es IP du titulaire de la connexion sont enregistr\u00e9es dans le cadre de cookies, de m\u00eame que le nom, l&rsquo;adresse et le num\u00e9ro de carte de cr\u00e9dit de l&rsquo;acheteur.<\/p>\n<p>Les donn\u00e9es que vous fournissez sont n\u00e9cessaires \u00e0 l&rsquo;ex\u00e9cution du contrat ou \u00e0 la mise en \u0153uvre de mesures pr\u00e9contractuelles. Sans ces donn\u00e9es, nous ne pouvons pas conclure le contrat avec vous. Les donn\u00e9es ne sont pas transmises \u00e0 des tiers, \u00e0 l&rsquo;exception des donn\u00e9es de carte de cr\u00e9dit qui sont transmises aux \u00e9tablissements bancaires \/ prestataires de services de paiement charg\u00e9s de la transaction afin de d\u00e9biter le prix d&rsquo;achat, \u00e0 l&rsquo;entreprise de transport \/ d&rsquo;exp\u00e9dition que nous avons mandat\u00e9e pour la livraison de la marchandise ainsi qu&rsquo;\u00e0 notre conseiller fiscal afin de remplir nos obligations fiscales.  <\/p>\n<p>Apr\u00e8s l&rsquo;interruption du processus d&rsquo;achat, les donn\u00e9es enregistr\u00e9es chez nous sont supprim\u00e9es. En cas de conclusion d&rsquo;un contrat, toutes les donn\u00e9es issues de la relation contractuelle sont conserv\u00e9es jusqu&rsquo;\u00e0 l&rsquo;expiration du d\u00e9lai de conservation pr\u00e9vu par le droit fiscal (7 ans). <\/p>\n<p>Les donn\u00e9es relatives au nom, \u00e0 l&rsquo;adresse, aux marchandises achet\u00e9es et \u00e0 la date d&rsquo;achat sont en outre conserv\u00e9es jusqu&rsquo;\u00e0 l&rsquo;expiration de la responsabilit\u00e9 du fait des produits (10 ans). Le traitement des donn\u00e9es s&rsquo;effectue sur la base des dispositions l\u00e9gales de l&rsquo;article 96, paragraphe 3, de la loi sur les t\u00e9l\u00e9communications (TKG) et de l&rsquo;article 6, paragraphe 1, point a) (consentement) et\/ou point b) (n\u00e9cessaire \u00e0 l&rsquo;ex\u00e9cution du contrat) du RGPD. <\/p>\n<h4>Cookies<\/h4>\n<p>Notre site web utilise ce que l&rsquo;on appelle des cookies. Il s&rsquo;agit de petits fichiers texte qui sont d\u00e9pos\u00e9s sur votre terminal \u00e0 l&rsquo;aide du navigateur. Ils ne causent aucun dommage.  <\/p>\n<p>Nous utilisons des cookies pour rendre notre offre plus conviviale. Certains cookies restent enregistr\u00e9s sur votre terminal jusqu&rsquo;\u00e0 ce que vous les supprimiez. Ils nous permettent de reconna\u00eetre votre navigateur lors de votre prochaine visite.  <\/p>\n<p>Si vous ne le souhaitez pas, vous pouvez configurer votre navigateur de mani\u00e8re \u00e0 ce qu&rsquo;il vous informe de l&rsquo;installation de cookies et que vous ne l&rsquo;autorisiez qu&rsquo;au cas par cas.<\/p>\n<p>Si vous d\u00e9sactivez les cookies, la fonctionnalit\u00e9 de notre site web peut \u00eatre limit\u00e9e.<\/p>\n<h4>Analyse du web<\/h4>\n<p>Notre site web utilise des fonctions d&rsquo;analyse web. Des cookies sont utilis\u00e9s \u00e0 cet effet, ce qui permet d&rsquo;analyser l&rsquo;utilisation du site web par vos utilisateurs. Les informations ainsi g\u00e9n\u00e9r\u00e9es sont enregistr\u00e9es sur des serveurs.  <\/p>\n<p>Vous pouvez emp\u00eacher cela en configurant votre navigateur de mani\u00e8re \u00e0 ce qu&rsquo;aucun cookie ne soit enregistr\u00e9.<\/p>\n<h4>Newsletter<\/h4>\n<p>Vous avez la possibilit\u00e9 de vous abonner \u00e0 notre newsletter via notre site web. Pour ce faire, nous avons besoin de votre adresse e-mail et de votre d\u00e9claration d&rsquo;accord avec l&rsquo;abonnement \u00e0 la newsletter. <\/p>\n<p>Afin de vous fournir des informations cibl\u00e9es, nous collectons et traitons \u00e9galement les informations fournies volontairement sur les domaines d&rsquo;int\u00e9r\u00eat.<\/p>\n<p>Une fois que vous vous \u00eates inscrit \u00e0 la newsletter, nous vous envoyons un e-mail de confirmation avec un lien pour confirmer votre inscription.<\/p>\n<p>Vous pouvez annuler votre abonnement \u00e0 la newsletter \u00e0 tout moment. Pour ce faire, un lien est envoy\u00e9 \u00e0 la fin de chaque newsletter, permettant d&rsquo;annuler l&rsquo;abonnement. <\/p>\n<h4>Vos droits<\/h4>\n<p>Vous disposez en principe des droits d&rsquo;information, de rectification, d&rsquo;effacement, de limitation, de portabilit\u00e9 des donn\u00e9es, de r\u00e9vocation et d&rsquo;opposition. Si vous pensez que le traitement de vos donn\u00e9es enfreint la l\u00e9gislation sur la protection des donn\u00e9es ou que vos droits en mati\u00e8re de protection des donn\u00e9es ont \u00e9t\u00e9 viol\u00e9s d&rsquo;une autre mani\u00e8re, vous pouvez d\u00e9poser une plainte aupr\u00e8s de l&rsquo;autorit\u00e9 de surveillance. En Autriche, il s&rsquo;agit de l&rsquo;autorit\u00e9 de protection des donn\u00e9es.[\/vc_column_text][\/vc_column][\/vc_row]<\/p>\n<\/div>","protected":false},"excerpt":{"rendered":"<p>[vc_row][vc_column][vc_column_text css=\u00a0\u00bb\u00a0\u00bb] D\u00e9claration d&rsquo;obligation d&rsquo;information (d\u00e9claration de protection des donn\u00e9es) La protection de vos donn\u00e9es personnelles nous tient particuli\u00e8rement \u00e0 c\u0153ur. C&rsquo;est pourquoi nous traitons vos donn\u00e9es exclusivement sur la base des dispositions l\u00e9gales (RGPD, TKG 2003). Dans ces informations sur la protection des donn\u00e9es, nous vous informons sur les principaux aspects du traitement des [&hellip;]<\/p>\n","protected":false},"author":1,"featured_media":0,"parent":0,"menu_order":0,"comment_status":"closed","ping_status":"open","template":"","meta":{"footnotes":""},"class_list":["post-1512","page","type-page","status-publish","hentry"],"_links":{"self":[{"href":"https:\/\/mbm.at\/fr\/wp-json\/wp\/v2\/pages\/1512","targetHints":{"allow":["GET"]}}],"collection":[{"href":"https:\/\/mbm.at\/fr\/wp-json\/wp\/v2\/pages"}],"about":[{"href":"https:\/\/mbm.at\/fr\/wp-json\/wp\/v2\/types\/page"}],"author":[{"embeddable":true,"href":"https:\/\/mbm.at\/fr\/wp-json\/wp\/v2\/users\/1"}],"replies":[{"embeddable":true,"href":"https:\/\/mbm.at\/fr\/wp-json\/wp\/v2\/comments?post=1512"}],"version-history":[{"count":4,"href":"https:\/\/mbm.at\/fr\/wp-json\/wp\/v2\/pages\/1512\/revisions"}],"predecessor-version":[{"id":3462,"href":"https:\/\/mbm.at\/fr\/wp-json\/wp\/v2\/pages\/1512\/revisions\/3462"}],"wp:attachment":[{"href":"https:\/\/mbm.at\/fr\/wp-json\/wp\/v2\/media?parent=1512"}],"curies":[{"name":"wp","href":"https:\/\/api.w.org\/{rel}","templated":true}]}}