{"id":1396,"date":"2024-11-06T16:33:40","date_gmt":"2024-11-06T15:33:40","guid":{"rendered":"https:\/\/wp.mbm.at\/scie-a-panneaux\/"},"modified":"2024-11-12T14:11:24","modified_gmt":"2024-11-12T13:11:24","slug":"scie-a-panneaux","status":"publish","type":"page","link":"https:\/\/mbm.at\/fr\/scie-a-panneaux\/","title":{"rendered":"Scie \u00e0 panneaux"},"content":{"rendered":"<div class=\"wpb-content-wrapper\"><p>[vc_row][vc_column][vc_column_text css=\u00a0\u00bb\u00a0\u00bb]<\/p>\n<h4>\u00bb Scie \u00e0 panneaux<\/h4>\n<p>Pour les coupes longitudinales et transversales[\/vc_column_text][\/vc_column][\/vc_row][vc_row][vc_column][vc_images_carousel images=\u00a0\u00bb1397,1398&Prime; img_size=\u00a0\u00bblarge\u00a0\u00bb css=\u00a0\u00bb\u00a0\u00bb][\/vc_column][\/vc_row][vc_row][vc_column][vc_tta_accordion][vc_tta_section title=\u00a0\u00bbDescription des diff\u00e9rentes parties de l&apos;installation\u00a0\u00bb tab_id=\u00a0\u00bb1730888153520-4d7892d0-ebd8&Prime;][vc_column_text css=\u00a0\u00bb\u00a0\u00bb]- Appareil de levage par le vide<br \/>&#8211; Convoyeur \u00e0 rouleaux d&rsquo;entr\u00e9e avec aligneur<br \/>&#8211; Scie transversale avec barre de pression<br \/>&#8211; Came de but\u00e9e \u00e0 r\u00e9glage \u00e9lectronique<br \/>&#8211; Convoyeur \u00e0 rouleaux avec transport transversal<br \/>&#8211; Convoyeur \u00e0 rouleaux inclin\u00e9s<br \/>&#8211; But\u00e9e de largeur \u00e0 r\u00e9glage \u00e9lectronique<br \/>&#8211; Scie longitudinale avec dispositif d&rsquo;avance<br \/>&#8211; Convoyeur \u00e0 rouleaux de sortie avec transport transversal[\/vc_column_text][\/vc_tta_section][vc_tta_section title=\u00a0\u00bbOptions\u00a0\u00bb tab_id=\u00a0\u00bb1730888153520-1c825f08-ce84&Prime;][vc_column_text css=\u00a0\u00bb\u00a0\u00bb]Variantes sp\u00e9cifiques suivant les besoins du client[\/vc_column_text][\/vc_tta_section][vc_tta_section title=\u00a0\u00bbCaract\u00e9ristiques techniques\u00a0\u00bb tab_id=\u00a0\u00bb1730888156051-3af60563-6a7d\u00a0\u00bb][vc_column_text css=\u00a0\u00bb\u00a0\u00bb]<b>Dimensions des pi\u00e8ces<\/b><\/p>\n<p>Longueur du panneau : min. 300 mm \/ max. 4.100 mm<br \/>Largeur du panneau : min. 300 mm \/ max. 1.250 mm<br \/>\u00c9paisseur du panneau : max. 40 mm[\/vc_column_text][\/vc_tta_section][vc_tta_section title=\u00a0\u00bbCaract\u00e9ristiques de la machine\u00a0\u00bb tab_id=\u00a0\u00bb1730888158746-e3f8f971-b398&Prime;][vc_column_text css=\u00a0\u00bb\u00a0\u00bb]<b>Vitesse d&rsquo;avance de la scie<\/b><br \/>Avance jusqu&rsquo;\u00e0 30 m\/min<br \/> En arri\u00e8re jusqu&rsquo;\u00e0 30 m\/min<\/p>\n<p><b>Puissance du moteur de la scie<\/b><br \/>Scie transversale 7,5 kW<br \/>Vitesse de rotation 3.800 tr\/min.<br \/>Scie longitudinale 7,5 kW<br \/>Vitesse de rotation 3.800 tr\/min.<\/p>\n<p><b>Lame de scie<\/b><br \/>diam\u00e8tre 350 mm<br \/>Diam\u00e8tre de l&rsquo;al\u00e9sage int\u00e9rieur 30 mm[\/vc_column_text][\/vc_tta_section][\/vc_tta_accordion][\/vc_column][\/vc_row]<\/p>\n<\/div>","protected":false},"excerpt":{"rendered":"<p>[vc_row][vc_column][vc_column_text css=\u00a0\u00bb\u00a0\u00bb] \u00bb Scie \u00e0 panneaux Pour les coupes longitudinales et transversales[\/vc_column_text][\/vc_column][\/vc_row][vc_row][vc_column][vc_images_carousel images=\u00a0\u00bb1397,1398&Prime; img_size=\u00a0\u00bblarge\u00a0\u00bb css=\u00a0\u00bb\u00a0\u00bb][\/vc_column][\/vc_row][vc_row][vc_column][vc_tta_accordion][vc_tta_section title=\u00a0\u00bbDescription des diff\u00e9rentes parties de l&apos;installation\u00a0\u00bb tab_id=\u00a0\u00bb1730888153520-4d7892d0-ebd8&Prime;][vc_column_text css=\u00a0\u00bb\u00a0\u00bb]- Appareil de levage par le vide&#8211; Convoyeur \u00e0 rouleaux d&rsquo;entr\u00e9e avec aligneur&#8211; Scie transversale avec barre de pression&#8211; Came de but\u00e9e \u00e0 r\u00e9glage \u00e9lectronique&#8211; Convoyeur \u00e0 rouleaux avec transport transversal&#8211; Convoyeur \u00e0 [&hellip;]<\/p>\n","protected":false},"author":2,"featured_media":0,"parent":0,"menu_order":0,"comment_status":"closed","ping_status":"closed","template":"","meta":{"footnotes":""},"class_list":["post-1396","page","type-page","status-publish","hentry"],"_links":{"self":[{"href":"https:\/\/mbm.at\/fr\/wp-json\/wp\/v2\/pages\/1396","targetHints":{"allow":["GET"]}}],"collection":[{"href":"https:\/\/mbm.at\/fr\/wp-json\/wp\/v2\/pages"}],"about":[{"href":"https:\/\/mbm.at\/fr\/wp-json\/wp\/v2\/types\/page"}],"author":[{"embeddable":true,"href":"https:\/\/mbm.at\/fr\/wp-json\/wp\/v2\/users\/2"}],"replies":[{"embeddable":true,"href":"https:\/\/mbm.at\/fr\/wp-json\/wp\/v2\/comments?post=1396"}],"version-history":[{"count":6,"href":"https:\/\/mbm.at\/fr\/wp-json\/wp\/v2\/pages\/1396\/revisions"}],"predecessor-version":[{"id":1799,"href":"https:\/\/mbm.at\/fr\/wp-json\/wp\/v2\/pages\/1396\/revisions\/1799"}],"wp:attachment":[{"href":"https:\/\/mbm.at\/fr\/wp-json\/wp\/v2\/media?parent=1396"}],"curies":[{"name":"wp","href":"https:\/\/api.w.org\/{rel}","templated":true}]}}