{"id":1362,"date":"2024-11-06T16:32:51","date_gmt":"2024-11-06T15:32:51","guid":{"rendered":"https:\/\/wp.mbm.at\/fraiseuse-daboutage\/"},"modified":"2024-11-12T14:01:14","modified_gmt":"2024-11-12T13:01:14","slug":"fraiseuse-daboutage","status":"publish","type":"page","link":"https:\/\/mbm.at\/fr\/fraiseuse-daboutage\/","title":{"rendered":"Fraiseuse d&rsquo;aboutage"},"content":{"rendered":"<div class=\"wpb-content-wrapper\"><p>[vc_row][vc_column][vc_column_text css=\u00a0\u00bb\u00a0\u00bb]<\/p>\n<h4>\u00bb Fraiseuse d&rsquo;aboutage<\/h4>\n<p>avec presse pour les mat\u00e9riaux en bois en forme de panneaux[\/vc_column_text][\/vc_column][\/vc_row][vc_row][vc_column][vc_images_carousel images=\u00a0\u00bb1363,1364,1365&Prime; img_size=\u00a0\u00bblarge\u00a0\u00bb css=\u00a0\u00bb\u00a0\u00bb][\/vc_column][\/vc_row][vc_row][vc_column][vc_tta_accordion][vc_tta_section title=\u00a0\u00bbDescription des diff\u00e9rentes parties de l&apos;installation\u00a0\u00bb tab_id=\u00a0\u00bb1730888801921-d0d2ac6a-7075&Prime;][vc_column_text css=\u00a0\u00bb\u00a0\u00bb]- Chariot pour agr\u00e9gats d&rsquo;usinage avec agr\u00e9gat de d\u00e9chiquetage,<br \/>agr\u00e9gat de fraisage d&rsquo;aboutage, brosses de raclage et applicateur de colle<br \/>&#8211; Table d&rsquo;appui stable<br \/>&#8211; Table de serrage et de pression stable<br \/>&#8211; Poutre de pression<br \/>&#8211; El\u00e9ments chauffants<br \/>&#8211; Aligneur de panneaux<br \/>&#8211; Groupe hydraulique[\/vc_column_text][\/vc_tta_section][vc_tta_section title=\u00a0\u00bbOptions\u00a0\u00bb tab_id=\u00a0\u00bb1730888801921-12fd171a-d0ca\u00a0\u00bb][vc_column_text css=\u00a0\u00bb\u00a0\u00bb]Variantes sp\u00e9cifiques suivant les besoins du client[\/vc_column_text][\/vc_tta_section][vc_tta_section title=\u00a0\u00bbCaract\u00e9ristiques techniques\u00a0\u00bb tab_id=\u00a0\u00bb1730888804365-5f46d398-1ec5&Prime;][vc_column_text css=\u00a0\u00bb\u00a0\u00bb]<b>Dimensions des pi\u00e8ces<\/b><\/p>\n<p>Longueur du panneau : min. 1.000 mm<br \/>Largeur du panneau : min. 600 mm \/ max. 2.500 mm<br \/>\u00c9paisseur du panneau : min. 20 mm \/ max. 100 mm[\/vc_column_text][\/vc_tta_section][vc_tta_section title=\u00a0\u00bbCaract\u00e9ristiques de la machine\u00a0\u00bb tab_id=\u00a0\u00bb1730888806324-bd69e309-932f\u00a0\u00bb][vc_column_text css=\u00a0\u00bb\u00a0\u00bb]<b>Vitesse d&rsquo;avance de l&rsquo;agr\u00e9gat<\/b><br \/>En avant jusqu&rsquo;\u00e0 30 m\/min<br \/> En arri\u00e8re jusqu&rsquo;\u00e0 30 m\/min<\/p>\n<p><b>Agr\u00e9gat de d\u00e9chiquetage<\/b><br \/>Puissance 5,5 kW<br \/>Vitesse de rotation 2.850 tr\/min<\/p>\n<p><b>Agr\u00e9gat de fraisage d&rsquo;aboutage<\/b><br \/>Puissance de 30 kW<br \/>Vitesse de rotation 4.500 tr\/min<\/p>\n<p><b>Pression de compression<\/b><br \/>max. 300.000 N r\u00e9glable[\/vc_column_text][\/vc_tta_section][\/vc_tta_accordion][\/vc_column][\/vc_row]<\/p>\n<\/div>","protected":false},"excerpt":{"rendered":"<p>[vc_row][vc_column][vc_column_text css=\u00a0\u00bb\u00a0\u00bb] \u00bb Fraiseuse d&rsquo;aboutage avec presse pour les mat\u00e9riaux en bois en forme de panneaux[\/vc_column_text][\/vc_column][\/vc_row][vc_row][vc_column][vc_images_carousel images=\u00a0\u00bb1363,1364,1365&Prime; img_size=\u00a0\u00bblarge\u00a0\u00bb css=\u00a0\u00bb\u00a0\u00bb][\/vc_column][\/vc_row][vc_row][vc_column][vc_tta_accordion][vc_tta_section title=\u00a0\u00bbDescription des diff\u00e9rentes parties de l&apos;installation\u00a0\u00bb tab_id=\u00a0\u00bb1730888801921-d0d2ac6a-7075&Prime;][vc_column_text css=\u00a0\u00bb\u00a0\u00bb]- Chariot pour agr\u00e9gats d&rsquo;usinage avec agr\u00e9gat de d\u00e9chiquetage,agr\u00e9gat de fraisage d&rsquo;aboutage, brosses de raclage et applicateur de colle&#8211; Table d&rsquo;appui stable&#8211; Table de serrage et de pression stable&#8211; [&hellip;]<\/p>\n","protected":false},"author":2,"featured_media":0,"parent":0,"menu_order":0,"comment_status":"closed","ping_status":"closed","template":"","meta":{"footnotes":""},"class_list":["post-1362","page","type-page","status-publish","hentry"],"_links":{"self":[{"href":"https:\/\/mbm.at\/fr\/wp-json\/wp\/v2\/pages\/1362","targetHints":{"allow":["GET"]}}],"collection":[{"href":"https:\/\/mbm.at\/fr\/wp-json\/wp\/v2\/pages"}],"about":[{"href":"https:\/\/mbm.at\/fr\/wp-json\/wp\/v2\/types\/page"}],"author":[{"embeddable":true,"href":"https:\/\/mbm.at\/fr\/wp-json\/wp\/v2\/users\/2"}],"replies":[{"embeddable":true,"href":"https:\/\/mbm.at\/fr\/wp-json\/wp\/v2\/comments?post=1362"}],"version-history":[{"count":6,"href":"https:\/\/mbm.at\/fr\/wp-json\/wp\/v2\/pages\/1362\/revisions"}],"predecessor-version":[{"id":1751,"href":"https:\/\/mbm.at\/fr\/wp-json\/wp\/v2\/pages\/1362\/revisions\/1751"}],"wp:attachment":[{"href":"https:\/\/mbm.at\/fr\/wp-json\/wp\/v2\/media?parent=1362"}],"curies":[{"name":"wp","href":"https:\/\/api.w.org\/{rel}","templated":true}]}}