{"id":1292,"date":"2024-11-06T16:31:29","date_gmt":"2024-11-06T15:31:29","guid":{"rendered":"https:\/\/wp.mbm.at\/technique-de-manutention-table-tournante-et-basculante\/"},"modified":"2024-11-12T10:28:39","modified_gmt":"2024-11-12T09:28:39","slug":"technique-de-manutention-table-tournante-et-basculante","status":"publish","type":"page","link":"https:\/\/mbm.at\/fr\/technique-de-manutention-table-tournante-et-basculante\/","title":{"rendered":"Technique de manutention : Table tournante et basculante"},"content":{"rendered":"<div class=\"wpb-content-wrapper\"><p>[vc_row][vc_column][vc_column_text css=\u00a0\u00bb\u00a0\u00bb]<\/p>\n<h4>\u00ab Table tournante et basculante<\/h4>\n<p>Pour les travaux de pr\u00e9paration et de serrage<\/p>\n<p>La palette est prise en charge par le magasin de palettes et amen\u00e9e automatiquement en position bascul\u00e9e.<br \/> La palette est ensuite tourn\u00e9e de 3 x 90\u00b0.[\/vc_column_text][\/vc_column][\/vc_row][vc_row][vc_column][vc_images_carousel images=\u00a0\u00bb1293,1294,1295&Prime; img_size=\u00a0\u00bblarge\u00a0\u00bb css=\u00a0\u00bb\u00a0\u00bb][\/vc_column][\/vc_row][vc_row][vc_column][vc_tta_accordion][vc_tta_section title=\u00a0\u00bbDescription des diff\u00e9rentes parties de l&apos;installation\u00a0\u00bb tab_id=\u00a0\u00bb1730889568551-9367a8d2-9108&Prime;][vc_column_text css=\u00a0\u00bb\u00a0\u00bb]- Ch\u00e2ssis de base stable avec palier pivotant<br \/>&#8211; Plaque pivotante avec palier rotatif stable<br \/>&#8211; Plaque pivotante avec griffes de serrage pivotantes<br \/>&#8211; Dispositif d&rsquo;alimentation avec unit\u00e9 de levage<br \/>&#8211; Unit\u00e9 hydraulique[\/vc_column_text][\/vc_tta_section][vc_tta_section title=\u00a0\u00bbOptions\u00a0\u00bb tab_id=\u00a0\u00bb1730889568551-119a1589-21aa\u00a0\u00bb][vc_column_text css=\u00a0\u00bb\u00a0\u00bb]Variantes sp\u00e9cifiques suivant les besoins du client[\/vc_column_text][\/vc_tta_section][vc_tta_section title=\u00a0\u00bbCaract\u00e9ristiques techniques\u00a0\u00bb tab_id=\u00a0\u00bb1730889570531-d24fc72d-18f1&Prime;][vc_column_text css=\u00a0\u00bb\u00a0\u00bb]Dimensions des palettes 800 x 800 mm<br \/>Charge de la palette 30.000 N<br \/>Centre de gravit\u00e9 \u00e0 partir du bord sup\u00e9rieur de la palette 600 mm<br \/>Centre de gravit\u00e9 excentr\u00e9 100 mm<br \/>Hauteur de la pi\u00e8ce \u00e0 partir du bord sup\u00e9rieur de la palette max. 1.200 mm<br \/>Mouvement de pivotement 90<br \/>Mouvement de rotation vertical et horizontal 3 x 90[\/vc_column_text][\/vc_tta_section][\/vc_tta_accordion][\/vc_column][\/vc_row]<\/p>\n<\/div>","protected":false},"excerpt":{"rendered":"<p>[vc_row][vc_column][vc_column_text css=\u00a0\u00bb\u00a0\u00bb] \u00ab Table tournante et basculante Pour les travaux de pr\u00e9paration et de serrage La palette est prise en charge par le magasin de palettes et amen\u00e9e automatiquement en position bascul\u00e9e. La palette est ensuite tourn\u00e9e de 3 x 90\u00b0.[\/vc_column_text][\/vc_column][\/vc_row][vc_row][vc_column][vc_images_carousel images=\u00a0\u00bb1293,1294,1295&Prime; img_size=\u00a0\u00bblarge\u00a0\u00bb css=\u00a0\u00bb\u00a0\u00bb][\/vc_column][\/vc_row][vc_row][vc_column][vc_tta_accordion][vc_tta_section title=\u00a0\u00bbDescription des diff\u00e9rentes parties de l&apos;installation\u00a0\u00bb tab_id=\u00a0\u00bb1730889568551-9367a8d2-9108&Prime;][vc_column_text css=\u00a0\u00bb\u00a0\u00bb]- Ch\u00e2ssis de base [&hellip;]<\/p>\n","protected":false},"author":2,"featured_media":0,"parent":0,"menu_order":0,"comment_status":"closed","ping_status":"closed","template":"","meta":{"footnotes":""},"class_list":["post-1292","page","type-page","status-publish","hentry"],"_links":{"self":[{"href":"https:\/\/mbm.at\/fr\/wp-json\/wp\/v2\/pages\/1292","targetHints":{"allow":["GET"]}}],"collection":[{"href":"https:\/\/mbm.at\/fr\/wp-json\/wp\/v2\/pages"}],"about":[{"href":"https:\/\/mbm.at\/fr\/wp-json\/wp\/v2\/types\/page"}],"author":[{"embeddable":true,"href":"https:\/\/mbm.at\/fr\/wp-json\/wp\/v2\/users\/2"}],"replies":[{"embeddable":true,"href":"https:\/\/mbm.at\/fr\/wp-json\/wp\/v2\/comments?post=1292"}],"version-history":[{"count":6,"href":"https:\/\/mbm.at\/fr\/wp-json\/wp\/v2\/pages\/1292\/revisions"}],"predecessor-version":[{"id":1653,"href":"https:\/\/mbm.at\/fr\/wp-json\/wp\/v2\/pages\/1292\/revisions\/1653"}],"wp:attachment":[{"href":"https:\/\/mbm.at\/fr\/wp-json\/wp\/v2\/media?parent=1292"}],"curies":[{"name":"wp","href":"https:\/\/api.w.org\/{rel}","templated":true}]}}