{"id":1159,"date":"2024-11-06T15:46:12","date_gmt":"2024-11-06T14:46:12","guid":{"rendered":"https:\/\/wp.mbm.at\/scies-a-onglet-double\/"},"modified":"2024-12-18T10:35:55","modified_gmt":"2024-12-18T09:35:55","slug":"scies-a-onglet-double","status":"publish","type":"page","link":"https:\/\/mbm.at\/fr\/scies-a-onglet-double\/","title":{"rendered":"\u00bb Scies \u00e0 onglet double DAS-E"},"content":{"rendered":"<div class=\"wpb-content-wrapper\"><p>[vc_row][vc_column][vc_single_image image=\u00a0\u00bb1160&Prime; img_size=\u00a0\u00bbfull\u00a0\u00bb alignment=\u00a0\u00bbcenter\u00a0\u00bb onclick=\u00a0\u00bbcustom_link\u00a0\u00bb css=\u00a0\u00bb\u00a0\u00bb link=\u00a0\u00bbhttps:\/\/mbm.at\/wp-content\/uploads\/2024\/11\/2344556_bi_Doppelgehrungssaege.jpg\u00a0\u00bb][\/vc_column][\/vc_row][vc_row][vc_column][vc_tta_accordion][vc_tta_section title=\u00a0\u00bbVotre avantage\u00a0\u00bb tab_id=\u00a0\u00bb1730883459952-56bf27ce-eb36&Prime;][vc_column_text css=\u00a0\u00bb\u00a0\u00bb]- Coupes aux dimensions et aux angles pr\u00e9cis<br \/>&#8211; Qualit\u00e9 de coupe parfaiteDur\u00e9e de pr\u00e9paration minimale<br \/>&#8211; Surface sans rayures ni traces<br \/>&#8211; Mode de travail rationnel<br \/>&#8211; Pr\u00e9cision \u00e0 vie<br \/>&#8211; Temps de pr\u00e9paration minimal<br \/>&#8211; Laser \u00e0 ligne<br \/>&#8211; Affichage de mesure 5 axes[\/vc_column_text][\/vc_tta_section][vc_tta_section title=\u00a0\u00bbOptions\u00a0\u00bb tab_id=\u00a0\u00bb1730883479196-38c51b5a-5a33&Prime;][vc_column_text css=\u00a0\u00bb\u00a0\u00bb]- Agr\u00e9gats de rainures[\/vc_column_text][\/vc_tta_section][vc_tta_section title=\u00a0\u00bbCaract\u00e9ristiques techniques\u00a0\u00bb tab_id=\u00a0\u00bb1730883459952-c81651e4-8f16&Prime;][vc_column_text css=\u00a0\u00bb\u00a0\u00bb]<b>Dimensions de la pi\u00e8ce de usiner<\/b><br \/>Longueur des pi\u00e8ces 250 mm \u2013 2.200 mm<br \/>Largeur des pi\u00e8ces 50 mm \u2013 660 mm<br \/>Hauteur des pi\u00e8ces max. 85 mm <\/p>\n<p><b>Angle d&rsquo;onglet<\/b><br \/>Grand onglet 93\u00b0 &#8211; 45\u00b0<br \/>Petit onglet 90\u00b0 &#8211; 43\u00b0<\/p>\n<p><b>Pr\u00e9cision dimensionelle<\/b><br \/>Grand onglet +\/- 0,02\u00b0<br \/>Petit onglet +\/- 0,05\u00b0<br \/>Longueur des pi\u00e8ces +\/- 0,2 mm<\/p>\n<p><b>Lame de scie<\/b><br \/>Diametre 350 mm\/400 mm<br \/>Diametre d&rsquo;al\u00e9sage 30 mm<\/p>\n<p><b>Lame de fraise<\/b><br \/>Diametre 180 mm<br \/>Diametre d&rsquo;al\u00e9sage 30 mm[\/vc_column_text][\/vc_tta_section][vc_tta_section title=\u00a0\u00bbContr\u00f4le\u00a0\u00bb tab_id=\u00a0\u00bb1730883490171-82b58602-f4a0&Prime;][vc_column_text css=\u00a0\u00bb\u00a0\u00bb]- diagnostic d&rsquo;erreur en cas de dysfonctionnement<br \/>&#8211; nombreuses possibilit\u00e9s de r\u00e9glage<br \/>&#8211; s\u00e9lection et d\u00e9s\u00e9lection de l&rsquo;ordinateur <\/p>\n<p><b>Options<\/b><br \/>&#8211; Diagnostic \u00e0 distance[\/vc_column_text][\/vc_tta_section][vc_tta_section title=\u00a0\u00bbCaract\u00e9ristiques de la machine\u00a0\u00bb tab_id=\u00a0\u00bb1730883487916-6e248e57-14e5&Prime;][vc_column_text css=\u00a0\u00bb\u00a0\u00bb]<b>Vitesse d&rsquo;avance de la scie<\/b><br \/>Avant\/arri\u00e8re jusqu&rsquo;\u00e0 30 m\/min.<br \/>Puissance du moteur de scie 5,5 kW<br \/>Vitesse de rotation 4.200 tr\/min.<br \/>Puissance du moteur de l&rsquo;agr\u00e9gat de rainurage 1 kW<br \/>Vitesse de rotation 6.000 tr\/min.[\/vc_column_text][\/vc_tta_section][\/vc_tta_accordion][\/vc_column][\/vc_row]<\/p>\n<\/div>","protected":false},"excerpt":{"rendered":"<p>[vc_row][vc_column][vc_single_image image=\u00a0\u00bb1160&Prime; img_size=\u00a0\u00bbfull\u00a0\u00bb alignment=\u00a0\u00bbcenter\u00a0\u00bb onclick=\u00a0\u00bbcustom_link\u00a0\u00bb css=\u00a0\u00bb\u00a0\u00bb link=\u00a0\u00bbhttps:\/\/mbm.at\/wp-content\/uploads\/2024\/11\/2344556_bi_Doppelgehrungssaege.jpg\u00a0\u00bb][\/vc_column][\/vc_row][vc_row][vc_column][vc_tta_accordion][vc_tta_section title=\u00a0\u00bbVotre avantage\u00a0\u00bb tab_id=\u00a0\u00bb1730883459952-56bf27ce-eb36&Prime;][vc_column_text css=\u00a0\u00bb\u00a0\u00bb]- Coupes aux dimensions et aux angles pr\u00e9cis&#8211; Qualit\u00e9 de coupe parfaiteDur\u00e9e de pr\u00e9paration minimale&#8211; Surface sans rayures ni traces&#8211; Mode de travail rationnel&#8211; Pr\u00e9cision \u00e0 vie&#8211; Temps de pr\u00e9paration minimal&#8211; Laser \u00e0 ligne&#8211; Affichage de mesure 5 axes[\/vc_column_text][\/vc_tta_section][vc_tta_section title=\u00a0\u00bbOptions\u00a0\u00bb tab_id=\u00a0\u00bb1730883479196-38c51b5a-5a33&Prime;][vc_column_text css=\u00a0\u00bb\u00a0\u00bb]- Agr\u00e9gats de rainures[\/vc_column_text][\/vc_tta_section][vc_tta_section [&hellip;]<\/p>\n","protected":false},"author":2,"featured_media":0,"parent":0,"menu_order":0,"comment_status":"closed","ping_status":"closed","template":"","meta":{"footnotes":""},"class_list":["post-1159","page","type-page","status-publish","hentry"],"_links":{"self":[{"href":"https:\/\/mbm.at\/fr\/wp-json\/wp\/v2\/pages\/1159","targetHints":{"allow":["GET"]}}],"collection":[{"href":"https:\/\/mbm.at\/fr\/wp-json\/wp\/v2\/pages"}],"about":[{"href":"https:\/\/mbm.at\/fr\/wp-json\/wp\/v2\/types\/page"}],"author":[{"embeddable":true,"href":"https:\/\/mbm.at\/fr\/wp-json\/wp\/v2\/users\/2"}],"replies":[{"embeddable":true,"href":"https:\/\/mbm.at\/fr\/wp-json\/wp\/v2\/comments?post=1159"}],"version-history":[{"count":17,"href":"https:\/\/mbm.at\/fr\/wp-json\/wp\/v2\/pages\/1159\/revisions"}],"predecessor-version":[{"id":3928,"href":"https:\/\/mbm.at\/fr\/wp-json\/wp\/v2\/pages\/1159\/revisions\/3928"}],"wp:attachment":[{"href":"https:\/\/mbm.at\/fr\/wp-json\/wp\/v2\/media?parent=1159"}],"curies":[{"name":"wp","href":"https:\/\/api.w.org\/{rel}","templated":true}]}}