{"id":766,"date":"2024-11-06T16:34:09","date_gmt":"2024-11-06T15:34:09","guid":{"rendered":"https:\/\/wp.mbm.at\/maquinas-especiales-para-trabajos-en-madera\/"},"modified":"2024-11-07T15:00:52","modified_gmt":"2024-11-07T14:00:52","slug":"maquinas-especiales-para-trabajos-en-madera","status":"publish","type":"page","link":"https:\/\/mbm.at\/es\/maquinas-especiales-para-trabajos-en-madera\/","title":{"rendered":"M\u00e1quinas especiales para trabajos en madera"},"content":{"rendered":"<div class=\"wpb-content-wrapper\"><p>[vc_row][vc_column][vc_column_text css=\u00bb\u00bb]<b>mbm<\/b> y su nombre son sin\u00f3nimo de productos de alto rendimiento y calidad.<br \/>Nos empe\u00f1amos en obtener con nuestros conocimientos t\u00e9cnicos, flexibilidad e innovaci\u00f3n las mejores soluciones para Usted.<\/p>\n<p>Nuestros puntos fuertes son la proyecci\u00f3n, el dise\u00f1o y el ensamblaje, as\u00ed como el montaje de las m\u00e1quinas. La puesta en funcionamiento y formaci\u00f3n in situ forman parte de nuestros servicios para asegurar el \u00e9xito de su proyecto. El equipo de mbm estar\u00e1 siempre a su lado para maximizar el rendimiento de su producto. Servicio t\u00e9cnico y mantenimiento preventivo son para nosotros factores importantes para garantizar la estabilidad de la producci\u00f3n.   <br \/> Ofrecemos tambi\u00e9n soluciones compactas y m\u00e1s peque\u00f1as, como dispositivos, sistemas de manipulaci\u00f3n, concatenaci\u00f3n de m\u00e1quinas, etc.<\/p>\n<h3>\u00bb M\u00e1quinas especiales<\/h3>\n<ul>\n<li>Sierra de corte de planchas<\/li>\n<li>Fresa para colas de milano<\/li>\n<li>Sistema de aserrado-fresado-taladrado<\/li>\n<li>M\u00e1quina autom\u00e1tica para maderas escuadradas<\/li>\n<li>Estaci\u00f3n de taladrado<\/li>\n<li>Sierra de alta velocidad<\/li>\n<\/ul>\n<p><b> <\/b><\/p>\n<p>Para consultas puede contactarnos en cualquier momento en el n\u00famero de tel\u00e9fono <b>+43 5572 555800<\/b><br \/>o usar el formulario de consultas.[\/vc_column_text][\/vc_column][\/vc_row]<\/p>\n<\/div>","protected":false},"excerpt":{"rendered":"<p>[vc_row][vc_column][vc_column_text css=\u00bb\u00bb]mbm y su nombre son sin\u00f3nimo de productos de alto rendimiento y calidad.Nos empe\u00f1amos en obtener con nuestros conocimientos t\u00e9cnicos, flexibilidad e innovaci\u00f3n las mejores soluciones para Usted. Nuestros puntos fuertes son la proyecci\u00f3n, el dise\u00f1o y el ensamblaje, as\u00ed como el montaje de las m\u00e1quinas. La puesta en funcionamiento y formaci\u00f3n in situ [&hellip;]<\/p>\n","protected":false},"author":2,"featured_media":0,"parent":0,"menu_order":0,"comment_status":"closed","ping_status":"closed","template":"","meta":{"footnotes":""},"class_list":["post-766","page","type-page","status-publish","hentry"],"_links":{"self":[{"href":"https:\/\/mbm.at\/es\/wp-json\/wp\/v2\/pages\/766","targetHints":{"allow":["GET"]}}],"collection":[{"href":"https:\/\/mbm.at\/es\/wp-json\/wp\/v2\/pages"}],"about":[{"href":"https:\/\/mbm.at\/es\/wp-json\/wp\/v2\/types\/page"}],"author":[{"embeddable":true,"href":"https:\/\/mbm.at\/es\/wp-json\/wp\/v2\/users\/2"}],"replies":[{"embeddable":true,"href":"https:\/\/mbm.at\/es\/wp-json\/wp\/v2\/comments?post=766"}],"version-history":[{"count":2,"href":"https:\/\/mbm.at\/es\/wp-json\/wp\/v2\/pages\/766\/revisions"}],"predecessor-version":[{"id":768,"href":"https:\/\/mbm.at\/es\/wp-json\/wp\/v2\/pages\/766\/revisions\/768"}],"wp:attachment":[{"href":"https:\/\/mbm.at\/es\/wp-json\/wp\/v2\/media?parent=766"}],"curies":[{"name":"wp","href":"https:\/\/api.w.org\/{rel}","templated":true}]}}