{"id":742,"date":"2024-11-06T16:34:01","date_gmt":"2024-11-06T15:34:01","guid":{"rendered":"https:\/\/wp.mbm.at\/prensas-para-el-montaje-de-ataudes\/"},"modified":"2024-12-18T11:26:09","modified_gmt":"2024-12-18T10:26:09","slug":"prensas-para-el-montaje-de-ataudes","status":"publish","type":"page","link":"https:\/\/mbm.at\/es\/prensas-para-el-montaje-de-ataudes\/","title":{"rendered":"Prensas para el montaje de ata\u00fades"},"content":{"rendered":"<div class=\"wpb-content-wrapper\"><p>[vc_row][vc_column][vc_column_text css=\u00bb\u00bb]<\/p>\n<h4>\u00bb Prensa para el montaje de ata\u00fades &#8211; forma c\u00f3nico KPO\/KPU<\/h4>\n<h5><b>(para caja superior KPO, para caja inferior KPU)<\/b><\/h5>\n<p>Con un n\u00famero de piezas m\u00e1s elevado es necesario una prensa para el montaje de at\u00e1udes de caja superior y<br \/>una prensa para el montaje de at\u00e1udes de caja inferior.<br \/> 2 personas montan (en un turno) hasta 140 ata\u00fades. \u00a1En la fabricaci\u00f3n en serie son posibles aun m\u00e1s![\/vc_column_text][\/vc_column][\/vc_row][vc_row][vc_column width=\u00bb1\/5&#8243;][vc_single_image image=\u00bb1259&#8243; img_size=\u00bb500*500&#8243; alignment=\u00bbcenter\u00bb onclick=\u00bbcustom_link\u00bb css=\u00bb\u00bb link=\u00bbhttps:\/\/mbm.at\/wp-content\/uploads\/2024\/11\/Korpuspresse-1.jpg\u00bb][\/vc_column][vc_column width=\u00bb1\/5&#8243;][vc_single_image image=\u00bb1260&#8243; img_size=\u00bb500*500&#8243; alignment=\u00bbcenter\u00bb onclick=\u00bbcustom_link\u00bb css=\u00bb\u00bb link=\u00bbhttps:\/\/mbm.at\/wp-content\/uploads\/2024\/11\/Korpuspresse-2.jpg\u00bb][\/vc_column][vc_column width=\u00bb1\/5&#8243;][vc_single_image image=\u00bb1261&#8243; img_size=\u00bb500*500&#8243; alignment=\u00bbcenter\u00bb onclick=\u00bbcustom_link\u00bb css=\u00bb\u00bb link=\u00bbhttps:\/\/mbm.at\/wp-content\/uploads\/2024\/11\/Korpuspresse-3.jpg\u00bb][\/vc_column][vc_column width=\u00bb1\/5&#8243;][vc_single_image image=\u00bb1262&#8243; img_size=\u00bb500*500&#8243; alignment=\u00bbcenter\u00bb onclick=\u00bbcustom_link\u00bb css=\u00bb\u00bb link=\u00bbhttps:\/\/mbm.at\/wp-content\/uploads\/2024\/11\/Korpuspresse-4.jpg\u00bb][\/vc_column][vc_column width=\u00bb1\/5&#8243;][vc_single_image image=\u00bb1263&#8243; img_size=\u00bb500*500&#8243; alignment=\u00bbcenter\u00bb onclick=\u00bbcustom_link\u00bb css=\u00bb\u00bb link=\u00bbhttps:\/\/mbm.at\/wp-content\/uploads\/2024\/11\/Korpuspresse-5.jpg\u00bb][\/vc_column][\/vc_row][vc_row][vc_column][vc_tta_accordion][vc_tta_section title=\u00bbSus ventajas\u00bb tab_id=\u00bb1730885815894-4b685d04-dcad\u00bb][vc_column_text css=\u00bb\u00bb]- Utilizable para todos los modelos<br \/>&#8211; Cambio de modelo rapid\u00edsimo sin herramientas<br \/>&#8211; De aplicaci\u00f3n universal para todas las uniones angulares<br \/>&#8211; Centraci\u00f3n del cabezal y fondo<br \/>&#8211; Elevadas presiones de aprieto en todos los rincones<br \/>&#8211; Es posible el montaje del suelo o de la tapa<br \/>&#8211; Rotable por 200\u00b0[\/vc_column_text][\/vc_tta_section][vc_tta_section title=\u00bbOpci\u00f3n: con extracci\u00f3n autom\u00e1tica\u00bb tab_id=\u00bb1730885815894-7dd5c9f9-a1bc\u00bb][vc_column_text css=\u00bb\u00bb]Econom\u00eda del tiempo de trabajo:<br \/>\u2013 Durante la extracci\u00f3n autom\u00e1tica es posible preparar y\/o colar las piezas siguientes<br \/>\u2013 No es necesario levantar piezas pesadas[\/vc_column_text][\/vc_tta_section][vc_tta_section title=\u00bbRepasar menos veces\u00bb tab_id=\u00bb1730885818482-ed1894c7-353d\u00bb][vc_column_text css=\u00bb\u00bb]- Dimensiones diagonales son id\u00e9nticos<br \/>&#8211; Ejecuci\u00f3n exacta de los cantos<br \/>&#8211; Se cepilla menos o nada[\/vc_column_text][\/vc_tta_section][vc_tta_section title=\u00bbDatos t\u00e9cnicos\u00bb tab_id=\u00bb1730885820224-e5c9f796-4dc6&#8243;][vc_column_text css=\u00bb\u00bb]<b>KPO<\/b><br \/>Longitud parte lateral: 1.730 mm \u2013 2.150 mm<br \/>Longitud cabezal: 480 mm \u2013 730 mm<br \/>Longitud fondo: 480 mm \u2013 730 mm<br \/>Altura del ata\u00fad: 185 mm \u2013 375 mm<br \/>Rotaci\u00f3n: 0\u00b0 \u2013 200\u00b0<\/p>\n<p><b>KPU<\/b><br \/>Longitud parte lateral: 1.730 mm \u2013 2.100 mm<br \/>Longitud cabezal: 550 mm \u2013 800 mm<br \/>Longitud fondo: 550 mm \u2013 800 mm<br \/>Altura del ata\u00fad: 185 mm \u2013 375 mm<br \/>Rotaci\u00f3n: 0\u00b0 \u2013 200\u00b0[\/vc_column_text][\/vc_tta_section][\/vc_tta_accordion][\/vc_column][\/vc_row][vc_row][vc_column][vc_column_text css=\u00bb\u00bb]<\/p>\n<h4>\u00bb Prensa combinada para el montaje de ata\u00fades &#8211; forma c\u00f3nico KPO-KPU<\/h4>\n<h5><b>(para caja superior KPO e para caja inferior KPU)<\/b><\/h5>\n<p>En la prensa combinada para el montaje de at\u00e1udes es posible montar cajas superiores e inferiores.<br \/> 1 persona monta (en un turno) hasta 60 ata\u00fades.[\/vc_column_text][\/vc_column][\/vc_row][vc_row][vc_column][vc_tta_accordion][vc_tta_section title=\u00bbSus ventajas\u00bb tab_id=\u00bb1730886022753-110f85b9-50c4&#8243;][vc_column_text css=\u00bb\u00bb]- Utilizable para todos los modelos<br \/>&#8211; Cambio de modelo rapid\u00edsimo sin herramientas<br \/>&#8211; De aplicaci\u00f3n universal para todas las uniones angulares<br \/>&#8211; Centraci\u00f3n del cabezal y fondo<br \/>&#8211; Elevadas presiones de aprieto en todos los rincones<br \/>&#8211; Es posible el montaje del suelo o de la tapa<br \/>&#8211; Rotable por 200\u00b0[\/vc_column_text][\/vc_tta_section][vc_tta_section title=\u00bbOpci\u00f3n: con extracci\u00f3n autom\u00e1tica\u00bb tab_id=\u00bb1730886022753-240aad86-ff60&#8243;][vc_column_text css=\u00bb\u00bb]Econom\u00eda del tiempo de trabajo:<br \/>\u2013 Durante la extracci\u00f3n autom\u00e1tica es posible preparar y\/o colar las piezas siguientes<br \/>\u2013 No es necesario levantar piezas pesadas[\/vc_column_text][\/vc_tta_section][vc_tta_section title=\u00bbRepasar menos veces\u00bb tab_id=\u00bb1730886024798-97baede7-fdd1&#8243;][vc_column_text css=\u00bb\u00bb]- Dimensiones diagonales son id\u00e9nticos<br \/>&#8211; Ejecuci\u00f3n exacta de los cantos<br \/>&#8211; Se cepilla menos o nada[\/vc_column_text][\/vc_tta_section][vc_tta_section title=\u00bbDatos t\u00e9cnicos\u00bb tab_id=\u00bb1730886026630-4b492646-38b4&#8243;][vc_column_text css=\u00bb\u00bb]<b>KPO<\/b><br \/>Longitud parte lateral: 1.730 mm \u2013 2.150 mm<br \/>Longitud cabezal: 480 mm \u2013 730 mm<br \/>Longitud fondo: 480 mm \u2013 730 mm<br \/>Altura del ata\u00fad: 185 mm \u2013 375 mm<br \/>Rotaci\u00f3n: 0\u00b0 \u2013 200\u00b0<\/p>\n<p><b>KPU<\/b><br \/>Longitud parte lateral: 1.730 mm \u2013 2.100 mm<br \/>Longitud cabezal: 550 mm \u2013 800 mm<br \/>Longitud fondo: 550 mm \u2013 800 mm<br \/>Altura del ata\u00fad: 185 mm \u2013 375 mm<br \/>Rotaci\u00f3n: 0\u00b0 \u2013 200\u00b0[\/vc_column_text][\/vc_tta_section][\/vc_tta_accordion][\/vc_column][\/vc_row][vc_row][vc_column][vc_column_text css=\u00bb\u00bb]<\/p>\n<h4>\u00bb Prensa para el montaje de ata\u00fades &#8211; forma trapezoidal KPO-F\/KPU-F<\/h4>\n<h5><b>(para caja superior KPO-F, para caja inferior KPU-F)<\/b><\/h5>\n<p>2 personas montan con nuestras prensas para el montaje de at\u00e1udes con extracci\u00f3n autom\u00e1tica en un turno m\u00e1s de 80 ata\u00fades.[\/vc_column_text][\/vc_column][\/vc_row][vc_row][vc_column width=\u00bb1\/6&#8243;][vc_single_image image=\u00bb1264&#8243; img_size=\u00bb500*500&#8243; alignment=\u00bbcenter\u00bb onclick=\u00bbcustom_link\u00bb css=\u00bb\u00bb link=\u00bbhttps:\/\/mbm.at\/wp-content\/uploads\/2024\/11\/Korpuspresse-tailliert-1.jpg\u00bb][\/vc_column][vc_column width=\u00bb1\/6&#8243;][vc_single_image image=\u00bb1265&#8243; img_size=\u00bb500*500&#8243; alignment=\u00bbcenter\u00bb onclick=\u00bbcustom_link\u00bb css=\u00bb\u00bb link=\u00bbhttps:\/\/mbm.at\/wp-content\/uploads\/2024\/11\/Korpuspresse-tailliert-2.jpg\u00bb][\/vc_column][vc_column width=\u00bb1\/6&#8243;][vc_single_image image=\u00bb1266&#8243; img_size=\u00bb500*500&#8243; alignment=\u00bbcenter\u00bb onclick=\u00bbcustom_link\u00bb css=\u00bb\u00bb link=\u00bbhttps:\/\/mbm.at\/wp-content\/uploads\/2024\/11\/Korpuspresse-tailliert-3.jpg\u00bb][\/vc_column][vc_column width=\u00bb1\/6&#8243;][vc_single_image image=\u00bb1267&#8243; img_size=\u00bb500*500&#8243; alignment=\u00bbcenter\u00bb onclick=\u00bbcustom_link\u00bb css=\u00bb\u00bb link=\u00bbhttps:\/\/mbm.at\/wp-content\/uploads\/2024\/11\/Korpuspresse-tailliert-4.jpg\u00bb][\/vc_column][vc_column width=\u00bb1\/6&#8243;][vc_single_image image=\u00bb1268&#8243; img_size=\u00bb500*500&#8243; alignment=\u00bbcenter\u00bb onclick=\u00bbcustom_link\u00bb css=\u00bb\u00bb link=\u00bbhttps:\/\/mbm.at\/wp-content\/uploads\/2024\/11\/Korpuspresse-tailliert-5.jpg\u00bb][\/vc_column][vc_column width=\u00bb1\/6&#8243;][vc_single_image image=\u00bb1269&#8243; img_size=\u00bb500*500&#8243; alignment=\u00bbcenter\u00bb onclick=\u00bbcustom_link\u00bb css=\u00bb\u00bb link=\u00bbhttps:\/\/mbm.at\/wp-content\/uploads\/2024\/11\/Korpuspresse-tailliert-6.jpg\u00bb][\/vc_column][\/vc_row][vc_row][vc_column][vc_tta_accordion][vc_tta_section title=\u00bbSus ventajas\u00bb tab_id=\u00bb1730886269230-d706ff35-c2f2&#8243;][vc_column_text css=\u00bb\u00bb]- Utilizable para todos los modelos<br \/>&#8211; Cambio de modelo rapid\u00edsimo sin herramientas<br \/>&#8211; De aplicaci\u00f3n universal para todas las uniones angulares<br \/>&#8211; Uni\u00f3n exacta, centrada de las piezas<br \/>&#8211; Elevadas presiones de aprieto en todos los rincones<br \/>&#8211; Es posible el montaje del suelo o de la tapa<br \/>&#8211; Rotable por 200\u00b0[\/vc_column_text][\/vc_tta_section][vc_tta_section title=\u00bbOpci\u00f3n: con extracci\u00f3n autom\u00e1tica\u00bb tab_id=\u00bb1730886269231-6e0c683e-5347&#8243;][vc_column_text css=\u00bb\u00bb]Econom\u00eda del tiempo de trabajo:<br \/>\u2013 Durante la extracci\u00f3n autom\u00e1tica es posible preparar y\/o colar las piezas siguientes<br \/>\u2013 No es necesario levantar piezas pesadas[\/vc_column_text][\/vc_tta_section][vc_tta_section title=\u00bbRepasar menos veces\u00bb tab_id=\u00bb1730886272691-ff651fa7-85ce\u00bb][vc_column_text css=\u00bb\u00bb]- Dimensiones diagonales son id\u00e9nticos<br \/>&#8211; Ejecuci\u00f3n exacta de los cantos<br \/>&#8211; Se cepilla menos o nada[\/vc_column_text][\/vc_tta_section][vc_tta_section title=\u00bbDatos t\u00e9cnicos\u00bb tab_id=\u00bb1730886275067-2877a1c7-d340&#8243;][vc_column_text css=\u00bb\u00bb]<b>KPO-F<\/b><br \/>Longitud total: 1.650 mm \u2013 2.160 mm<br \/>Longitud parte lateral largo: 1.250 mm \u2013 1.600 mm<br \/>Longitud parte lateral corto: 400 mm \u2013 560 mm<br \/>Anchura cabezal: 300 mm \u2013 600 mm<br \/>Anchura fondo: 300 mm \u2013 600 mm<br \/>Anchura medio: 550 mm \u2013 730 mm<br \/>Altura del ata\u00fad: 90 mm \u2013 300 mm<br \/>Rotaci\u00f3n: 0\u00b0 \u2013 200\u00b0<\/p>\n<p><b>KPU-F<\/b><br \/>Longitud total: 1.600 mm \u2013 2.110 mm<br \/>Longitud parte lateral largo: 1.200 mm \u2013 1.550 mm<br \/>Longitud parte lateral corto: 400 mm \u2013 560 mm<br \/>Anchura cabezal: 300 mm \u2013 600 mm<br \/>Anchura fondo: 300 mm \u2013 600 mm<br \/>Anchura medio: 550 mm \u2013 730 mm<br \/>Altura del ata\u00fad: 200 mm \u2013 400 mm<br \/>Rotaci\u00f3n: 0\u00b0 \u2013 200\u00b0[\/vc_column_text][\/vc_tta_section][\/vc_tta_accordion][\/vc_column][\/vc_row]<\/p>\n<\/div>","protected":false},"excerpt":{"rendered":"<p>[vc_row][vc_column][vc_column_text css=\u00bb\u00bb] \u00bb Prensa para el montaje de ata\u00fades &#8211; forma c\u00f3nico KPO\/KPU (para caja superior KPO, para caja inferior KPU) Con un n\u00famero de piezas m\u00e1s elevado es necesario una prensa para el montaje de at\u00e1udes de caja superior yuna prensa para el montaje de at\u00e1udes de caja inferior. 2 personas montan (en un [&hellip;]<\/p>\n","protected":false},"author":2,"featured_media":0,"parent":0,"menu_order":0,"comment_status":"closed","ping_status":"closed","template":"","meta":{"footnotes":""},"class_list":["post-742","page","type-page","status-publish","hentry"],"_links":{"self":[{"href":"https:\/\/mbm.at\/es\/wp-json\/wp\/v2\/pages\/742","targetHints":{"allow":["GET"]}}],"collection":[{"href":"https:\/\/mbm.at\/es\/wp-json\/wp\/v2\/pages"}],"about":[{"href":"https:\/\/mbm.at\/es\/wp-json\/wp\/v2\/types\/page"}],"author":[{"embeddable":true,"href":"https:\/\/mbm.at\/es\/wp-json\/wp\/v2\/users\/2"}],"replies":[{"embeddable":true,"href":"https:\/\/mbm.at\/es\/wp-json\/wp\/v2\/comments?post=742"}],"version-history":[{"count":15,"href":"https:\/\/mbm.at\/es\/wp-json\/wp\/v2\/pages\/742\/revisions"}],"predecessor-version":[{"id":4327,"href":"https:\/\/mbm.at\/es\/wp-json\/wp\/v2\/pages\/742\/revisions\/4327"}],"wp:attachment":[{"href":"https:\/\/mbm.at\/es\/wp-json\/wp\/v2\/media?parent=742"}],"curies":[{"name":"wp","href":"https:\/\/api.w.org\/{rel}","templated":true}]}}