{"id":707,"date":"2024-11-06T16:33:52","date_gmt":"2024-11-06T15:33:52","guid":{"rendered":"https:\/\/wp.mbm.at\/maquina-para-la-fabricacion-de-zocalos-de-ataudes\/"},"modified":"2024-12-18T10:53:52","modified_gmt":"2024-12-18T09:53:52","slug":"maquina-para-la-fabricacion-de-zocalos-de-ataudes","status":"publish","type":"page","link":"https:\/\/mbm.at\/es\/maquina-para-la-fabricacion-de-zocalos-de-ataudes\/","title":{"rendered":"M\u00e1quina para la fabricaci\u00f3n de z\u00f3calos de ata\u00fades"},"content":{"rendered":"<div class=\"wpb-content-wrapper\"><p>[vc_row][vc_column][vc_column_text css=\u00bb\u00bb]<\/p>\n<h4>\u00bb M\u00e1quina para la fabricaci\u00f3n de z\u00f3calos de ata\u00fades<\/h4>\n<p>para las piezas del z\u00f3calo en la caja inferior[\/vc_column_text][\/vc_column][\/vc_row][vc_row][vc_column width=\u00bb1\/3&#8243;][vc_single_image image=\u00bb708&#8243; img_size=\u00bb500*500&#8243; alignment=\u00bbcenter\u00bb onclick=\u00bbcustom_link\u00bb css=\u00bb\u00bb link=\u00bbhttps:\/\/mbm.at\/wp-content\/uploads\/2024\/11\/Sargfuss-Fertigungsanlage-1.jpg\u00bb][\/vc_column][vc_column width=\u00bb1\/3&#8243;][vc_single_image image=\u00bb709&#8243; img_size=\u00bb500*500&#8243; alignment=\u00bbcenter\u00bb onclick=\u00bbcustom_link\u00bb css=\u00bb\u00bb link=\u00bbhttps:\/\/mbm.at\/wp-content\/uploads\/2024\/11\/Sargfuss-Fertigungsanlage-2.jpg\u00bb][\/vc_column][vc_column width=\u00bb1\/3&#8243;][vc_single_image image=\u00bb710&#8243; img_size=\u00bb500*500&#8243; alignment=\u00bbcenter\u00bb onclick=\u00bbcustom_link\u00bb css=\u00bb\u00bb link=\u00bbhttps:\/\/mbm.at\/wp-content\/uploads\/2024\/11\/Sargfuss-Fertigungsanlage-3.jpg\u00bb][\/vc_column][\/vc_row][vc_row][vc_column][vc_tta_accordion][vc_tta_section title=\u00bbSus ventajas\u00bb tab_id=\u00bb1730887698764-fdb91619-f8c5&#8243;][vc_column_text css=\u00bb\u00bb]- Econom\u00eda directa de costes a trav\u00e9s de optimizaci\u00f3n del tiempo<br \/>&#8211; Empleo universal para diferentes tipos de z\u00f3calos<br \/>&#8211; Aserrado autom\u00e1tico de las partes del z\u00f3calo<br \/>&#8211; Tiempo de preparaci\u00f3n m\u00ednimo<br \/>&#8211; Optimizaci\u00f3n del proceso de producci\u00f3n<br \/>&#8211; M\u00e9todo de trabajo racional[\/vc_column_text][\/vc_tta_section][vc_tta_section title=\u00bbOpciones\u00bb tab_id=\u00bb1730887698765-22de8620-d933&#8243;][vc_column_text css=\u00bb\u00bb]Realizaci\u00f3nes seg\u00fan las especificaciones del cliente[\/vc_column_text][\/vc_tta_section][vc_tta_section title=\u00bbDatos t\u00e9cnicos\u00bb tab_id=\u00bb1730887701607-f771e4c5-4b11&#8243;][vc_column_text css=\u00bb\u00bb]Longitud &#8211; dep\u00f3sito: 460 &#8211; 900 mm<br \/>Longitud &#8211; pieza z\u00f3calo del ata\u00fad: 80 &#8211; 200 mm<br \/>Anchura de la pieza con 90\u00b0: 20 &#8211; 80 mm<br \/>Altura de la pieza: \u2264 40 mm[\/vc_column_text][\/vc_tta_section][\/vc_tta_accordion][\/vc_column][\/vc_row]<\/p>\n<\/div>","protected":false},"excerpt":{"rendered":"<p>[vc_row][vc_column][vc_column_text css=\u00bb\u00bb] \u00bb M\u00e1quina para la fabricaci\u00f3n de z\u00f3calos de ata\u00fades para las piezas del z\u00f3calo en la caja inferior[\/vc_column_text][\/vc_column][\/vc_row][vc_row][vc_column width=\u00bb1\/3&#8243;][vc_single_image image=\u00bb708&#8243; img_size=\u00bb500*500&#8243; alignment=\u00bbcenter\u00bb onclick=\u00bbcustom_link\u00bb css=\u00bb\u00bb link=\u00bbhttps:\/\/mbm.at\/wp-content\/uploads\/2024\/11\/Sargfuss-Fertigungsanlage-1.jpg\u00bb][\/vc_column][vc_column width=\u00bb1\/3&#8243;][vc_single_image image=\u00bb709&#8243; img_size=\u00bb500*500&#8243; alignment=\u00bbcenter\u00bb onclick=\u00bbcustom_link\u00bb css=\u00bb\u00bb link=\u00bbhttps:\/\/mbm.at\/wp-content\/uploads\/2024\/11\/Sargfuss-Fertigungsanlage-2.jpg\u00bb][\/vc_column][vc_column width=\u00bb1\/3&#8243;][vc_single_image image=\u00bb710&#8243; img_size=\u00bb500*500&#8243; alignment=\u00bbcenter\u00bb onclick=\u00bbcustom_link\u00bb css=\u00bb\u00bb link=\u00bbhttps:\/\/mbm.at\/wp-content\/uploads\/2024\/11\/Sargfuss-Fertigungsanlage-3.jpg\u00bb][\/vc_column][\/vc_row][vc_row][vc_column][vc_tta_accordion][vc_tta_section title=\u00bbSus ventajas\u00bb tab_id=\u00bb1730887698764-fdb91619-f8c5&#8243;][vc_column_text css=\u00bb\u00bb]- Econom\u00eda directa de costes a trav\u00e9s de optimizaci\u00f3n del tiempo&#8211; [&hellip;]<\/p>\n","protected":false},"author":2,"featured_media":0,"parent":0,"menu_order":0,"comment_status":"closed","ping_status":"closed","template":"","meta":{"footnotes":""},"class_list":["post-707","page","type-page","status-publish","hentry"],"_links":{"self":[{"href":"https:\/\/mbm.at\/es\/wp-json\/wp\/v2\/pages\/707","targetHints":{"allow":["GET"]}}],"collection":[{"href":"https:\/\/mbm.at\/es\/wp-json\/wp\/v2\/pages"}],"about":[{"href":"https:\/\/mbm.at\/es\/wp-json\/wp\/v2\/types\/page"}],"author":[{"embeddable":true,"href":"https:\/\/mbm.at\/es\/wp-json\/wp\/v2\/users\/2"}],"replies":[{"embeddable":true,"href":"https:\/\/mbm.at\/es\/wp-json\/wp\/v2\/comments?post=707"}],"version-history":[{"count":13,"href":"https:\/\/mbm.at\/es\/wp-json\/wp\/v2\/pages\/707\/revisions"}],"predecessor-version":[{"id":4172,"href":"https:\/\/mbm.at\/es\/wp-json\/wp\/v2\/pages\/707\/revisions\/4172"}],"wp:attachment":[{"href":"https:\/\/mbm.at\/es\/wp-json\/wp\/v2\/media?parent=707"}],"curies":[{"name":"wp","href":"https:\/\/api.w.org\/{rel}","templated":true}]}}